{"id":786,"date":"2026-02-25T03:43:35","date_gmt":"2026-02-25T03:43:35","guid":{"rendered":"https:\/\/stylingcv.com\/es\/declaraciones-logros-curriculum\/"},"modified":"2026-02-25T03:43:35","modified_gmt":"2026-02-25T03:43:35","slug":"achievement-statements-guide","status":"publish","type":"page","link":"https:\/\/wp.stylingcv.com\/es\/achievement-statements-guide\/","title":{"rendered":"\u00bfC\u00f3mo redacto declaraciones de logros impactantes para mi curr\u00edculum?"},"content":{"rendered":"\n<p class=\"faq-category\"><strong>Categor\u00eda:<\/strong> Preguntas frecuentes sobre redacci\u00f3n de curr\u00edculum<\/p>\n\n\n\n<h2 class=\"wp-block-heading\">\u00bfC\u00f3mo redacto declaraciones de logros impactantes para mi curr\u00edculum?<\/h2>\n\n\n\n<p>Transforma declaraciones aburridas de tareas en logros impactantes utilizando el m\u00e9todo CAR o PAR: Contexto\/Problema, Acci\u00f3n, Resultado. Comienza identificando la situaci\u00f3n o problema que enfrentaste, luego describe tus acciones espec\u00edficas y finalmente cuantifica el resultado positivo. D\u00e9bil: &#8216;Gestionaba cuentas de redes sociales.&#8217; Fuerte: &#8216;Revitalic\u00e9 una presencia de redes sociales inactiva, implementando un calendario de contenidos basado en datos que aument\u00f3 la interacci\u00f3n en un 300% y gener\u00f3 50 clientes potenciales calificados en 6 meses.&#8217; Utiliza la f\u00f3rmula XYZ: &#8216;Logr\u00e9 X medido por Y haciendo Z.&#8217; Por ejemplo: &#8216;Aument\u00e9 la retenci\u00f3n de clientes en un 25% mediante la implementaci\u00f3n de un programa de incorporaci\u00f3n personalizado para m\u00e1s de 500 nuevos clientes.&#8217; Cuantifica todo lo posible: porcentajes, montos en d\u00f3lares, tiempo ahorrado, volumen, comparaciones antes\/despu\u00e9s, clasificaciones, puntuaciones de satisfacci\u00f3n del cliente. Cuando no haya cifras disponibles, muestra la escala: &#8216;Lider\u00e9 un equipo de 5 personas,&#8217; &#8216;gestion\u00e9 un presupuesto de $500K,&#8217; &#8216;atend\u00ed a m\u00e1s de 1,000 clientes.&#8217; Usa verbos de acci\u00f3n fuertes y voz activa. S\u00e9 espec\u00edfico sobre tu contribuci\u00f3n individual, especialmente en proyectos de equipo. Compara con otros cuando sea posible: &#8216;super\u00e9 los objetivos trimestrales en un 40% mientras el equipo promedi\u00f3 un 10%&#8217; o &#8216;alcanc\u00e9 las puntuaciones de satisfacci\u00f3n del cliente m\u00e1s altas del equipo.&#8217; Coloca la informaci\u00f3n m\u00e1s importante primero: pon el resultado m\u00e1s impresionante al inicio. Aseg\u00farate de que cada declaraci\u00f3n pase la prueba de &#8216;\u00bfY qu\u00e9?&#8217;: \u00bfpor qu\u00e9 esto es relevante para un futuro empleador?<\/p>\n\n\n\n<hr class=\"wp-block-separator has-alpha-channel-opacity\"\/>\n\n\n\n<h3 class=\"wp-block-heading\">\u00bfNecesitas ayuda con tu curr\u00edculum?<\/h3>\n\n\n\n<p>Nuestro creador de curr\u00edculums impulsado por IA en <a href=\"https:\/\/ai.stylingcv.com\/ai-generatorsignup?utm_source=stylingcv&utm_medium=website&utm_campaign=cta&utm_content=achievement-statements-guide\" target=\"_blank\" rel=\"noopener\">StylingCV AI<\/a> puede ayudarte a crear un curr\u00edculum profesional optimizado para ATS en minutos. \u00a1Comienza hoy!<\/p>\n\n\n\n<div class=\"wp-block-buttons is-layout-flex wp-block-buttons-is-layout-flex\">\n\n<div class=\"wp-block-button cta-button\"><a class=\"wp-block-button__link has-primary-background-color has-background wp-element-button\" href=\"https:\/\/ai.stylingcv.com\/ai-generatorsignup?utm_source=stylingcv&utm_medium=website&utm_campaign=cta&utm_content=achievement-statements-guide\" target=\"_blank\" rel=\"noopener\">Prueba StylingCV AI Gratis \u2192<\/a><\/div>\n\n\n\n\n<p>\ud83d\udc49 <a href=\"https:\/\/stylingcv.com\/guides\/\">gu\u00edas expertas de curr\u00edculum<\/a><\/p>\n\n<p>\ud83d\udc49 <a href=\"https:\/\/stylingcv.com\/resume-templates\/\">explora plantillas de curr\u00edculum<\/a><\/p>\n\n<p><strong>\ud83d\udca1 Consejo profesional:<\/strong> StylingCV no es solo un creador de curr\u00edculums \u2014 es un creador inteligente con IA que piensa. <a href=\"https:\/\/stylingcv.com\/resume-builder\/\">creador de curr\u00edculums inteligente con IA que piensa<\/a> en menos de 2 minutos.<\/p>\n<\/div>\n\n\n\n<script type=\"application\/ld+json\">\n{\n  \"@context\": \"https:\/\/schema.org\",\n  \"@type\": \"FAQPage\",\n  \"mainEntity\": [{\n    \"@type\": \"Question\",\n    \"name\": \"\u00bfC\u00f3mo redacto declaraciones de logros impactantes para mi curr\u00edculum?\",\n    \"acceptedAnswer\": {\n      \"@type\": \"Answer\",\n      \"text\": \"Transforma declaraciones aburridas de tareas en logros impactantes utilizando el m\u00e9todo CAR o PAR: Contexto\/Problema, Acci\u00f3n, Resultado. Comienza identificando la situaci\u00f3n o problema que enfrentaste, luego describe tus acciones espec\u00edficas y finalmente cuantifica el resultado positivo. D\u00e9bil: 'Gestionaba cuentas de redes sociales.' Fuerte: 'Revitalic\u00e9 una presencia de redes sociales inactiva, implementando un calendario de contenidos basado en datos que aument\u00f3 la interacci\u00f3n en un 300% y gener\u00f3 50 clientes potenciales calificados en 6 meses.' Utiliza la f\u00f3rmula XYZ: 'Logr\u00e9 X medido por Y haciendo Z.' Por ejemplo: 'Aument\u00e9 la retenci\u00f3n de clientes en un 25% mediante la implementaci\u00f3n de un programa de incorporaci\u00f3n personalizado para m\u00e1s de 500 nuevos clientes.' Cuantifica todo lo posible: porcentajes, montos en d\u00f3lares, tiempo ahorrado, volumen, comparaciones antes\/despu\u00e9s, clasificaciones, puntuaciones de satisfacci\u00f3n del cliente. Cuando no haya cifras disponibles, muestra la escala: 'Lider\u00e9 un equipo de 5 personas,' 'gestion\u00e9 un presupuesto de $500K,' 'atend\u00ed a m\u00e1s de 1,000 clientes.' Usa verbos de acci\u00f3n fuertes y voz activa. S\u00e9 espec\u00edfico sobre tu contribuci\u00f3n individual, especialmente en proyectos de equipo. Compara con otros cuando sea posible: 'super\u00e9 los objetivos trimestrales en un 40% mientras el equipo promedi\u00f3 un 10%' o 'alcanc\u00e9 las puntuaciones de satisfacci\u00f3n del cliente m\u00e1s altas del equipo.' Coloca la informaci\u00f3n m\u00e1s importante primero: pon el resultado m\u00e1s impresionante al inicio. Aseg\u00farate de que cada declaraci\u00f3n pase la prueba de '\u00bfY qu\u00e9?': \u00bfpor qu\u00e9 esto es relevante para un futuro empleador?\"\n    }\n  }]\n}\n<\/script>\n\n\n\n<p class=\"faq-keywords\"><small><strong>Relacionado:<\/strong> declaraciones de logros, logros, vi\u00f1etas de curr\u00edculum, resultados cuantificables, declaraciones de impacto<\/small><\/p>\n<!-- stylingcv-hub-links --><div class=\"stylingcv-related-resources\" style=\"margin-top:30px;padding:20px;background:#f8f9fa;border-left:4px solid #1abc9c;border-radius:4px;\"><h3 style=\"margin-top:0;color:#2c3e50;\">Explora m\u00e1s recursos<\/h3><ul style=\"list-style:none;padding:0;\"><li><a href=\"https:\/\/stylingcv.com\/resume-builder\/\">Creador de curr\u00edculums<\/a> &mdash; Tu gu\u00eda completa<\/li><li><a href=\"https:\/\/stylingcv.com\/resume-sections-152\/\">\u00bfC\u00f3mo gestiono las secciones de mi curr\u00edculum de forma efectiva?<\/a><\/li><li><a href=\"https:\/\/stylingcv.com\/mid-career-resume\/\">Curr\u00edculum para profesionales intermedios: Avanza en tu carrera<\/a><\/li><li><a href=\"https:\/\/stylingcv.com\/how-do-i-explain-difficult-situation-firing-career-gap-etc-on-my-resume\/\">\u00bfC\u00f3mo explico [situaci\u00f3n dif\u00edcil &#8211; despido, periodo sin trabajar, etc.] en mi curr\u00edculum?<\/a><\/li><\/ul><p style=\"margin-bottom:0;font-size:14px;color:#7f8c8d;\">No solo un creador de curr\u00edculums &mdash; un creador inteligente con IA que piensa. <a href=\"https:\/\/stylingcv.com\/resume-builder\/\" style=\"color:#1abc9c;font-weight:bold;\">Crea tu curr\u00edculum en menos de 2 minutos &rarr;<\/a><\/p><\/div><!-- \/stylingcv-hub-links --><style>.entry-content a[href*=\"ai.stylingcv.com\"]:not(.scv-exit-cta){transition:transform 0.2s ease,box-shadow 0.2s ease}.entry-content a[href*=\"ai.stylingcv.com\"]:not(.scv-exit-cta):hover{transform:translateY(-2px);box-shadow:0 4px 12px rgba(38,133,153,0.25)}<\/style>","protected":false},"excerpt":{"rendered":"<p>Domina el arte de redactar declaraciones de logros poderosas que cuantifican tu impacto. Convierte tareas en resultados que los empleadores notan.<\/p>\n","protected":false},"author":0,"featured_media":0,"parent":0,"menu_order":0,"comment_status":"closed","ping_status":"closed","template":"","meta":{"footnotes":""},"class_list":["post-786","page","type-page","status-publish","hentry"," c-blog-1-item  nt-post-class"],"yoast_head":"<!-- This site is optimized with the Yoast SEO Premium plugin v26.5 (Yoast SEO v26.5) - https:\/\/yoast.com\/wordpress\/plugins\/seo\/ -->\n<title>Redacta declaraciones de logros impactantes para<\/title>\n<meta name=\"description\" content=\"Categor\u00eda: Preguntas frecuentes sobre curr\u00edculum \u00bfC\u00f3mo redacto declaraciones de logros impactantes para mi curr\u00edculum?\" \/>\n<meta name=\"robots\" content=\"index, follow, max-snippet:-1, max-image-preview:large, max-video-preview:-1\" \/>\n<link rel=\"canonical\" href=\"https:\/\/stylingcv.com\/es\/achievement-statements-guide\/\" \/>\n<meta property=\"og:locale\" content=\"en_US\" \/>\n<meta property=\"og:type\" content=\"article\" \/>\n<meta property=\"og:title\" content=\"\u00bfC\u00f3mo redacto declaraciones de logros impactantes para mi curr\u00edculum?\" \/>\n<meta property=\"og:description\" content=\"Categor\u00eda: Preguntas frecuentes sobre curr\u00edculum \u00bfC\u00f3mo redacto declaraciones de logros impactantes para mi curr\u00edculum?\" \/>\n<meta property=\"og:url\" content=\"https:\/\/stylingcv.com\/es\/achievement-statements-guide\/\" \/>\n<meta property=\"og:site_name\" content=\"StylingCV - Espa\u00f1ol\" \/>\n<meta name=\"twitter:card\" content=\"summary_large_image\" \/>\n<meta name=\"twitter:label1\" content=\"Est. reading time\" \/>\n\t<meta name=\"twitter:data1\" content=\"2 minutes\" \/>\n<script type=\"application\/ld+json\" class=\"yoast-schema-graph\">{\"@context\":\"https:\/\/schema.org\",\"@graph\":[{\"@type\":\"WebPage\",\"@id\":\"https:\/\/wp.stylingcv.com\/es\/achievement-statements-guide\/\",\"url\":\"https:\/\/wp.stylingcv.com\/es\/achievement-statements-guide\/\",\"name\":\"Redacta declaraciones de logros impactantes para\",\"isPartOf\":{\"@id\":\"https:\/\/wp.stylingcv.com\/es\/#website\"},\"datePublished\":\"2026-02-25T03:43:35+00:00\",\"description\":\"Categor\u00eda: Preguntas frecuentes sobre curr\u00edculum \u00bfC\u00f3mo redacto declaraciones de logros impactantes para mi curr\u00edculum?\",\"breadcrumb\":{\"@id\":\"https:\/\/wp.stylingcv.com\/es\/achievement-statements-guide\/#breadcrumb\"},\"inLanguage\":\"en-US\",\"potentialAction\":[{\"@type\":\"ReadAction\",\"target\":[\"https:\/\/wp.stylingcv.com\/es\/achievement-statements-guide\/\"]}]},{\"@type\":\"BreadcrumbList\",\"@id\":\"https:\/\/wp.stylingcv.com\/es\/achievement-statements-guide\/#breadcrumb\",\"itemListElement\":[{\"@type\":\"ListItem\",\"position\":1,\"name\":\"Home\",\"item\":\"https:\/\/wp.stylingcv.com\/es\/\"},{\"@type\":\"ListItem\",\"position\":2,\"name\":\"\u00bfC\u00f3mo redacto declaraciones de logros impactantes para mi curr\u00edculum?\"}]},{\"@type\":\"WebSite\",\"@id\":\"https:\/\/wp.stylingcv.com\/es\/#website\",\"url\":\"https:\/\/wp.stylingcv.com\/es\/\",\"name\":\"StylingCV - Espa\u00f1ol\",\"description\":\"\",\"potentialAction\":[{\"@type\":\"SearchAction\",\"target\":{\"@type\":\"EntryPoint\",\"urlTemplate\":\"https:\/\/wp.stylingcv.com\/es\/?s={search_term_string}\"},\"query-input\":{\"@type\":\"PropertyValueSpecification\",\"valueRequired\":true,\"valueName\":\"search_term_string\"}}],\"inLanguage\":\"en-US\"}]}<\/script>\n<!-- \/ Yoast SEO Premium plugin. -->","yoast_head_json":{"title":"Redacta declaraciones de logros impactantes para","description":"Categor\u00eda: Preguntas frecuentes sobre curr\u00edculum \u00bfC\u00f3mo redacto declaraciones de logros impactantes para mi curr\u00edculum?","robots":{"index":"index","follow":"follow","max-snippet":"max-snippet:-1","max-image-preview":"max-image-preview:large","max-video-preview":"max-video-preview:-1"},"canonical":"https:\/\/stylingcv.com\/es\/achievement-statements-guide\/","og_locale":"en_US","og_type":"article","og_title":"\u00bfC\u00f3mo redacto declaraciones de logros impactantes para mi curr\u00edculum?","og_description":"Categor\u00eda: Preguntas frecuentes sobre curr\u00edculum \u00bfC\u00f3mo redacto declaraciones de logros impactantes para mi curr\u00edculum?","og_url":"https:\/\/stylingcv.com\/es\/achievement-statements-guide\/","og_site_name":"StylingCV - Espa\u00f1ol","twitter_card":"summary_large_image","twitter_misc":{"Est. reading time":"2 minutes"},"schema":{"@context":"https:\/\/schema.org","@graph":[{"@type":"WebPage","@id":"https:\/\/wp.stylingcv.com\/es\/achievement-statements-guide\/","url":"https:\/\/wp.stylingcv.com\/es\/achievement-statements-guide\/","name":"Redacta declaraciones de logros impactantes para","isPartOf":{"@id":"https:\/\/wp.stylingcv.com\/es\/#website"},"datePublished":"2026-02-25T03:43:35+00:00","description":"Categor\u00eda: Preguntas frecuentes sobre curr\u00edculum \u00bfC\u00f3mo redacto declaraciones de logros impactantes para mi curr\u00edculum?","breadcrumb":{"@id":"https:\/\/wp.stylingcv.com\/es\/achievement-statements-guide\/#breadcrumb"},"inLanguage":"en-US","potentialAction":[{"@type":"ReadAction","target":["https:\/\/wp.stylingcv.com\/es\/achievement-statements-guide\/"]}]},{"@type":"BreadcrumbList","@id":"https:\/\/wp.stylingcv.com\/es\/achievement-statements-guide\/#breadcrumb","itemListElement":[{"@type":"ListItem","position":1,"name":"Home","item":"https:\/\/wp.stylingcv.com\/es\/"},{"@type":"ListItem","position":2,"name":"\u00bfC\u00f3mo redacto declaraciones de logros impactantes para mi curr\u00edculum?"}]},{"@type":"WebSite","@id":"https:\/\/wp.stylingcv.com\/es\/#website","url":"https:\/\/wp.stylingcv.com\/es\/","name":"StylingCV - Espa\u00f1ol","description":"","potentialAction":[{"@type":"SearchAction","target":{"@type":"EntryPoint","urlTemplate":"https:\/\/wp.stylingcv.com\/es\/?s={search_term_string}"},"query-input":{"@type":"PropertyValueSpecification","valueRequired":true,"valueName":"search_term_string"}}],"inLanguage":"en-US"}]}},"_links":{"self":[{"href":"https:\/\/wp.stylingcv.com\/es\/wp-json\/wp\/v2\/pages\/786","targetHints":{"allow":["GET"]}}],"collection":[{"href":"https:\/\/wp.stylingcv.com\/es\/wp-json\/wp\/v2\/pages"}],"about":[{"href":"https:\/\/wp.stylingcv.com\/es\/wp-json\/wp\/v2\/types\/page"}],"replies":[{"embeddable":true,"href":"https:\/\/wp.stylingcv.com\/es\/wp-json\/wp\/v2\/comments?post=786"}],"version-history":[{"count":0,"href":"https:\/\/wp.stylingcv.com\/es\/wp-json\/wp\/v2\/pages\/786\/revisions"}],"wp:attachment":[{"href":"https:\/\/wp.stylingcv.com\/es\/wp-json\/wp\/v2\/media?parent=786"}],"curies":[{"name":"wp","href":"https:\/\/api.w.org\/{rel}","templated":true}]}}