{"id":781,"date":"2026-02-25T03:43:26","date_gmt":"2026-02-25T03:43:26","guid":{"rendered":"https:\/\/stylingcv.com\/es\/verbos-accion-curriculum\/"},"modified":"2026-02-25T03:43:26","modified_gmt":"2026-02-25T03:43:26","slug":"resume-action-verbs-alt","status":"publish","type":"page","link":"https:\/\/wp.stylingcv.com\/es\/resume-action-verbs-alt\/","title":{"rendered":"\u00bfQu\u00e9 verbos de acci\u00f3n debo usar en mi curr\u00edculum?"},"content":{"rendered":"\n<p class=\"faq-category\"><strong>Categor\u00eda:<\/strong> Preguntas frecuentes sobre redacci\u00f3n de curr\u00edculum<\/p>\n\n\n\n<h2 class=\"wp-block-heading\">\u00bfQu\u00e9 verbos de acci\u00f3n debo usar en mi curr\u00edculum?<\/h2>\n\n\n\n<p>Los verbos de acci\u00f3n fuertes hacen que tu curr\u00edculum sea din\u00e1mico y demuestran iniciativa. Evita palabras d\u00e9biles y sobreutilizadas como &#8216;responsable de&#8217;, &#8216;trabaj\u00e9 en&#8217; o &#8216;ayud\u00e9 con&#8217;. En su lugar, utiliza verbos poderosos que destaquen habilidades espec\u00edficas. Para liderazgo: lider\u00e9, dirig\u00ed, gestion\u00e9, supervis\u00e9, coordin\u00e9, orquest\u00e9, encabez\u00e9, defend\u00ed, mentoric\u00e9, entren\u00e9. Para logros: logr\u00e9, super\u00e9, sobrepas\u00e9, entregu\u00e9, gener\u00e9, increment\u00e9, mejor\u00e9, optimic\u00e9, transform\u00e9, aceler\u00e9. Para resoluci\u00f3n de problemas: resolv\u00ed, diagnostiqu\u00e9, solucion\u00e9, optimic\u00e9, reestructur\u00e9, renov\u00e9, redise\u00f1\u00e9, innov\u00e9, pioner\u00e9. Para comunicaci\u00f3n: present\u00e9, publiqu\u00e9, redact\u00e9, negoci\u00e9, persuad\u00ed, influ\u00ed, colabor\u00e9, facilit\u00e9, asesor\u00e9, consult\u00e9. Para trabajo t\u00e9cnico: desarroll\u00e9, dise\u00f1\u00e9, program\u00e9, implement\u00e9, desplegu\u00e9, automatiz\u00e9, integr\u00e9, migr\u00e9. Para an\u00e1lisis: analic\u00e9, evalu\u00e9, valor\u00e9, pronostiqu\u00e9, med\u00ed, cuantifiqu\u00e9, identifiqu\u00e9, investigu\u00e9. Para creaci\u00f3n: cre\u00e9, establec\u00ed, lanc\u00e9, constru\u00ed, fund\u00e9, inici\u00e9, introduje, institui. Usa verbos variados a lo largo de tu curr\u00edculum: no repitas el mismo verbo de acci\u00f3n en varios puntos. Comienza cada vi\u00f1eta con un verbo de acci\u00f3n diferente y fuerte. Ajusta el tiempo verbal: presente para el puesto actual, pasado para puestos anteriores. Elige verbos que coincidan con la descripci\u00f3n del puesto cuando sea posible.<\/p>\n\n\n\n<hr class=\"wp-block-separator has-alpha-channel-opacity\" \/>\n\n\n\n<h3 class=\"wp-block-heading\">\u00bfNecesitas ayuda con tu curr\u00edculum?<\/h3>\n\n\n\n<p>Nuestro creador de curr\u00edculums impulsado por IA en <a href=\"https:\/\/ai.stylingcv.com\/ai-generatorsignup?utm_source=stylingcv&utm_medium=website&utm_campaign=cta&utm_content=resume-action-verbs-alt\" target=\"_blank\" rel=\"noopener\">StylingCV AI<\/a> puede ayudarte a crear un curr\u00edculum profesional optimizado para ATS en minutos. \u00a1Comienza hoy mismo!<\/p>\n\n\n\n<div class=\"wp-block-buttons is-layout-flex wp-block-buttons-is-layout-flex\">\n\n<div class=\"wp-block-button cta-button\"><a class=\"wp-block-button__link has-primary-background-color has-background wp-element-button\" href=\"https:\/\/ai.stylingcv.com\/ai-generatorsignup?utm_source=stylingcv&utm_medium=website&utm_campaign=cta&utm_content=resume-action-verbs-alt\" target=\"_blank\" rel=\"noopener\">Prueba StylingCV AI Gratis \u2192<\/a><\/div>\n\n\n\n\n<p>\ud83d\udc49 <a href=\"https:\/\/stylingcv.com\/guides\/\">gu\u00edas de curr\u00edculum y carrera<\/a><\/p>\n\n<p>\ud83d\udc49 <a href=\"https:\/\/stylingcv.com\/resume-templates\/\">plantillas de curr\u00edculum 2026<\/a><\/p>\n\n<p><strong>\ud83d\udca1 Consejo profesional:<\/strong> StylingCV no es solo un creador de curr\u00edculums \u2014 es un creador inteligente con IA que piensa. <a href=\"https:\/\/stylingcv.com\/resume-builder\/\">Creador de curr\u00edculums con IA optimizado para ATS<\/a> en menos de 2 minutos.<\/p>\n<\/div>\n\n\n\n\n{\n  &#8220;@context&#8221;: &#8220;https:\/\/schema.org&#8221;,\n  &#8220;@type&#8221;: &#8220;FAQPage&#8221;,\n  &#8220;mainEntity&#8221;: [{\n    &#8220;@type&#8221;: &#8220;Question&#8221;,\n    &#8220;name&#8221;: &#8220;\u00bfQu\u00e9 verbos de acci\u00f3n debo usar en mi curr\u00edculum?&#8221;,\n    &#8220;acceptedAnswer&#8221;: {\n      &#8220;@type&#8221;: &#8220;Answer&#8221;,\n      &#8220;text&#8221;: &#8220;Los verbos de acci\u00f3n fuertes hacen que tu curr\u00edculum sea din\u00e1mico y demuestran iniciativa. Evita palabras d\u00e9biles y sobreutilizadas como &#8216;responsable de&#8217;, &#8216;trabaj\u00e9 en&#8217; o &#8216;ayud\u00e9 con&#8217;. En su lugar, utiliza verbos poderosos que destaquen habilidades espec\u00edficas. Para liderazgo: lider\u00e9, dirig\u00ed, gestion\u00e9, supervis\u00e9, coordin\u00e9, orquest\u00e9, encabez\u00e9, defend\u00ed, mentoric\u00e9, entren\u00e9. Para logros: logr\u00e9, super\u00e9, sobrepas\u00e9, entregu\u00e9, gener\u00e9, increment\u00e9, mejor\u00e9, optimic\u00e9, transform\u00e9, aceler\u00e9. Para resoluci\u00f3n de problemas: resolv\u00ed, diagnostiqu\u00e9, solucion\u00e9, optimic\u00e9, reestructur\u00e9, renov\u00e9, redise\u00f1\u00e9, innov\u00e9, pioner\u00e9. Para comunicaci\u00f3n: present\u00e9, publiqu\u00e9, redact\u00e9, negoci\u00e9, persuad\u00ed, influ\u00ed, colabor\u00e9, facilit\u00e9, asesor\u00e9, consult\u00e9. Para trabajo t\u00e9cnico: desarroll\u00e9, dise\u00f1\u00e9, program\u00e9, implement\u00e9, desplegu\u00e9, automatiz\u00e9, integr\u00e9, migr\u00e9. Para an\u00e1lisis: analic\u00e9, evalu\u00e9, valor\u00e9, pronostiqu\u00e9, med\u00ed, cuantifiqu\u00e9, identifiqu\u00e9, investigu\u00e9. Para creaci\u00f3n: cre\u00e9, establec\u00ed, lanc\u00e9, constru\u00ed, fund\u00e9, inici\u00e9, introduje, institui. Usa verbos variados a lo largo de tu curr\u00edculum: no repitas el mismo verbo de acci\u00f3n en varios puntos. Comienza cada vi\u00f1eta con un verbo de acci\u00f3n diferente y fuerte. Ajusta el tiempo verbal: presente para el puesto actual, pasado para puestos anteriores. Elige verbos que coincidan con la descripci\u00f3n del puesto cuando sea posible.&#8221;\n    }\n  }]\n}\n\n\n\n\n<p class=\"faq-keywords\"><small><strong>Relacionado:<\/strong> verbos de acci\u00f3n, verbos para curr\u00edculum, palabras poderosas, verbos fuertes, lenguaje de curr\u00edculum<\/small><\/p>\n<!-- stylingcv-hub-links --><div class=\"stylingcv-related-resources\" style=\"margin-top:30px;padding:20px;background:#f8f9fa;border-left:4px solid #1abc9c;border-radius:4px\"><h3 style=\"margin-top:0;color:#2c3e50\">Explora m\u00e1s recursos<\/h3><ul style=\"padding:0\"><li><a href=\"https:\/\/stylingcv.com\/resume-builder\/\">Creador de curr\u00edculums<\/a> &mdash; Tu gu\u00eda completa<\/li><li><a href=\"https:\/\/stylingcv.com\/resume-sections-32\/\">\u00bfC\u00f3mo gestionar eficazmente las secciones de tu curr\u00edculum?<\/a><\/li><li><a href=\"https:\/\/stylingcv.com\/resumeoptimizationforcareerchangershowtohighlighttransferableskills\/\">Optimizaci\u00f3n de curr\u00edculum para cambio de carrera<\/a><\/li><li><a href=\"https:\/\/stylingcv.com\/proper-resume-format-for-2026-resume-layout\/\">Formato adecuado de curr\u00edculum para 2026 | Dise\u00f1o de curr\u00edculum<\/a><\/li><\/ul><p style=\"margin-bottom:0;font-size:14px;color:#7f8c8d\">No solo un creador de curr\u00edculums &mdash; un creador inteligente con IA que piensa. <a href=\"https:\/\/stylingcv.com\/resume-builder\/\" style=\"color:#1abc9c;font-weight:bold\">Crea tu curr\u00edculum en menos de 2 minutos &rarr;<\/a><\/p><\/div><!-- \/stylingcv-hub-links --><style>.entry-content a[href*=\"ai.stylingcv.com\"]:not(.scv-exit-cta){transition:transform 0.2s ease,box-shadow 0.2s ease}.entry-content a[href*=\"ai.stylingcv.com\"]:not(.scv-exit-cta):hover{transform:translateY(-2px);box-shadow:0 4px 12px rgba(38,133,153,0.25)}<\/style>","protected":false},"excerpt":{"rendered":"<p>Descubre las principales habilidades duras y blandas que buscan los empleadores en los curr\u00edculums. Aprende c\u00f3mo destacar tus capacidades y sobresalir.<\/p>\n","protected":false},"author":0,"featured_media":0,"parent":0,"menu_order":0,"comment_status":"closed","ping_status":"closed","template":"","meta":{"footnotes":""},"class_list":["post-781","page","type-page","status-publish","hentry"," c-blog-1-item  nt-post-class"],"yoast_head":"<!-- This site is optimized with the Yoast SEO Premium plugin v26.5 (Yoast SEO v26.5) - https:\/\/yoast.com\/wordpress\/plugins\/seo\/ -->\n<title>Mejores habilidades para poner en tu curr\u00edculum en 2026 |<\/title>\n<meta name=\"description\" content=\"Categor\u00eda: Preguntas frecuentes sobre curr\u00edculum. \u00bfQu\u00e9 verbos de acci\u00f3n usar? Verbos fuertes hacen tu curr\u00edculum din\u00e1mico y muestran iniciativa.\" \/>\n<meta name=\"robots\" content=\"index, follow, max-snippet:-1, max-image-preview:large, max-video-preview:-1\" \/>\n<link rel=\"canonical\" href=\"https:\/\/stylingcv.com\/es\/resume-action-verbs-alt\/\" \/>\n<meta property=\"og:locale\" content=\"en_US\" \/>\n<meta property=\"og:type\" content=\"article\" \/>\n<meta property=\"og:title\" content=\"\u00bfQu\u00e9 verbos de acci\u00f3n debo usar en mi curr\u00edculum?\" \/>\n<meta property=\"og:description\" content=\"Categor\u00eda: Preguntas frecuentes sobre curr\u00edculum. \u00bfQu\u00e9 verbos de acci\u00f3n usar? Verbos fuertes hacen tu curr\u00edculum din\u00e1mico y muestran iniciativa.\" \/>\n<meta property=\"og:url\" content=\"https:\/\/stylingcv.com\/es\/resume-action-verbs-alt\/\" \/>\n<meta property=\"og:site_name\" content=\"StylingCV - Espa\u00f1ol\" \/>\n<meta name=\"twitter:card\" content=\"summary_large_image\" \/>\n<meta name=\"twitter:label1\" content=\"Est. reading time\" \/>\n\t<meta name=\"twitter:data1\" content=\"3 minutes\" \/>\n<script type=\"application\/ld+json\" class=\"yoast-schema-graph\">{\"@context\":\"https:\/\/schema.org\",\"@graph\":[{\"@type\":\"WebPage\",\"@id\":\"https:\/\/wp.stylingcv.com\/es\/resume-action-verbs-alt\/\",\"url\":\"https:\/\/wp.stylingcv.com\/es\/resume-action-verbs-alt\/\",\"name\":\"Mejores habilidades para poner en tu curr\u00edculum en 2026 |\",\"isPartOf\":{\"@id\":\"https:\/\/wp.stylingcv.com\/es\/#website\"},\"datePublished\":\"2026-02-25T03:43:26+00:00\",\"description\":\"Categor\u00eda: Preguntas frecuentes sobre curr\u00edculum. \u00bfQu\u00e9 verbos de acci\u00f3n usar? Verbos fuertes hacen tu curr\u00edculum din\u00e1mico y muestran iniciativa.\",\"breadcrumb\":{\"@id\":\"https:\/\/wp.stylingcv.com\/es\/resume-action-verbs-alt\/#breadcrumb\"},\"inLanguage\":\"en-US\",\"potentialAction\":[{\"@type\":\"ReadAction\",\"target\":[\"https:\/\/wp.stylingcv.com\/es\/resume-action-verbs-alt\/\"]}]},{\"@type\":\"BreadcrumbList\",\"@id\":\"https:\/\/wp.stylingcv.com\/es\/resume-action-verbs-alt\/#breadcrumb\",\"itemListElement\":[{\"@type\":\"ListItem\",\"position\":1,\"name\":\"Home\",\"item\":\"https:\/\/wp.stylingcv.com\/es\/\"},{\"@type\":\"ListItem\",\"position\":2,\"name\":\"\u00bfQu\u00e9 verbos de acci\u00f3n debo usar en mi curr\u00edculum?\"}]},{\"@type\":\"WebSite\",\"@id\":\"https:\/\/wp.stylingcv.com\/es\/#website\",\"url\":\"https:\/\/wp.stylingcv.com\/es\/\",\"name\":\"StylingCV - Espa\u00f1ol\",\"description\":\"\",\"potentialAction\":[{\"@type\":\"SearchAction\",\"target\":{\"@type\":\"EntryPoint\",\"urlTemplate\":\"https:\/\/wp.stylingcv.com\/es\/?s={search_term_string}\"},\"query-input\":{\"@type\":\"PropertyValueSpecification\",\"valueRequired\":true,\"valueName\":\"search_term_string\"}}],\"inLanguage\":\"en-US\"}]}<\/script>\n<!-- \/ Yoast SEO Premium plugin. -->","yoast_head_json":{"title":"Mejores habilidades para poner en tu curr\u00edculum en 2026 |","description":"Categor\u00eda: Preguntas frecuentes sobre curr\u00edculum. \u00bfQu\u00e9 verbos de acci\u00f3n usar? Verbos fuertes hacen tu curr\u00edculum din\u00e1mico y muestran iniciativa.","robots":{"index":"index","follow":"follow","max-snippet":"max-snippet:-1","max-image-preview":"max-image-preview:large","max-video-preview":"max-video-preview:-1"},"canonical":"https:\/\/stylingcv.com\/es\/resume-action-verbs-alt\/","og_locale":"en_US","og_type":"article","og_title":"\u00bfQu\u00e9 verbos de acci\u00f3n debo usar en mi curr\u00edculum?","og_description":"Categor\u00eda: Preguntas frecuentes sobre curr\u00edculum. \u00bfQu\u00e9 verbos de acci\u00f3n usar? Verbos fuertes hacen tu curr\u00edculum din\u00e1mico y muestran iniciativa.","og_url":"https:\/\/stylingcv.com\/es\/resume-action-verbs-alt\/","og_site_name":"StylingCV - Espa\u00f1ol","twitter_card":"summary_large_image","twitter_misc":{"Est. reading time":"3 minutes"},"schema":{"@context":"https:\/\/schema.org","@graph":[{"@type":"WebPage","@id":"https:\/\/wp.stylingcv.com\/es\/resume-action-verbs-alt\/","url":"https:\/\/wp.stylingcv.com\/es\/resume-action-verbs-alt\/","name":"Mejores habilidades para poner en tu curr\u00edculum en 2026 |","isPartOf":{"@id":"https:\/\/wp.stylingcv.com\/es\/#website"},"datePublished":"2026-02-25T03:43:26+00:00","description":"Categor\u00eda: Preguntas frecuentes sobre curr\u00edculum. \u00bfQu\u00e9 verbos de acci\u00f3n usar? Verbos fuertes hacen tu curr\u00edculum din\u00e1mico y muestran iniciativa.","breadcrumb":{"@id":"https:\/\/wp.stylingcv.com\/es\/resume-action-verbs-alt\/#breadcrumb"},"inLanguage":"en-US","potentialAction":[{"@type":"ReadAction","target":["https:\/\/wp.stylingcv.com\/es\/resume-action-verbs-alt\/"]}]},{"@type":"BreadcrumbList","@id":"https:\/\/wp.stylingcv.com\/es\/resume-action-verbs-alt\/#breadcrumb","itemListElement":[{"@type":"ListItem","position":1,"name":"Home","item":"https:\/\/wp.stylingcv.com\/es\/"},{"@type":"ListItem","position":2,"name":"\u00bfQu\u00e9 verbos de acci\u00f3n debo usar en mi curr\u00edculum?"}]},{"@type":"WebSite","@id":"https:\/\/wp.stylingcv.com\/es\/#website","url":"https:\/\/wp.stylingcv.com\/es\/","name":"StylingCV - Espa\u00f1ol","description":"","potentialAction":[{"@type":"SearchAction","target":{"@type":"EntryPoint","urlTemplate":"https:\/\/wp.stylingcv.com\/es\/?s={search_term_string}"},"query-input":{"@type":"PropertyValueSpecification","valueRequired":true,"valueName":"search_term_string"}}],"inLanguage":"en-US"}]}},"_links":{"self":[{"href":"https:\/\/wp.stylingcv.com\/es\/wp-json\/wp\/v2\/pages\/781","targetHints":{"allow":["GET"]}}],"collection":[{"href":"https:\/\/wp.stylingcv.com\/es\/wp-json\/wp\/v2\/pages"}],"about":[{"href":"https:\/\/wp.stylingcv.com\/es\/wp-json\/wp\/v2\/types\/page"}],"replies":[{"embeddable":true,"href":"https:\/\/wp.stylingcv.com\/es\/wp-json\/wp\/v2\/comments?post=781"}],"version-history":[{"count":0,"href":"https:\/\/wp.stylingcv.com\/es\/wp-json\/wp\/v2\/pages\/781\/revisions"}],"wp:attachment":[{"href":"https:\/\/wp.stylingcv.com\/es\/wp-json\/wp\/v2\/media?parent=781"}],"curies":[{"name":"wp","href":"https:\/\/api.w.org\/{rel}","templated":true}]}}