{"id":779,"date":"2026-02-25T03:43:21","date_gmt":"2026-02-25T03:43:21","guid":{"rendered":"https:\/\/stylingcv.com\/es\/guias-curriculum-carrera\/negociar-beneficios-ademas-salario\/"},"modified":"2026-02-25T03:43:21","modified_gmt":"2026-02-25T03:43:21","slug":"benefits-negotiation","status":"publish","type":"page","link":"https:\/\/wp.stylingcv.com\/es\/guides\/benefits-negotiation\/","title":{"rendered":"\u00bfC\u00f3mo puedo negociar beneficios adem\u00e1s del salario?"},"content":{"rendered":"\n<p class=\"faq-category\"><strong>Categor\u00eda:<\/strong> Preguntas frecuentes sobre estrategias de b\u00fasqueda de empleo<\/p>\n\n\n\n<h2 class=\"wp-block-heading\">\u00bfC\u00f3mo puedo negociar beneficios adem\u00e1s del salario?<\/h2>\n\n\n\n<p>Muchas empresas tienen flexibilidad limitada en el salario, pero pueden ser m\u00e1s generosas con otros beneficios. Si no pueden llegar a tu objetivo salarial, negocia: bono de firma (pago \u00fanico que no afecta el presupuesto continuo), d\u00edas adicionales de PTO (2-3 d\u00edas extra al a\u00f1o), acuerdos de trabajo flexibles o remotos (parcial o totalmente remoto), presupuesto para desarrollo profesional (2-5 mil d\u00f3lares anuales para conferencias, cursos), opciones sobre acciones o participaci\u00f3n (especialmente valioso en startups o empresas pre-IPO), estructura de bonificaci\u00f3n por desempe\u00f1o (mayor porcentaje o m\u00e9tricas m\u00e1s claras), revisi\u00f3n de desempe\u00f1o anticipada (a los 6 meses en vez de anual para un aumento m\u00e1s r\u00e1pido), ajuste de t\u00edtulo (puede impactar tu potencial de ingresos futuros), asistencia para reubicaci\u00f3n (si te mudas por el trabajo), ayuda para el pago de pr\u00e9stamos estudiantiles, mejor nivel de seguro m\u00e9dico, igualaci\u00f3n de 401k (mayor porcentaje o consolidaci\u00f3n m\u00e1s temprana), reembolso de matr\u00edcula para t\u00edtulos avanzados, membres\u00eda de gimnasio o estipendio de bienestar, estipendio para oficina en casa (equipo, internet), beneficios de estacionamiento o transporte. Aborda la negociaci\u00f3n de forma estrat\u00e9gica: despu\u00e9s de que te den su &#8220;mejor&#8221; oferta salarial, di &#8220;Estoy entusiasmado con este puesto. Aunque el salario est\u00e1 un poco por debajo de lo que esperaba, \u00bfhay otros aspectos del paquete de compensaci\u00f3n que podamos discutir?&#8221; Prioriza lo que m\u00e1s te importa. S\u00e9 razonable: no pidas todo. Formula tus solicitudes en t\u00e9rminos de beneficio mutuo: &#8220;El presupuesto de desarrollo profesional me ayuda a aportar habilidades de vanguardia al puesto.&#8221; Obt\u00e9n todo por escrito.<\/p>\n\n\n\n<hr class=\"wp-block-separator has-alpha-channel-opacity\"\/>\n\n\n\n<h3 class=\"wp-block-heading\">\u00bfNecesitas ayuda con tu curr\u00edculum?<\/h3>\n\n\n\n<p>Nuestro creador de curr\u00edculums impulsado por IA en <a href=\"https:\/\/ai.stylingcv.com\/ai-generatorsignup?utm_source=stylingcv&utm_medium=website&utm_campaign=cta&utm_content=benefits-negotiation\" target=\"_blank\" rel=\"noopener\">StylingCV AI<\/a> puede ayudarte a crear un curr\u00edculum profesional optimizado para ATS en minutos. \u00a1Empieza hoy!<\/p>\n\n\n\n<div class=\"wp-block-buttons is-layout-flex wp-block-buttons-is-layout-flex\">\n\n<div class=\"wp-block-button cta-button\"><a class=\"wp-block-button__link has-primary-background-color has-background wp-element-button\" href=\"https:\/\/ai.stylingcv.com\/ai-generatorsignup?utm_source=stylingcv&utm_medium=website&utm_campaign=cta&utm_content=benefits-negotiation\" target=\"_blank\" rel=\"noopener\">Prueba StylingCV AI Gratis \u2192<\/a><\/div>\n\n\n\n\n<p>\ud83d\udc49 <a href=\"https:\/\/stylingcv.com\/guides\/\">aprende c\u00f3mo escribir un curr\u00edculum<\/a><\/p>\n\n<p>\ud83d\udc49 <a href=\"https:\/\/stylingcv.com\/resume-templates\/\">plantillas de curr\u00edculum<\/a><\/p>\n\n<p><strong>\ud83d\udca1 Consejo profesional:<\/strong> StylingCV no es solo un creador de curr\u00edculums \u2014 es un creador inteligente con IA que piensa. <a href=\"https:\/\/stylingcv.com\/resume-builder\/\">creador de curr\u00edculums inteligente con IA que piensa<\/a> en menos de 2 minutos.<\/p>\n<\/div>\n\n\n\n<script type=\"application\/ld+json\">\n{\n  \"@context\": \"https:\/\/schema.org\",\n  \"@type\": \"FAQPage\",\n  \"mainEntity\": [{\n    \"@type\": \"Question\",\n    \"name\": \"How do I negotiate benefits other than salary?\",\n    \"acceptedAnswer\": {\n      \"@type\": \"Answer\",\n      \"text\": \"Many companies have limited salary flexibility but can be more generous with other benefits. If they can't meet your salary target, negotiate: Signing bonus (one-time payment that doesn't affect ongoing budget), Additional PTO (2-3 extra days annually), Flexible or remote work arrangements (partial or full remote), Professional development budget ($2-5K annually for conferences, courses), Stock options or equity (especially valuable in startups or pre-IPO companies), Performance bonus structure (higher percentage or clearer metrics), Earlier performance review (6 months instead of annual for faster raise), Title adjustment (can impact future earning potential), Relocation assistance (if moving for the job), Student loan repayment assistance, Better health insurance tier, 401k matching (higher percentage or earlier vesting), Tuition reimbursement for advanced degrees, Gym membership or wellness stipend, Home office stipend (equipment, internet), Parking or commuter benefits. Approach strategically: After they've given their 'best' salary offer, say 'I'm excited about this role. While the salary is slightly below what I'd hoped for, are there other aspects of the compensation package we could discuss?' Prioritize what matters most to you. Be reasonable - don't ask for everything. Frame requests in terms of mutual benefit: 'Professional development budget helps me bring cutting-edge skills to the role.' Get everything in writing.\"\n    }\n  }]\n}\n<\/script>\n\n\n\n<p class=\"faq-keywords\"><small><strong>Relacionado:<\/strong> negociaci\u00f3n de beneficios, paquete de compensaci\u00f3n, compensaci\u00f3n total, ventajas, beneficios no salariales<\/small><\/p>\n<!-- stylingcv-hub-links --><div class=\"stylingcv-related-resources\" style=\"margin-top:30px;padding:20px;background:#f8f9fa;border-left:4px solid #1abc9c;border-radius:4px;\"><h3 style=\"margin-top:0;color:#2c3e50;\">Explora m\u00e1s recursos<\/h3><ul style=\"list-style:none;padding:0;\"><li><a href=\"https:\/\/stylingcv.com\/guides\/\">Gu\u00edas de carrera<\/a> &mdash; Tu gu\u00eda completa<\/li><li><a href=\"https:\/\/stylingcv.com\/job-search-applications-2\/\">\u00bfCu\u00e1les son las mejores pr\u00e1cticas para postularme en mi b\u00fasqueda de empleo?<\/a><\/li><li><a href=\"https:\/\/stylingcv.com\/career-growth-143\/\">\u00bfC\u00f3mo abordar conversaciones y decisiones sobre crecimiento profesional?<\/a><\/li><li><a href=\"https:\/\/stylingcv.com\/job-search-faq\/\">Preguntas frecuentes sobre b\u00fasqueda de empleo &#8211; Encuentra tu trabajo ideal m\u00e1s r\u00e1pido<\/a><\/li><\/ul><p style=\"margin-bottom:0;font-size:14px;color:#7f8c8d;\">No solo un creador de curr\u00edculums \u2014 un creador inteligente con IA que piensa. <a href=\"https:\/\/stylingcv.com\/resume-builder\/\" style=\"color:#1abc9c;font-weight:bold;\">Crea tu curr\u00edculum en menos de 2 minutos &rarr;<\/a><\/p><\/div><!-- \/stylingcv-hub-links --><style>.entry-content a[href*=\"ai.stylingcv.com\"]:not(.scv-exit-cta){transition:transform 0.2s ease,box-shadow 0.2s ease}.entry-content a[href*=\"ai.stylingcv.com\"]:not(.scv-exit-cta):hover{transform:translateY(-2px);box-shadow:0 4px 12px rgba(38,133,153,0.25)}<\/style>","protected":false},"excerpt":{"rendered":"<p>Descubre d\u00f3nde y c\u00f3mo incluir certificaciones en tu curr\u00edculum para lograr el mayor impacto. Ejemplos de formato para licencias y credenciales profesionales.<\/p>\n","protected":false},"author":0,"featured_media":0,"parent":295,"menu_order":0,"comment_status":"closed","ping_status":"closed","template":"","meta":{"footnotes":""},"class_list":["post-779","page","type-page","status-publish","hentry"," c-blog-1-item  nt-post-class"],"yoast_head":"<!-- This site is optimized with the Yoast SEO Premium plugin v26.5 (Yoast SEO v26.5) - https:\/\/yoast.com\/wordpress\/plugins\/seo\/ -->\n<title>Incluye certificaciones en tu curr\u00edculum | StylingCV<\/title>\n<meta name=\"description\" content=\"Categor\u00eda: Preguntas frecuentes sobre estrategias de b\u00fasqueda de empleo. \u00bfC\u00f3mo puedo negociar beneficios adem\u00e1s del salario?\" \/>\n<meta name=\"robots\" content=\"index, follow, max-snippet:-1, max-image-preview:large, max-video-preview:-1\" \/>\n<link rel=\"canonical\" href=\"https:\/\/stylingcv.com\/es\/guides\/benefits-negotiation\/\" \/>\n<meta property=\"og:locale\" content=\"en_US\" \/>\n<meta property=\"og:type\" content=\"article\" \/>\n<meta property=\"og:title\" content=\"\u00bfC\u00f3mo puedo negociar beneficios adem\u00e1s del salario?\" \/>\n<meta property=\"og:description\" content=\"Categor\u00eda: Preguntas frecuentes sobre estrategias de b\u00fasqueda de empleo. \u00bfC\u00f3mo puedo negociar beneficios adem\u00e1s del salario?\" \/>\n<meta property=\"og:url\" content=\"https:\/\/stylingcv.com\/es\/guides\/benefits-negotiation\/\" \/>\n<meta property=\"og:site_name\" content=\"StylingCV - Espa\u00f1ol\" \/>\n<meta name=\"twitter:card\" content=\"summary_large_image\" \/>\n<meta name=\"twitter:label1\" content=\"Est. reading time\" \/>\n\t<meta name=\"twitter:data1\" content=\"2 minutes\" \/>\n<script type=\"application\/ld+json\" class=\"yoast-schema-graph\">{\"@context\":\"https:\/\/schema.org\",\"@graph\":[{\"@type\":\"WebPage\",\"@id\":\"https:\/\/wp.stylingcv.com\/es\/guides\/benefits-negotiation\/\",\"url\":\"https:\/\/wp.stylingcv.com\/es\/guides\/benefits-negotiation\/\",\"name\":\"Incluye certificaciones en tu curr\u00edculum | StylingCV\",\"isPartOf\":{\"@id\":\"https:\/\/wp.stylingcv.com\/es\/#website\"},\"datePublished\":\"2026-02-25T03:43:21+00:00\",\"description\":\"Categor\u00eda: Preguntas frecuentes sobre estrategias de b\u00fasqueda de empleo. \u00bfC\u00f3mo puedo negociar beneficios adem\u00e1s del salario?\",\"breadcrumb\":{\"@id\":\"https:\/\/wp.stylingcv.com\/es\/guides\/benefits-negotiation\/#breadcrumb\"},\"inLanguage\":\"en-US\",\"potentialAction\":[{\"@type\":\"ReadAction\",\"target\":[\"https:\/\/wp.stylingcv.com\/es\/guides\/benefits-negotiation\/\"]}]},{\"@type\":\"BreadcrumbList\",\"@id\":\"https:\/\/wp.stylingcv.com\/es\/guides\/benefits-negotiation\/#breadcrumb\",\"itemListElement\":[{\"@type\":\"ListItem\",\"position\":1,\"name\":\"Home\",\"item\":\"https:\/\/wp.stylingcv.com\/es\/\"},{\"@type\":\"ListItem\",\"position\":2,\"name\":\"Gu\u00edas de Curr\u00edculum y Carrera: Recursos Expertos para Buscadores de Empleo\",\"item\":\"https:\/\/wp.stylingcv.com\/es\/guides\/\"},{\"@type\":\"ListItem\",\"position\":3,\"name\":\"\u00bfC\u00f3mo puedo negociar beneficios adem\u00e1s del salario?\"}]},{\"@type\":\"WebSite\",\"@id\":\"https:\/\/wp.stylingcv.com\/es\/#website\",\"url\":\"https:\/\/wp.stylingcv.com\/es\/\",\"name\":\"StylingCV - Espa\u00f1ol\",\"description\":\"\",\"potentialAction\":[{\"@type\":\"SearchAction\",\"target\":{\"@type\":\"EntryPoint\",\"urlTemplate\":\"https:\/\/wp.stylingcv.com\/es\/?s={search_term_string}\"},\"query-input\":{\"@type\":\"PropertyValueSpecification\",\"valueRequired\":true,\"valueName\":\"search_term_string\"}}],\"inLanguage\":\"en-US\"}]}<\/script>\n<!-- \/ Yoast SEO Premium plugin. -->","yoast_head_json":{"title":"Incluye certificaciones en tu curr\u00edculum | StylingCV","description":"Categor\u00eda: Preguntas frecuentes sobre estrategias de b\u00fasqueda de empleo. \u00bfC\u00f3mo puedo negociar beneficios adem\u00e1s del salario?","robots":{"index":"index","follow":"follow","max-snippet":"max-snippet:-1","max-image-preview":"max-image-preview:large","max-video-preview":"max-video-preview:-1"},"canonical":"https:\/\/stylingcv.com\/es\/guides\/benefits-negotiation\/","og_locale":"en_US","og_type":"article","og_title":"\u00bfC\u00f3mo puedo negociar beneficios adem\u00e1s del salario?","og_description":"Categor\u00eda: Preguntas frecuentes sobre estrategias de b\u00fasqueda de empleo. \u00bfC\u00f3mo puedo negociar beneficios adem\u00e1s del salario?","og_url":"https:\/\/stylingcv.com\/es\/guides\/benefits-negotiation\/","og_site_name":"StylingCV - Espa\u00f1ol","twitter_card":"summary_large_image","twitter_misc":{"Est. reading time":"2 minutes"},"schema":{"@context":"https:\/\/schema.org","@graph":[{"@type":"WebPage","@id":"https:\/\/wp.stylingcv.com\/es\/guides\/benefits-negotiation\/","url":"https:\/\/wp.stylingcv.com\/es\/guides\/benefits-negotiation\/","name":"Incluye certificaciones en tu curr\u00edculum | StylingCV","isPartOf":{"@id":"https:\/\/wp.stylingcv.com\/es\/#website"},"datePublished":"2026-02-25T03:43:21+00:00","description":"Categor\u00eda: Preguntas frecuentes sobre estrategias de b\u00fasqueda de empleo. \u00bfC\u00f3mo puedo negociar beneficios adem\u00e1s del salario?","breadcrumb":{"@id":"https:\/\/wp.stylingcv.com\/es\/guides\/benefits-negotiation\/#breadcrumb"},"inLanguage":"en-US","potentialAction":[{"@type":"ReadAction","target":["https:\/\/wp.stylingcv.com\/es\/guides\/benefits-negotiation\/"]}]},{"@type":"BreadcrumbList","@id":"https:\/\/wp.stylingcv.com\/es\/guides\/benefits-negotiation\/#breadcrumb","itemListElement":[{"@type":"ListItem","position":1,"name":"Home","item":"https:\/\/wp.stylingcv.com\/es\/"},{"@type":"ListItem","position":2,"name":"Gu\u00edas de Curr\u00edculum y Carrera: Recursos Expertos para Buscadores de Empleo","item":"https:\/\/wp.stylingcv.com\/es\/guides\/"},{"@type":"ListItem","position":3,"name":"\u00bfC\u00f3mo puedo negociar beneficios adem\u00e1s del salario?"}]},{"@type":"WebSite","@id":"https:\/\/wp.stylingcv.com\/es\/#website","url":"https:\/\/wp.stylingcv.com\/es\/","name":"StylingCV - Espa\u00f1ol","description":"","potentialAction":[{"@type":"SearchAction","target":{"@type":"EntryPoint","urlTemplate":"https:\/\/wp.stylingcv.com\/es\/?s={search_term_string}"},"query-input":{"@type":"PropertyValueSpecification","valueRequired":true,"valueName":"search_term_string"}}],"inLanguage":"en-US"}]}},"_links":{"self":[{"href":"https:\/\/wp.stylingcv.com\/es\/wp-json\/wp\/v2\/pages\/779","targetHints":{"allow":["GET"]}}],"collection":[{"href":"https:\/\/wp.stylingcv.com\/es\/wp-json\/wp\/v2\/pages"}],"about":[{"href":"https:\/\/wp.stylingcv.com\/es\/wp-json\/wp\/v2\/types\/page"}],"replies":[{"embeddable":true,"href":"https:\/\/wp.stylingcv.com\/es\/wp-json\/wp\/v2\/comments?post=779"}],"version-history":[{"count":0,"href":"https:\/\/wp.stylingcv.com\/es\/wp-json\/wp\/v2\/pages\/779\/revisions"}],"up":[{"embeddable":true,"href":"https:\/\/wp.stylingcv.com\/es\/wp-json\/wp\/v2\/pages\/295"}],"wp:attachment":[{"href":"https:\/\/wp.stylingcv.com\/es\/wp-json\/wp\/v2\/media?parent=779"}],"curies":[{"name":"wp","href":"https:\/\/api.w.org\/{rel}","templated":true}]}}