{"id":777,"date":"2026-02-25T03:43:18","date_gmt":"2026-02-25T03:43:18","guid":{"rendered":"https:\/\/stylingcv.com\/es\/como-escribir-carta-presentacion-cambio-carrera\/"},"modified":"2026-02-25T03:43:18","modified_gmt":"2026-02-25T03:43:18","slug":"career-change-cover-letter","status":"publish","type":"page","link":"https:\/\/wp.stylingcv.com\/es\/career-change-cover-letter\/","title":{"rendered":"\u00bfC\u00f3mo escribo una carta de presentaci\u00f3n para un cambio de carrera?"},"content":{"rendered":"\n<p class=\"faq-category\"><strong>Categor\u00eda:<\/strong> Preguntas frecuentes sobre cartas de presentaci\u00f3n<\/p>\n\n\n\n<h2 class=\"wp-block-heading\">\u00bfC\u00f3mo escribo una carta de presentaci\u00f3n para un cambio de carrera?<\/h2>\n\n\n\n<p>Las cartas de presentaci\u00f3n para un cambio de carrera deben abordar expl\u00edcitamente por qu\u00e9 est\u00e1s cambiando de rumbo y c\u00f3mo tu experiencia se transfiere al nuevo sector. Estructura: Primer p\u00e1rrafo: Eng\u00e1nchalos con un entusiasmo genuino por el nuevo campo y menciona brevemente que est\u00e1s haciendo la transici\u00f3n de X a Y. Demuestra que has investigado: &#8220;Despu\u00e9s de pasar 5 a\u00f1os en la gesti\u00f3n de ventas minoristas, ahora estoy persiguiendo mi pasi\u00f3n por el an\u00e1lisis de datos, donde puedo aplicar mis habilidades anal\u00edticas en un entorno impulsado por la tecnolog\u00eda.&#8221; Segundo p\u00e1rrafo: Explica POR QU\u00c9 est\u00e1s haciendo el cambio. S\u00e9 aut\u00e9ntico pero profesional: deseo de nuevos desaf\u00edos, descubriste una pasi\u00f3n a trav\u00e9s de proyectos paralelos, quieres alinear tu carrera con tus valores, buscas un mejor equilibrio entre vida y trabajo, te entusiasma el crecimiento del sector. Conecta emocionalmente pero s\u00e9 breve. Tercer p\u00e1rrafo: Relaciona tu experiencia con el nuevo puesto. Esto es crucial. Identifica 2-3 habilidades transferibles clave y proporciona ejemplos espec\u00edficos de c\u00f3mo las has utilizado: &#8220;Mientras gestionaba operaciones minoristas, desarroll\u00e9 s\u00f3lidas habilidades de an\u00e1lisis de datos mediante la previsi\u00f3n de inventario y el an\u00e1lisis de tendencias de ventas, aumentando la rentabilidad en un 20%.&#8221; Utiliza el lenguaje del sector objetivo. Cuarto p\u00e1rrafo: Demuestra tu compromiso con la transici\u00f3n: certificaciones relevantes, cursos, proyectos, trabajo voluntario o networking que hayas realizado en el nuevo campo. Esto prueba que vas en serio, no solo buscas cualquier empleo. Cierre: Reitera tu entusiasmo y solicita una entrevista. Las cartas de cambio de carrera pueden ser un poco m\u00e1s largas (hasta 1,5 p\u00e1ginas) si es necesario para contar tu historia de manera efectiva.<\/p>\n\n\n\n<hr class=\"wp-block-separator has-alpha-channel-opacity\"\/>\n\n\n\n<h3 class=\"wp-block-heading\">\u00bfNecesitas ayuda con tu curr\u00edculum?<\/h3>\n\n\n\n<p>Nuestro creador de curr\u00edculums impulsado por IA en <a href=\"https:\/\/ai.stylingcv.com\/ai-generatorsignup?utm_source=stylingcv&utm_medium=website&utm_campaign=cta&utm_content=career-change-cover-letter\" target=\"_blank\" rel=\"noopener\">StylingCV AI<\/a> puede ayudarte a crear un curr\u00edculum profesional optimizado para ATS en minutos. \u00a1Comienza hoy!<\/p>\n\n\n\n<div class=\"wp-block-buttons is-layout-flex wp-block-buttons-is-layout-flex\">\n\n<div class=\"wp-block-button cta-button\"><a class=\"wp-block-button__link has-primary-background-color has-background wp-element-button\" href=\"https:\/\/ai.stylingcv.com\/ai-generatorsignup?utm_source=stylingcv&utm_medium=website&utm_campaign=cta&utm_content=career-change-cover-letter\" target=\"_blank\" rel=\"noopener\">Prueba StylingCV AI Gratis \u2192<\/a><\/div>\n\n\n\n\n<p>\ud83d\udc49 <a href=\"https:\/\/stylingcv.com\/cover-letter-writing\/\">creador de cartas de presentaci\u00f3n<\/a><\/p>\n\n<p>\ud83d\udc49 <a href=\"https:\/\/stylingcv.com\/career-stages\/\">consejos de curr\u00edculum para cada etapa profesional<\/a><\/p>\n\n<p>\ud83d\udc49 <a href=\"https:\/\/stylingcv.com\/guides\/\">gu\u00edas para redactar curr\u00edculums<\/a><\/p>\n\n<p>\ud83d\udc49 <a href=\"https:\/\/stylingcv.com\/resume-templates\/\">plantillas de curr\u00edculum gratuitas<\/a><\/p>\n\n<p><strong>\ud83d\udca1 Consejo Pro:<\/strong> StylingCV no es solo un creador de curr\u00edculums \u2014 es un creador inteligente con IA que piensa. <a href=\"https:\/\/stylingcv.com\/resume-builder\/\">Creador de curr\u00edculums con IA y 11 agentes inteligentes<\/a> en menos de 2 minutos.<\/p>\n<\/div>\n\n\n\n<script type=\"application\/ld+json\">\n{\n  \"@context\": \"https:\/\/schema.org\",\n  \"@type\": \"FAQPage\",\n  \"mainEntity\": [{\n    \"@type\": \"Question\",\n    \"name\": \"\u00bfC\u00f3mo escribo una carta de presentaci\u00f3n para un cambio de carrera?\",\n    \"acceptedAnswer\": {\n      \"@type\": \"Answer\",\n      \"text\": \"Las cartas de presentaci\u00f3n para un cambio de carrera deben abordar expl\u00edcitamente por qu\u00e9 est\u00e1s cambiando de rumbo y c\u00f3mo tu experiencia se transfiere al nuevo sector. Estructura: Primer p\u00e1rrafo: Eng\u00e1nchalos con un entusiasmo genuino por el nuevo campo y menciona brevemente que est\u00e1s haciendo la transici\u00f3n de X a Y. Demuestra que has investigado: 'Despu\u00e9s de pasar 5 a\u00f1os en la gesti\u00f3n de ventas minoristas, ahora estoy persiguiendo mi pasi\u00f3n por el an\u00e1lisis de datos, donde puedo aplicar mis habilidades anal\u00edticas en un entorno impulsado por la tecnolog\u00eda.' Segundo p\u00e1rrafo: Explica POR QU\u00c9 est\u00e1s haciendo el cambio. S\u00e9 aut\u00e9ntico pero profesional: deseo de nuevos desaf\u00edos, descubriste una pasi\u00f3n a trav\u00e9s de proyectos paralelos, quieres alinear tu carrera con tus valores, buscas un mejor equilibrio entre vida y trabajo, te entusiasma el crecimiento del sector. Conecta emocionalmente pero s\u00e9 breve. Tercer p\u00e1rrafo: Relaciona tu experiencia con el nuevo puesto. Esto es crucial. Identifica 2-3 habilidades transferibles clave y proporciona ejemplos espec\u00edficos de c\u00f3mo las has utilizado: 'Mientras gestionaba operaciones minoristas, desarroll\u00e9 s\u00f3lidas habilidades de an\u00e1lisis de datos mediante la previsi\u00f3n de inventario y el an\u00e1lisis de tendencias de ventas, aumentando la rentabilidad en un 20%.' Utiliza el lenguaje del sector objetivo. Cuarto p\u00e1rrafo: Demuestra tu compromiso con la transici\u00f3n: certificaciones relevantes, cursos, proyectos, trabajo voluntario o networking que hayas realizado en el nuevo campo. Esto prueba que vas en serio, no solo buscas cualquier empleo. Cierre: Reitera tu entusiasmo y solicita una entrevista. Las cartas de cambio de carrera pueden ser un poco m\u00e1s largas (hasta 1,5 p\u00e1ginas) si es necesario para contar tu historia de manera efectiva.\"\n    }\n  }]\n}\n<\/script>\n\n\n\n<p class=\"faq-keywords\"><small><strong>Relacionado:<\/strong> carta de presentaci\u00f3n cambio de carrera, carta de transici\u00f3n, cambio profesional, cambiar de sector, estrategia de carta de presentaci\u00f3n<\/small><\/p>\n<!-- stylingcv-hub-links --><div class=\"stylingcv-related-resources\" style=\"margin-top:30px;padding:20px;background:#f8f9fa;border-left:4px solid #1abc9c;border-radius:4px;\"><h3 style=\"margin-top:0;color:#2c3e50;\">Explora m\u00e1s recursos<\/h3><ul style=\"list-style:none;padding:0;\"><li><a href=\"https:\/\/stylingcv.com\/cover-letter-writing\/\">Gu\u00eda para escribir cartas de presentaci\u00f3n<\/a> &mdash; Tu gu\u00eda completa<\/li><li><a href=\"https:\/\/stylingcv.com\/cover-letter-examples\/\">Ejemplos de cartas de presentaci\u00f3n: m\u00e1s de 20 muestras que consiguen entrevistas (2&#8230;<\/a><\/li><li><a href=\"https:\/\/stylingcv.com\/cover-letter-type-35\/\">\u00bfC\u00f3mo escribo una carta de presentaci\u00f3n convincente para puestos creativos?<\/a><\/li><li><a href=\"https:\/\/stylingcv.com\/cover-letter-type-29\/\">\u00bfC\u00f3mo escribo una carta de presentaci\u00f3n convincente para puestos internacionales?<\/a><\/li><\/ul><p style=\"margin-bottom:0;font-size:14px;color:#7f8c8d;\">No solo un creador de curr\u00edculums &mdash; un creador inteligente con IA que piensa. <a href=\"https:\/\/stylingcv.com\/resume-builder\/\" style=\"color:#1abc9c;font-weight:bold;\">Crea tu curr\u00edculum en menos de 2 minutos &rarr;<\/a><\/p><\/div><!-- \/stylingcv-hub-links --><style>.entry-content a[href*=\"ai.stylingcv.com\"]:not(.scv-exit-cta){transition:transform 0.2s ease,box-shadow 0.2s ease}.entry-content a[href*=\"ai.stylingcv.com\"]:not(.scv-exit-cta):hover{transform:translateY(-2px);box-shadow:0 4px 12px rgba(38,133,153,0.25)}<\/style>","protected":false},"excerpt":{"rendered":"<p>Crea un curr\u00edculum s\u00f3lido sin experiencia laboral. Destaca educaci\u00f3n, voluntariado, proyectos y habilidades que impresionan a los reclutadores.<\/p>\n","protected":false},"author":0,"featured_media":0,"parent":0,"menu_order":0,"comment_status":"closed","ping_status":"closed","template":"","meta":{"footnotes":""},"class_list":["post-777","page","type-page","status-publish","hentry"," c-blog-1-item  nt-post-class"],"yoast_head":"<!-- This site is optimized with the Yoast SEO Premium plugin v26.5 (Yoast SEO v26.5) - https:\/\/yoast.com\/wordpress\/plugins\/seo\/ -->\n<title>Escribe un curr\u00edculum sin experiencia laboral | StylingCV<\/title>\n<meta name=\"description\" content=\"Categor\u00eda: Preguntas frecuentes sobre cartas de presentaci\u00f3n \u00bfC\u00f3mo escribo una carta de presentaci\u00f3n para un cambio de carrera?\" \/>\n<meta name=\"robots\" content=\"index, follow, max-snippet:-1, max-image-preview:large, max-video-preview:-1\" \/>\n<link rel=\"canonical\" href=\"https:\/\/stylingcv.com\/es\/career-change-cover-letter\/\" \/>\n<meta property=\"og:locale\" content=\"en_US\" \/>\n<meta property=\"og:type\" content=\"article\" \/>\n<meta property=\"og:title\" content=\"\u00bfC\u00f3mo escribo una carta de presentaci\u00f3n para un cambio de carrera?\" \/>\n<meta property=\"og:description\" content=\"Categor\u00eda: Preguntas frecuentes sobre cartas de presentaci\u00f3n \u00bfC\u00f3mo escribo una carta de presentaci\u00f3n para un cambio de carrera?\" \/>\n<meta property=\"og:url\" content=\"https:\/\/stylingcv.com\/es\/career-change-cover-letter\/\" \/>\n<meta property=\"og:site_name\" content=\"StylingCV - Espa\u00f1ol\" \/>\n<meta name=\"twitter:card\" content=\"summary_large_image\" \/>\n<meta name=\"twitter:label1\" content=\"Est. reading time\" \/>\n\t<meta name=\"twitter:data1\" content=\"3 minutes\" \/>\n<script type=\"application\/ld+json\" class=\"yoast-schema-graph\">{\"@context\":\"https:\/\/schema.org\",\"@graph\":[{\"@type\":\"WebPage\",\"@id\":\"https:\/\/wp.stylingcv.com\/es\/career-change-cover-letter\/\",\"url\":\"https:\/\/wp.stylingcv.com\/es\/career-change-cover-letter\/\",\"name\":\"Escribe un curr\u00edculum sin experiencia laboral | StylingCV\",\"isPartOf\":{\"@id\":\"https:\/\/wp.stylingcv.com\/es\/#website\"},\"datePublished\":\"2026-02-25T03:43:18+00:00\",\"description\":\"Categor\u00eda: Preguntas frecuentes sobre cartas de presentaci\u00f3n \u00bfC\u00f3mo escribo una carta de presentaci\u00f3n para un cambio de carrera?\",\"breadcrumb\":{\"@id\":\"https:\/\/wp.stylingcv.com\/es\/career-change-cover-letter\/#breadcrumb\"},\"inLanguage\":\"en-US\",\"potentialAction\":[{\"@type\":\"ReadAction\",\"target\":[\"https:\/\/wp.stylingcv.com\/es\/career-change-cover-letter\/\"]}]},{\"@type\":\"BreadcrumbList\",\"@id\":\"https:\/\/wp.stylingcv.com\/es\/career-change-cover-letter\/#breadcrumb\",\"itemListElement\":[{\"@type\":\"ListItem\",\"position\":1,\"name\":\"Home\",\"item\":\"https:\/\/wp.stylingcv.com\/es\/\"},{\"@type\":\"ListItem\",\"position\":2,\"name\":\"\u00bfC\u00f3mo escribo una carta de presentaci\u00f3n para un cambio de carrera?\"}]},{\"@type\":\"WebSite\",\"@id\":\"https:\/\/wp.stylingcv.com\/es\/#website\",\"url\":\"https:\/\/wp.stylingcv.com\/es\/\",\"name\":\"StylingCV - Espa\u00f1ol\",\"description\":\"\",\"potentialAction\":[{\"@type\":\"SearchAction\",\"target\":{\"@type\":\"EntryPoint\",\"urlTemplate\":\"https:\/\/wp.stylingcv.com\/es\/?s={search_term_string}\"},\"query-input\":{\"@type\":\"PropertyValueSpecification\",\"valueRequired\":true,\"valueName\":\"search_term_string\"}}],\"inLanguage\":\"en-US\"}]}<\/script>\n<!-- \/ Yoast SEO Premium plugin. -->","yoast_head_json":{"title":"Escribe un curr\u00edculum sin experiencia laboral | StylingCV","description":"Categor\u00eda: Preguntas frecuentes sobre cartas de presentaci\u00f3n \u00bfC\u00f3mo escribo una carta de presentaci\u00f3n para un cambio de carrera?","robots":{"index":"index","follow":"follow","max-snippet":"max-snippet:-1","max-image-preview":"max-image-preview:large","max-video-preview":"max-video-preview:-1"},"canonical":"https:\/\/stylingcv.com\/es\/career-change-cover-letter\/","og_locale":"en_US","og_type":"article","og_title":"\u00bfC\u00f3mo escribo una carta de presentaci\u00f3n para un cambio de carrera?","og_description":"Categor\u00eda: Preguntas frecuentes sobre cartas de presentaci\u00f3n \u00bfC\u00f3mo escribo una carta de presentaci\u00f3n para un cambio de carrera?","og_url":"https:\/\/stylingcv.com\/es\/career-change-cover-letter\/","og_site_name":"StylingCV - Espa\u00f1ol","twitter_card":"summary_large_image","twitter_misc":{"Est. reading time":"3 minutes"},"schema":{"@context":"https:\/\/schema.org","@graph":[{"@type":"WebPage","@id":"https:\/\/wp.stylingcv.com\/es\/career-change-cover-letter\/","url":"https:\/\/wp.stylingcv.com\/es\/career-change-cover-letter\/","name":"Escribe un curr\u00edculum sin experiencia laboral | StylingCV","isPartOf":{"@id":"https:\/\/wp.stylingcv.com\/es\/#website"},"datePublished":"2026-02-25T03:43:18+00:00","description":"Categor\u00eda: Preguntas frecuentes sobre cartas de presentaci\u00f3n \u00bfC\u00f3mo escribo una carta de presentaci\u00f3n para un cambio de carrera?","breadcrumb":{"@id":"https:\/\/wp.stylingcv.com\/es\/career-change-cover-letter\/#breadcrumb"},"inLanguage":"en-US","potentialAction":[{"@type":"ReadAction","target":["https:\/\/wp.stylingcv.com\/es\/career-change-cover-letter\/"]}]},{"@type":"BreadcrumbList","@id":"https:\/\/wp.stylingcv.com\/es\/career-change-cover-letter\/#breadcrumb","itemListElement":[{"@type":"ListItem","position":1,"name":"Home","item":"https:\/\/wp.stylingcv.com\/es\/"},{"@type":"ListItem","position":2,"name":"\u00bfC\u00f3mo escribo una carta de presentaci\u00f3n para un cambio de carrera?"}]},{"@type":"WebSite","@id":"https:\/\/wp.stylingcv.com\/es\/#website","url":"https:\/\/wp.stylingcv.com\/es\/","name":"StylingCV - Espa\u00f1ol","description":"","potentialAction":[{"@type":"SearchAction","target":{"@type":"EntryPoint","urlTemplate":"https:\/\/wp.stylingcv.com\/es\/?s={search_term_string}"},"query-input":{"@type":"PropertyValueSpecification","valueRequired":true,"valueName":"search_term_string"}}],"inLanguage":"en-US"}]}},"_links":{"self":[{"href":"https:\/\/wp.stylingcv.com\/es\/wp-json\/wp\/v2\/pages\/777","targetHints":{"allow":["GET"]}}],"collection":[{"href":"https:\/\/wp.stylingcv.com\/es\/wp-json\/wp\/v2\/pages"}],"about":[{"href":"https:\/\/wp.stylingcv.com\/es\/wp-json\/wp\/v2\/types\/page"}],"replies":[{"embeddable":true,"href":"https:\/\/wp.stylingcv.com\/es\/wp-json\/wp\/v2\/comments?post=777"}],"version-history":[{"count":0,"href":"https:\/\/wp.stylingcv.com\/es\/wp-json\/wp\/v2\/pages\/777\/revisions"}],"wp:attachment":[{"href":"https:\/\/wp.stylingcv.com\/es\/wp-json\/wp\/v2\/media?parent=777"}],"curies":[{"name":"wp","href":"https:\/\/api.w.org\/{rel}","templated":true}]}}