{"id":773,"date":"2026-02-25T03:43:09","date_gmt":"2026-02-25T03:43:09","guid":{"rendered":"https:\/\/stylingcv.com\/es\/curriculum-promocion-interna-empresa\/"},"modified":"2026-02-25T03:43:09","modified_gmt":"2026-02-25T03:43:09","slug":"internal-promotion-resume","status":"publish","type":"page","link":"https:\/\/wp.stylingcv.com\/es\/internal-promotion-resume\/","title":{"rendered":"\u00bfC\u00f3mo escribo un curr\u00edculum para una promoci\u00f3n interna en mi empresa?"},"content":{"rendered":"\n<p class=\"faq-category\"><strong>Categor\u00eda:<\/strong> Preguntas frecuentes sobre redacci\u00f3n de curr\u00edculum<\/p>\n\n\n\n<h2 class=\"wp-block-heading\">\u00bfC\u00f3mo escribo un curr\u00edculum para una promoci\u00f3n interna en mi empresa?<\/h2>\n\n\n\n<p>Los curr\u00edculums para promociones internas son diferentes a las postulaciones externas. No est\u00e1s present\u00e1ndote, sino argumentando por qu\u00e9 has superado tu puesto actual. Comienza con un resumen profesional s\u00f3lido que enfatice que est\u00e1s listo para avanzar: &#8220;Especialista en Marketing con 3 a\u00f1os impulsando el crecimiento digital de [Company], buscando el puesto de Gerente de Marketing para aprovechar habilidades de liderazgo estrat\u00e9gico y desarrollo de equipos&#8221;. Destaca tu trayectoria de crecimiento y las responsabilidades que has ido asumiendo en tu puesto actual. Demuestra c\u00f3mo ya has estado desempe\u00f1\u00e1ndote al siguiente nivel: &#8220;Mentor\u00eda informal a 2 miembros junior del equipo&#8221;, &#8220;Lider\u00e9 iniciativas interdepartamentales normalmente gestionadas por la direcci\u00f3n&#8221; o &#8220;Identifiqu\u00e9 y resolv\u00ed proactivamente problemas fuera de mi descripci\u00f3n de puesto&#8221;. Cuantifica tu impacto en los objetivos de la empresa y en los indicadores que les importan. Haz referencia a iniciativas, valores o prioridades estrat\u00e9gicas espec\u00edficas de la empresa en tus logros. Incluye una secci\u00f3n de &#8220;Proyectos y logros clave&#8221; destacando tus mayores \u00e9xitos. Menciona cualquier formaci\u00f3n adicional, certificaciones o habilidades que hayas adquirido y que te preparen para el siguiente nivel. Aborda cualquier brecha evidente: si el nuevo puesto requiere experiencia en gesti\u00f3n y no has dirigido directamente, resalta tu liderazgo en proyectos, mentor\u00eda o capacitaci\u00f3n. Aprovecha tu conocimiento interno: utiliza la terminolog\u00eda interna, menciona los objetivos de la empresa y alinea tus logros con las prioridades del departamento. Pide a defensores internos que revisen tu curr\u00edculum antes de enviarlo.<\/p>\n\n\n\n<hr class=\"wp-block-separator has-alpha-channel-opacity\"\/>\n\n\n\n<h3 class=\"wp-block-heading\">\u00bfNecesitas ayuda con tu curr\u00edculum?<\/h3>\n\n\n\n<p>Nuestro creador de curr\u00edculums con IA en <a href=\"https:\/\/ai.stylingcv.com\/ai-generatorsignup?utm_source=stylingcv&utm_medium=website&utm_campaign=cta&utm_content=internal-promotion-resume\" target=\"_blank\" rel=\"noopener\">StylingCV AI<\/a> puede ayudarte a crear un curr\u00edculum profesional optimizado para ATS en minutos. \u00a1Empieza hoy!<\/p>\n\n\n\n<div class=\"wp-block-buttons is-layout-flex wp-block-buttons-is-layout-flex\">\n\n<div class=\"wp-block-button cta-button\"><a class=\"wp-block-button__link has-primary-background-color has-background wp-element-button\" href=\"https:\/\/ai.stylingcv.com\/ai-generatorsignup?utm_source=stylingcv&utm_medium=website&utm_campaign=cta&utm_content=internal-promotion-resume\" target=\"_blank\" rel=\"noopener\">Prueba StylingCV AI Gratis \u2192<\/a><\/div>\n\n\n\n\n<p>\ud83d\udc49 <a href=\"https:\/\/stylingcv.com\/guides\/\">gu\u00edas expertas de curr\u00edculum<\/a><\/p>\n\n<p>\ud83d\udc49 <a href=\"https:\/\/stylingcv.com\/resume-templates\/\">plantillas de curr\u00edculum<\/a><\/p>\n\n<p><strong>\ud83d\udca1 Consejo profesional:<\/strong> StylingCV no es solo un creador de curr\u00edculums \u2014 es un creador inteligente con IA que piensa. <a href=\"https:\/\/stylingcv.com\/resume-builder\/\">crea un curr\u00edculum profesional en menos de 2 minutos<\/a>.<\/p>\n<\/div>\n\n\n\n<script type=\"application\/ld+json\">\n{\n  \"@context\": \"https:\/\/schema.org\",\n  \"@type\": \"FAQPage\",\n  \"mainEntity\": [{\n    \"@type\": \"Question\",\n    \"name\": \"How do I write a resume for a promotion within my current company?\",\n    \"acceptedAnswer\": {\n      \"@type\": \"Answer\",\n      \"text\": \"Internal promotion resumes differ from external applications. You're not introducing yourself - you're making the case for why you've outgrown your current role. Start with a strong professional summary emphasizing your ready for advancement: 'Marketing Specialist with 3 years driving [Company]'s digital growth, seeking Marketing Manager role to leverage strategic leadership and team development skills.' Emphasize growth trajectory and expanding responsibilities within your current role. Show how you've already been performing at the next level: 'Informally mentored 2 junior team members,' 'Led cross-functional initiatives typically handled by management,' or 'Proactively identified and solved problems beyond my job description.' Quantify your impact on company goals and metrics they care about. Reference specific company initiatives, values, or strategic priorities in your achievements. Include a 'Key Projects & Achievements' section highlighting your biggest wins. Mention any additional training, certifications, or skills you've acquired that prepare you for the next level. Address any obvious gaps: if the new role requires management experience and you haven't directly managed, highlight leadership in projects, mentoring, or training. Leverage your insider knowledge - use internal terminology, reference company goals, align your achievements with departmental priorities. Have internal advocates review your resume before submitting.\"\n    }\n  }]\n}\n<\/script>\n\n\n\n<p class=\"faq-keywords\"><small><strong>Relacionado:<\/strong> promoci\u00f3n interna, curr\u00edculum para promoci\u00f3n, avance profesional, postulaci\u00f3n interna, ascenso<\/small><\/p>\n<!-- stylingcv-hub-links --><div class=\"stylingcv-related-resources\" style=\"margin-top:30px;padding:20px;background:#f8f9fa;border-left:4px solid #1abc9c;border-radius:4px;\"><h3 style=\"margin-top:0;color:#2c3e50;\">Explora m\u00e1s recursos<\/h3><ul style=\"list-style:none;padding:0;\"><li><a href=\"https:\/\/stylingcv.com\/resume-builder\/\">Creador de curr\u00edculums<\/a> &mdash; Tu gu\u00eda completa<\/li><li><a href=\"https:\/\/stylingcv.com\/returning-to-work-resume\/\">\u00bfC\u00f3mo escribo un curr\u00edculum si regreso al trabajo despu\u00e9s de&#8230;<\/a><\/li><li><a href=\"https:\/\/stylingcv.com\/writing-achievement-based-resume-2\/\">\u00bfDebo escribir los puntos de mi curr\u00edculum sobre lo que hice o&#8230;<\/a><\/li><li><a href=\"https:\/\/stylingcv.com\/explore-middle-east-job-openings-your-career-awaits\/\">Explora ofertas de empleo en Medio Oriente: tu carrera te espera<\/a><\/li><\/ul><p style=\"margin-bottom:0;font-size:14px;color:#7f8c8d;\">No solo un creador de curr\u00edculums &mdash; un creador inteligente con IA que piensa. <a href=\"https:\/\/stylingcv.com\/resume-builder\/\" style=\"color:#1abc9c;font-weight:bold;\">Crea tu curr\u00edculum en menos de 2 minutos &rarr;<\/a><\/p><\/div><!-- \/stylingcv-hub-links --><style>.entry-content a[href*=\"ai.stylingcv.com\"]:not(.scv-exit-cta){transition:transform 0.2s ease,box-shadow 0.2s ease}.entry-content a[href*=\"ai.stylingcv.com\"]:not(.scv-exit-cta):hover{transform:translateY(-2px);box-shadow:0 4px 12px rgba(38,133,153,0.25)}<\/style>","protected":false},"excerpt":{"rendered":"<p>Elige fuentes profesionales y dise\u00f1os limpios para tu curr\u00edculum. Descubre qu\u00e9 estilos pasan los filtros ATS y lucen modernos y profesionales.<\/p>\n","protected":false},"author":0,"featured_media":0,"parent":0,"menu_order":0,"comment_status":"closed","ping_status":"closed","template":"","meta":{"footnotes":""},"class_list":["post-773","page","type-page","status-publish","hentry"," c-blog-1-item  nt-post-class"],"yoast_head":"<!-- This site is optimized with the Yoast SEO Premium plugin v26.5 (Yoast SEO v26.5) - https:\/\/yoast.com\/wordpress\/plugins\/seo\/ -->\n<title>Elige la fuente y el dise\u00f1o adecuados para tu curr\u00edculum |<\/title>\n<meta name=\"description\" content=\"Categor\u00eda: Preguntas frecuentes sobre curr\u00edculum \u00bfC\u00f3mo escribo un curr\u00edculum para una promoci\u00f3n interna en mi empresa?\" \/>\n<meta name=\"robots\" content=\"index, follow, max-snippet:-1, max-image-preview:large, max-video-preview:-1\" \/>\n<link rel=\"canonical\" href=\"https:\/\/stylingcv.com\/es\/internal-promotion-resume\/\" \/>\n<meta property=\"og:locale\" content=\"en_US\" \/>\n<meta property=\"og:type\" content=\"article\" \/>\n<meta property=\"og:title\" content=\"\u00bfC\u00f3mo escribo un curr\u00edculum para una promoci\u00f3n interna en mi empresa?\" \/>\n<meta property=\"og:description\" content=\"Categor\u00eda: Preguntas frecuentes sobre curr\u00edculum \u00bfC\u00f3mo escribo un curr\u00edculum para una promoci\u00f3n interna en mi empresa?\" \/>\n<meta property=\"og:url\" content=\"https:\/\/stylingcv.com\/es\/internal-promotion-resume\/\" \/>\n<meta property=\"og:site_name\" content=\"StylingCV - Espa\u00f1ol\" \/>\n<meta name=\"twitter:card\" content=\"summary_large_image\" \/>\n<meta name=\"twitter:label1\" content=\"Est. reading time\" \/>\n\t<meta name=\"twitter:data1\" content=\"2 minutes\" \/>\n<script type=\"application\/ld+json\" class=\"yoast-schema-graph\">{\"@context\":\"https:\/\/schema.org\",\"@graph\":[{\"@type\":\"WebPage\",\"@id\":\"https:\/\/wp.stylingcv.com\/es\/internal-promotion-resume\/\",\"url\":\"https:\/\/wp.stylingcv.com\/es\/internal-promotion-resume\/\",\"name\":\"Elige la fuente y el dise\u00f1o adecuados para tu curr\u00edculum |\",\"isPartOf\":{\"@id\":\"https:\/\/wp.stylingcv.com\/es\/#website\"},\"datePublished\":\"2026-02-25T03:43:09+00:00\",\"description\":\"Categor\u00eda: Preguntas frecuentes sobre curr\u00edculum \u00bfC\u00f3mo escribo un curr\u00edculum para una promoci\u00f3n interna en mi empresa?\",\"breadcrumb\":{\"@id\":\"https:\/\/wp.stylingcv.com\/es\/internal-promotion-resume\/#breadcrumb\"},\"inLanguage\":\"en-US\",\"potentialAction\":[{\"@type\":\"ReadAction\",\"target\":[\"https:\/\/wp.stylingcv.com\/es\/internal-promotion-resume\/\"]}]},{\"@type\":\"BreadcrumbList\",\"@id\":\"https:\/\/wp.stylingcv.com\/es\/internal-promotion-resume\/#breadcrumb\",\"itemListElement\":[{\"@type\":\"ListItem\",\"position\":1,\"name\":\"Home\",\"item\":\"https:\/\/wp.stylingcv.com\/es\/\"},{\"@type\":\"ListItem\",\"position\":2,\"name\":\"\u00bfC\u00f3mo escribo un curr\u00edculum para una promoci\u00f3n interna en mi empresa?\"}]},{\"@type\":\"WebSite\",\"@id\":\"https:\/\/wp.stylingcv.com\/es\/#website\",\"url\":\"https:\/\/wp.stylingcv.com\/es\/\",\"name\":\"StylingCV - Espa\u00f1ol\",\"description\":\"\",\"potentialAction\":[{\"@type\":\"SearchAction\",\"target\":{\"@type\":\"EntryPoint\",\"urlTemplate\":\"https:\/\/wp.stylingcv.com\/es\/?s={search_term_string}\"},\"query-input\":{\"@type\":\"PropertyValueSpecification\",\"valueRequired\":true,\"valueName\":\"search_term_string\"}}],\"inLanguage\":\"en-US\"}]}<\/script>\n<!-- \/ Yoast SEO Premium plugin. -->","yoast_head_json":{"title":"Elige la fuente y el dise\u00f1o adecuados para tu curr\u00edculum |","description":"Categor\u00eda: Preguntas frecuentes sobre curr\u00edculum \u00bfC\u00f3mo escribo un curr\u00edculum para una promoci\u00f3n interna en mi empresa?","robots":{"index":"index","follow":"follow","max-snippet":"max-snippet:-1","max-image-preview":"max-image-preview:large","max-video-preview":"max-video-preview:-1"},"canonical":"https:\/\/stylingcv.com\/es\/internal-promotion-resume\/","og_locale":"en_US","og_type":"article","og_title":"\u00bfC\u00f3mo escribo un curr\u00edculum para una promoci\u00f3n interna en mi empresa?","og_description":"Categor\u00eda: Preguntas frecuentes sobre curr\u00edculum \u00bfC\u00f3mo escribo un curr\u00edculum para una promoci\u00f3n interna en mi empresa?","og_url":"https:\/\/stylingcv.com\/es\/internal-promotion-resume\/","og_site_name":"StylingCV - Espa\u00f1ol","twitter_card":"summary_large_image","twitter_misc":{"Est. reading time":"2 minutes"},"schema":{"@context":"https:\/\/schema.org","@graph":[{"@type":"WebPage","@id":"https:\/\/wp.stylingcv.com\/es\/internal-promotion-resume\/","url":"https:\/\/wp.stylingcv.com\/es\/internal-promotion-resume\/","name":"Elige la fuente y el dise\u00f1o adecuados para tu curr\u00edculum |","isPartOf":{"@id":"https:\/\/wp.stylingcv.com\/es\/#website"},"datePublished":"2026-02-25T03:43:09+00:00","description":"Categor\u00eda: Preguntas frecuentes sobre curr\u00edculum \u00bfC\u00f3mo escribo un curr\u00edculum para una promoci\u00f3n interna en mi empresa?","breadcrumb":{"@id":"https:\/\/wp.stylingcv.com\/es\/internal-promotion-resume\/#breadcrumb"},"inLanguage":"en-US","potentialAction":[{"@type":"ReadAction","target":["https:\/\/wp.stylingcv.com\/es\/internal-promotion-resume\/"]}]},{"@type":"BreadcrumbList","@id":"https:\/\/wp.stylingcv.com\/es\/internal-promotion-resume\/#breadcrumb","itemListElement":[{"@type":"ListItem","position":1,"name":"Home","item":"https:\/\/wp.stylingcv.com\/es\/"},{"@type":"ListItem","position":2,"name":"\u00bfC\u00f3mo escribo un curr\u00edculum para una promoci\u00f3n interna en mi empresa?"}]},{"@type":"WebSite","@id":"https:\/\/wp.stylingcv.com\/es\/#website","url":"https:\/\/wp.stylingcv.com\/es\/","name":"StylingCV - Espa\u00f1ol","description":"","potentialAction":[{"@type":"SearchAction","target":{"@type":"EntryPoint","urlTemplate":"https:\/\/wp.stylingcv.com\/es\/?s={search_term_string}"},"query-input":{"@type":"PropertyValueSpecification","valueRequired":true,"valueName":"search_term_string"}}],"inLanguage":"en-US"}]}},"_links":{"self":[{"href":"https:\/\/wp.stylingcv.com\/es\/wp-json\/wp\/v2\/pages\/773","targetHints":{"allow":["GET"]}}],"collection":[{"href":"https:\/\/wp.stylingcv.com\/es\/wp-json\/wp\/v2\/pages"}],"about":[{"href":"https:\/\/wp.stylingcv.com\/es\/wp-json\/wp\/v2\/types\/page"}],"replies":[{"embeddable":true,"href":"https:\/\/wp.stylingcv.com\/es\/wp-json\/wp\/v2\/comments?post=773"}],"version-history":[{"count":0,"href":"https:\/\/wp.stylingcv.com\/es\/wp-json\/wp\/v2\/pages\/773\/revisions"}],"wp:attachment":[{"href":"https:\/\/wp.stylingcv.com\/es\/wp-json\/wp\/v2\/media?parent=773"}],"curies":[{"name":"wp","href":"https:\/\/api.w.org\/{rel}","templated":true}]}}