{"id":766,"date":"2026-02-25T03:42:53","date_gmt":"2026-02-25T03:42:53","guid":{"rendered":"https:\/\/stylingcv.com\/es\/como-manejar-estar-sobrecalificado\/"},"modified":"2026-02-25T03:42:53","modified_gmt":"2026-02-25T03:42:53","slug":"overqualified-guide","status":"publish","type":"page","link":"https:\/\/wp.stylingcv.com\/es\/overqualified-guide\/","title":{"rendered":"\u00bfC\u00f3mo manejo estar sobrecalificado para un puesto que quiero?"},"content":{"rendered":"\n<p class=\"faq-category\"><strong>Categor\u00eda:<\/strong> Preguntas frecuentes sobre estrategias de b\u00fasqueda de empleo<\/p>\n\n\n\n<h2 class=\"wp-block-heading\">\u00bfC\u00f3mo manejo estar sobrecalificado para un puesto que quiero?<\/h2>\n\n\n\n<p>Estar sobrecalificado puede generar preocupaciones de que te aburrir\u00e1s, te ir\u00e1s pronto, esperar\u00e1s un salario demasiado alto o ser\u00e1s dif\u00edcil de gestionar. Aborda esto de manera proactiva en tu curr\u00edculum y entrevistas. En tu curr\u00edculum: considera usar un formato funcional que minimice los t\u00edtulos, elimina o resume puestos antiguos (solo los \u00faltimos 10-15 a\u00f1os), resta importancia a t\u00edtulos avanzados si no son requeridos, enf\u00f3cate en la experiencia relevante m\u00e1s que en la extensa. En tu carta de presentaci\u00f3n, aborda expl\u00edcitamente por qu\u00e9 te interesa este puesto a pesar de estar sobrecalificado: buscar un mejor equilibrio entre vida y trabajo, querer enfocarte en el trabajo pr\u00e1ctico en lugar de la gesti\u00f3n, inter\u00e9s en la misi\u00f3n de la empresa, mudanza por motivos personales, cambio a una industria que te apasiona o buscar estabilidad en vez de ascenso. S\u00e9 genuino y espec\u00edfico. En las entrevistas, enfatiza tu inter\u00e9s real en el puesto en s\u00ed, no como un trampol\u00edn. Demuestra flexibilidad en tus expectativas salariales. Muestra entusiasmo por el trabajo espec\u00edfico, no solo por cualquier empleo. Reafirma que buscas permanencia y que no eres un riesgo de fuga. Comparte ejemplos de ocasiones en las que has prosperado en roles donde pudiste enfocarte en la maestr\u00eda en lugar de escalar posiciones. La clave es hacerles creer que este puesto realmente te entusiasma y no es solo una soluci\u00f3n temporal.<\/p>\n\n\n\n<hr class=\"wp-block-separator has-alpha-channel-opacity\"\/>\n\n\n\n<h3 class=\"wp-block-heading\">\u00bfNecesitas ayuda con tu curr\u00edculum?<\/h3>\n\n\n\n<p>Nuestro creador de curr\u00edculums impulsado por IA en <a href=\"https:\/\/ai.stylingcv.com\/ai-generatorsignup?utm_source=stylingcv&utm_medium=website&utm_campaign=cta&utm_content=overqualified-guide\" target=\"_blank\" rel=\"noopener\">StylingCV AI<\/a> puede ayudarte a crear un curr\u00edculum profesional optimizado para ATS en minutos. \u00a1Comienza hoy!<\/p>\n\n\n\n<div class=\"wp-block-buttons is-layout-flex wp-block-buttons-is-layout-flex\">\n\n<div class=\"wp-block-button cta-button\"><a class=\"wp-block-button__link has-primary-background-color has-background wp-element-button\" href=\"https:\/\/ai.stylingcv.com\/ai-generatorsignup?utm_source=stylingcv&utm_medium=website&utm_campaign=cta&utm_content=overqualified-guide\" target=\"_blank\" rel=\"noopener\">Prueba StylingCV AI Gratis \u2192<\/a><\/div>\n\n\n\n\n<p>\ud83d\udc49 <a href=\"https:\/\/stylingcv.com\/guides\/\">aprende c\u00f3mo escribir un curr\u00edculum<\/a><\/p>\n\n<p>\ud83d\udc49 <a href=\"https:\/\/stylingcv.com\/resume-templates\/\">plantillas de curr\u00edculum profesionales<\/a><\/p>\n\n<p><strong>\ud83d\udca1 Consejo profesional:<\/strong> StylingCV no es solo un creador de curr\u00edculums \u2014 es un creador inteligente con IA que piensa. <a href=\"https:\/\/stylingcv.com\/resume-builder\/\">crea un curr\u00edculum profesional en menos de 2 minutos<\/a>.<\/p>\n<\/div>\n\n\n\n<script type=\"application\/ld+json\">\n{\n  \"@context\": \"https:\/\/schema.org\",\n  \"@type\": \"FAQPage\",\n  \"mainEntity\": [{\n    \"@type\": \"Question\",\n    \"name\": \"\u00bfC\u00f3mo manejo estar sobrecalificado para un puesto que quiero?\",\n    \"acceptedAnswer\": {\n      \"@type\": \"Answer\",\n      \"text\": \"Estar sobrecalificado puede generar preocupaciones de que te aburrir\u00e1s, te ir\u00e1s pronto, esperar\u00e1s un salario demasiado alto o ser\u00e1s dif\u00edcil de gestionar. Aborda esto de manera proactiva en tu curr\u00edculum y entrevistas. En tu curr\u00edculum: considera usar un formato funcional que minimice los t\u00edtulos, elimina o resume puestos antiguos (solo los \u00faltimos 10-15 a\u00f1os), resta importancia a t\u00edtulos avanzados si no son requeridos, enf\u00f3cate en la experiencia relevante m\u00e1s que en la extensa. En tu carta de presentaci\u00f3n, aborda expl\u00edcitamente por qu\u00e9 te interesa este puesto a pesar de estar sobrecalificado: buscar un mejor equilibrio entre vida y trabajo, querer enfocarte en el trabajo pr\u00e1ctico en lugar de la gesti\u00f3n, inter\u00e9s en la misi\u00f3n de la empresa, mudanza por motivos personales, cambio a una industria que te apasiona o buscar estabilidad en vez de ascenso. S\u00e9 genuino y espec\u00edfico. En las entrevistas, enfatiza tu inter\u00e9s real en el puesto en s\u00ed, no como un trampol\u00edn. Demuestra flexibilidad en tus expectativas salariales. Muestra entusiasmo por el trabajo espec\u00edfico, no solo por cualquier empleo. Reafirma que buscas permanencia y que no eres un riesgo de fuga. Comparte ejemplos de ocasiones en las que has prosperado en roles donde pudiste enfocarte en la maestr\u00eda en lugar de escalar posiciones. La clave es hacerles creer que este puesto realmente te entusiasma y no es solo una soluci\u00f3n temporal.\"\n    }\n  }]\n}\n<\/script>\n\n\n\n<p class=\"faq-keywords\"><small><strong>Relacionado:<\/strong> sobrecalificado, demasiada experiencia, solicitud de empleo, cambio de nivel, nivel profesional<\/small><\/p>\n<!-- stylingcv-hub-links --><div class=\"stylingcv-related-resources\" style=\"margin-top:30px;padding:20px;background:#f8f9fa;border-left:4px solid #1abc9c;border-radius:4px;\"><h3 style=\"margin-top:0;color:#2c3e50;\">Explora m\u00e1s recursos<\/h3><ul style=\"list-style:none;padding:0;\"><li><a href=\"https:\/\/stylingcv.com\/resume-builder\/\">Creador de curr\u00edculums<\/a> &mdash; Tu gu\u00eda completa<\/li><li><a href=\"https:\/\/stylingcv.com\/explaining-employment-gaps-2\/\">\u00bfC\u00f3mo explico los periodos sin empleo en mi curr\u00edculum?<\/a><\/li><li><a href=\"https:\/\/stylingcv.com\/cv-development-craft-knockout-resume-in-7-easy-steps\/\">Consigue tu empleo so\u00f1ado con un curr\u00edculum optimizado por palabras clave<\/a><\/li><li><a href=\"https:\/\/stylingcv.com\/should-you-include-a-photo-on-your-resume-or-cv-a-culturally-savvy-guide\/\">\u00bfDebes incluir una foto en tu curr\u00edculum o CV? Una gu\u00eda cultural<\/a><\/li><\/ul><p style=\"margin-bottom:0;font-size:14px;color:#7f8c8d;\">No solo un creador de curr\u00edculums &mdash; un creador inteligente con IA que piensa. <a href=\"https:\/\/stylingcv.com\/resume-builder\/\" style=\"color:#1abc9c;font-weight:bold;\">Crea tu curr\u00edculum en menos de 2 minutos &rarr;<\/a><\/p><\/div><!-- \/stylingcv-hub-links --><style>.entry-content a[href*=\"ai.stylingcv.com\"]:not(.scv-exit-cta){transition:transform 0.2s ease,box-shadow 0.2s ease}.entry-content a[href*=\"ai.stylingcv.com\"]:not(.scv-exit-cta):hover{transform:translateY(-2px);box-shadow:0 4px 12px rgba(38,133,153,0.25)}<\/style>","protected":false},"excerpt":{"rendered":"<p>\u00bfDebes usar un objetivo de curr\u00edculum o un resumen profesional? Compara ambas opciones y descubre cu\u00e1l funciona mejor seg\u00fan tu etapa y metas profesionales.<\/p>\n","protected":false},"author":0,"featured_media":0,"parent":0,"menu_order":0,"comment_status":"closed","ping_status":"closed","template":"","meta":{"footnotes":""},"class_list":["post-766","page","type-page","status-publish","hentry"," c-blog-1-item  nt-post-class"],"yoast_head":"<!-- This site is optimized with the Yoast SEO Premium plugin v26.5 (Yoast SEO v26.5) - https:\/\/yoast.com\/wordpress\/plugins\/seo\/ -->\n<title>Objetivo de curr\u00edculum vs Resumen profesional | StylingCV<\/title>\n<meta name=\"description\" content=\"Categor\u00eda: Preguntas frecuentes sobre estrategias de b\u00fasqueda de empleo \u00bfC\u00f3mo manejo estar sobrecalificado para un puesto que quiero?\" \/>\n<meta name=\"robots\" content=\"index, follow, max-snippet:-1, max-image-preview:large, max-video-preview:-1\" \/>\n<link rel=\"canonical\" href=\"https:\/\/stylingcv.com\/es\/overqualified-guide\/\" \/>\n<meta property=\"og:locale\" content=\"en_US\" \/>\n<meta property=\"og:type\" content=\"article\" \/>\n<meta property=\"og:title\" content=\"\u00bfC\u00f3mo manejo estar sobrecalificado para un puesto que quiero?\" \/>\n<meta property=\"og:description\" content=\"Categor\u00eda: Preguntas frecuentes sobre estrategias de b\u00fasqueda de empleo \u00bfC\u00f3mo manejo estar sobrecalificado para un puesto que quiero?\" \/>\n<meta property=\"og:url\" content=\"https:\/\/stylingcv.com\/es\/overqualified-guide\/\" \/>\n<meta property=\"og:site_name\" content=\"StylingCV - Espa\u00f1ol\" \/>\n<meta name=\"twitter:card\" content=\"summary_large_image\" \/>\n<meta name=\"twitter:label1\" content=\"Est. reading time\" \/>\n\t<meta name=\"twitter:data1\" content=\"2 minutes\" \/>\n<script type=\"application\/ld+json\" class=\"yoast-schema-graph\">{\"@context\":\"https:\/\/schema.org\",\"@graph\":[{\"@type\":\"WebPage\",\"@id\":\"https:\/\/wp.stylingcv.com\/es\/overqualified-guide\/\",\"url\":\"https:\/\/wp.stylingcv.com\/es\/overqualified-guide\/\",\"name\":\"Objetivo de curr\u00edculum vs Resumen profesional | StylingCV\",\"isPartOf\":{\"@id\":\"https:\/\/wp.stylingcv.com\/es\/#website\"},\"datePublished\":\"2026-02-25T03:42:53+00:00\",\"description\":\"Categor\u00eda: Preguntas frecuentes sobre estrategias de b\u00fasqueda de empleo \u00bfC\u00f3mo manejo estar sobrecalificado para un puesto que quiero?\",\"breadcrumb\":{\"@id\":\"https:\/\/wp.stylingcv.com\/es\/overqualified-guide\/#breadcrumb\"},\"inLanguage\":\"en-US\",\"potentialAction\":[{\"@type\":\"ReadAction\",\"target\":[\"https:\/\/wp.stylingcv.com\/es\/overqualified-guide\/\"]}]},{\"@type\":\"BreadcrumbList\",\"@id\":\"https:\/\/wp.stylingcv.com\/es\/overqualified-guide\/#breadcrumb\",\"itemListElement\":[{\"@type\":\"ListItem\",\"position\":1,\"name\":\"Home\",\"item\":\"https:\/\/wp.stylingcv.com\/es\/\"},{\"@type\":\"ListItem\",\"position\":2,\"name\":\"\u00bfC\u00f3mo manejo estar sobrecalificado para un puesto que quiero?\"}]},{\"@type\":\"WebSite\",\"@id\":\"https:\/\/wp.stylingcv.com\/es\/#website\",\"url\":\"https:\/\/wp.stylingcv.com\/es\/\",\"name\":\"StylingCV - Espa\u00f1ol\",\"description\":\"\",\"potentialAction\":[{\"@type\":\"SearchAction\",\"target\":{\"@type\":\"EntryPoint\",\"urlTemplate\":\"https:\/\/wp.stylingcv.com\/es\/?s={search_term_string}\"},\"query-input\":{\"@type\":\"PropertyValueSpecification\",\"valueRequired\":true,\"valueName\":\"search_term_string\"}}],\"inLanguage\":\"en-US\"}]}<\/script>\n<!-- \/ Yoast SEO Premium plugin. -->","yoast_head_json":{"title":"Objetivo de curr\u00edculum vs Resumen profesional | StylingCV","description":"Categor\u00eda: Preguntas frecuentes sobre estrategias de b\u00fasqueda de empleo \u00bfC\u00f3mo manejo estar sobrecalificado para un puesto que quiero?","robots":{"index":"index","follow":"follow","max-snippet":"max-snippet:-1","max-image-preview":"max-image-preview:large","max-video-preview":"max-video-preview:-1"},"canonical":"https:\/\/stylingcv.com\/es\/overqualified-guide\/","og_locale":"en_US","og_type":"article","og_title":"\u00bfC\u00f3mo manejo estar sobrecalificado para un puesto que quiero?","og_description":"Categor\u00eda: Preguntas frecuentes sobre estrategias de b\u00fasqueda de empleo \u00bfC\u00f3mo manejo estar sobrecalificado para un puesto que quiero?","og_url":"https:\/\/stylingcv.com\/es\/overqualified-guide\/","og_site_name":"StylingCV - Espa\u00f1ol","twitter_card":"summary_large_image","twitter_misc":{"Est. reading time":"2 minutes"},"schema":{"@context":"https:\/\/schema.org","@graph":[{"@type":"WebPage","@id":"https:\/\/wp.stylingcv.com\/es\/overqualified-guide\/","url":"https:\/\/wp.stylingcv.com\/es\/overqualified-guide\/","name":"Objetivo de curr\u00edculum vs Resumen profesional | StylingCV","isPartOf":{"@id":"https:\/\/wp.stylingcv.com\/es\/#website"},"datePublished":"2026-02-25T03:42:53+00:00","description":"Categor\u00eda: Preguntas frecuentes sobre estrategias de b\u00fasqueda de empleo \u00bfC\u00f3mo manejo estar sobrecalificado para un puesto que quiero?","breadcrumb":{"@id":"https:\/\/wp.stylingcv.com\/es\/overqualified-guide\/#breadcrumb"},"inLanguage":"en-US","potentialAction":[{"@type":"ReadAction","target":["https:\/\/wp.stylingcv.com\/es\/overqualified-guide\/"]}]},{"@type":"BreadcrumbList","@id":"https:\/\/wp.stylingcv.com\/es\/overqualified-guide\/#breadcrumb","itemListElement":[{"@type":"ListItem","position":1,"name":"Home","item":"https:\/\/wp.stylingcv.com\/es\/"},{"@type":"ListItem","position":2,"name":"\u00bfC\u00f3mo manejo estar sobrecalificado para un puesto que quiero?"}]},{"@type":"WebSite","@id":"https:\/\/wp.stylingcv.com\/es\/#website","url":"https:\/\/wp.stylingcv.com\/es\/","name":"StylingCV - Espa\u00f1ol","description":"","potentialAction":[{"@type":"SearchAction","target":{"@type":"EntryPoint","urlTemplate":"https:\/\/wp.stylingcv.com\/es\/?s={search_term_string}"},"query-input":{"@type":"PropertyValueSpecification","valueRequired":true,"valueName":"search_term_string"}}],"inLanguage":"en-US"}]}},"_links":{"self":[{"href":"https:\/\/wp.stylingcv.com\/es\/wp-json\/wp\/v2\/pages\/766","targetHints":{"allow":["GET"]}}],"collection":[{"href":"https:\/\/wp.stylingcv.com\/es\/wp-json\/wp\/v2\/pages"}],"about":[{"href":"https:\/\/wp.stylingcv.com\/es\/wp-json\/wp\/v2\/types\/page"}],"replies":[{"embeddable":true,"href":"https:\/\/wp.stylingcv.com\/es\/wp-json\/wp\/v2\/comments?post=766"}],"version-history":[{"count":0,"href":"https:\/\/wp.stylingcv.com\/es\/wp-json\/wp\/v2\/pages\/766\/revisions"}],"wp:attachment":[{"href":"https:\/\/wp.stylingcv.com\/es\/wp-json\/wp\/v2\/media?parent=766"}],"curies":[{"name":"wp","href":"https:\/\/api.w.org\/{rel}","templated":true}]}}