{"id":756,"date":"2026-02-25T03:42:23","date_gmt":"2026-02-25T03:42:23","guid":{"rendered":"https:\/\/stylingcv.com\/es\/consejos-entrevista-trabajo\/preguntas-importantes-entrevista-trabajo\/"},"modified":"2026-02-25T03:42:23","modified_gmt":"2026-02-25T03:42:23","slug":"interview-questions-to-ask-2","status":"publish","type":"page","link":"https:\/\/wp.stylingcv.com\/es\/resume-writing-tips-guides-cover-letter-examples-interview-prep-strategies\/job-interview-tips-alt\/interview-questions-to-ask-2\/","title":{"rendered":"\u00bfCu\u00e1les son las preguntas m\u00e1s importantes para hacer al final de una entrevista de trabajo?"},"content":{"rendered":"\n<p class=\"faq-category\"><strong>Categor\u00eda:<\/strong> Preguntas frecuentes sobre preparaci\u00f3n para entrevistas<\/p>\n\n\n\n<h2 class=\"wp-block-heading\">\u00bfCu\u00e1les son las preguntas m\u00e1s importantes para hacer al final de una entrevista de trabajo?<\/h2>\n\n\n\n<p>Las preguntas que haces al final de una entrevista demuestran tu inter\u00e9s, preparaci\u00f3n y pensamiento cr\u00edtico. Evita preguntar sobre salario, beneficios o d\u00edas de vacaciones en la primera entrevista, a menos que ellos lo mencionen. En su lugar, haz preguntas estrat\u00e9gicas: Sobre el puesto: &#8220;\u00bfC\u00f3mo se define el \u00e9xito en este puesto despu\u00e9s de 6 meses y 1 a\u00f1o?&#8221; &#8220;\u00bfCu\u00e1les son los mayores desaf\u00edos que enfrentar\u00eda alguien en este puesto?&#8221; Sobre el equipo y la cultura: &#8220;\u00bfC\u00f3mo describir\u00eda la din\u00e1mica del equipo?&#8221; &#8220;\u00bfQu\u00e9 es lo que m\u00e1s le gusta de trabajar aqu\u00ed?&#8221; Sobre el crecimiento: &#8220;\u00bfQu\u00e9 oportunidades de desarrollo profesional ofrece la empresa?&#8221; &#8220;\u00bfC\u00f3mo es la trayectoria profesional t\u00edpica para alguien en este puesto?&#8221; Sobre la empresa: &#8220;\u00bfCu\u00e1les son las principales prioridades de la empresa para el pr\u00f3ximo a\u00f1o?&#8221; &#8220;\u00bfC\u00f3mo se ha adaptado la empresa a los cambios recientes en la industria?&#8221; Sobre los pr\u00f3ximos pasos: &#8220;\u00bfCu\u00e1les son los siguientes pasos en su proceso de selecci\u00f3n?&#8221; &#8220;\u00bfHay algo sobre mi experiencia o cualificaciones que le gustar\u00eda que aclarara?&#8221; Prepara 2-3 preguntas reflexivas de antemano, pero tambi\u00e9n escucha durante la entrevista y haz preguntas de seguimiento sobre los temas que mencionen. Las mejores preguntas son espec\u00edficas sobre lo que aprendiste durante la entrevista, mostrando que estuviste realmente involucrado.<\/p>\n\n\n\n<hr class=\"wp-block-separator has-alpha-channel-opacity\"\/>\n\n\n\n<h3 class=\"wp-block-heading\">\u00bfNecesitas ayuda con tu curr\u00edculum?<\/h3>\n\n\n\n<p>Nuestro creador de curr\u00edculums impulsado por IA en <a href=\"https:\/\/ai.stylingcv.com\/ai-generatorsignup?utm_source=stylingcv&utm_medium=website&utm_campaign=cta&utm_content=interview-questions-to-ask-2\" target=\"_blank\" rel=\"noopener\">StylingCV AI<\/a> puede ayudarte a crear un curr\u00edculum profesional optimizado para ATS en minutos. \u00a1Empieza hoy!<\/p>\n\n\n\n<div class=\"wp-block-buttons is-layout-flex wp-block-buttons-is-layout-flex\">\n\n<div class=\"wp-block-button cta-button\"><a class=\"wp-block-button__link has-primary-background-color has-background wp-element-button\" href=\"https:\/\/ai.stylingcv.com\/ai-generatorsignup?utm_source=stylingcv&utm_medium=website&utm_campaign=cta&utm_content=interview-questions-to-ask-2\" target=\"_blank\" rel=\"noopener\">Prueba StylingCV AI Gratis \u2192<\/a><\/div>\n\n\n\n\n<p>\ud83d\udc49 <a href=\"https:\/\/stylingcv.com\/guides\/\">gu\u00edas de curr\u00edculum y carrera<\/a><\/p>\n\n<p>\ud83d\udc49 <a href=\"https:\/\/stylingcv.com\/resume-templates\/\">plantillas de curr\u00edculum compatibles con ATS<\/a><\/p>\n\n<p><strong>\ud83d\udca1 Consejo profesional:<\/strong> StylingCV no es solo un creador de curr\u00edculums \u2014 es un creador inteligente con IA que piensa. <a href=\"https:\/\/stylingcv.com\/resume-builder\/\">crea un curr\u00edculum profesional en menos de 2 minutos<\/a>.<\/p>\n<\/div>\n\n\n\n<script type=\"application\/ld+json\">\n{\n  \"@context\": \"https:\/\/schema.org\",\n  \"@type\": \"FAQPage\",\n  \"mainEntity\": [{\n    \"@type\": \"Question\",\n    \"name\": \"\u00bfCu\u00e1les son las preguntas m\u00e1s importantes para hacer al final de una entrevista de trabajo?\",\n    \"acceptedAnswer\": {\n      \"@type\": \"Answer\",\n      \"text\": \"Las preguntas que haces al final de una entrevista demuestran tu inter\u00e9s, preparaci\u00f3n y pensamiento cr\u00edtico. Evita preguntar sobre salario, beneficios o d\u00edas de vacaciones en la primera entrevista, a menos que ellos lo mencionen. En su lugar, haz preguntas estrat\u00e9gicas: Sobre el puesto: '\u00bfC\u00f3mo se define el \u00e9xito en este puesto despu\u00e9s de 6 meses y 1 a\u00f1o?' '\u00bfCu\u00e1les son los mayores desaf\u00edos que enfrentar\u00eda alguien en este puesto?' Sobre el equipo y la cultura: '\u00bfC\u00f3mo describir\u00eda la din\u00e1mica del equipo?' '\u00bfQu\u00e9 es lo que m\u00e1s le gusta de trabajar aqu\u00ed?' Sobre el crecimiento: '\u00bfQu\u00e9 oportunidades de desarrollo profesional ofrece la empresa?' '\u00bfC\u00f3mo es la trayectoria profesional t\u00edpica para alguien en este puesto?' Sobre la empresa: '\u00bfCu\u00e1les son las principales prioridades de la empresa para el pr\u00f3ximo a\u00f1o?' '\u00bfC\u00f3mo se ha adaptado la empresa a los cambios recientes en la industria?' Sobre los pr\u00f3ximos pasos: '\u00bfCu\u00e1les son los siguientes pasos en su proceso de selecci\u00f3n?' '\u00bfHay algo sobre mi experiencia o cualificaciones que le gustar\u00eda que aclarara?' Prepara 2-3 preguntas reflexivas de antemano, pero tambi\u00e9n escucha durante la entrevista y haz preguntas de seguimiento sobre los temas que mencionen. Las mejores preguntas son espec\u00edficas sobre lo que aprendiste durante la entrevista, mostrando que estuviste realmente involucrado.\"\n    }\n  }]\n}\n<\/script>\n\n\n\n<p class=\"faq-keywords\"><small><strong>Relacionado:<\/strong> preguntas de entrevista, final de la entrevista, preguntas para hacer, preparaci\u00f3n para entrevistas, preguntas inteligentes<\/small><\/p>\n<!-- stylingcv-hub-links --><div class=\"stylingcv-related-resources\" style=\"margin-top:30px;padding:20px;background:#f8f9fa;border-left:4px solid #1abc9c;border-radius:4px;\"><h3 style=\"margin-top:0;color:#2c3e50;\">Explora m\u00e1s recursos<\/h3><ul style=\"list-style:none;padding:0;\"><li><a href=\"https:\/\/stylingcv.com\/job-interview-tips\/\">Consejos para entrevistas de trabajo<\/a> &mdash; Tu gu\u00eda completa<\/li><li><a href=\"https:\/\/stylingcv.com\/virtual-interview-tips\/\">Consejos para entrevistas virtuales: c\u00f3mo destacar en remoto<\/a><\/li><li><a href=\"https:\/\/stylingcv.com\/phone-interview-tips\/\">Consejos para entrevistas telef\u00f3nicas: c\u00f3mo impresionar cuando no te ven<\/a><\/li><li><a href=\"https:\/\/stylingcv.com\/phone-video-interview-tips\/\">\u00bfC\u00f3mo me preparo para una entrevista telef\u00f3nica o por video?<\/a><\/li><\/ul><p style=\"margin-bottom:0;font-size:14px;color:#7f8c8d;\">No solo un creador de curr\u00edculums &mdash; un creador inteligente con IA que piensa. <a href=\"https:\/\/stylingcv.com\/resume-builder\/\" style=\"color:#1abc9c;font-weight:bold;\">Crea tu curr\u00edculum en menos de 2 minutos &rarr;<\/a><\/p><\/div><!-- \/stylingcv-hub-links --><style>.entry-content a[href*=\"ai.stylingcv.com\"]:not(.scv-exit-cta){transition:transform 0.2s ease,box-shadow 0.2s ease}.entry-content a[href*=\"ai.stylingcv.com\"]:not(.scv-exit-cta):hover{transform:translateY(-2px);box-shadow:0 4px 12px rgba(38,133,153,0.25)}<\/style>","protected":false},"excerpt":{"rendered":"<p>\u00bfDebes usar un dise\u00f1o de curr\u00edculum creativo? Descubre qu\u00e9 sectores valoran curr\u00edculums visuales y c\u00f3mo equilibrar creatividad y compatibilidad ATS.<\/p>\n","protected":false},"author":0,"featured_media":0,"parent":172,"menu_order":0,"comment_status":"closed","ping_status":"closed","template":"","meta":{"footnotes":""},"class_list":["post-756","page","type-page","status-publish","hentry"," c-blog-1-item  nt-post-class"],"yoast_head":"<!-- This site is optimized with the Yoast SEO Premium plugin v26.5 (Yoast SEO v26.5) - https:\/\/yoast.com\/wordpress\/plugins\/seo\/ -->\n<title>Dise\u00f1o de curr\u00edculum creativo: cu\u00e1ndo y c\u00f3mo | StylingCV<\/title>\n<meta name=\"description\" content=\"Categor\u00eda: Preguntas frecuentes sobre preparaci\u00f3n para entrevistas. \u00bfCu\u00e1les son las preguntas m\u00e1s importantes para hacer al final de una entrevista de trabajo?\" \/>\n<meta name=\"robots\" content=\"index, follow, max-snippet:-1, max-image-preview:large, max-video-preview:-1\" \/>\n<link rel=\"canonical\" href=\"https:\/\/stylingcv.com\/es\/resume-writing-tips-guides-cover-letter-examples-interview-prep-strategies\/job-interview-tips-alt\/interview-questions-to-ask-2\/\" \/>\n<meta property=\"og:locale\" content=\"en_US\" \/>\n<meta property=\"og:type\" content=\"article\" \/>\n<meta property=\"og:title\" content=\"\u00bfCu\u00e1les son las preguntas m\u00e1s importantes para hacer al final de una entrevista de trabajo?\" \/>\n<meta property=\"og:description\" content=\"Categor\u00eda: Preguntas frecuentes sobre preparaci\u00f3n para entrevistas. \u00bfCu\u00e1les son las preguntas m\u00e1s importantes para hacer al final de una entrevista de trabajo?\" \/>\n<meta property=\"og:url\" content=\"https:\/\/stylingcv.com\/es\/resume-writing-tips-guides-cover-letter-examples-interview-prep-strategies\/job-interview-tips-alt\/interview-questions-to-ask-2\/\" \/>\n<meta property=\"og:site_name\" content=\"StylingCV - Espa\u00f1ol\" \/>\n<meta name=\"twitter:card\" content=\"summary_large_image\" \/>\n<meta name=\"twitter:label1\" content=\"Est. reading time\" \/>\n\t<meta name=\"twitter:data1\" content=\"2 minutes\" \/>\n<script type=\"application\/ld+json\" class=\"yoast-schema-graph\">{\"@context\":\"https:\/\/schema.org\",\"@graph\":[{\"@type\":\"WebPage\",\"@id\":\"https:\/\/wp.stylingcv.com\/es\/resume-writing-tips-guides-cover-letter-examples-interview-prep-strategies\/job-interview-tips-alt\/interview-questions-to-ask-2\/\",\"url\":\"https:\/\/wp.stylingcv.com\/es\/resume-writing-tips-guides-cover-letter-examples-interview-prep-strategies\/job-interview-tips-alt\/interview-questions-to-ask-2\/\",\"name\":\"Dise\u00f1o de curr\u00edculum creativo: cu\u00e1ndo y c\u00f3mo | StylingCV\",\"isPartOf\":{\"@id\":\"https:\/\/wp.stylingcv.com\/es\/#website\"},\"datePublished\":\"2026-02-25T03:42:23+00:00\",\"description\":\"Categor\u00eda: Preguntas frecuentes sobre preparaci\u00f3n para entrevistas. \u00bfCu\u00e1les son las preguntas m\u00e1s importantes para hacer al final de una entrevista de trabajo?\",\"breadcrumb\":{\"@id\":\"https:\/\/wp.stylingcv.com\/es\/resume-writing-tips-guides-cover-letter-examples-interview-prep-strategies\/job-interview-tips-alt\/interview-questions-to-ask-2\/#breadcrumb\"},\"inLanguage\":\"en-US\",\"potentialAction\":[{\"@type\":\"ReadAction\",\"target\":[\"https:\/\/wp.stylingcv.com\/es\/resume-writing-tips-guides-cover-letter-examples-interview-prep-strategies\/job-interview-tips-alt\/interview-questions-to-ask-2\/\"]}]},{\"@type\":\"BreadcrumbList\",\"@id\":\"https:\/\/wp.stylingcv.com\/es\/resume-writing-tips-guides-cover-letter-examples-interview-prep-strategies\/job-interview-tips-alt\/interview-questions-to-ask-2\/#breadcrumb\",\"itemListElement\":[{\"@type\":\"ListItem\",\"position\":1,\"name\":\"Home\",\"item\":\"https:\/\/wp.stylingcv.com\/es\/\"},{\"@type\":\"ListItem\",\"position\":2,\"name\":\"Consejos para Escribir Curr\u00edculums y Gu\u00edas &#8211; Ejemplos de Cartas de Presentaci\u00f3n\",\"item\":\"https:\/\/wp.stylingcv.com\/es\/resume-writing-tips-guides-cover-letter-examples-interview-prep-strategies\/\"},{\"@type\":\"ListItem\",\"position\":3,\"name\":\"Consejos para Entrevistas de Trabajo\",\"item\":\"https:\/\/wp.stylingcv.com\/es\/resume-writing-tips-guides-cover-letter-examples-interview-prep-strategies\/job-interview-tips-alt\/\"},{\"@type\":\"ListItem\",\"position\":4,\"name\":\"\u00bfCu\u00e1les son las preguntas m\u00e1s importantes para hacer al final de una entrevista de trabajo?\"}]},{\"@type\":\"WebSite\",\"@id\":\"https:\/\/wp.stylingcv.com\/es\/#website\",\"url\":\"https:\/\/wp.stylingcv.com\/es\/\",\"name\":\"StylingCV - Espa\u00f1ol\",\"description\":\"\",\"potentialAction\":[{\"@type\":\"SearchAction\",\"target\":{\"@type\":\"EntryPoint\",\"urlTemplate\":\"https:\/\/wp.stylingcv.com\/es\/?s={search_term_string}\"},\"query-input\":{\"@type\":\"PropertyValueSpecification\",\"valueRequired\":true,\"valueName\":\"search_term_string\"}}],\"inLanguage\":\"en-US\"}]}<\/script>\n<!-- \/ Yoast SEO Premium plugin. -->","yoast_head_json":{"title":"Dise\u00f1o de curr\u00edculum creativo: cu\u00e1ndo y c\u00f3mo | StylingCV","description":"Categor\u00eda: Preguntas frecuentes sobre preparaci\u00f3n para entrevistas. \u00bfCu\u00e1les son las preguntas m\u00e1s importantes para hacer al final de una entrevista de trabajo?","robots":{"index":"index","follow":"follow","max-snippet":"max-snippet:-1","max-image-preview":"max-image-preview:large","max-video-preview":"max-video-preview:-1"},"canonical":"https:\/\/stylingcv.com\/es\/resume-writing-tips-guides-cover-letter-examples-interview-prep-strategies\/job-interview-tips-alt\/interview-questions-to-ask-2\/","og_locale":"en_US","og_type":"article","og_title":"\u00bfCu\u00e1les son las preguntas m\u00e1s importantes para hacer al final de una entrevista de trabajo?","og_description":"Categor\u00eda: Preguntas frecuentes sobre preparaci\u00f3n para entrevistas. \u00bfCu\u00e1les son las preguntas m\u00e1s importantes para hacer al final de una entrevista de trabajo?","og_url":"https:\/\/stylingcv.com\/es\/resume-writing-tips-guides-cover-letter-examples-interview-prep-strategies\/job-interview-tips-alt\/interview-questions-to-ask-2\/","og_site_name":"StylingCV - Espa\u00f1ol","twitter_card":"summary_large_image","twitter_misc":{"Est. reading time":"2 minutes"},"schema":{"@context":"https:\/\/schema.org","@graph":[{"@type":"WebPage","@id":"https:\/\/wp.stylingcv.com\/es\/resume-writing-tips-guides-cover-letter-examples-interview-prep-strategies\/job-interview-tips-alt\/interview-questions-to-ask-2\/","url":"https:\/\/wp.stylingcv.com\/es\/resume-writing-tips-guides-cover-letter-examples-interview-prep-strategies\/job-interview-tips-alt\/interview-questions-to-ask-2\/","name":"Dise\u00f1o de curr\u00edculum creativo: cu\u00e1ndo y c\u00f3mo | StylingCV","isPartOf":{"@id":"https:\/\/wp.stylingcv.com\/es\/#website"},"datePublished":"2026-02-25T03:42:23+00:00","description":"Categor\u00eda: Preguntas frecuentes sobre preparaci\u00f3n para entrevistas. \u00bfCu\u00e1les son las preguntas m\u00e1s importantes para hacer al final de una entrevista de trabajo?","breadcrumb":{"@id":"https:\/\/wp.stylingcv.com\/es\/resume-writing-tips-guides-cover-letter-examples-interview-prep-strategies\/job-interview-tips-alt\/interview-questions-to-ask-2\/#breadcrumb"},"inLanguage":"en-US","potentialAction":[{"@type":"ReadAction","target":["https:\/\/wp.stylingcv.com\/es\/resume-writing-tips-guides-cover-letter-examples-interview-prep-strategies\/job-interview-tips-alt\/interview-questions-to-ask-2\/"]}]},{"@type":"BreadcrumbList","@id":"https:\/\/wp.stylingcv.com\/es\/resume-writing-tips-guides-cover-letter-examples-interview-prep-strategies\/job-interview-tips-alt\/interview-questions-to-ask-2\/#breadcrumb","itemListElement":[{"@type":"ListItem","position":1,"name":"Home","item":"https:\/\/wp.stylingcv.com\/es\/"},{"@type":"ListItem","position":2,"name":"Consejos para Escribir Curr\u00edculums y Gu\u00edas &#8211; Ejemplos de Cartas de Presentaci\u00f3n","item":"https:\/\/wp.stylingcv.com\/es\/resume-writing-tips-guides-cover-letter-examples-interview-prep-strategies\/"},{"@type":"ListItem","position":3,"name":"Consejos para Entrevistas de Trabajo","item":"https:\/\/wp.stylingcv.com\/es\/resume-writing-tips-guides-cover-letter-examples-interview-prep-strategies\/job-interview-tips-alt\/"},{"@type":"ListItem","position":4,"name":"\u00bfCu\u00e1les son las preguntas m\u00e1s importantes para hacer al final de una entrevista de trabajo?"}]},{"@type":"WebSite","@id":"https:\/\/wp.stylingcv.com\/es\/#website","url":"https:\/\/wp.stylingcv.com\/es\/","name":"StylingCV - Espa\u00f1ol","description":"","potentialAction":[{"@type":"SearchAction","target":{"@type":"EntryPoint","urlTemplate":"https:\/\/wp.stylingcv.com\/es\/?s={search_term_string}"},"query-input":{"@type":"PropertyValueSpecification","valueRequired":true,"valueName":"search_term_string"}}],"inLanguage":"en-US"}]}},"_links":{"self":[{"href":"https:\/\/wp.stylingcv.com\/es\/wp-json\/wp\/v2\/pages\/756","targetHints":{"allow":["GET"]}}],"collection":[{"href":"https:\/\/wp.stylingcv.com\/es\/wp-json\/wp\/v2\/pages"}],"about":[{"href":"https:\/\/wp.stylingcv.com\/es\/wp-json\/wp\/v2\/types\/page"}],"replies":[{"embeddable":true,"href":"https:\/\/wp.stylingcv.com\/es\/wp-json\/wp\/v2\/comments?post=756"}],"version-history":[{"count":0,"href":"https:\/\/wp.stylingcv.com\/es\/wp-json\/wp\/v2\/pages\/756\/revisions"}],"up":[{"embeddable":true,"href":"https:\/\/wp.stylingcv.com\/es\/wp-json\/wp\/v2\/pages\/172"}],"wp:attachment":[{"href":"https:\/\/wp.stylingcv.com\/es\/wp-json\/wp\/v2\/media?parent=756"}],"curies":[{"name":"wp","href":"https:\/\/api.w.org\/{rel}","templated":true}]}}