{"id":695,"date":"2026-02-08T22:14:11","date_gmt":"2026-02-08T22:14:11","guid":{"rendered":"https:\/\/stylingcv.com\/es\/creador-curriculum-ia-guia-completa\/creador-cv-ia-11-agentes\/"},"modified":"2026-02-08T22:14:11","modified_gmt":"2026-02-08T22:14:11","slug":"11-ai-agents-story","status":"publish","type":"page","link":"https:\/\/wp.stylingcv.com\/es\/ai-tools-tech\/11-ai-agents-story\/","title":{"rendered":"Creador de CV con IA: 11 agentes que consiguen entrevistas"},"content":{"rendered":"<h2>Los 11 agentes de IA detr\u00e1s de tu curr\u00edculum perfecto<\/h2>\n<p>StylingCV no funciona con una sola IA. Est\u00e1 impulsado por 11 agentes de IA especializados, cada uno experto en un aspecto diferente de la optimizaci\u00f3n de curr\u00edculums. Juntos, transforman tu experiencia en un curr\u00edculum que consigue entrevistas.<\/p>\n<h3>Conoce a tu equipo de IA<\/h3>\n<p>En StylingCV, creemos que crear un curr\u00edculum debe ser inteligente, personalizado y potente. Por eso creamos 11 agentes de IA especializados\u2014cada uno entrenado para sobresalir en un \u00e1rea espec\u00edfica de optimizaci\u00f3n de curr\u00edculums. Desde analizar descripciones de empleo hasta redactar puntos clave atractivos, estos expertos en IA trabajan juntos para crear un curr\u00edculum que realmente represente tu potencial.<\/p>\n<p>Pi\u00e9nsalo como tener todo un equipo de redactores profesionales de curr\u00edculums, coaches de carrera y especialistas en ATS trabajando en tu curr\u00edculum al mismo tiempo.<\/p>\n<h3>Los 11 agentes de IA<\/h3>\n<h4>1. El Analizador de Contenido<\/h4>\n<p><strong>Qu\u00e9 hace:<\/strong> Lee y comprende en profundidad tu historial profesional, habilidades y logros.<\/p>\n<p><strong>Por qu\u00e9 importa:<\/strong> Antes de cualquier optimizaci\u00f3n, nuestra IA necesita entender realmente qui\u00e9n eres y qu\u00e9 has logrado. El Analizador de Contenido extrae la informaci\u00f3n m\u00e1s valiosa de tu trayectoria e identifica fortalezas ocultas que quiz\u00e1s no hab\u00edas considerado.<\/p>\n<p><strong>Resultado:<\/strong> Una comprensi\u00f3n completa y matizada de tu perfil profesional que se convierte en la base para todo lo dem\u00e1s.<\/p>\n<h4>2. El Decodificador de Descripciones de Puesto<\/h4>\n<p><strong>Qu\u00e9 hace:<\/strong> Analiza ofertas de empleo para entender exactamente lo que buscan los empleadores.<\/p>\n<p><strong>Por qu\u00e9 importa:<\/strong> Cada empleo es diferente. Este agente lee entre l\u00edneas en las descripciones de puesto para identificar no solo los requisitos obvios, sino tambi\u00e9n las habilidades, valores y experiencias subyacentes que los reclutadores priorizan.<\/p>\n<p><strong>Resultado:<\/strong> Tu curr\u00edculum se optimiza para el puesto espec\u00edfico al que postulas, no para descripciones gen\u00e9ricas.<\/p>\n<h4>3. El Optimizador ATS<\/h4>\n<p><strong>Qu\u00e9 hace:<\/strong> Asegura que tu curr\u00edculum pase los Sistemas de Seguimiento de Candidatos (ATS) que filtran curr\u00edculums antes de que los vea un humano.<\/p>\n<p><strong>Por qu\u00e9 importa:<\/strong> Los estudios muestran que el 75% de los curr\u00edculums son filtrados por el ATS antes de llegar a un reclutador. Este agente optimiza el formato, palabras clave y estructura para que tu curr\u00edculum supere la primera barrera.<\/p>\n<p><strong>Resultado:<\/strong> Tu curr\u00edculum pasa el filtro autom\u00e1tico y llega a ojos humanos.<\/p>\n<h4>4. El Estratega de Palabras Clave<\/h4>\n<p><strong>Qu\u00e9 hace:<\/strong> Identifica y coloca estrat\u00e9gicamente palabras clave de alto impacto en todo tu curr\u00edculum.<\/p>\n<p><strong>Por qu\u00e9 importa:<\/strong> Las palabras clave son la forma en que los sistemas ATS y los reclutadores encuentran candidatos. Este agente adapta tu experiencia con palabras clave espec\u00edficas del sector que buscan los empleadores, sin saturar el texto.<\/p>\n<p><strong>Resultado:<\/strong> Mejor visibilidad en b\u00fasquedas de reclutadores y coincidencia de palabras clave en ATS.<\/p>\n<h4>5. El Redactor de Puntos Clave<\/h4>\n<p><strong>Qu\u00e9 hace:<\/strong> Transforma tus descripciones de trabajo en puntos clave atractivos y enfocados en logros.<\/p>\n<p><strong>Por qu\u00e9 importa:<\/strong> &#8220;Responsable de gestionar proyectos&#8221; no impresiona a nadie. &#8220;Lider\u00e9 un equipo multifuncional de 8 personas para entregar un proyecto M con un 15% menos de presupuesto&#8221; s\u00ed lo hace. Este agente reescribe tu experiencia para resaltar impacto y resultados.<\/p>\n<p><strong>Resultado:<\/strong> Puntos clave que llaman la atenci\u00f3n y demuestran valor real.<\/p>\n<h4>6. El Cuantificador de Impacto<\/h4>\n<p><strong>Qu\u00e9 hace:<\/strong> Identifica oportunidades para a\u00f1adir cifras, m\u00e9tricas y resultados medibles a tu curr\u00edculum.<\/p>\n<p><strong>Por qu\u00e9 importa:<\/strong> Los curr\u00edculums con n\u00fameros tienen un 40% m\u00e1s de probabilidades de conseguir entrevistas. Este agente encuentra formas de cuantificar tus logros\u2014ingresos generados, tiempo ahorrado, mejoras de eficiencia, tama\u00f1o de equipo gestionado, etc.<\/p>\n<p><strong>Resultado:<\/strong> Tus logros se vuelven concretos, impresionantes y memorables.<\/p>\n<h4>7. El Selector de Habilidades<\/h4>\n<p><strong>Qu\u00e9 hace:<\/strong> Alinea tus habilidades con lo que realmente buscan los empleadores en el puesto objetivo.<\/p>\n<p><strong>Por qu\u00e9 importa:<\/strong> Puede que tengas habilidades que no sabes que son valiosas, o que est\u00e9s destacando las equivocadas. Este agente analiza tendencias del mercado laboral para resaltar las habilidades m\u00e1s relevantes para tu objetivo profesional.<\/p>\n<p><strong>Resultado:<\/strong> Una secci\u00f3n de habilidades que resuena con reclutadores y sistemas ATS.<\/p>\n<h4>8. El Traductor de Experiencia<\/h4>\n<p><strong>Qu\u00e9 hace:<\/strong> Convierte transiciones de carrera y experiencias diversas en una narrativa profesional coherente.<\/p>\n<p><strong>Por qu\u00e9 importa:<\/strong> Cambios de carrera, vac\u00edos o trayectorias poco convencionales pueden confundir a los reclutadores. Este agente reformula tu recorrido para mostrar progreso y relevancia, incluso si tu camino no fue tradicional.<\/p>\n<p><strong>Resultado:<\/strong> Tu historia profesional \u00fanica se convierte en un activo, no en una desventaja.<\/p>\n<h4>9. El Optimizador de Tono y Voz<\/h4>\n<p><strong>Qu\u00e9 hace:<\/strong> Asegura que tu curr\u00edculum mantenga un tono profesional mostrando personalidad y confianza.<\/p>\n<p><strong>Por qu\u00e9 importa:<\/strong> Tu curr\u00edculum debe sonar como un profesional seguro, no como un robot ni demasiado informal. Este agente equilibra formalidad y autenticidad para crear un curr\u00edculum que realmente refleje qui\u00e9n eres.<\/p>\n<p><strong>Resultado:<\/strong> Un curr\u00edculum profesional, atractivo y memorable.<\/p>\n<h4>10. El Estratega de Formato y Dise\u00f1o<\/h4>\n<p><strong>Qu\u00e9 hace:<\/strong> Optimiza el dise\u00f1o visual, espaciado y formato de tu curr\u00edculum para m\u00e1xima legibilidad.<\/p>\n<p><strong>Por qu\u00e9 importa:<\/strong> Un curr\u00edculum dif\u00edcil de escanear pierde atenci\u00f3n en segundos. Este agente asegura que tu curr\u00edculum est\u00e9 visualmente organizado, sea f\u00e1cil de leer y est\u00e9 formateado tanto para humanos como para sistemas ATS.<\/p>\n<p><strong>Resultado:<\/strong> Un curr\u00edculum que luce profesional y es f\u00e1cil de navegar.<\/p>\n<h4>11. El Motor de Personalizaci\u00f3n<\/h4>\n<p><strong>Qu\u00e9 hace:<\/strong> Personaliza tu curr\u00edculum para cada oferta de empleo espec\u00edfica.<\/p>\n<p><strong>Por qu\u00e9 importa:<\/strong> Los curr\u00edculums gen\u00e9ricos no ganan. Este agente crea versiones personalizadas de tu curr\u00edculum que destacan la experiencia y habilidades m\u00e1s relevantes para cada puesto al que postulas.<\/p>\n<p><strong>Resultado:<\/strong> Un curr\u00edculum que se siente hecho a medida para el puesto, aumentando tus posibilidades de conseguir una entrevista.<\/p>\n<h3>C\u00f3mo trabajan juntos<\/h3>\n<p>Estos 11 agentes no trabajan de forma aislada. Colaboran, se revisan y refinan el trabajo entre s\u00ed para crear un curr\u00edculum optimizado en todas las dimensiones que importan a reclutadores y sistemas ATS.<\/p>\n<h3>Por qu\u00e9 esto importa<\/h3>\n<p><strong>Los creadores de curr\u00edculums tradicionales<\/strong> usan plantillas gen\u00e9ricas y optimizaci\u00f3n b\u00e1sica. <strong>ChatGPT<\/strong> puede redactar contenido, pero no entiende los requisitos de ATS ni las tendencias del mercado laboral. <strong>Los 11 agentes de IA de StylingCV<\/strong> combinan lo mejor de ambos mundos:<\/p>\n<ul>\n<li>\u2713 Experiencia en contenido (comprender tu historia profesional)<\/li>\n<li>\u2713 Optimizaci\u00f3n t\u00e9cnica (ATS, palabras clave, formato)<\/li>\n<li>\u2713 Inteligencia de mercado (lo que realmente buscan los empleadores)<\/li>\n<li>\u2713 Personalizaci\u00f3n (adaptado a cada puesto)<\/li>\n<li>\u2713 Mejora continua (aprendiendo de curr\u00edculums exitosos)<\/li>\n<\/ul>\n<h3>Los resultados<\/h3>\n<p>Los curr\u00edculums creados con los 11 agentes de IA de StylingCV obtienen:<\/p>\n<ul>\n<li><strong>3 veces m\u00e1s entrevistas<\/strong> en promedio (comparado con curr\u00edculums gen\u00e9ricos)<\/li>\n<li><strong>Respuestas m\u00e1s r\u00e1pidas de reclutadores<\/strong> (optimizados para b\u00fasqueda y ATS)<\/li>\n<li><strong>Mayores tasas de conversi\u00f3n<\/strong> (contenido atractivo y enfocado en logros)<\/li>\n<li><strong>Mejores coincidencias laborales<\/strong> (personalizados para cada postulaci\u00f3n)<\/li>\n<\/ul>\n<h3>\u00bfListo para conocer a tu equipo de IA?<\/h3>\n<p>Tu curr\u00edculum perfecto no lo crea una sola herramienta ni una sola persona. Lo crean 11 agentes de IA especializados trabajando juntos para lograr algo realmente excepcional.<\/p>\n<p><strong>Empieza a crear tu curr\u00edculum optimizado con IA hoy.<\/strong> Deja que los 11 agentes te muestren lo que es posible.<\/p>\n<p>\ud83d\udc49 <a href=\"https:\/\/stylingcv.com\/ai-tools-tech\/\">Tecnolog\u00eda de curr\u00edculum con IA<\/a><\/p>\n<p>\ud83d\udc49 <a href=\"https:\/\/stylingcv.com\/guides\/\">gu\u00edas de carrera<\/a><\/p>\n<p>\ud83d\udc49 <a href=\"https:\/\/stylingcv.com\/resume-templates\/\">explora plantillas de curr\u00edculum<\/a><\/p>\n<p><strong>\ud83d\udca1 Consejo profesional:<\/strong> StylingCV no es solo un creador de curr\u00edculums \u2014 es un creador inteligente de IA que piensa. <a href=\"https:\/\/stylingcv.com\/resume-builder\/\">creador inteligente de curr\u00edculums con IA que piensa<\/a> en menos de 2 minutos.<\/p>\n<div style=\"background:linear-gradient(135deg,#f8f9fa 0%,#e9ecef 100%);border-radius:12px;padding:25px 30px;margin:30px 0;border-left:4px solid #268599\">\n<h3 style=\"color:#268599;margin-top:0;font-size:1.2rem\">Explora m\u00e1s recursos<\/h3>\n<ul style=\"list-style:none;padding:0;margin:0\">\n<li style=\"margin-bottom:10px\"><a href=\"\/resume-builder\/\" style=\"color:#268599;font-weight:600\">Prueba nuestro creador de curr\u00edculums con IA<\/a><\/li>\n<li style=\"margin-bottom:10px\"><a href=\"\/ai-tools\/\" style=\"color:#268599;font-weight:600\">Gu\u00eda del creador de curr\u00edculums con IA<\/a><\/li>\n<li style=\"margin-bottom:10px\"><a href=\"\/compare\/\" style=\"color:#268599;font-weight:600\">Compara creadores de curr\u00edculums con IA<\/a><\/li>\n<li style=\"margin-bottom:10px\"><a href=\"\/ats-resume-checker\/\" style=\"color:#268599;font-weight:600\">Verificador ATS potenciado por IA<\/a><\/li>\n<\/ul>\n<h4 style=\"color:#495057;margin-top:15px;font-size:1rem\">Herramientas y gu\u00edas de IA relacionadas:<\/h4>\n<ul style=\"list-style:none;padding:0;margin:0\">\n<li style=\"margin-bottom:8px\"><a href=\"\/ai-generated-professional-summaries-tips-and-examples\/\">Res\u00famenes profesionales generados por IA: consejos y ejemplos<\/a><\/li>\n<li style=\"margin-bottom:8px\"><a href=\"\/ai-resume-builder-success-stories-real-results-from-real-users\/\">Historias de \u00e9xito con el creador de curr\u00edculums con IA: resultados reales de usuarios reales<\/a><\/li>\n<li style=\"margin-bottom:8px\"><a href=\"\/ai-resume-builder-for-different-industries-customization-guide\/\">Creador de curr\u00edculums con IA para diferentes industrias<\/a><\/li>\n<\/ul>\n<\/div>\n<p><!-- stylingcv-hub-links --><\/p>\n<div class=\"stylingcv-related-resources\" style=\"margin-top:30px;padding:20px;background:#f8f9fa;border-left:4px solid #1abc9c;border-radius:4px;\">\n<h3 style=\"margin-top:0;color:#2c3e50;\">Explora m\u00e1s recursos<\/h3>\n<ul style=\"list-style:none;padding:0;\">\n<li><a href=\"https:\/\/stylingcv.com\/ai-tools-tech\/\">Herramientas y tecnolog\u00eda de IA<\/a> &mdash; Tu gu\u00eda completa<\/li>\n<li><a href=\"https:\/\/stylingcv.com\/ai-resume-formatting-best-practices-for-2026\/\">Formato de curr\u00edculum con IA: mejores pr\u00e1cticas para 2026<\/a><\/li>\n<li><a href=\"https:\/\/stylingcv.com\/stylingcv-vs-zety\/\">StylingCV vs Zety: gu\u00eda comparativa completa (2026)<\/a><\/li>\n<li><a href=\"https:\/\/stylingcv.com\/resume-keywords-how-ai-identifies-the-right-keywords\/\">Palabras clave en curr\u00edculums: c\u00f3mo la IA identifica las palabras clave correctas&#8230;<\/a><\/li>\n<\/ul>\n<p style=\"margin-bottom:0;font-size:14px;color:#7f8c8d;\">No solo un creador de curr\u00edculums &mdash; un creador inteligente de IA que piensa. <a href=\"https:\/\/stylingcv.com\/resume-builder\/\" style=\"color:#1abc9c;font-weight:bold;\">Crea tu curr\u00edculum en menos de 2 minutos &rarr;<\/a><\/p>\n<\/div>\n<p><!-- \/stylingcv-hub-links --><\/p>\n","protected":false},"excerpt":{"rendered":"<p>11 agentes de IA especializados optimizan tu curr\u00edculum para ATS, palabras clave y atraer reclutadores. Consigue empleo m\u00e1s r\u00e1pido con trabajo en equipo experto de IA.<\/p>\n","protected":false},"author":0,"featured_media":0,"parent":379,"menu_order":0,"comment_status":"closed","ping_status":"closed","template":"","meta":{"footnotes":""},"class_list":["post-695","page","type-page","status-publish","hentry"," c-blog-1-item  nt-post-class"],"yoast_head":"<!-- This site is optimized with the Yoast SEO Premium plugin v26.5 (Yoast SEO v26.5) - https:\/\/yoast.com\/wordpress\/plugins\/seo\/ -->\n<title>Creador de CV con IA: 11 agentes que consiguen entrevistas<\/title>\n<meta name=\"description\" content=\"Gu\u00eda experta sobre el creador de CV con IA. Consejos pr\u00e1cticos, plantillas y ejemplos para impulsar tu b\u00fasqueda de empleo y carrera en 2026.\" \/>\n<meta name=\"robots\" content=\"index, follow, max-snippet:-1, max-image-preview:large, max-video-preview:-1\" \/>\n<link rel=\"canonical\" href=\"https:\/\/stylingcv.com\/es\/ai-tools-tech\/11-ai-agents-story\/\" \/>\n<meta property=\"og:locale\" content=\"en_US\" \/>\n<meta property=\"og:type\" content=\"article\" \/>\n<meta property=\"og:title\" content=\"Creador de CV con IA: 11 agentes que consiguen entrevistas\" \/>\n<meta property=\"og:description\" content=\"Gu\u00eda experta sobre el creador de CV con IA. Consejos pr\u00e1cticos, plantillas y ejemplos para impulsar tu b\u00fasqueda de empleo y carrera en 2026.\" \/>\n<meta property=\"og:url\" content=\"https:\/\/stylingcv.com\/es\/ai-tools-tech\/11-ai-agents-story\/\" \/>\n<meta property=\"og:site_name\" content=\"StylingCV - Espa\u00f1ol\" \/>\n<meta name=\"twitter:card\" content=\"summary_large_image\" \/>\n<meta name=\"twitter:label1\" content=\"Est. reading time\" \/>\n\t<meta name=\"twitter:data1\" content=\"7 minutes\" \/>\n<script type=\"application\/ld+json\" class=\"yoast-schema-graph\">{\"@context\":\"https:\/\/schema.org\",\"@graph\":[{\"@type\":\"WebPage\",\"@id\":\"https:\/\/wp.stylingcv.com\/es\/ai-tools-tech\/11-ai-agents-story\/\",\"url\":\"https:\/\/wp.stylingcv.com\/es\/ai-tools-tech\/11-ai-agents-story\/\",\"name\":\"Creador de CV con IA: 11 agentes que consiguen entrevistas\",\"isPartOf\":{\"@id\":\"https:\/\/wp.stylingcv.com\/es\/#website\"},\"datePublished\":\"2026-02-08T22:14:11+00:00\",\"description\":\"Gu\u00eda experta sobre el creador de CV con IA. Consejos pr\u00e1cticos, plantillas y ejemplos para impulsar tu b\u00fasqueda de empleo y carrera en 2026.\",\"breadcrumb\":{\"@id\":\"https:\/\/wp.stylingcv.com\/es\/ai-tools-tech\/11-ai-agents-story\/#breadcrumb\"},\"inLanguage\":\"en-US\",\"potentialAction\":[{\"@type\":\"ReadAction\",\"target\":[\"https:\/\/wp.stylingcv.com\/es\/ai-tools-tech\/11-ai-agents-story\/\"]}]},{\"@type\":\"BreadcrumbList\",\"@id\":\"https:\/\/wp.stylingcv.com\/es\/ai-tools-tech\/11-ai-agents-story\/#breadcrumb\",\"itemListElement\":[{\"@type\":\"ListItem\",\"position\":1,\"name\":\"Home\",\"item\":\"https:\/\/wp.stylingcv.com\/es\/\"},{\"@type\":\"ListItem\",\"position\":2,\"name\":\"Creador de Curr\u00edculums con IA: Gu\u00eda Completa para CVs Impulsados por IA\",\"item\":\"https:\/\/wp.stylingcv.com\/es\/ai-tools-tech\/\"},{\"@type\":\"ListItem\",\"position\":3,\"name\":\"Creador de CV con IA: 11 agentes que consiguen entrevistas\"}]},{\"@type\":\"WebSite\",\"@id\":\"https:\/\/wp.stylingcv.com\/es\/#website\",\"url\":\"https:\/\/wp.stylingcv.com\/es\/\",\"name\":\"StylingCV - Espa\u00f1ol\",\"description\":\"\",\"potentialAction\":[{\"@type\":\"SearchAction\",\"target\":{\"@type\":\"EntryPoint\",\"urlTemplate\":\"https:\/\/wp.stylingcv.com\/es\/?s={search_term_string}\"},\"query-input\":{\"@type\":\"PropertyValueSpecification\",\"valueRequired\":true,\"valueName\":\"search_term_string\"}}],\"inLanguage\":\"en-US\"}]}<\/script>\n<!-- \/ Yoast SEO Premium plugin. -->","yoast_head_json":{"title":"Creador de CV con IA: 11 agentes que consiguen entrevistas","description":"Gu\u00eda experta sobre el creador de CV con IA. Consejos pr\u00e1cticos, plantillas y ejemplos para impulsar tu b\u00fasqueda de empleo y carrera en 2026.","robots":{"index":"index","follow":"follow","max-snippet":"max-snippet:-1","max-image-preview":"max-image-preview:large","max-video-preview":"max-video-preview:-1"},"canonical":"https:\/\/stylingcv.com\/es\/ai-tools-tech\/11-ai-agents-story\/","og_locale":"en_US","og_type":"article","og_title":"Creador de CV con IA: 11 agentes que consiguen entrevistas","og_description":"Gu\u00eda experta sobre el creador de CV con IA. Consejos pr\u00e1cticos, plantillas y ejemplos para impulsar tu b\u00fasqueda de empleo y carrera en 2026.","og_url":"https:\/\/stylingcv.com\/es\/ai-tools-tech\/11-ai-agents-story\/","og_site_name":"StylingCV - Espa\u00f1ol","twitter_card":"summary_large_image","twitter_misc":{"Est. reading time":"7 minutes"},"schema":{"@context":"https:\/\/schema.org","@graph":[{"@type":"WebPage","@id":"https:\/\/wp.stylingcv.com\/es\/ai-tools-tech\/11-ai-agents-story\/","url":"https:\/\/wp.stylingcv.com\/es\/ai-tools-tech\/11-ai-agents-story\/","name":"Creador de CV con IA: 11 agentes que consiguen entrevistas","isPartOf":{"@id":"https:\/\/wp.stylingcv.com\/es\/#website"},"datePublished":"2026-02-08T22:14:11+00:00","description":"Gu\u00eda experta sobre el creador de CV con IA. Consejos pr\u00e1cticos, plantillas y ejemplos para impulsar tu b\u00fasqueda de empleo y carrera en 2026.","breadcrumb":{"@id":"https:\/\/wp.stylingcv.com\/es\/ai-tools-tech\/11-ai-agents-story\/#breadcrumb"},"inLanguage":"en-US","potentialAction":[{"@type":"ReadAction","target":["https:\/\/wp.stylingcv.com\/es\/ai-tools-tech\/11-ai-agents-story\/"]}]},{"@type":"BreadcrumbList","@id":"https:\/\/wp.stylingcv.com\/es\/ai-tools-tech\/11-ai-agents-story\/#breadcrumb","itemListElement":[{"@type":"ListItem","position":1,"name":"Home","item":"https:\/\/wp.stylingcv.com\/es\/"},{"@type":"ListItem","position":2,"name":"Creador de Curr\u00edculums con IA: Gu\u00eda Completa para CVs Impulsados por IA","item":"https:\/\/wp.stylingcv.com\/es\/ai-tools-tech\/"},{"@type":"ListItem","position":3,"name":"Creador de CV con IA: 11 agentes que consiguen entrevistas"}]},{"@type":"WebSite","@id":"https:\/\/wp.stylingcv.com\/es\/#website","url":"https:\/\/wp.stylingcv.com\/es\/","name":"StylingCV - Espa\u00f1ol","description":"","potentialAction":[{"@type":"SearchAction","target":{"@type":"EntryPoint","urlTemplate":"https:\/\/wp.stylingcv.com\/es\/?s={search_term_string}"},"query-input":{"@type":"PropertyValueSpecification","valueRequired":true,"valueName":"search_term_string"}}],"inLanguage":"en-US"}]}},"_links":{"self":[{"href":"https:\/\/wp.stylingcv.com\/es\/wp-json\/wp\/v2\/pages\/695","targetHints":{"allow":["GET"]}}],"collection":[{"href":"https:\/\/wp.stylingcv.com\/es\/wp-json\/wp\/v2\/pages"}],"about":[{"href":"https:\/\/wp.stylingcv.com\/es\/wp-json\/wp\/v2\/types\/page"}],"replies":[{"embeddable":true,"href":"https:\/\/wp.stylingcv.com\/es\/wp-json\/wp\/v2\/comments?post=695"}],"version-history":[{"count":0,"href":"https:\/\/wp.stylingcv.com\/es\/wp-json\/wp\/v2\/pages\/695\/revisions"}],"up":[{"embeddable":true,"href":"https:\/\/wp.stylingcv.com\/es\/wp-json\/wp\/v2\/pages\/379"}],"wp:attachment":[{"href":"https:\/\/wp.stylingcv.com\/es\/wp-json\/wp\/v2\/media?parent=695"}],"curies":[{"name":"wp","href":"https:\/\/api.w.org\/{rel}","templated":true}]}}