{"id":682,"date":"2026-02-06T12:14:49","date_gmt":"2026-02-06T12:14:49","guid":{"rendered":"https:\/\/stylingcv.com\/es\/como-escribir-curriculum-gobierno\/"},"modified":"2026-02-06T12:14:49","modified_gmt":"2026-02-06T12:14:49","slug":"government-resume","status":"publish","type":"page","link":"https:\/\/wp.stylingcv.com\/es\/government-resume\/","title":{"rendered":"C\u00f3mo escribir un curr\u00edculum para el gobierno: Gu\u00eda federal y sector p\u00fablico"},"content":{"rendered":"<h2>Introducci\u00f3n: Los curr\u00edculums gubernamentales son diferentes\u2014Aqu\u00ed est\u00e1 el porqu\u00e9<\/h2>\n<p>Si alguna vez has solicitado un empleo federal o en el sector p\u00fablico, probablemente hayas descubierto que los curr\u00edculums para el gobierno siguen reglas completamente diferentes a los del sector privado. Olvida la &#8220;regla de una p\u00e1gina&#8221;\u2014los curr\u00edculums federales suelen tener de 3 a 5 p\u00e1ginas y est\u00e1n llenos de informaci\u00f3n detallada que parecer\u00eda excesiva en aplicaciones corporativas. La raz\u00f3n es simple: los procesos de contrataci\u00f3n gubernamentales priorizan la transparencia, la equidad y la verificaci\u00f3n detallada de las calificaciones. Cada afirmaci\u00f3n debe estar respaldada, cada habilidad documentada y cada funci\u00f3n descrita con detalle minucioso. Esta gu\u00eda completa te mostrar\u00e1 exactamente c\u00f3mo crear un curr\u00edculum para el gobierno que cumpla con los est\u00e1ndares federales, pase los sistemas automatizados de selecci\u00f3n y te posicione como el candidato ideal para roles en el sector p\u00fablico.<\/p>\n<h2>Diferencias clave: Curr\u00edculums gubernamentales vs. sector privado<\/h2>\n<table style=\"width:100%;border-collapse: collapse\">\n<tr style=\"border-bottom: 1px solid #ddd\">\n<th style=\"padding: 12px;text-align: left;background-color: #268599;color: white\">Aspecto<\/th>\n<th style=\"padding: 12px;text-align: left;background-color: #268599;color: white\">Curr\u00edculum sector privado<\/th>\n<th style=\"padding: 12px;text-align: left;background-color: #268599;color: white\">Curr\u00edculum gubernamental<\/th>\n<\/tr>\n<tr style=\"border-bottom: 1px solid #ddd\">\n<td style=\"padding: 12px\"><strong>Extensi\u00f3n<\/strong><\/td>\n<td style=\"padding: 12px\">1-2 p\u00e1ginas<\/td>\n<td style=\"padding: 12px\">3-5 p\u00e1ginas (a menudo m\u00e1s largo)<\/td>\n<\/tr>\n<tr style=\"border-bottom: 1px solid #ddd\">\n<td style=\"padding: 12px\"><strong>Nivel de detalle<\/strong><\/td>\n<td style=\"padding: 12px\">Puntos breves y concisos<\/td>\n<td style=\"padding: 12px\">Descripciones extensas con contexto<\/td>\n<\/tr>\n<tr style=\"border-bottom: 1px solid #ddd\">\n<td style=\"padding: 12px\"><strong>Informaci\u00f3n requerida<\/strong><\/td>\n<td style=\"padding: 12px\">Nombre, contacto, experiencia<\/td>\n<td style=\"padding: 12px\">SSN, informaci\u00f3n del supervisor, historial salarial, horas\/semana<\/td>\n<\/tr>\n<tr style=\"border-bottom: 1px solid #ddd\">\n<td style=\"padding: 12px\"><strong>Palabras clave<\/strong><\/td>\n<td style=\"padding: 12px\">\u00datiles<\/td>\n<td style=\"padding: 12px\">Cr\u00edticas (deben coincidir con el anuncio de empleo)<\/td>\n<\/tr>\n<tr style=\"border-bottom: 1px solid #ddd\">\n<td style=\"padding: 12px\"><strong>Formato<\/strong><\/td>\n<td style=\"padding: 12px\">Formato creativo aceptable<\/td>\n<td style=\"padding: 12px\">Simple, estructurado, compatible con ATS<\/td>\n<\/tr>\n<\/table>\n<h2>Componentes esenciales de un curr\u00edculum federal<\/h2>\n<h3>1. Informaci\u00f3n personal (obligatoria)<\/h3>\n<p>Los curr\u00edculums federales requieren m\u00e1s detalles personales que las aplicaciones del sector privado:<\/p>\n<ul>\n<li><strong>Nombre legal completo<\/strong><\/li>\n<li><strong>Direcci\u00f3n postal<\/strong> (incluyendo pa\u00eds si es fuera de EE. UU.)<\/li>\n<li><strong>Correo electr\u00f3nico<\/strong> (profesional)<\/li>\n<li><strong>N\u00famero(s) de tel\u00e9fono<\/strong> (diurno y nocturno)<\/li>\n<li><strong>Pa\u00eds de ciudadan\u00eda<\/strong><\/li>\n<li><strong>N\u00famero de Seguro Social<\/strong> (opcional pero recomendado para empleos federales)<\/li>\n<li><strong>Informaci\u00f3n de preferencia de veteranos<\/strong> (si aplica)<\/li>\n<li><strong>Grado civil federal m\u00e1s alto alcanzado<\/strong> (si eres empleado federal actual o anterior)<\/li>\n<\/ul>\n<h3>2. Experiencia laboral (la secci\u00f3n m\u00e1s cr\u00edtica)<\/h3>\n<p>Para cada puesto, incluye:<\/p>\n<ul>\n<li><strong>T\u00edtulo del puesto<\/strong><\/li>\n<li><strong>Nombre del empleador y direcci\u00f3n completa<\/strong> (ciudad, estado, c\u00f3digo postal)<\/li>\n<li><strong>Nombre y tel\u00e9fono del supervisor<\/strong><\/li>\n<li><strong>Fechas de inicio y fin<\/strong> (mes y a\u00f1o)<\/li>\n<li><strong>Horas trabajadas por semana<\/strong> (ejemplo: &#8220;40 horas\/semana&#8221;)<\/li>\n<li><strong>Salario<\/strong> (anual u horario)<\/li>\n<li><strong>Funciones y logros<\/strong> (p\u00e1rrafos detallados, no solo vi\u00f1etas)<\/li>\n<\/ul>\n<h3>3. Educaci\u00f3n<\/h3>\n<p>Incluye:<\/p>\n<ul>\n<li>Nombre y ubicaci\u00f3n de la instituci\u00f3n<\/li>\n<li>Tipo de t\u00edtulo y especialidad<\/li>\n<li>Fecha de graduaci\u00f3n (o esperada)<\/li>\n<li>Promedio (si es 3.5 o superior y eres reci\u00e9n graduado)<\/li>\n<li>Cursos relevantes para puestos especializados<\/li>\n<li>Honores acad\u00e9micos o becas<\/li>\n<\/ul>\n<h3>4. Certificaciones y formaci\u00f3n<\/h3>\n<p>Enumera certificaciones profesionales, licencias y programas de formaci\u00f3n relevantes con:<\/p>\n<ul>\n<li>Nombre de la certificaci\u00f3n<\/li>\n<li>Organizaci\u00f3n emisora<\/li>\n<li>Fecha de obtenci\u00f3n<\/li>\n<li>Fecha de expiraci\u00f3n (si aplica)<\/li>\n<\/ul>\n<h3>5. Secciones adicionales<\/h3>\n<ul>\n<li><strong>Autorizaci\u00f3n de seguridad<\/strong> (tipo y fecha)<\/li>\n<li><strong>Idiomas<\/strong> (especificar nivel de dominio)<\/li>\n<li><strong>Afiliaciones profesionales<\/strong><\/li>\n<li><strong>Publicaciones y presentaciones<\/strong><\/li>\n<li><strong>Premios y reconocimientos<\/strong><\/li>\n<li><strong>Experiencia de voluntariado<\/strong> (especialmente relevante para el servicio p\u00fablico)<\/li>\n<\/ul>\n<h2>El enfoque KSA: Conocimientos, habilidades y capacidades<\/h2>\n<p>Los anuncios de empleo federal incluyen listas detalladas de Conocimientos, Habilidades y Capacidades (KSA). Aunque los ensayos KSA separados son menos comunes ahora, a\u00fan debes abordar estos puntos dentro de tu curr\u00edculum.<\/p>\n<h3>C\u00f3mo integrar los KSA en tu curr\u00edculum:<\/h3>\n<ol>\n<li><strong>Lee cuidadosamente el anuncio de empleo<\/strong> \u2013 Resalta cada calificaci\u00f3n requerida y deseada<\/li>\n<li><strong>Refleja el lenguaje<\/strong> \u2013 Usa frases exactas del anuncio en tus descripciones de experiencia<\/li>\n<li><strong>Proporciona ejemplos espec\u00edficos<\/strong> \u2013 Muestra c\u00f3mo has demostrado cada KSA en roles anteriores<\/li>\n<li><strong>Cuantifica los logros<\/strong> \u2013 Usa n\u00fameros, porcentajes y resultados concretos<\/li>\n<\/ol>\n<h3>Ejemplo de integraci\u00f3n de KSA:<\/h3>\n<p><strong>El anuncio de empleo requiere:<\/strong> &#8220;Capacidad para analizar datos complejos y preparar informes para la alta direcci\u00f3n.&#8221;<\/p>\n<p><strong>Tu curr\u00edculum debe incluir:<\/strong><br \/>\n&#8220;Analic\u00e9 datos financieros complejos de 15 presupuestos departamentales, identificando oportunidades de ahorro de $2.3M. Prepar\u00e9 informes trimestrales integrales para la alta direcci\u00f3n, sintetizando tendencias de datos y presentando recomendaciones accionables que informaron decisiones de planificaci\u00f3n estrat\u00e9gica.&#8221;<\/p>\n<h2>Optimizaci\u00f3n de palabras clave para USAJOBS<\/h2>\n<p>La mayor\u00eda de los puestos federales utilizan sistemas automatizados para filtrar curr\u00edculums. Para pasar estos Sistemas de Seguimiento de Aplicaciones (ATS):<\/p>\n<h3>1. Extrae palabras clave de los anuncios de empleo<\/h3>\n<p>Busca:<\/p>\n<ul>\n<li>Calificaciones requeridas en la secci\u00f3n &#8220;Funciones&#8221;<\/li>\n<li>Requisitos de experiencia especializada<\/li>\n<li>Habilidades t\u00e9cnicas y software mencionados<\/li>\n<li>Frases y terminolog\u00eda recurrentes<\/li>\n<\/ul>\n<h3>2. Usa palabras clave de forma natural en todo el texto<\/h3>\n<p>No solo listes palabras clave\u2014int\u00e9gralas en las descripciones de tu experiencia real:<\/p>\n<p><strong>D\u00e9bil:<\/strong> &#8220;Gestion\u00e9 proyectos.&#8221;<br \/>\n<strong>Fuerte:<\/strong> &#8220;Gestion\u00e9 equipos de proyectos multifuncionales de 8-12 miembros para entregar iniciativas de modernizaci\u00f3n de TI a tiempo y dentro del presupuesto, utilizando metodolog\u00edas de gesti\u00f3n de proyectos Agile y el software Microsoft Project.&#8221;<\/p>\n<h3>3. Repite las calificaciones clave<\/h3>\n<p>Si una calificaci\u00f3n se menciona varias veces en el anuncio, menci\u00f3nala varias veces en tu curr\u00edculum en diferentes puestos (si es cierto).<\/p>\n<h2>Plantilla de curr\u00edculum federal<\/h2>\n<div style=\"background-color: #f4f4f4;padding: 20px;border-left: 4px solid #268599\">\n<p><strong>JOHN DAVIS<\/strong><br \/>\n123 Main Street, Arlington, VA 22201<br \/>\nEmail: john.davis@email.com | Tel\u00e9fono: (555) 123-4567<br \/>\nCiudadan\u00eda: Estados Unidos | Preferencia de veterano: preferencia de 5 puntos<br \/>\nAutorizaci\u00f3n de seguridad: Secreta (activa)<\/p>\n<p><strong>EXPERIENCIA PROFESIONAL<\/strong><\/p>\n<p><strong>Analista de programas (GS-0343-12)<\/strong><br \/>\nDepartamento de Defensa de EE. UU., Washington, DC 20301<br \/>\nSupervisora: Jane Smith, (555) 987-6543, se puede contactar<br \/>\nMarzo 2020 \u2013 Presente | 40 horas\/semana | Salario: $95,000\/a\u00f1o<\/p>\n<p>Desempe\u00f1o como Analista de Programas apoyando la planificaci\u00f3n estrat\u00e9gica y el desarrollo de pol\u00edticas para programas de adquisici\u00f3n de defensa con presupuestos anuales superiores a $500M. Realizo an\u00e1lisis de datos exhaustivos utilizando funciones avanzadas de Excel, herramientas de visualizaci\u00f3n Tableau y consultas SQL para evaluar m\u00e9tricas de desempe\u00f1o y detectar eficiencias operativas. Colaboro con equipos multifuncionales de m\u00e1s de 15 personas, tanto militares como civiles, para desarrollar recomendaciones basadas en evidencia para la alta direcci\u00f3n.<\/p>\n<p><strong>Logros clave:<\/strong><\/p>\n<ul>\n<li>Analic\u00e9 datos de gastos de m\u00e1s de 20 programas de adquisici\u00f3n, identificando $8.5M en ahorros mediante optimizaci\u00f3n de procesos y consolidaci\u00f3n de contratos<\/li>\n<li>Desarroll\u00e9 paneles de informes automatizados que redujeron el tiempo de reporte mensual en un 60% y mejoraron la precisi\u00f3n de los datos y la visibilidad ejecutiva<\/li>\n<li>Lider\u00e9 un grupo de trabajo interdepartamental de 12 partes interesadas para agilizar procesos de aprobaci\u00f3n, reduciendo el tiempo promedio de adquisici\u00f3n de 90 a 45 d\u00edas<\/li>\n<li>Redact\u00e9 un documento integral de directrices de pol\u00edticas adoptado en toda la agencia, mejorando el cumplimiento y la estandarizaci\u00f3n en 8 oficinas regionales<\/li>\n<\/ul>\n<p><strong>Analista de gesti\u00f3n<\/strong><br \/>\nDepartamento de Salud y Servicios Humanos, Bethesda, MD 20892<br \/>\nSupervisor: Robert Johnson, (555) 456-7890, se puede contactar<br \/>\nJunio 2017 \u2013 Febrero 2020 | 40 horas\/semana | Salario: $72,000\/a\u00f1o<\/p>\n<p>[Contin\u00faa con descripciones detalladas similares&#8230;]<\/p>\n<p><strong>EDUCACI\u00d3N<\/strong><\/p>\n<p>Maestr\u00eda en Administraci\u00f3n P\u00fablica (MPA)<br \/>\nGeorge Washington University, Washington, DC<br \/>\nGraduado: mayo 2017 | GPA: 3.8\/4.0<\/p>\n<p>Licenciatura en Ciencias Pol\u00edticas<br \/>\nUniversity of Virginia, Charlottesville, VA<br \/>\nGraduado: mayo 2015 | Cum Laude<\/p>\n<p><strong>CERTIFICACIONES Y FORMACI\u00d3N<\/strong><\/p>\n<ul>\n<li>Certified Government Financial Manager (CGFM), 2019<\/li>\n<li>Project Management Professional (PMP), 2021<\/li>\n<li>Defensa Adquisici\u00f3n Workforce Improvement Act (DAWIA) Nivel II, 2020<\/li>\n<\/ul>\n<p>\ud83d\udc49 <a href=\"https:\/\/stylingcv.com\/guides\/\">aprende c\u00f3mo escribir un curr\u00edculum<\/a><\/p>\n<p>\ud83d\udc49 <a href=\"https:\/\/stylingcv.com\/resume-templates\/\">plantillas de curr\u00edculum 2026<\/a><\/p>\n<p><strong>\ud83d\udca1 Consejo profesional:<\/strong> StylingCV no es solo un creador de curr\u00edculums \u2014 es un creador inteligente con IA que piensa. <a href=\"https:\/\/stylingcv.com\/resume-builder\/\">mejor creador de curr\u00edculums con IA 2026<\/a> en menos de 2 minutos.<\/p>\n<\/div>\n<h2>Escenarios comunes y soluciones<\/h2>\n<h3>Escenario 1: Transici\u00f3n de militar a civil federal<\/h3>\n<p><strong>Soluci\u00f3n:<\/strong> Traduce rangos y terminolog\u00eda militar a equivalentes civiles. Detalla tus responsabilidades en lenguaje civil. Destaca habilidades transferibles como liderazgo, gesti\u00f3n de proyectos y autorizaciones de seguridad. Resalta la preferencia de veterano de forma prominente.<\/p>\n<h3>Escenario 2: Transici\u00f3n del sector privado al gobierno<\/h3>\n<p><strong>Soluci\u00f3n:<\/strong> Expande tu curr\u00edculum de 1-2 p\u00e1ginas para incluir toda la informaci\u00f3n federal requerida. Reformula logros en t\u00e9rminos de impacto en el servicio p\u00fablico. Investiga las escalas salariales gubernamentales (niveles GS) para entender los puestos objetivo adecuados.<\/p>\n<h3>Escenario 3: Postular a m\u00faltiples puestos federales<\/h3>\n<p><strong>Soluci\u00f3n:<\/strong> Crea un curr\u00edculum maestro con toda tu experiencia, luego personaliza cada aplicaci\u00f3n enfatizando diferentes aspectos e incorporando palabras clave espec\u00edficas de cada anuncio.<\/p>\n<h3>Escenario 4: Experiencia relevante limitada<\/h3>\n<p><strong>Soluci\u00f3n:<\/strong> Destaca habilidades transferibles, cursos relevantes, experiencia de voluntariado y pr\u00e1cticas profesionales. Post\u00falate a puestos de nivel inicial (GS-5 a GS-7) y usa el curr\u00edculum para demostrar potencial y ganas de aprender.<\/p>\n<h2>Puestos en gobiernos estatales y locales<\/h2>\n<p>Aunque esta gu\u00eda se centra principalmente en puestos federales, los empleos estatales y locales suelen tener requisitos similares:<\/p>\n<ul>\n<li><strong>Verifica requisitos espec\u00edficos<\/strong> \u2013 Cada estado\/municipio puede tener sistemas de aplicaci\u00f3n diferentes<\/li>\n<li><strong>Nivel de detalle similar<\/strong> \u2013 La mayor\u00eda requiere descripciones detalladas como los curr\u00edculums federales<\/li>\n<li><strong>Cuestionarios suplementarios<\/strong> \u2013 Muchos incluyen autoevaluaciones (responde con honestidad y confianza)<\/li>\n<li><strong>Ex\u00e1menes de servicio civil<\/strong> \u2013 Algunos puestos requieren aprobar ex\u00e1menes escritos<\/li>\n<\/ul>\n<h2>Preguntas frecuentes: Curr\u00edculums gubernamentales y federales<\/h2>\n<h3>1. \u00bfRealmente necesito incluir mi n\u00famero de Seguro Social?<\/h3>\n<p>Aunque t\u00e9cnicamente es opcional para la mayor\u00eda de las aplicaciones federales, incluir tu SSN ayuda a RRHH a verificar tu identidad y procesar tu solicitud m\u00e1s r\u00e1pido. Si no te sientes c\u00f3modo incluy\u00e9ndolo en tu curr\u00edculum, puedes proporcionarlo en el formulario de USAJOBS.<\/p>\n<h3>2. \u00bfC\u00f3mo s\u00e9 a qu\u00e9 nivel GS debo postular?<\/h3>\n<p>Los niveles GS se basan en educaci\u00f3n y experiencia. Generalmente: GS-5\/7 (nivel inicial con licenciatura), GS-9\/11 (maestr\u00eda o 2-3 a\u00f1os de experiencia), GS-12\/13 (experiencia especializada, 5+ a\u00f1os), GS-14\/15 (nivel senior, experiencia extensa). Lee cuidadosamente la secci\u00f3n &#8220;Calificaciones&#8221;\u2014especifica la experiencia requerida para cada nivel.<\/p>\n<h3>3. \u00bfDebo usar el creador de curr\u00edculums de USAJOBS o subir el m\u00edo?<\/h3>\n<p>Ambos funcionan, pero el creador de USAJOBS asegura que no falte ning\u00fan campo obligatorio. Si subes el tuyo, aseg\u00farate de incluir toda la informaci\u00f3n obligatoria (contactos de supervisores, horas\/semana, salario, etc.). Muchos prefieren crear el suyo propio para tener mayor control sobre el formato.<\/p>\n<h3>4. \u00bfCu\u00e1nto tarda el proceso de contrataci\u00f3n federal?<\/h3>\n<p>La contrataci\u00f3n federal es notoriamente lenta\u2014t\u00edpicamente de 80 a 180 d\u00edas desde la solicitud hasta la oferta de trabajo. Ten paciencia y sigue postulando a m\u00faltiples puestos. Haz seguimiento de tus aplicaciones a trav\u00e9s de USAJOBS para monitorear cambios de estado.<\/p>\n<h3>5. \u00bfCu\u00e1l es la diferencia entre &#8220;experiencia especializada&#8221; y experiencia general?<\/h3>\n<p>La experiencia especializada est\u00e1 directamente relacionada con el puesto espec\u00edfico (por ejemplo, an\u00e1lisis presupuestario para un puesto de Analista de Presupuesto), mientras que la experiencia general es m\u00e1s amplia. Los anuncios de empleo especifican cu\u00e1nto de cada una se requiere. Tu curr\u00edculum debe demostrar claramente que cumples con los requisitos de experiencia especializada.<\/p>\n<h2>Da el siguiente paso en el servicio p\u00fablico<\/h2>\n<p>Escribir un curr\u00edculum federal requiere paciencia, atenci\u00f3n al detalle y pensamiento estrat\u00e9gico\u2014pero es tu puerta de entrada a carreras estables y significativas en el servicio p\u00fablico. Siguiendo las pautas de esta gu\u00eda completa, crear\u00e1s un curr\u00edculum que cumple con los est\u00e1ndares federales y muestra tus calificaciones de manera efectiva.<\/p>\n<p>\u00bfListo para crear un curr\u00edculum gubernamental que destaque? <strong><a href=\"https:\/\/ai.stylingcv.com?utm_source=stylingcv&utm_medium=website&utm_campaign=cta&utm_content=government-resume\" target=\"_blank\">Utiliza el AI Resume Builder de StylingCV<\/a><\/strong> para crear un curr\u00edculum federal detallado y optimizado para ATS adaptado a tus puestos objetivo.<\/p>\n<p><!-- stylingcv-hub-links --><\/p>\n<div class=\"stylingcv-related-resources\" style=\"margin-top:30px;padding:20px;background:#f8f9fa;border-left:4px solid #1abc9c;border-radius:4px\">\n<h3 style=\"margin-top:0;color:#2c3e50\">Explora m\u00e1s recursos<\/h3>\n<ul style=\"padding:0\">\n<li><a href=\"https:\/\/stylingcv.com\/resume-builder\/\">Resume Builder<\/a> &mdash; Gu\u00eda completa<\/li>\n<li><a href=\"https:\/\/stylingcv.com\/how-to-improve-your-resume-in-60-second-2026\/\">C\u00f3mo mejorar tu curr\u00edculum en 60 segundos 2026<\/a><\/li>\n<li><a href=\"https:\/\/stylingcv.com\/professional-resume-writer-value\/\">Impulsa tu carrera: Ventajas de un curr\u00edculum profesional<\/a><\/li>\n<li><a href=\"https:\/\/stylingcv.com\/best-fonts-for-resume\/\">Mejores fuentes para curr\u00edculum: 15 opciones profesionales (2026)<\/a><\/li>\n<\/ul>\n<p style=\"margin-bottom:0;font-size:14px;color:#7f8c8d\">No solo un creador de curr\u00edculums &mdash; un creador inteligente con IA que piensa. <a href=\"https:\/\/stylingcv.com\/resume-builder\/\" style=\"color:#1abc9c;font-weight:bold\">Crea tu curr\u00edculum en menos de 2 minutos &rarr;<\/a><\/p>\n<\/div>\n<p><!-- \/stylingcv-hub-links --><\/p>\n<style>.entry-content a[href*=\"ai.stylingcv.com\"]:not(.scv-exit-cta){transition:transform 0.2s ease,box-shadow 0.2s ease}.entry-content a[href*=\"ai.stylingcv.com\"]:not(.scv-exit-cta):hover{transform:translateY(-2px);box-shadow:0 4px 12px rgba(38,133,153,0.25)}<\/style>","protected":false},"excerpt":{"rendered":"<p>Redacta un curr\u00edculum para el gobierno que cumpla con los est\u00e1ndares federales. Aprende el formato KSA, requisitos de USAJobs y mejores pr\u00e1cticas para el sector p\u00fablico.<\/p>\n","protected":false},"author":0,"featured_media":0,"parent":0,"menu_order":0,"comment_status":"closed","ping_status":"closed","template":"","meta":{"footnotes":""},"class_list":["post-682","page","type-page","status-publish","hentry"," c-blog-1-item  nt-post-class"],"yoast_head":"<!-- This site is optimized with the Yoast SEO Premium plugin v26.5 (Yoast SEO v26.5) - https:\/\/yoast.com\/wordpress\/plugins\/seo\/ -->\n<title>C\u00f3mo escribir un curr\u00edculum para el gobierno: Gu\u00eda federal<\/title>\n<meta name=\"description\" content=\"Redacta un curr\u00edculum gubernamental que te consiga el empleo. Formato federal, KSA y consejos de experiencia especializada para trabajos en el sector p\u00fablico.\" \/>\n<meta name=\"robots\" content=\"index, follow, max-snippet:-1, max-image-preview:large, max-video-preview:-1\" \/>\n<link rel=\"canonical\" href=\"https:\/\/stylingcv.com\/es\/government-resume\/\" \/>\n<meta property=\"og:locale\" content=\"en_US\" \/>\n<meta property=\"og:type\" content=\"article\" \/>\n<meta property=\"og:title\" content=\"C\u00f3mo escribir un curr\u00edculum para el gobierno: Gu\u00eda federal y sector p\u00fablico\" \/>\n<meta property=\"og:description\" content=\"Redacta un curr\u00edculum gubernamental que te consiga el empleo. Formato federal, KSA y consejos de experiencia especializada para trabajos en el sector p\u00fablico.\" \/>\n<meta property=\"og:url\" content=\"https:\/\/stylingcv.com\/es\/government-resume\/\" \/>\n<meta property=\"og:site_name\" content=\"StylingCV - Espa\u00f1ol\" \/>\n<meta name=\"twitter:card\" content=\"summary_large_image\" \/>\n<meta name=\"twitter:label1\" content=\"Est. reading time\" \/>\n\t<meta name=\"twitter:data1\" content=\"10 minutes\" \/>\n<script type=\"application\/ld+json\" class=\"yoast-schema-graph\">{\"@context\":\"https:\/\/schema.org\",\"@graph\":[{\"@type\":\"WebPage\",\"@id\":\"https:\/\/wp.stylingcv.com\/es\/government-resume\/\",\"url\":\"https:\/\/wp.stylingcv.com\/es\/government-resume\/\",\"name\":\"C\u00f3mo escribir un curr\u00edculum para el gobierno: Gu\u00eda federal\",\"isPartOf\":{\"@id\":\"https:\/\/wp.stylingcv.com\/es\/#website\"},\"datePublished\":\"2026-02-06T12:14:49+00:00\",\"description\":\"Redacta un curr\u00edculum gubernamental que te consiga el empleo. Formato federal, KSA y consejos de experiencia especializada para trabajos en el sector p\u00fablico.\",\"breadcrumb\":{\"@id\":\"https:\/\/wp.stylingcv.com\/es\/government-resume\/#breadcrumb\"},\"inLanguage\":\"en-US\",\"potentialAction\":[{\"@type\":\"ReadAction\",\"target\":[\"https:\/\/wp.stylingcv.com\/es\/government-resume\/\"]}]},{\"@type\":\"BreadcrumbList\",\"@id\":\"https:\/\/wp.stylingcv.com\/es\/government-resume\/#breadcrumb\",\"itemListElement\":[{\"@type\":\"ListItem\",\"position\":1,\"name\":\"Home\",\"item\":\"https:\/\/wp.stylingcv.com\/es\/\"},{\"@type\":\"ListItem\",\"position\":2,\"name\":\"C\u00f3mo escribir un curr\u00edculum para el gobierno: Gu\u00eda federal y sector p\u00fablico\"}]},{\"@type\":\"WebSite\",\"@id\":\"https:\/\/wp.stylingcv.com\/es\/#website\",\"url\":\"https:\/\/wp.stylingcv.com\/es\/\",\"name\":\"StylingCV - Espa\u00f1ol\",\"description\":\"\",\"potentialAction\":[{\"@type\":\"SearchAction\",\"target\":{\"@type\":\"EntryPoint\",\"urlTemplate\":\"https:\/\/wp.stylingcv.com\/es\/?s={search_term_string}\"},\"query-input\":{\"@type\":\"PropertyValueSpecification\",\"valueRequired\":true,\"valueName\":\"search_term_string\"}}],\"inLanguage\":\"en-US\"}]}<\/script>\n<!-- \/ Yoast SEO Premium plugin. -->","yoast_head_json":{"title":"C\u00f3mo escribir un curr\u00edculum para el gobierno: Gu\u00eda federal","description":"Redacta un curr\u00edculum gubernamental que te consiga el empleo. Formato federal, KSA y consejos de experiencia especializada para trabajos en el sector p\u00fablico.","robots":{"index":"index","follow":"follow","max-snippet":"max-snippet:-1","max-image-preview":"max-image-preview:large","max-video-preview":"max-video-preview:-1"},"canonical":"https:\/\/stylingcv.com\/es\/government-resume\/","og_locale":"en_US","og_type":"article","og_title":"C\u00f3mo escribir un curr\u00edculum para el gobierno: Gu\u00eda federal y sector p\u00fablico","og_description":"Redacta un curr\u00edculum gubernamental que te consiga el empleo. Formato federal, KSA y consejos de experiencia especializada para trabajos en el sector p\u00fablico.","og_url":"https:\/\/stylingcv.com\/es\/government-resume\/","og_site_name":"StylingCV - Espa\u00f1ol","twitter_card":"summary_large_image","twitter_misc":{"Est. reading time":"10 minutes"},"schema":{"@context":"https:\/\/schema.org","@graph":[{"@type":"WebPage","@id":"https:\/\/wp.stylingcv.com\/es\/government-resume\/","url":"https:\/\/wp.stylingcv.com\/es\/government-resume\/","name":"C\u00f3mo escribir un curr\u00edculum para el gobierno: Gu\u00eda federal","isPartOf":{"@id":"https:\/\/wp.stylingcv.com\/es\/#website"},"datePublished":"2026-02-06T12:14:49+00:00","description":"Redacta un curr\u00edculum gubernamental que te consiga el empleo. Formato federal, KSA y consejos de experiencia especializada para trabajos en el sector p\u00fablico.","breadcrumb":{"@id":"https:\/\/wp.stylingcv.com\/es\/government-resume\/#breadcrumb"},"inLanguage":"en-US","potentialAction":[{"@type":"ReadAction","target":["https:\/\/wp.stylingcv.com\/es\/government-resume\/"]}]},{"@type":"BreadcrumbList","@id":"https:\/\/wp.stylingcv.com\/es\/government-resume\/#breadcrumb","itemListElement":[{"@type":"ListItem","position":1,"name":"Home","item":"https:\/\/wp.stylingcv.com\/es\/"},{"@type":"ListItem","position":2,"name":"C\u00f3mo escribir un curr\u00edculum para el gobierno: Gu\u00eda federal y sector p\u00fablico"}]},{"@type":"WebSite","@id":"https:\/\/wp.stylingcv.com\/es\/#website","url":"https:\/\/wp.stylingcv.com\/es\/","name":"StylingCV - Espa\u00f1ol","description":"","potentialAction":[{"@type":"SearchAction","target":{"@type":"EntryPoint","urlTemplate":"https:\/\/wp.stylingcv.com\/es\/?s={search_term_string}"},"query-input":{"@type":"PropertyValueSpecification","valueRequired":true,"valueName":"search_term_string"}}],"inLanguage":"en-US"}]}},"_links":{"self":[{"href":"https:\/\/wp.stylingcv.com\/es\/wp-json\/wp\/v2\/pages\/682","targetHints":{"allow":["GET"]}}],"collection":[{"href":"https:\/\/wp.stylingcv.com\/es\/wp-json\/wp\/v2\/pages"}],"about":[{"href":"https:\/\/wp.stylingcv.com\/es\/wp-json\/wp\/v2\/types\/page"}],"replies":[{"embeddable":true,"href":"https:\/\/wp.stylingcv.com\/es\/wp-json\/wp\/v2\/comments?post=682"}],"version-history":[{"count":0,"href":"https:\/\/wp.stylingcv.com\/es\/wp-json\/wp\/v2\/pages\/682\/revisions"}],"wp:attachment":[{"href":"https:\/\/wp.stylingcv.com\/es\/wp-json\/wp\/v2\/media?parent=682"}],"curies":[{"name":"wp","href":"https:\/\/api.w.org\/{rel}","templated":true}]}}