{"id":673,"date":"2026-02-01T15:52:16","date_gmt":"2026-02-01T15:52:16","guid":{"rendered":"https:\/\/stylingcv.com\/es\/colaboradores-autores-expertos\/"},"modified":"2026-02-01T15:52:16","modified_gmt":"2026-02-01T15:52:16","slug":"expert-contributors","status":"publish","type":"page","link":"https:\/\/wp.stylingcv.com\/es\/expert-contributors\/","title":{"rendered":"Colaboradores y Autores Expertos"},"content":{"rendered":"<h1>Colaboradores y Autores Expertos<\/h1>\n\n\n<p>El contenido de StylingCV es creado y revisado por expertos en carreras, redactores certificados de curr\u00edculums, profesionales de recursos humanos y l\u00edderes de la industria que aportan d\u00e9cadas de experiencia combinada en reclutamiento, desarrollo profesional y adquisici\u00f3n de talento.<\/p>\n\n\n\n<div class=\"ai-agents-cta\" style=\"background: linear-gradient(135deg, #0f172a 0%, #1e293b 100%);border-radius: 16px;padding: 40px 30px;margin: 30px 0;text-align: center\">\n  <div style=\"padding: 8px 20px;border-radius: 20px;margin-bottom: 15px\">\n    <span style=\"color: #10b981;font-weight: 700;font-size: 14px\">\ud83e\udd16 IMPULSADO POR 11 AGENTES DE IA<\/span>\n  <\/div>\n  <h3 style=\"color: white;font-size: 28px;font-weight: 700;margin: 0 0 15px 0;line-height: 1.3\">\n    Comienza a Crear tu Curr\u00edculum Ahora\n  <\/h3>\n  <p style=\"font-size: 17px;margin: 0 0 25px;max-width: 550px;margin-left: auto;margin-right: auto;line-height: 1.6\">\n    Experimenta el poder de 11 agentes de IA trabajando en tu curr\u00edculum. Desde investigaci\u00f3n de mercado hasta optimizaci\u00f3n ATS, nuestro equipo de IA crea curr\u00edculums que te consiguen empleo.\n  <\/p>\n  <a href=\"https:\/\/ai.stylingcv.com?utm_source=stylingcv&utm_medium=website&utm_campaign=cta&utm_content=expert-contributors\" style=\"background: linear-gradient(135deg, #10b981 0%, #0891b2 100%);color: white;padding: 18px 45px;border-radius: 50px;text-decoration: none;font-weight: 700;font-size: 18px\">\n    Crea tu Curr\u00edculum Gratis \u2192\n  <\/a>\n  <p style=\"font-size: 13px;margin: 15px 0 0 0\">\n    No se requiere tarjeta de cr\u00e9dito \u2022 M\u00e1s de 6M de usuarios en todo el mundo\n  <\/p>\n<\/div>\n\n\n\n<h2 class=\"wp-block-heading\">Nuestro Equipo Experto<\/h2>\n\n\n\n<p>Nuestros colaboradores incluyen redactores profesionales certificados de curr\u00edculums (CPRW), coaches de carrera, reclutadores de empresas Fortune 500 y profesionales de recursos humanos que comprenden lo que buscan los responsables de selecci\u00f3n en los curr\u00edculums.<\/p>\n\n\n\n<h2 class=\"wp-block-heading\">Est\u00e1ndares Editoriales<\/h2>\n\n\n\n<p>Cada contenido en StylingCV es verificado, revisado por expertos de la industria y actualizado regularmente para reflejar las tendencias actuales de contrataci\u00f3n y las mejores pr\u00e1cticas. Estamos comprometidos a proporcionar consejos profesionales precisos y pr\u00e1cticos respaldados por experiencia real.<\/p>\n\n\n\n<h2 class=\"wp-block-heading\">Orientaci\u00f3n Basada en Investigaci\u00f3n<\/h2>\n\n\n\n<p>Nuestros consejos se basan en el an\u00e1lisis de millones de curr\u00edculums exitosos, entrevistas con responsables de selecci\u00f3n y colaboraci\u00f3n con profesionales de reclutamiento de diversos sectores. Combinamos la experiencia tradicional con conocimientos impulsados por IA para ofrecer la orientaci\u00f3n profesional m\u00e1s efectiva.<\/p>\n\n\n\n<h2 class=\"wp-block-heading\">Contribuir en StylingCV<\/h2>\n\n\n\n<p>Damos la bienvenida a contribuciones de profesionales de carrera, expertos en recursos humanos y l\u00edderes de la industria. Si est\u00e1s interesado en compartir tu experiencia con nuestra comunidad de buscadores de empleo, por favor <a href=\"\/contact\/\">cont\u00e1ctanos<\/a>.<\/p>\n\n\n\n<div class=\"cta-box\" style=\"background: linear-gradient(135deg, #667eea 0%, #764ba2 100%);padding: 30px;border-radius: 12px;margin: 40px 0;text-align: center;color: white\">\n<h3 style=\"color: white;margin-bottom: 15px;font-size: 24px\">\u2728 Crea tu Curr\u00edculum Profesional<\/h3>\n<p style=\"font-size: 16px;margin-bottom: 20px;opacity: 0.95\">\u00danete a millones que conf\u00edan en StylingCV para su \u00e9xito profesional.<\/p>\n<a href=\"https:\/\/ai.stylingcv.com?utm_source=stylingcv&utm_medium=website&utm_campaign=cta&utm_content=expert-contributors\" style=\"background: white;color: #268599;padding: 15px 40px;border-radius: 8px;text-decoration: none;font-weight: 600;font-size: 16px\">Comienza Gratis<\/a>\n\n\n\n<p>\ud83d\udc49 <a href=\"https:\/\/stylingcv.com\/guides\/\">gu\u00edas expertas de curr\u00edculum<\/a><\/p>\n\n<p>\ud83d\udc49 <a href=\"https:\/\/stylingcv.com\/resume-templates\/\">plantillas de curr\u00edculum compatibles con ATS<\/a><\/p>\n\n<p><strong>\ud83d\udca1 Consejo Pro:<\/strong> StylingCV no es solo un creador de curr\u00edculums \u2014 es un creador inteligente de IA que piensa. <a href=\"https:\/\/stylingcv.com\/resume-builder\/\">Creador de curr\u00edculums con IA y 11 agentes inteligentes<\/a> en menos de 2 minutos.<\/p>\n<\/div>\n\n\n\n<div style=\"margin-top:40px;padding:24px 28px;background:#f8fafc;border-left:4px solid #268599;border-radius:8px\">\n<h3 style=\"color:#16344c;font-family:'Playfair Display',serif;margin-top:0\">Recursos Relacionados<\/h3>\n<ul style=\"padding:0;margin:0\">\n<li style=\"margin-bottom:8px\"><a href=\"https:\/\/stylingcv.com\/guides\/resume-statistics-2026\/\" style=\"color:#268599;text-decoration:none;font-weight:500\">Estad\u00edsticas de Curr\u00edculum 2026<\/a><\/li>\n<li style=\"margin-bottom:8px\"><a href=\"https:\/\/stylingcv.com\/guides\/why-resume-rejected\/\" style=\"color:#268599;text-decoration:none;font-weight:500\">Por Qu\u00e9 Rechazan tu Curr\u00edculum<\/a><\/li>\n<li style=\"margin-bottom:8px\"><a href=\"https:\/\/stylingcv.com\/guides\/resume-vs-cv-complete-guide\/\" style=\"color:#268599;text-decoration:none;font-weight:500\">Curr\u00edculum vs CV vs Curriculum Vitae<\/a><\/li>\n<li style=\"margin-bottom:8px\"><a href=\"https:\/\/stylingcv.com\/resume-builder\/should-i-include-photo-resume\/\" style=\"color:#268599;text-decoration:none;font-weight:500\">Foto en el Curr\u00edculum<\/a><\/li>\n<li style=\"margin-bottom:8px\"><a href=\"https:\/\/stylingcv.com\/resume-builder\/gpa-on-resume\/\" style=\"color:#268599;text-decoration:none;font-weight:500\">Nota Media en el Curr\u00edculum<\/a><\/li>\n<li style=\"margin-bottom:8px\"><a href=\"https:\/\/stylingcv.com\/guides\/\" style=\"color:#e8885e;text-decoration:none;font-weight:600\">Ver Todas las Gu\u00edas de Curr\u00edculum y Carrera \u2192<\/a><\/li>\n<li style=\"margin-top:12px;padding-top:12px;border-top:1px solid #e2e8f0\"><a href=\"https:\/\/stylingcv.com\/resume-builder\/\" style=\"color:#16344c;text-decoration:none;font-weight:600\">Crea tu Curr\u00edculum Gratis con StylingCV \u2192<\/a><\/li>\n<\/ul>\n<\/div>\n<style>.entry-content a[href*=\"ai.stylingcv.com\"]:not(.scv-exit-cta){transition:transform 0.2s ease,box-shadow 0.2s ease}.entry-content a[href*=\"ai.stylingcv.com\"]:not(.scv-exit-cta):hover{transform:translateY(-2px);box-shadow:0 4px 12px rgba(38,133,153,0.25)}<\/style>","protected":false},"excerpt":{"rendered":"<p>Conoce a los expertos en carreras y redactores profesionales detr\u00e1s del contenido de StylingCV. Nuestros colaboradores aportan d\u00e9cadas de experiencia en RRHH, reclutamiento y coaching profesional.<\/p>\n","protected":false},"author":0,"featured_media":0,"parent":0,"menu_order":0,"comment_status":"closed","ping_status":"closed","template":"","meta":{"footnotes":""},"class_list":["post-673","page","type-page","status-publish","hentry"," c-blog-1-item  nt-post-class"],"yoast_head":"<!-- This site is optimized with the Yoast SEO Premium plugin v26.5 (Yoast SEO v26.5) - https:\/\/yoast.com\/wordpress\/plugins\/seo\/ -->\n<title>Colaboradores y Autores Expertos | StylingCV<\/title>\n<meta name=\"description\" content=\"Conoce a nuestros colaboradores expertos y autores de carrera. Profesionales que crean gu\u00edas de curr\u00edculum y contenido de asesoramiento profesional.\" \/>\n<meta name=\"robots\" content=\"index, follow, max-snippet:-1, max-image-preview:large, max-video-preview:-1\" \/>\n<link rel=\"canonical\" href=\"https:\/\/stylingcv.com\/es\/expert-contributors\/\" \/>\n<meta property=\"og:locale\" content=\"en_US\" \/>\n<meta property=\"og:type\" content=\"article\" \/>\n<meta property=\"og:title\" content=\"Colaboradores y Autores Expertos\" \/>\n<meta property=\"og:description\" content=\"Conoce a nuestros colaboradores expertos y autores de carrera. Profesionales que crean gu\u00edas de curr\u00edculum y contenido de asesoramiento profesional.\" \/>\n<meta property=\"og:url\" content=\"https:\/\/stylingcv.com\/es\/expert-contributors\/\" \/>\n<meta property=\"og:site_name\" content=\"StylingCV - Espa\u00f1ol\" \/>\n<meta name=\"twitter:card\" content=\"summary_large_image\" \/>\n<meta name=\"twitter:label1\" content=\"Est. reading time\" \/>\n\t<meta name=\"twitter:data1\" content=\"2 minutes\" \/>\n<script type=\"application\/ld+json\" class=\"yoast-schema-graph\">{\"@context\":\"https:\/\/schema.org\",\"@graph\":[{\"@type\":\"WebPage\",\"@id\":\"https:\/\/wp.stylingcv.com\/es\/expert-contributors\/\",\"url\":\"https:\/\/wp.stylingcv.com\/es\/expert-contributors\/\",\"name\":\"Colaboradores y Autores Expertos | StylingCV\",\"isPartOf\":{\"@id\":\"https:\/\/wp.stylingcv.com\/es\/#website\"},\"datePublished\":\"2026-02-01T15:52:16+00:00\",\"description\":\"Conoce a nuestros colaboradores expertos y autores de carrera. Profesionales que crean gu\u00edas de curr\u00edculum y contenido de asesoramiento profesional.\",\"breadcrumb\":{\"@id\":\"https:\/\/wp.stylingcv.com\/es\/expert-contributors\/#breadcrumb\"},\"inLanguage\":\"en-US\",\"potentialAction\":[{\"@type\":\"ReadAction\",\"target\":[\"https:\/\/wp.stylingcv.com\/es\/expert-contributors\/\"]}]},{\"@type\":\"BreadcrumbList\",\"@id\":\"https:\/\/wp.stylingcv.com\/es\/expert-contributors\/#breadcrumb\",\"itemListElement\":[{\"@type\":\"ListItem\",\"position\":1,\"name\":\"Home\",\"item\":\"https:\/\/wp.stylingcv.com\/es\/\"},{\"@type\":\"ListItem\",\"position\":2,\"name\":\"Colaboradores y Autores Expertos\"}]},{\"@type\":\"WebSite\",\"@id\":\"https:\/\/wp.stylingcv.com\/es\/#website\",\"url\":\"https:\/\/wp.stylingcv.com\/es\/\",\"name\":\"StylingCV - Espa\u00f1ol\",\"description\":\"\",\"potentialAction\":[{\"@type\":\"SearchAction\",\"target\":{\"@type\":\"EntryPoint\",\"urlTemplate\":\"https:\/\/wp.stylingcv.com\/es\/?s={search_term_string}\"},\"query-input\":{\"@type\":\"PropertyValueSpecification\",\"valueRequired\":true,\"valueName\":\"search_term_string\"}}],\"inLanguage\":\"en-US\"}]}<\/script>\n<!-- \/ Yoast SEO Premium plugin. -->","yoast_head_json":{"title":"Colaboradores y Autores Expertos | StylingCV","description":"Conoce a nuestros colaboradores expertos y autores de carrera. Profesionales que crean gu\u00edas de curr\u00edculum y contenido de asesoramiento profesional.","robots":{"index":"index","follow":"follow","max-snippet":"max-snippet:-1","max-image-preview":"max-image-preview:large","max-video-preview":"max-video-preview:-1"},"canonical":"https:\/\/stylingcv.com\/es\/expert-contributors\/","og_locale":"en_US","og_type":"article","og_title":"Colaboradores y Autores Expertos","og_description":"Conoce a nuestros colaboradores expertos y autores de carrera. Profesionales que crean gu\u00edas de curr\u00edculum y contenido de asesoramiento profesional.","og_url":"https:\/\/stylingcv.com\/es\/expert-contributors\/","og_site_name":"StylingCV - Espa\u00f1ol","twitter_card":"summary_large_image","twitter_misc":{"Est. reading time":"2 minutes"},"schema":{"@context":"https:\/\/schema.org","@graph":[{"@type":"WebPage","@id":"https:\/\/wp.stylingcv.com\/es\/expert-contributors\/","url":"https:\/\/wp.stylingcv.com\/es\/expert-contributors\/","name":"Colaboradores y Autores Expertos | StylingCV","isPartOf":{"@id":"https:\/\/wp.stylingcv.com\/es\/#website"},"datePublished":"2026-02-01T15:52:16+00:00","description":"Conoce a nuestros colaboradores expertos y autores de carrera. Profesionales que crean gu\u00edas de curr\u00edculum y contenido de asesoramiento profesional.","breadcrumb":{"@id":"https:\/\/wp.stylingcv.com\/es\/expert-contributors\/#breadcrumb"},"inLanguage":"en-US","potentialAction":[{"@type":"ReadAction","target":["https:\/\/wp.stylingcv.com\/es\/expert-contributors\/"]}]},{"@type":"BreadcrumbList","@id":"https:\/\/wp.stylingcv.com\/es\/expert-contributors\/#breadcrumb","itemListElement":[{"@type":"ListItem","position":1,"name":"Home","item":"https:\/\/wp.stylingcv.com\/es\/"},{"@type":"ListItem","position":2,"name":"Colaboradores y Autores Expertos"}]},{"@type":"WebSite","@id":"https:\/\/wp.stylingcv.com\/es\/#website","url":"https:\/\/wp.stylingcv.com\/es\/","name":"StylingCV - Espa\u00f1ol","description":"","potentialAction":[{"@type":"SearchAction","target":{"@type":"EntryPoint","urlTemplate":"https:\/\/wp.stylingcv.com\/es\/?s={search_term_string}"},"query-input":{"@type":"PropertyValueSpecification","valueRequired":true,"valueName":"search_term_string"}}],"inLanguage":"en-US"}]}},"_links":{"self":[{"href":"https:\/\/wp.stylingcv.com\/es\/wp-json\/wp\/v2\/pages\/673","targetHints":{"allow":["GET"]}}],"collection":[{"href":"https:\/\/wp.stylingcv.com\/es\/wp-json\/wp\/v2\/pages"}],"about":[{"href":"https:\/\/wp.stylingcv.com\/es\/wp-json\/wp\/v2\/types\/page"}],"replies":[{"embeddable":true,"href":"https:\/\/wp.stylingcv.com\/es\/wp-json\/wp\/v2\/comments?post=673"}],"version-history":[{"count":0,"href":"https:\/\/wp.stylingcv.com\/es\/wp-json\/wp\/v2\/pages\/673\/revisions"}],"wp:attachment":[{"href":"https:\/\/wp.stylingcv.com\/es\/wp-json\/wp\/v2\/media?parent=673"}],"curies":[{"name":"wp","href":"https:\/\/api.w.org\/{rel}","templated":true}]}}