{"id":638,"date":"2026-01-22T12:19:56","date_gmt":"2026-01-22T12:19:56","guid":{"rendered":"https:\/\/stylingcv.com\/es\/guias-curriculum-carrera\/palabras-clave-curriculum-ingenieria\/"},"modified":"2026-01-22T12:19:56","modified_gmt":"2026-01-22T12:19:56","slug":"resume-keywords-engineering","status":"publish","type":"page","link":"https:\/\/wp.stylingcv.com\/es\/guides\/resume-keywords-engineering\/","title":{"rendered":"Palabras clave para curr\u00edculum de ingenier\u00eda: m\u00e1s de 70 t\u00e9rminos optimizados para ATS (2026)"},"content":{"rendered":"\n<h1 class=\"wp-block-heading\">Palabras clave para curr\u00edculum de ingenier\u00eda: m\u00e1s de 70 t\u00e9rminos optimizados para ATS (2026)<\/h1>\n\n\n<p class=\"lead-paragraph\" style=\"font-size: 1.2rem;color: #4a5568;line-height: 1.8;margin-bottom: 2rem\">Construye un curr\u00edculum m\u00e1s s\u00f3lido con las palabras clave adecuadas. Esta gu\u00eda completa incluye <strong>m\u00e1s de 70 palabras clave optimizadas para ATS en curr\u00edculums de ingenier\u00eda<\/strong> para ingenieros mec\u00e1nicos, civiles, el\u00e9ctricos, qu\u00edmicos, de software y aeroespaciales, asegurando que tu postulaci\u00f3n destaque tanto para los reclutadores como para los sistemas de seguimiento de candidatos.<\/p>\n<p><a href=\"https:\/\/stylingcv.com\/guides\/\">gu\u00edas de carrera<\/a><\/p>\n\n\n<div style=\"margin: 20px 0;font-size: 14px\">\n<a href=\"\/ai-tools-tech\/resume-keywords-how-ai-identifies-the-right-keywords\/\" style=\"color: #268599\">Gu\u00eda de palabras clave para curr\u00edculum<\/a> \u2192 <span style=\"color: #718096\">Palabras clave de ingenier\u00eda<\/span>\n<\/div>\n\n<div style=\"background: linear-gradient(135deg, #11998e 0%, #38ef7d 100%);padding: 28px;border-radius: 16px;margin: 28px 0;color: white\">\n<div style=\"display: grid;grid-template-columns: repeat(auto-fit, minmax(150px, 1fr));gap: 20px;text-align: center\">\n<div><p style=\"font-size: 32px;font-weight: bold;margin: 0\">70+<\/p><p style=\"margin: 4px 0 0;opacity: 0.9;font-size: 14px\">Palabras clave incluidas<\/p><\/div>\n<div><p style=\"font-size: 32px;font-weight: bold;margin: 0\">6+<\/p><p style=\"margin: 4px 0 0;opacity: 0.9;font-size: 14px\">Disciplinas<\/p><\/div>\n<div><p style=\"font-size: 32px;font-weight: bold;margin: 0\">15+<\/p><p style=\"margin: 4px 0 0;opacity: 0.9;font-size: 14px\">Certificaciones<\/p><\/div>\n<\/div>\n<\/div>\n\n\n<h2 class=\"wp-block-heading\">Por qu\u00e9 las palabras clave en curr\u00edculums de ingenier\u00eda son cruciales para la optimizaci\u00f3n ATS<\/h2>\n\n\n\n<p>En el competitivo mercado laboral actual, tu curr\u00edculum de ingenier\u00eda debe hacer m\u00e1s que solo listar tu experiencia. Debe hablar el idioma de los sistemas de seguimiento de candidatos (ATS). Un ATS es un software utilizado por casi todas las grandes empresas para escanear, analizar y clasificar curr\u00edculums seg\u00fan su relevancia con la descripci\u00f3n del puesto. Sin las <strong>palabras clave adecuadas para curr\u00edculum de ingenier\u00eda<\/strong>, tu postulaci\u00f3n podr\u00eda no llegar nunca a un reclutador humano.<\/p>\n\n\n\n<p>Las palabras clave act\u00faan como se\u00f1ales para estos sistemas, destacando tus habilidades t\u00e9cnicas, dominio de software y experiencia espec\u00edfica del sector. Al integrar estrat\u00e9gicamente estos t\u00e9rminos, aumentas significativamente tus posibilidades de superar el primer filtro ATS y conseguir una entrevista. Esta gu\u00eda te ayudar\u00e1 a identificar y utilizar las palabras clave m\u00e1s impactantes para tu disciplina de ingenier\u00eda.<\/p>\n\n\n\n<h2 class=\"wp-block-heading\">C\u00f3mo usar eficazmente palabras clave de ingenier\u00eda en tu curr\u00edculum: proceso paso a paso<\/h2>\n\n\n\n<p>Optimizar tu curr\u00edculum con palabras clave no es solo listarlas; se trata de colocarlas estrat\u00e9gicamente y en contexto. Sigue estos pasos para maximizar el impacto de tu curr\u00edculum:<\/p>\n\n\n\n<ol class=\"wp-block-list\">\n<li><strong>Analiza la descripci\u00f3n del puesto:<\/strong> Esta es la regla de oro. Cada descripci\u00f3n de puesto es un mapa del tesoro de palabras clave. L\u00e9ela detenidamente, resaltando o anotando todas las habilidades t\u00e9cnicas, software, certificaciones y responsabilidades mencionadas. Presta atenci\u00f3n tanto a habilidades duras como blandas.<\/li>\n<li><strong>Identifica palabras clave principales y sin\u00f3nimos:<\/strong> Extrae las palabras clave directas. Luego, piensa en sin\u00f3nimos o t\u00e9rminos relacionados. Por ejemplo, si se menciona &#8220;CAD&#8221;, considera &#8220;AutoCAD&#8221;, &#8220;SolidWorks&#8221; o &#8220;Modelado 3D&#8221;.<\/li>\n<li><strong>Integra las palabras clave de forma natural:<\/strong>\n<ul>\n<li><strong>Resumen\/Objetivo:<\/strong> Incluye 2-3 palabras clave de alto impacto en tu resumen profesional u objetivo para se\u00f1alar relevancia de inmediato.<\/li>\n<li><strong>Secci\u00f3n de experiencia:<\/strong> Aqu\u00ed es donde brillan las palabras clave. Usa verbos de acci\u00f3n seguidos de palabras clave para describir tus logros. Cuantifica tus resultados siempre que sea posible.<\/li>\n<li><strong>Secci\u00f3n de habilidades:<\/strong> Crea una secci\u00f3n dedicada de &#8220;Habilidades t\u00e9cnicas&#8221; o &#8220;Dominio de software&#8221; donde puedas listar claramente las palabras clave relevantes.<\/li>\n<li><strong>Educaci\u00f3n\/Certificaciones:<\/strong> Incluye palabras clave relacionadas con tu t\u00edtulo, especializaciones y certificaciones relevantes.<\/li>\n<\/ul>\n<\/li>\n<li><strong>Cuantifica logros con palabras clave:<\/strong> No solo listes una habilidad; muestra su impacto. En vez de &#8220;Gestion\u00e9 proyectos&#8221;, prueba &#8220;Gestion\u00e9 m\u00e1s de 10 proyectos de ingenier\u00eda, reduciendo costos en un 15% mediante principios de <span style=\"font-weight:bold\">Lean Manufacturing<\/span>.&#8221;<\/li>\n<li><strong>Revisa y perfecciona:<\/strong> Aseg\u00farate de que tu curr\u00edculum fluya de manera natural y no est\u00e9 &#8220;sobrecargado de palabras clave&#8221;. Un curr\u00edculum sobreoptimizado puede parecer poco natural para un lector humano. Usa herramientas como el analizador de IA de StylingCV para verificar la densidad de palabras clave y la legibilidad.<\/li>\n<\/ol>\n\n\n\n<h2 class=\"wp-block-heading\">Habilidades principales de ingenier\u00eda<\/h2>\n\n<div style=\"background: white;border: 1px solid #e2e8f0;border-radius: 12px;padding: 24px;margin: 20px 0\">\n<div style=\"display: flex;flex-wrap: wrap;gap: 8px\">\n<span style=\"background: #e8f5e9;color: #2e7d32;padding: 8px 14px;border-radius: 6px;font-size: 14px;font-weight: 500\">Dise\u00f1o de ingenier\u00eda<\/span>\n<span style=\"background: #e8f5e9;color: #2e7d32;padding: 8px 14px;border-radius: 6px;font-size: 14px;font-weight: 500\">An\u00e1lisis t\u00e9cnico<\/span>\n<span style=\"background: #e8f5e9;color: #2e7d32;padding: 8px 14px;border-radius: 6px;font-size: 14px;font-weight: 500\">Resoluci\u00f3n de problemas<\/span>\n<span style=\"background: #e8f5e9;color: #2e7d32;padding: 8px 14px;border-radius: 6px;font-size: 14px;font-weight: 500\">Aseguramiento de calidad<\/span>\n<span style=\"background: #e8f5e9;color: #2e7d32;padding: 8px 14px;border-radius: 6px;font-size: 14px;font-weight: 500\">Pruebas y validaci\u00f3n<\/span>\n<span style=\"background: #e8f5e9;color: #2e7d32;padding: 8px 14px;border-radius: 6px;font-size: 14px;font-weight: 500\">An\u00e1lisis de causa ra\u00edz<\/span>\n<span style=\"background: #e8f5e9;color: #2e7d32;padding: 8px 14px;border-radius: 6px;font-size: 14px;font-weight: 500\">Mejora de procesos<\/span>\n<span style=\"background: #e8f5e9;color: #2e7d32;padding: 8px 14px;border-radius: 6px;font-size: 14px;font-weight: 500\">Documentaci\u00f3n t\u00e9cnica<\/span>\n<span style=\"background: #e8f5e9;color: #2e7d32;padding: 8px 14px;border-radius: 6px;font-size: 14px;font-weight: 500\">Estudios de viabilidad<\/span>\n<span style=\"background: #e8f5e9;color: #2e7d32;padding: 8px 14px;border-radius: 6px;font-size: 14px;font-weight: 500\">Prototipado<\/span>\n<span style=\"background: #e8f5e9;color: #2e7d32;padding: 8px 14px;border-radius: 6px;font-size: 14px;font-weight: 500\">Gesti\u00f3n de riesgos<\/span>\n<span style=\"background: #e8f5e9;color: #2e7d32;padding: 8px 14px;border-radius: 6px;font-size: 14px;font-weight: 500\">Integraci\u00f3n de sistemas<\/span>\n<span style=\"background: #e8f5e9;color: #2e7d32;padding: 8px 14px;border-radius: 6px;font-size: 14px;font-weight: 500\">An\u00e1lisis de datos<\/span>\n<\/div>\n\n\n\n<p>\ud83d\udc49 <a href=\"https:\/\/stylingcv.com\/ats-resume-checker\/\">Verificador de curr\u00edculum ATS<\/a><\/p>\n\n<p>\ud83d\udc49 <a href=\"https:\/\/stylingcv.com\/resume-templates\/\">ver plantillas de curr\u00edculum<\/a><\/p>\n\n<p><strong>\ud83d\udca1 Consejo profesional:<\/strong> StylingCV no es solo un creador de curr\u00edculums \u2014 es un creador inteligente con IA que piensa. <a href=\"https:\/\/stylingcv.com\/resume-builder\/\">Creador inteligente de StylingCV<\/a> en menos de 2 minutos.<\/p>\n<\/div>\n\n\n<h2 class=\"wp-block-heading\">Software y herramientas de ingenier\u00eda<\/h2>\n\n<div style=\"background: white;border: 1px solid #e2e8f0;border-radius: 12px;padding: 24px;margin: 20px 0\">\n<div style=\"display: flex;flex-wrap: wrap;gap: 8px\">\n<span style=\"background: #e3f2fd;color: #1565c0;padding: 8px 14px;border-radius: 6px;font-size: 14px;font-weight: 500\">AutoCAD<\/span>\n<span style=\"background: #e3f2fd;color: #1565c0;padding: 8px 14px;border-radius: 6px;font-size: 14px;font-weight: 500\">SolidWorks<\/span>\n<span style=\"background: #e3f2fd;color: #1565c0;padding: 8px 14px;border-radius: 6px;font-size: 14px;font-weight: 500\">CATIA<\/span>\n<span style=\"background: #e3f2fd;color: #1565c0;padding: 8px 14px;border-radius: 6px;font-size: 14px;font-weight: 500\">MATLAB<\/span>\n<span style=\"background: #e3f2fd;color: #1565c0;padding: 8px 14px;border-radius<div style=\"background:linear-gradient(135deg,#f8f9fa 0%,#e9ecef 100%);border-radius:12px;padding:25px 30px;margin:30px 0;border-left:4px solid #268599\"><h3 style=\"color:#268599;margin-top:0;font-size:1.2rem\">Explora m\u00e1s recursos<\/h3><ul style=\"list-style:none;padding:0;margin:0\"><li style=\"margin-bottom:10px\"><a href=\"\/resume-builder\/\" style=\"color:#268599;font-weight:600\">Crea tu curr\u00edculum ahora<\/a><\/li><li style=\"margin-bottom:10px\"><a href=\"\/guides\/\" style=\"color:#268599;font-weight:600\">Ver todas las gu\u00edas de carrera<\/a><\/li><li style=\"margin-bottom:10px\"><a href=\"\/ats-resume-checker\/\" style=\"color:#268599;font-weight:600\">Verifica tu puntuaci\u00f3n ATS<\/a><\/li><li style=\"margin-bottom:10px\"><a href=\"\/resume-templates\/\" style=\"color:#268599;font-weight:600\">Ver plantillas profesionales de curr\u00edculum<\/a><\/li><\/ul><h4 style=\"color:#495057;margin-top:15px;font-size:1rem\">Gu\u00edas relacionadas:<\/h4><ul style=\"list-style:none;padding:0;margin:0\"><li style=\"margin-bottom:8px\"><a href=\"\/guides\/resume-keywords-legal\/\">Palabras clave para curr\u00edculum legal: m\u00e1s de 60 t\u00e9rminos optimizados para ATS para abogados y paralegales (2026)<\/a><\/li><li style=\"margin-bottom:8px\"><a href=\"\/guides\/resume-keywords-sales\/\">Palabras clave para curr\u00edculum de ventas: m\u00e1s de 65 t\u00e9rminos optimizados para ATS para profesionales de ventas (2026)<\/a><\/li><li style=\"margin-bottom:8px\"><a href=\"\/guides\/resume-keywords-finance\/\">Palabras clave para curr\u00edculum de finanzas: m\u00e1s de 65 t\u00e9rminos optimizados para ATS para banca y contabilidad (2026)<\/a><\/li><\/ul><\/div><!-- stylingcv-hub-links --><div class=\"stylingcv-related-resources\" style=\"margin-top:30px;padding:20px;background:#f8f9fa;border-left:4px solid #1abc9c;border-radius:4px;\"><h3 style=\"margin-top:0;color:#2c3e50;\">Explora m\u00e1s recursos<\/h3><ul style=\"list-style:none;padding:0;\"><li><a href=\"https:\/\/stylingcv.com\/resume-builder\/\">Creador de curr\u00edculum<\/a> &mdash; Tu gu\u00eda completa<\/li><li><a href=\"https:\/\/stylingcv.com\/how-do-i-list-freelance-work-on-my-resume\/\">\u00bfC\u00f3mo listar trabajo freelance en mi curr\u00edculum?<\/a><\/li><li><a href=\"https:\/\/stylingcv.com\/resume-writing-resume-revival-crash-course\/\">Curso intensivo de revitalizaci\u00f3n de curr\u00edculum<\/a><\/li><li><a href=\"https:\/\/stylingcv.com\/resume-action-verbs\/\">M\u00e1s de 200 verbos de acci\u00f3n para curr\u00edculum que consiguen entrevistas (lista 2026)<\/a><\/li><\/ul><p style=\"margin-bottom:0;font-size:14px;color:#7f8c8d;\">No solo un creador de curr\u00edculum &mdash; un creador inteligente con IA que piensa. <a href=\"https:\/\/stylingcv.com\/resume-builder\/\" style=\"color:#1abc9c;font-weight:bold;\">Crea tu curr\u00edculum en menos de 2 minutos &rarr;<\/a><\/p><\/div><!-- \/stylingcv-hub-links -->","protected":false},"excerpt":{"rendered":"<p>Obt\u00e9n m\u00e1s de 70 palabras clave de ingenier\u00eda optimizadas para ATS. T\u00e9rminos esenciales para ingenieros mec\u00e1nicos, civiles, el\u00e9ctricos y de software para superar sistemas ATS.<\/p>\n","protected":false},"author":0,"featured_media":0,"parent":295,"menu_order":0,"comment_status":"closed","ping_status":"closed","template":"","meta":{"footnotes":""},"class_list":["post-638","page","type-page","status-publish","hentry"," c-blog-1-item  nt-post-class"],"yoast_head":"<!-- This site is optimized with the Yoast SEO Premium plugin v26.5 (Yoast SEO v26.5) - https:\/\/yoast.com\/wordpress\/plugins\/seo\/ -->\n<title>Palabras clave para curr\u00edculum de ingenier\u00eda: 70+ t\u00e9rminos<\/title>\n<meta name=\"description\" content=\"Obt\u00e9n m\u00e1s de 70 palabras clave de ingenier\u00eda optimizadas para ATS. T\u00e9rminos esenciales para ingenieros mec\u00e1nicos, civiles, el\u00e9ctricos y de software para\" \/>\n<meta name=\"robots\" content=\"index, follow, max-snippet:-1, max-image-preview:large, max-video-preview:-1\" \/>\n<link rel=\"canonical\" href=\"https:\/\/stylingcv.com\/es\/guides\/resume-keywords-engineering\/\" \/>\n<meta property=\"og:locale\" content=\"en_US\" \/>\n<meta property=\"og:type\" content=\"article\" \/>\n<meta property=\"og:title\" content=\"Palabras clave para curr\u00edculum de ingenier\u00eda: m\u00e1s de 70 t\u00e9rminos optimizados para ATS (2026)\" \/>\n<meta property=\"og:description\" content=\"Obt\u00e9n m\u00e1s de 70 palabras clave de ingenier\u00eda optimizadas para ATS. T\u00e9rminos esenciales para ingenieros mec\u00e1nicos, civiles, el\u00e9ctricos y de software para\" \/>\n<meta property=\"og:url\" content=\"https:\/\/stylingcv.com\/es\/guides\/resume-keywords-engineering\/\" \/>\n<meta property=\"og:site_name\" content=\"StylingCV - Espa\u00f1ol\" \/>\n<meta name=\"twitter:card\" content=\"summary_large_image\" \/>\n<meta name=\"twitter:label1\" content=\"Est. reading time\" \/>\n\t<meta name=\"twitter:data1\" content=\"3 minutes\" \/>\n<script type=\"application\/ld+json\" class=\"yoast-schema-graph\">{\"@context\":\"https:\/\/schema.org\",\"@graph\":[{\"@type\":\"WebPage\",\"@id\":\"https:\/\/wp.stylingcv.com\/es\/guides\/resume-keywords-engineering\/\",\"url\":\"https:\/\/wp.stylingcv.com\/es\/guides\/resume-keywords-engineering\/\",\"name\":\"Palabras clave para curr\u00edculum de ingenier\u00eda: 70+ t\u00e9rminos\",\"isPartOf\":{\"@id\":\"https:\/\/wp.stylingcv.com\/es\/#website\"},\"datePublished\":\"2026-01-22T12:19:56+00:00\",\"description\":\"Obt\u00e9n m\u00e1s de 70 palabras clave de ingenier\u00eda optimizadas para ATS. T\u00e9rminos esenciales para ingenieros mec\u00e1nicos, civiles, el\u00e9ctricos y de software para\",\"breadcrumb\":{\"@id\":\"https:\/\/wp.stylingcv.com\/es\/guides\/resume-keywords-engineering\/#breadcrumb\"},\"inLanguage\":\"en-US\",\"potentialAction\":[{\"@type\":\"ReadAction\",\"target\":[\"https:\/\/wp.stylingcv.com\/es\/guides\/resume-keywords-engineering\/\"]}]},{\"@type\":\"BreadcrumbList\",\"@id\":\"https:\/\/wp.stylingcv.com\/es\/guides\/resume-keywords-engineering\/#breadcrumb\",\"itemListElement\":[{\"@type\":\"ListItem\",\"position\":1,\"name\":\"Home\",\"item\":\"https:\/\/wp.stylingcv.com\/es\/\"},{\"@type\":\"ListItem\",\"position\":2,\"name\":\"Gu\u00edas de Curr\u00edculum y Carrera: Recursos Expertos para Buscadores de Empleo\",\"item\":\"https:\/\/wp.stylingcv.com\/es\/guides\/\"},{\"@type\":\"ListItem\",\"position\":3,\"name\":\"Palabras clave para curr\u00edculum de ingenier\u00eda: m\u00e1s de 70 t\u00e9rminos optimizados para ATS (2026)\"}]},{\"@type\":\"WebSite\",\"@id\":\"https:\/\/wp.stylingcv.com\/es\/#website\",\"url\":\"https:\/\/wp.stylingcv.com\/es\/\",\"name\":\"StylingCV - Espa\u00f1ol\",\"description\":\"\",\"potentialAction\":[{\"@type\":\"SearchAction\",\"target\":{\"@type\":\"EntryPoint\",\"urlTemplate\":\"https:\/\/wp.stylingcv.com\/es\/?s={search_term_string}\"},\"query-input\":{\"@type\":\"PropertyValueSpecification\",\"valueRequired\":true,\"valueName\":\"search_term_string\"}}],\"inLanguage\":\"en-US\"}]}<\/script>\n<!-- \/ Yoast SEO Premium plugin. -->","yoast_head_json":{"title":"Palabras clave para curr\u00edculum de ingenier\u00eda: 70+ t\u00e9rminos","description":"Obt\u00e9n m\u00e1s de 70 palabras clave de ingenier\u00eda optimizadas para ATS. T\u00e9rminos esenciales para ingenieros mec\u00e1nicos, civiles, el\u00e9ctricos y de software para","robots":{"index":"index","follow":"follow","max-snippet":"max-snippet:-1","max-image-preview":"max-image-preview:large","max-video-preview":"max-video-preview:-1"},"canonical":"https:\/\/stylingcv.com\/es\/guides\/resume-keywords-engineering\/","og_locale":"en_US","og_type":"article","og_title":"Palabras clave para curr\u00edculum de ingenier\u00eda: m\u00e1s de 70 t\u00e9rminos optimizados para ATS (2026)","og_description":"Obt\u00e9n m\u00e1s de 70 palabras clave de ingenier\u00eda optimizadas para ATS. T\u00e9rminos esenciales para ingenieros mec\u00e1nicos, civiles, el\u00e9ctricos y de software para","og_url":"https:\/\/stylingcv.com\/es\/guides\/resume-keywords-engineering\/","og_site_name":"StylingCV - Espa\u00f1ol","twitter_card":"summary_large_image","twitter_misc":{"Est. reading time":"3 minutes"},"schema":{"@context":"https:\/\/schema.org","@graph":[{"@type":"WebPage","@id":"https:\/\/wp.stylingcv.com\/es\/guides\/resume-keywords-engineering\/","url":"https:\/\/wp.stylingcv.com\/es\/guides\/resume-keywords-engineering\/","name":"Palabras clave para curr\u00edculum de ingenier\u00eda: 70+ t\u00e9rminos","isPartOf":{"@id":"https:\/\/wp.stylingcv.com\/es\/#website"},"datePublished":"2026-01-22T12:19:56+00:00","description":"Obt\u00e9n m\u00e1s de 70 palabras clave de ingenier\u00eda optimizadas para ATS. T\u00e9rminos esenciales para ingenieros mec\u00e1nicos, civiles, el\u00e9ctricos y de software para","breadcrumb":{"@id":"https:\/\/wp.stylingcv.com\/es\/guides\/resume-keywords-engineering\/#breadcrumb"},"inLanguage":"en-US","potentialAction":[{"@type":"ReadAction","target":["https:\/\/wp.stylingcv.com\/es\/guides\/resume-keywords-engineering\/"]}]},{"@type":"BreadcrumbList","@id":"https:\/\/wp.stylingcv.com\/es\/guides\/resume-keywords-engineering\/#breadcrumb","itemListElement":[{"@type":"ListItem","position":1,"name":"Home","item":"https:\/\/wp.stylingcv.com\/es\/"},{"@type":"ListItem","position":2,"name":"Gu\u00edas de Curr\u00edculum y Carrera: Recursos Expertos para Buscadores de Empleo","item":"https:\/\/wp.stylingcv.com\/es\/guides\/"},{"@type":"ListItem","position":3,"name":"Palabras clave para curr\u00edculum de ingenier\u00eda: m\u00e1s de 70 t\u00e9rminos optimizados para ATS (2026)"}]},{"@type":"WebSite","@id":"https:\/\/wp.stylingcv.com\/es\/#website","url":"https:\/\/wp.stylingcv.com\/es\/","name":"StylingCV - Espa\u00f1ol","description":"","potentialAction":[{"@type":"SearchAction","target":{"@type":"EntryPoint","urlTemplate":"https:\/\/wp.stylingcv.com\/es\/?s={search_term_string}"},"query-input":{"@type":"PropertyValueSpecification","valueRequired":true,"valueName":"search_term_string"}}],"inLanguage":"en-US"}]}},"_links":{"self":[{"href":"https:\/\/wp.stylingcv.com\/es\/wp-json\/wp\/v2\/pages\/638","targetHints":{"allow":["GET"]}}],"collection":[{"href":"https:\/\/wp.stylingcv.com\/es\/wp-json\/wp\/v2\/pages"}],"about":[{"href":"https:\/\/wp.stylingcv.com\/es\/wp-json\/wp\/v2\/types\/page"}],"replies":[{"embeddable":true,"href":"https:\/\/wp.stylingcv.com\/es\/wp-json\/wp\/v2\/comments?post=638"}],"version-history":[{"count":0,"href":"https:\/\/wp.stylingcv.com\/es\/wp-json\/wp\/v2\/pages\/638\/revisions"}],"up":[{"embeddable":true,"href":"https:\/\/wp.stylingcv.com\/es\/wp-json\/wp\/v2\/pages\/295"}],"wp:attachment":[{"href":"https:\/\/wp.stylingcv.com\/es\/wp-json\/wp\/v2\/media?parent=638"}],"curies":[{"name":"wp","href":"https:\/\/api.w.org\/{rel}","templated":true}]}}