{"id":635,"date":"2026-01-22T12:19:31","date_gmt":"2026-01-22T12:19:31","guid":{"rendered":"https:\/\/stylingcv.com\/es\/palabras-clave-curriculum-gestion-proyectos\/"},"modified":"2026-01-22T12:19:31","modified_gmt":"2026-01-22T12:19:31","slug":"project-management-resume-keywords","status":"publish","type":"page","link":"https:\/\/wp.stylingcv.com\/es\/resume-keywords\/project-management-resume-keywords\/","title":{"rendered":"Palabras clave para curr\u00edculum de gesti\u00f3n de proyectos: M\u00e1s de 70 t\u00e9rminos optimizados para ATS (2026)"},"content":{"rendered":"\n<h1 class=\"wp-block-heading\">Palabras clave para curr\u00edculum de gesti\u00f3n de proyectos: M\u00e1s de 70 t\u00e9rminos optimizados para ATS (2026)<\/h1>\n\n\n<p class=\"lead-paragraph\" style=\"font-size: 1.2rem;color: #4a5568;line-height: 1.8;margin-bottom: 2rem\">Consigue entrevistas exitosas con las palabras clave adecuadas. Esta gu\u00eda incluye <strong>m\u00e1s de 70 palabras clave optimizadas para ATS en gesti\u00f3n de proyectos<\/strong> para PMs, gerentes de programas y Scrum Masters.<\/p>\n<p><a href=\"https:\/\/stylingcv.com\/guides\/\">aprende c\u00f3mo escribir un curr\u00edculum<\/a><\/p>\n\n\n<div style=\"margin: 20px 0;font-size: 14px\">\n<a href=\"\/ai-tools-tech\/resume-keywords-how-ai-identifies-the-right-keywords\/\" style=\"color: #268599\">Gu\u00eda de palabras clave para curr\u00edculum<\/a> \u2192 <span style=\"color: #718096\">Palabras clave de gesti\u00f3n de proyectos<\/span>\n<\/div>\n\n<div style=\"background: linear-gradient(135deg, #667eea 0%, #764ba2 100%);padding: 28px;border-radius: 16px;margin: 28px 0;color: white\">\n<div style=\"grid-template-columns: repeat(auto-fit, minmax(150px, 1fr));gap: 20px;text-align: center\">\n<div><p style=\"font-size: 32px;font-weight: bold;margin: 0\">70+<\/p><p style=\"margin: 4px 0 0;opacity: 0.9;font-size: 14px\">Palabras clave incluidas<\/p><\/div>\n<div><p style=\"font-size: 32px;font-weight: bold;margin: 0\">7<\/p><p style=\"margin: 4px 0 0;opacity: 0.9;font-size: 14px\">Especializaciones<\/p><\/div>\n<div><p style=\"font-size: 32px;font-weight: bold;margin: 0\">10+<\/p><p style=\"margin: 4px 0 0;opacity: 0.9;font-size: 14px\">Certificaciones<\/p><\/div>\n<\/div>\n<\/div>\n\n<h2>Palabras clave de metodolog\u00edas PM<\/h2>\n<div style=\"background: white;border: 1px solid #e2e8f0;border-radius: 12px;padding: 24px;margin: 20px 0\">\n<div style=\"flex-wrap: wrap;gap: 8px\">\n<span style=\"background: #e8eaf6;color: #3949ab;padding: 8px 14px;border-radius: 6px;font-size: 14px;font-weight: 500\">\u00c1gil<\/span>\n<span style=\"background: #e8eaf6;color: #3949ab;padding: 8px 14px;border-radius: 6px;font-size: 14px;font-weight: 500\">Scrum<\/span>\n<span style=\"background: #e8eaf6;color: #3949ab;padding: 8px 14px;border-radius: 6px;font-size: 14px;font-weight: 500\">Kanban<\/span>\n<span style=\"background: #e8eaf6;color: #3949ab;padding: 8px 14px;border-radius: 6px;font-size: 14px;font-weight: 500\">Cascada<\/span>\n<span style=\"background: #e8eaf6;color: #3949ab;padding: 8px 14px;border-radius: 6px;font-size: 14px;font-weight: 500\">Lean<\/span>\n<span style=\"background: #e8eaf6;color: #3949ab;padding: 8px 14px;border-radius: 6px;font-size: 14px;font-weight: 500\">Six Sigma<\/span>\n<span style=\"background: #e8eaf6;color: #3949ab;padding: 8px 14px;border-radius: 6px;font-size: 14px;font-weight: 500\">Metodolog\u00eda h\u00edbrida<\/span>\n<span style=\"background: #e8eaf6;color: #3949ab;padding: 8px 14px;border-radius: 6px;font-size: 14px;font-weight: 500\">SAFe (Scaled Agile Framework)<\/span>\n<span style=\"background: #e8eaf6;color: #3949ab;padding: 8px 14px;border-radius: 6px;font-size: 14px;font-weight: 500\">PMBOK<\/span>\n<span style=\"background: #e8eaf6;color: #3949ab;padding: 8px 14px;border-radius: 6px;font-size: 14px;font-weight: 500\">Prince2<\/span>\n<\/div>\n<\/div>\n\n<h2>Palabras clave de ejecuci\u00f3n de proyectos<\/h2>\n<div style=\"background: white;border: 1px solid #e2e8f0;border-radius: 12px;padding: 24px;margin: 20px 0\">\n<div style=\"flex-wrap: wrap;gap: 8px\">\n<span style=\"background: #e0f7fa;color: #00838f;padding: 8px 14px;border-radius: 6px;font-size: 14px;font-weight: 500\">Planificaci\u00f3n de proyectos<\/span>\n<span style=\"background: #e0f7fa;color: #00838f;padding: 8px 14px;border-radius: 6px;font-size: 14px;font-weight: 500\">Planificaci\u00f3n de sprints<\/span>\n<span style=\"background: #e0f7fa;color: #00838f;padding: 8px 14px;border-radius: 6px;font-size: 14px;font-weight: 500\">Gesti\u00f3n del backlog<\/span>\n<span style=\"background: #e0f7fa;color: #00838f;padding: 8px 14px;border-radius: 6px;font-size: 14px;font-weight: 500\">Asignaci\u00f3n de recursos<\/span>\n<span style=\"background: #e0f7fa;color: #00838f;padding: 8px 14px;border-radius: 6px;font-size: 14px;font-weight: 500\">Gesti\u00f3n de cronogramas<\/span>\n<span style=\"background: #e0f7fa;color: #00838f;padding: 8px 14px;border-radius: 6px;font-size: 14px;font-weight: 500\">Seguimiento de hitos<\/span>\n<span style=\"background: #e0f7fa;color: #00838f;padding: 8px 14px;border-radius: 6px;font-size: 14px;font-weight: 500\">Gesti\u00f3n de riesgos<\/span>\n<span style=\"background: #e0f7fa;color: #00838f;padding: 8px 14px;border-radius: 6px;font-size: 14px;font-weight: 500\">Gesti\u00f3n del cambio<\/span>\n<span style=\"background: #e0f7fa;color: #00838f;padding: 8px 14px;border-radius: 6px;font-size: 14px;font-weight: 500\">Gesti\u00f3n del alcance<\/span>\n<span style=\"background: #e0f7fa;color: #00838f;padding: 8px 14px;border-radius: 6px;font-size: 14px;font-weight: 500\">Gesti\u00f3n de presupuesto<\/span>\n<\/div>\n<\/div>\n\n<h2>Herramientas y software de PM<\/h2>\n<div style=\"background: white;border: 1px solid #e2e8f0;border-radius: 12px;padding: 24px;margin: 20px 0\">\n<div style=\"flex-wrap: wrap;gap: 8px\">\n<span style=\"background: #e8f5e9;color: #2e7d32;padding: 8px 14px;border-radius: 6px;font-size: 14px;font-weight: 500\">Jira<\/span>\n<span style=\"background: #e8f5e9;color: #2e7d32;padding: 8px 14px;border-radius: 6px;font-size: 14px;font-weight: 500\">Asana<\/span>\n<span style=\"background: #e8f5e9;color: #2e7d32;padding: 8px 14px;border-radius: 6px;font-size: 14px;font-weight: 500\">Monday.com<\/span>\n<span style=\"background: #e8f5e9;color: #2e7d32;padding: 8px 14px;border-radius: 6px;font-size: 14px;font-weight: 500\">Microsoft Project<\/span>\n<span style=\"background: #e8f5e9;color: #2e7d32;padding: 8px 14px;border-radius: 6px;font-size: 14px;font-weight: 500\">Trello<\/span>\n<span style=\"background: #e8f5e9;color: #2e7d32;padding: 8px 14px;border-radius: 6px;font-size: 14px;font-weight: 500\">Confluence<\/span>\n<span style=\"background: #e8f5e9;color: #2e7d32;padding: 8px 14px;border-radius: 6px;font-size: 14px;font-weight: 500\">Smartsheet<\/span>\n<span style=\"background: #e8f5e9;color: #2e7d32;padding: 8px 14px;border-radius: 6px;font-size: 14px;font-weight: 500\">Diagramas de Gantt<\/span>\n<\/div>\n<\/div>\n\n<h2>Certificaciones de PM<\/h2>\n<div style=\"background: white;border: 1px solid #e2e8f0;border-radius: 12px;padding: 24px;margin: 20px 0\">\n<div style=\"flex-wrap: wrap;gap: 8px\">\n<span style=\"background: #c8e6c9;color: #2e7d32;padding: 8px 14px;border-radius: 6px;font-size: 14px;font-weight: 500\">PMP (Project Management Professional)<\/span>\n<span style=\"background: #c8e6c9;color: #2e7d32;padding: 8px 14px;border-radius: 6px;font-size: 14px;font-weight: 500\">Certified ScrumMaster (CSM)<\/span>\n<span style=\"background: #c8e6c9;color: #2e7d32;padding: 8px 14px;border-radius: 6px;font-size: 14px;font-weight: 500\">PMI-ACP (Agile Certified Practitioner)<\/span>\n<span style=\"background: #c8e6c9;color: #2e7d32;padding: 8px 14px;border-radius: 6px;font-size: 14px;font-weight: 500\">CAPM<\/span>\n<span style=\"background: #c8e6c9;color: #2e7d32;padding: 8px 14px;border-radius: 6px;font-size: 14px;font-weight: 500\">Prince2 Practitioner<\/span>\n<span style=\"background: #c8e6c9;color: #2e7d32;padding: 8px 14px;border-radius: 6px;font-size: 14px;font-weight: 500\">SAFe Certified<\/span>\n<\/div>\n<\/div>\n\n<div style=\"background: linear-gradient(135deg, #667eea 0%, #764ba2 100%);padding: 36px;border-radius: 16px;margin: 36px 0;text-align: center;color: white\">\n<h3 style=\"color: white;margin: 0 0 12px;font-size: 24px\">Crea tu curr\u00edculum de PM<\/h3>\n<p style=\"font-size: 16px;margin: 0 0 20px;opacity: 0.95\">Crea un curr\u00edculum de gestor de proyectos optimizado para ATS.<\/p>\n\n<h2 class=\"wp-block-heading\">Deja que la IA a\u00f1ada estas palabras clave por ti<\/h2>\n\n\n\n<p>Deja de adivinar qu\u00e9 palabras clave usar. Nuestra IA analiza descripciones de empleo y optimiza tu curr\u00edculum autom\u00e1ticamente.<\/p>\n\n\n<a href=\"https:\/\/ai.stylingcv.com?utm_source=stylingcv&utm_medium=website&utm_campaign=cta&utm_content=project-management-resume-keywords\" style=\"background: white;color: #268599;padding: 14px 36px;border-radius: 50px;text-decoration: none;font-weight: 700;font-size: 16px\">Crear curr\u00edculum de PM \u2192<\/a>\n\n\n\n<p>\ud83d\udc49 <a href=\"https:\/\/stylingcv.com\/ats-resume-checker\/\">Comprobador de puntuaci\u00f3n ATS<\/a><\/p>\n\n<p>\ud83d\udc49 <a href=\"https:\/\/stylingcv.com\/resume-templates\/\">plantillas de curr\u00edculum gratis<\/a><\/p>\n\n<p><strong>\ud83d\udca1 Consejo Pro:<\/strong> StylingCV no es solo un creador de curr\u00edculums \u2014 es un creador inteligente con IA que piensa. <a href=\"https:\/\/stylingcv.com\/resume-builder\/\">crea un curr\u00edculum profesional en 2 minutos<\/a> en menos de 2 minutos.<\/p>\n<\/div>\n\n<div style=\"background:linear-gradient(135deg,#f8f9fa 0%,#e9ecef 100%);border-radius:12px;padding:25px 30px;margin:30px 0;border-left:4px solid #268599\"><h3 style=\"color:#268599;margin-top:0;font-size:1.2rem\">Explora m\u00e1s recursos<\/h3><ul style=\"padding:0;margin:0\"><li style=\"margin-bottom:10px\"><a href=\"\/resume-builder\/\" style=\"color:#268599;font-weight:600\">Crea tu curr\u00edculum ahora<\/a><\/li><li style=\"margin-bottom:10px\"><a href=\"\/guides\/\" style=\"color:#268599;font-weight:600\">Ver todas las gu\u00edas de carrera<\/a><\/li><li style=\"margin-bottom:10px\"><a href=\"\/ats-resume-checker\/\" style=\"color:#268599;font-weight:600\">Comprueba tu puntuaci\u00f3n ATS<\/a><\/li><li style=\"margin-bottom:10px\"><a href=\"\/resume-templates\/\" style=\"color:#268599;font-weight:600\">Ver plantillas de curr\u00edculum profesionales<\/a><\/li><\/ul><h4 style=\"color:#495057;margin-top:15px;font-size:1rem\">Gu\u00edas relacionadas:<\/h4><ul style=\"padding:0;margin:0\"><li style=\"margin-bottom:8px\"><a href=\"\/guides\/resume-keywords-finance\/\">Palabras clave para curr\u00edculum de finanzas: M\u00e1s de 65 t\u00e9rminos optimizados para ATS en banca y contabilidad (2026)<\/a><\/li><li style=\"margin-bottom:8px\"><a href=\"\/guides\/resume-keywords-legal\/\">Palabras clave para curr\u00edculum legal: M\u00e1s de 60 t\u00e9rminos optimizados para ATS para abogados y paralegales (2026)<\/a><\/li><li style=\"margin-bottom:8px\"><a href=\"\/guides\/resume-keywords-hr\/\">Palabras clave para curr\u00edculum de RRHH: M\u00e1s de 60 t\u00e9rminos optimizados para ATS en recursos humanos (2026)<\/a><\/li><\/ul><\/div><!-- stylingcv-hub-links --><div class=\"stylingcv-related-resources\" style=\"margin-top:30px;padding:20px;background:#f8f9fa;border-left:4px solid #1abc9c;border-radius:4px\"><h3 style=\"margin-top:0;color:#2c3e50\">Explora m\u00e1s recursos<\/h3><ul style=\"padding:0\"><li><a href=\"https:\/\/stylingcv.com\/resume-builder\/\">Creador de curr\u00edculums<\/a> &mdash; Tu gu\u00eda completa<\/li><li><a href=\"https:\/\/stylingcv.com\/resume-format-80\/\">\u00bfC\u00f3mo manejo el formato en mi curr\u00edculum de manera efectiva?<\/a><\/li><li><a href=\"https:\/\/stylingcv.com\/what-are-the-benefits-of-stylingcvs-customizable-templates\/\">\u00bfCu\u00e1les son los beneficios de las plantillas personalizables de StylingCV?<\/a><\/li><li><a href=\"https:\/\/stylingcv.com\/your-10-step-guide-to-writing-the-perfect-resume\/\">Tu gu\u00eda de 10 pasos para escribir el curr\u00edculum perfecto<\/a><\/li><\/ul><p style=\"margin-bottom:0;font-size:14px;color:#7f8c8d\">No solo un creador de curr\u00edculums &mdash; un creador inteligente con IA que piensa. <a href=\"https:\/\/stylingcv.com\/resume-builder\/\" style=\"color:#1abc9c;font-weight:bold\">Crea tu curr\u00edculum en menos de 2 minutos &rarr;<\/a><\/p><\/div><!-- \/stylingcv-hub-links --><style>.entry-content a[href*=\"ai.stylingcv.com\"]:not(.scv-exit-cta){transition:transform 0.2s ease,box-shadow 0.2s ease}.entry-content a[href*=\"ai.stylingcv.com\"]:not(.scv-exit-cta):hover{transform:translateY(-2px);box-shadow:0 4px 12px rgba(38,133,153,0.25)}<\/style>","protected":false},"excerpt":{"rendered":"<p>Descubre m\u00e1s de 70 palabras clave optimizadas para ATS en gesti\u00f3n de proyectos. T\u00e9rminos esenciales para PMP, Scrum Masters y gerentes de programas en 2026.<\/p>\n","protected":false},"author":0,"featured_media":0,"parent":1035,"menu_order":0,"comment_status":"closed","ping_status":"closed","template":"","meta":{"footnotes":""},"class_list":["post-635","page","type-page","status-publish","hentry"," c-blog-1-item  nt-post-class"],"yoast_head":"<!-- This site is optimized with the Yoast SEO Premium plugin v26.5 (Yoast SEO v26.5) - https:\/\/yoast.com\/wordpress\/plugins\/seo\/ -->\n<title>Palabras clave para curr\u00edculum de gesti\u00f3n de proyectos:<\/title>\n<meta name=\"description\" content=\"Descubre m\u00e1s de 70 palabras clave optimizadas para ATS en gesti\u00f3n de proyectos. T\u00e9rminos esenciales para PMP, Scrum Masters y gerentes de programas en 2026.\" \/>\n<meta name=\"robots\" content=\"index, follow, max-snippet:-1, max-image-preview:large, max-video-preview:-1\" \/>\n<link rel=\"canonical\" href=\"https:\/\/stylingcv.com\/es\/resume-keywords\/project-management-resume-keywords\/\" \/>\n<meta property=\"og:locale\" content=\"en_US\" \/>\n<meta property=\"og:type\" content=\"article\" \/>\n<meta property=\"og:title\" content=\"Palabras clave para curr\u00edculum de gesti\u00f3n de proyectos: M\u00e1s de 70 t\u00e9rminos optimizados para ATS (2026)\" \/>\n<meta property=\"og:description\" content=\"Descubre m\u00e1s de 70 palabras clave optimizadas para ATS en gesti\u00f3n de proyectos. T\u00e9rminos esenciales para PMP, Scrum Masters y gerentes de programas en 2026.\" \/>\n<meta property=\"og:url\" content=\"https:\/\/stylingcv.com\/es\/resume-keywords\/project-management-resume-keywords\/\" \/>\n<meta property=\"og:site_name\" content=\"StylingCV - Espa\u00f1ol\" \/>\n<meta name=\"twitter:card\" content=\"summary_large_image\" \/>\n<meta name=\"twitter:label1\" content=\"Est. reading time\" \/>\n\t<meta name=\"twitter:data1\" content=\"2 minutes\" \/>\n<script type=\"application\/ld+json\" class=\"yoast-schema-graph\">{\"@context\":\"https:\/\/schema.org\",\"@graph\":[{\"@type\":\"WebPage\",\"@id\":\"https:\/\/wp.stylingcv.com\/es\/resume-keywords\/project-management-resume-keywords\/\",\"url\":\"https:\/\/wp.stylingcv.com\/es\/resume-keywords\/project-management-resume-keywords\/\",\"name\":\"Palabras clave para curr\u00edculum de gesti\u00f3n de proyectos:\",\"isPartOf\":{\"@id\":\"https:\/\/wp.stylingcv.com\/es\/#website\"},\"datePublished\":\"2026-01-22T12:19:31+00:00\",\"description\":\"Descubre m\u00e1s de 70 palabras clave optimizadas para ATS en gesti\u00f3n de proyectos. T\u00e9rminos esenciales para PMP, Scrum Masters y gerentes de programas en 2026.\",\"breadcrumb\":{\"@id\":\"https:\/\/wp.stylingcv.com\/es\/resume-keywords\/project-management-resume-keywords\/#breadcrumb\"},\"inLanguage\":\"en-US\",\"potentialAction\":[{\"@type\":\"ReadAction\",\"target\":[\"https:\/\/wp.stylingcv.com\/es\/resume-keywords\/project-management-resume-keywords\/\"]}]},{\"@type\":\"BreadcrumbList\",\"@id\":\"https:\/\/wp.stylingcv.com\/es\/resume-keywords\/project-management-resume-keywords\/#breadcrumb\",\"itemListElement\":[{\"@type\":\"ListItem\",\"position\":1,\"name\":\"Home\",\"item\":\"https:\/\/wp.stylingcv.com\/es\/\"},{\"@type\":\"ListItem\",\"position\":2,\"name\":\"Palabras clave para curr\u00edculum: Gu\u00eda ATS por industria (2026)\",\"item\":\"https:\/\/wp.stylingcv.com\/es\/resume-keywords\/\"},{\"@type\":\"ListItem\",\"position\":3,\"name\":\"Palabras clave para curr\u00edculum de gesti\u00f3n de proyectos: M\u00e1s de 70 t\u00e9rminos optimizados para ATS (2026)\"}]},{\"@type\":\"WebSite\",\"@id\":\"https:\/\/wp.stylingcv.com\/es\/#website\",\"url\":\"https:\/\/wp.stylingcv.com\/es\/\",\"name\":\"StylingCV - Espa\u00f1ol\",\"description\":\"\",\"potentialAction\":[{\"@type\":\"SearchAction\",\"target\":{\"@type\":\"EntryPoint\",\"urlTemplate\":\"https:\/\/wp.stylingcv.com\/es\/?s={search_term_string}\"},\"query-input\":{\"@type\":\"PropertyValueSpecification\",\"valueRequired\":true,\"valueName\":\"search_term_string\"}}],\"inLanguage\":\"en-US\"}]}<\/script>\n<!-- \/ Yoast SEO Premium plugin. -->","yoast_head_json":{"title":"Palabras clave para curr\u00edculum de gesti\u00f3n de proyectos:","description":"Descubre m\u00e1s de 70 palabras clave optimizadas para ATS en gesti\u00f3n de proyectos. T\u00e9rminos esenciales para PMP, Scrum Masters y gerentes de programas en 2026.","robots":{"index":"index","follow":"follow","max-snippet":"max-snippet:-1","max-image-preview":"max-image-preview:large","max-video-preview":"max-video-preview:-1"},"canonical":"https:\/\/stylingcv.com\/es\/resume-keywords\/project-management-resume-keywords\/","og_locale":"en_US","og_type":"article","og_title":"Palabras clave para curr\u00edculum de gesti\u00f3n de proyectos: M\u00e1s de 70 t\u00e9rminos optimizados para ATS (2026)","og_description":"Descubre m\u00e1s de 70 palabras clave optimizadas para ATS en gesti\u00f3n de proyectos. T\u00e9rminos esenciales para PMP, Scrum Masters y gerentes de programas en 2026.","og_url":"https:\/\/stylingcv.com\/es\/resume-keywords\/project-management-resume-keywords\/","og_site_name":"StylingCV - Espa\u00f1ol","twitter_card":"summary_large_image","twitter_misc":{"Est. reading time":"2 minutes"},"schema":{"@context":"https:\/\/schema.org","@graph":[{"@type":"WebPage","@id":"https:\/\/wp.stylingcv.com\/es\/resume-keywords\/project-management-resume-keywords\/","url":"https:\/\/wp.stylingcv.com\/es\/resume-keywords\/project-management-resume-keywords\/","name":"Palabras clave para curr\u00edculum de gesti\u00f3n de proyectos:","isPartOf":{"@id":"https:\/\/wp.stylingcv.com\/es\/#website"},"datePublished":"2026-01-22T12:19:31+00:00","description":"Descubre m\u00e1s de 70 palabras clave optimizadas para ATS en gesti\u00f3n de proyectos. T\u00e9rminos esenciales para PMP, Scrum Masters y gerentes de programas en 2026.","breadcrumb":{"@id":"https:\/\/wp.stylingcv.com\/es\/resume-keywords\/project-management-resume-keywords\/#breadcrumb"},"inLanguage":"en-US","potentialAction":[{"@type":"ReadAction","target":["https:\/\/wp.stylingcv.com\/es\/resume-keywords\/project-management-resume-keywords\/"]}]},{"@type":"BreadcrumbList","@id":"https:\/\/wp.stylingcv.com\/es\/resume-keywords\/project-management-resume-keywords\/#breadcrumb","itemListElement":[{"@type":"ListItem","position":1,"name":"Home","item":"https:\/\/wp.stylingcv.com\/es\/"},{"@type":"ListItem","position":2,"name":"Palabras clave para curr\u00edculum: Gu\u00eda ATS por industria (2026)","item":"https:\/\/wp.stylingcv.com\/es\/resume-keywords\/"},{"@type":"ListItem","position":3,"name":"Palabras clave para curr\u00edculum de gesti\u00f3n de proyectos: M\u00e1s de 70 t\u00e9rminos optimizados para ATS (2026)"}]},{"@type":"WebSite","@id":"https:\/\/wp.stylingcv.com\/es\/#website","url":"https:\/\/wp.stylingcv.com\/es\/","name":"StylingCV - Espa\u00f1ol","description":"","potentialAction":[{"@type":"SearchAction","target":{"@type":"EntryPoint","urlTemplate":"https:\/\/wp.stylingcv.com\/es\/?s={search_term_string}"},"query-input":{"@type":"PropertyValueSpecification","valueRequired":true,"valueName":"search_term_string"}}],"inLanguage":"en-US"}]}},"_links":{"self":[{"href":"https:\/\/wp.stylingcv.com\/es\/wp-json\/wp\/v2\/pages\/635","targetHints":{"allow":["GET"]}}],"collection":[{"href":"https:\/\/wp.stylingcv.com\/es\/wp-json\/wp\/v2\/pages"}],"about":[{"href":"https:\/\/wp.stylingcv.com\/es\/wp-json\/wp\/v2\/types\/page"}],"replies":[{"embeddable":true,"href":"https:\/\/wp.stylingcv.com\/es\/wp-json\/wp\/v2\/comments?post=635"}],"version-history":[{"count":0,"href":"https:\/\/wp.stylingcv.com\/es\/wp-json\/wp\/v2\/pages\/635\/revisions"}],"up":[{"embeddable":true,"href":"https:\/\/wp.stylingcv.com\/es\/wp-json\/wp\/v2\/pages\/1035"}],"wp:attachment":[{"href":"https:\/\/wp.stylingcv.com\/es\/wp-json\/wp\/v2\/media?parent=635"}],"curies":[{"name":"wp","href":"https:\/\/api.w.org\/{rel}","templated":true}]}}