{"id":628,"date":"2026-01-18T09:07:12","date_gmt":"2026-01-18T09:07:12","guid":{"rendered":"https:\/\/stylingcv.com\/es\/marca\/"},"modified":"2026-01-18T09:07:12","modified_gmt":"2026-01-18T09:07:12","slug":"brand","status":"publish","type":"page","link":"https:\/\/wp.stylingcv.com\/es\/brand\/","title":{"rendered":"Marca"},"content":{"rendered":"<div class=\"brand-container\">\n    <!-- Header -->\n    <div class=\"brand-header\">\n        <h1><span class=\"highlight\">StylingCV<\/span> Brand Assets<\/h1>\n        <p>Bienvenido al centro de marca de StylingCV. A continuaci\u00f3n encontrar\u00e1s todo lo necesario para mantener nuestra marca coherente y reconocible en todas las plataformas.<\/p>\n        <a href=\"#\" class=\"download-btn\">Descargar recursos de marca<\/a>\n    <\/div>\n\n    <!-- Logo Section -->\n    <section class=\"section\">\n        <h2 class=\"section-title\">Variaciones del logotipo<\/h2>\n        <p class=\"section-description\">El logotipo de StylingCV combina nuestro caracter\u00edstico degradado turquesa con un dise\u00f1o limpio y moderno. La &#8220;V&#8221; en forma de check simboliza aprobaci\u00f3n y \u00e9xito en la construcci\u00f3n de carrera. Utiliza la versi\u00f3n adecuada seg\u00fan el fondo y el contexto.<\/p>\n        \n        <div class=\"logo-grid\">\n            <div class=\"logo-card\">\n                <div class=\"logo-display light\">\n                    <img decoding=\"async\" src=\"https:\/\/stylingcv.com\/wp-content\/uploads\/2026\/01\/stylingcv-logo-1200.png\" alt=\"StylingCV Logo\" style=\"width: 180px\">\n                <\/div>\n                <h3>Logotipo principal<\/h3>\n                <div class=\"download-links\">\n                    <a href=\"https:\/\/stylingcv.com\/wp-content\/uploads\/2026\/01\/stylingcv-logo-1200.png\" class=\"download-link\" download>PNG<\/a>\n                    <a href=\"#\" class=\"download-link\">SVG<\/a>\n                <\/div>\n            <\/div>\n\n            <div class=\"logo-card\">\n                <div class=\"logo-display dark\">\n                    <img decoding=\"async\" src=\"https:\/\/stylingcv.com\/wp-content\/uploads\/2026\/01\/stylingcv-logo-1200.png\" alt=\"StylingCV Logo on Dark\" style=\"width: 180px\">\n                <\/div>\n                <h3>Logotipo sobre fondo oscuro<\/h3>\n                <div class=\"download-links\">\n                    <a href=\"#\" class=\"download-link\">PNG<\/a>\n                    <a href=\"#\" class=\"download-link\">SVG<\/a>\n                <\/div>\n            <\/div>\n\n            <div class=\"logo-card\">\n                <div class=\"logo-display gradient\">\n                    <img decoding=\"async\" src=\"https:\/\/stylingcv.com\/wp-content\/uploads\/2026\/01\/stylingcv-logo-1200.png\" alt=\"StylingCV Icon\" style=\"width: 180px\">\n                <\/div>\n                <h3>Icono<\/h3>\n                <div class=\"download-links\">\n                    <a href=\"#\" class=\"download-link\">PNG<\/a>\n                    <a href=\"#\" class=\"download-link\">SVG<\/a>\n                <\/div>\n            <\/div>\n        <\/div>\n    <\/section>\n\n    <!-- Colors Section -->\n    <section class=\"section\">\n        <h2 class=\"section-title\">Colores<\/h2>\n        <p class=\"section-description\">El sistema de color de StylingCV refleja profesionalismo con energ\u00eda. Nuestro degradado turquesa transmite confianza e innovaci\u00f3n, mientras que nuestra paleta neutra garantiza legibilidad y accesibilidad en todos los puntos de contacto.<\/p>\n        \n        <div class=\"color-grid\">\n            <div class=\"color-card\">\n                <div class=\"color-display\" style=\"background: linear-gradient(135deg, #4ECDC4 0%, #44A08D 100%)\">\n                    <h3>Turquesa principal<\/h3>\n                <\/div>\n                <div class=\"color-info\">\n                    <div class=\"color-values\">\n                        <div class=\"color-value\">#4ECDC4<\/div>\n                        <div class=\"color-value\">rgb(78, 205, 196)<\/div>\n                        <div class=\"color-value\">hsl(176, 56%, 55%)<\/div>\n                    <\/div>\n                    <button class=\"copy-btn\">\n                        <span>\ud83d\udccb<\/span> Copiar\n                    <\/button>\n                <\/div>\n            <\/div>\n\n            <div class=\"color-card\">\n                <div class=\"color-display\" style=\"background: #44A08D\">\n                    <h3>Turquesa secundaria<\/h3>\n                <\/div>\n                <div class=\"color-info\">\n                    <div class=\"color-values\">\n                        <div class=\"color-value\">#44A08D<\/div>\n                        <div class=\"color-value\">rgb(68, 160, 141)<\/div>\n                        <div class=\"color-value\">hsl(168, 40%, 45%)<\/div>\n                    <\/div>\n                    <button class=\"copy-btn\">\n                        <span>\ud83d\udccb<\/span> Copiar\n                    <\/button>\n                <\/div>\n            <\/div>\n\n            <div class=\"color-card\">\n                <div class=\"color-display\" style=\"background: #262626\">\n                    <h3>Grafito<\/h3>\n                <\/div>\n                <div class=\"color-info\">\n                    <div class=\"color-values\">\n                        <div class=\"color-value\">#262626<\/div>\n                        <div class=\"color-value\">rgb(38, 38, 38)<\/div>\n                        <div class=\"color-value\">hsl(0, 0%, 15%)<\/div>\n                    <\/div>\n                    <button class=\"copy-btn\">\n                        <span>\ud83d\udccb<\/span> Copiar\n                    <\/button>\n                <\/div>\n            <\/div>\n\n            <div class=\"color-card\">\n                <div class=\"color-display\" style=\"background: #F9F9F9;border: 1px solid #e0e0e0\">\n                    <h3 style=\"color: #262626\">Papel<\/h3>\n                <\/div>\n                <div class=\"color-info\">\n                    <div class=\"color-values\">\n                        <div class=\"color-value\">#F9F9F9<\/div>\n                        <div class=\"color-value\">rgb(249, 249, 249)<\/div>\n                        <div class=\"color-value\">hsl(0, 0%, 98%)<\/div>\n                    <\/div>\n                    <button class=\"copy-btn\">\n                        <span>\ud83d\udccb<\/span> Copiar\n                    <\/button>\n                <\/div>\n            <\/div>\n        <\/div>\n    <\/section>\n\n    <!-- Typography Section -->\n    <section class=\"section\">\n        <h2 class=\"section-title\">Tipograf\u00eda<\/h2>\n        <p class=\"section-description\">Nuestra tipograf\u00eda enfatiza la claridad y el profesionalismo. Usamos fuentes del sistema para un rendimiento \u00f3ptimo y una sensaci\u00f3n nativa en todas las plataformas.<\/p>\n        \n        <div class=\"usage-guidelines\">\n            <h3 style=\"margin-bottom: 20px;font-size: 1.4rem\">Familia tipogr\u00e1fica<\/h3>\n            <div style=\"background: #F9F9F9;padding: 20px;border-radius: 8px;margin-bottom: 30px\">\n                <code style=\"font-family: 'Courier New', monospace;color: #262626;font-size: 0.95rem\">\n                    font-family: -apple-system, BlinkMacSystemFont, 'Segoe UI', Roboto, 'Helvetica Neue', Arial, sans-serif;\n                <\/code>\n            <\/div>\n            \n            <div style=\"margin-top: 40px\">\n                <div style=\"margin-bottom: 30px\">\n                    <h1 style=\"font-size: 3rem;font-weight: 700;margin-bottom: 8px\">Encabezado 1<\/h1>\n                    <p style=\"color: #666;font-size: 0.9rem\">48px \/ Negrita \/ Usado para t\u00edtulos principales de p\u00e1gina<\/p>\n                <\/div>\n                <div style=\"margin-bottom: 30px\">\n                    <h2 style=\"font-size: 2rem;font-weight: 700;margin-bottom: 8px\">Encabezado 2<\/h2>\n                    <p style=\"color: #666;font-size: 0.9rem\">32px \/ Negrita \/ Usado para encabezados de secci\u00f3n<\/p>\n                <\/div>\n                <div style=\"margin-bottom: 30px\">\n                    <p style=\"font-size: 1.1rem;line-height: 1.6\">El texto del cuerpo est\u00e1 configurado en 18px con una altura de l\u00ednea de 1.6 para una legibilidad \u00f3ptima. Esto asegura una lectura c\u00f3moda en todos los dispositivos y tama\u00f1os de pantalla.<\/p>\n                    <p style=\"color: #666;font-size: 0.9rem;margin-top: 8px\">18px \/ Regular \/ Altura de l\u00ednea 1.6<\/p>\n                <\/div>\n            <\/div>\n        <\/div>\n    <\/section>\n\n    <!-- Usage Guidelines -->\n    <section class=\"section\">\n        <h2 class=\"section-title\">Gu\u00eda de uso<\/h2>\n        <p class=\"section-description\">Para mantener la coherencia de la marca, sigue estas pautas al usar los recursos de marca de StylingCV.<\/p>\n        \n        <div class=\"usage-guidelines\">\n            <div class=\"guidelines-grid\">\n                <div class=\"guideline-item\">\n                    <h4>\u2713 Buenas pr\u00e1cticas<\/h4>\n                    <ul>\n                        <li>Utiliza los archivos oficiales del logotipo proporcionados<\/li>\n                        <li>Mant\u00e9n el espacio m\u00ednimo alrededor del logotipo<\/li>\n                        <li>Usa combinaciones de colores aprobadas<\/li>\n                        <li>Escala proporcionalmente<\/li>\n                        <li>Asegura suficiente contraste con los fondos<\/li>\n                    <\/ul>\n                <\/div>\n                \n                <div class=\"guideline-item\">\n                    <h4>\u2717 Malas pr\u00e1cticas<\/h4>\n                    <ul style=\"color: #d32f2f\">\n                        <li style=\"color: #666\">No estires ni deformes el logotipo<\/li>\n                        <li style=\"color: #666\">No cambies los colores del logotipo<\/li>\n                        <li style=\"color: #666\">No gires el logotipo<\/li>\n                        <li style=\"color: #666\">No a\u00f1adas efectos ni sombras<\/li>\n                        <li style=\"color: #666\">No recrees ni modifiques el logotipo<\/li>\n                    <\/ul>\n                <\/div>\n                \n                <div class=\"guideline-item\">\n                    <h4>Tama\u00f1o m\u00ednimo<\/h4>\n                    <ul>\n                        <li>Digital: m\u00ednimo 120px de ancho<\/li>\n                        <li>Impresi\u00f3n: m\u00ednimo 1 pulgada de ancho<\/li>\n                        <li>Icono: m\u00ednimo 32px<\/li>\n                        <li>Mant\u00e9n un espacio libre igual a la altura de &#8220;CV&#8221;<\/li>\n                    <\/ul>\n                <\/div>\n            <\/div>\n        <\/div>\n    <\/section>\n\n    <!-- About Section -->\n    <section class=\"section\">\n        <h2 class=\"section-title\">Sobre StylingCV<\/h2>\n        <div class=\"usage-guidelines\">\n            <p style=\"font-size: 1.1rem;line-height: 1.8;color: #666;margin-bottom: 20px\">\n                StylingCV es la plataforma l\u00edder de creaci\u00f3n de curr\u00edculums y CV impulsada por IA, con m\u00e1s de 6 millones de usuarios en los mercados \u00e1rabe e ingl\u00e9s. Nos especializamos en ayudar a quienes buscan empleo en Arabia Saudita y la regi\u00f3n del Golfo a crear curr\u00edculums profesionales y optimizados para ATS que consiguen entrevistas.\n            <\/p>\n            <p style=\"font-size: 1.1rem;line-height: 1.8;color: #666\">\n                Nuestra misi\u00f3n es empoderar a cada profesional con las herramientas y la orientaci\u00f3n que necesitan para tener \u00e9xito en su carrera, aline\u00e1ndonos con los objetivos de Visi\u00f3n 2030 de Arabia Saudita para el desarrollo econ\u00f3mico y el empoderamiento del talento.\n            <\/p>\n        <\/div>\n    <\/section>\n\n    <!-- Social Media -->\n    <section class=\"section\">\n        <h2 class=\"section-title\">Conecta con nosotros<\/h2>\n        <div class=\"usage-guidelines\">\n            <div style=\"gap: 20px;flex-wrap: wrap;margin-top: 20px\">\n                <a href=\"https:\/\/www.linkedin.com\/company\/stylingcv\" style=\"align-items: center;gap: 8px;padding: 12px 24px;background: #0077B5;color: white;text-decoration: none;border-radius: 8px;font-weight: 600\">\n                    LinkedIn\n                <\/a>\n                <a href=\"https:\/\/twitter.com\/stylingcv\" style=\"align-items: center;gap: 8px;padding: 12px 24px;background: #1DA1F2;color: white;text-decoration: none;border-radius: 8px;font-weight: 600\">\n                    Twitter\n                <\/a>\n                <a href=\"https:\/\/www.facebook.com\/stylingcv\" style=\"align-items: center;gap: 8px;padding: 12px 24px;background: #1877F2;color: white;text-decoration: none;border-radius: 8px;font-weight: 600\">\n                    Facebook\n                <\/a>\n            <\/div>\n        <\/div>\n    <\/section>\n\n\n\n<p>\ud83d\udc49 <a href=\"https:\/\/stylingcv.com\/guides\/\">ver todas las gu\u00edas de carrera<\/a><\/p>\n\n<p>\ud83d\udc49 <a href=\"https:\/\/stylingcv.com\/resume-templates\/\">plantillas de curr\u00edculum compatibles con ATS<\/a><\/p>\n\n<p><strong>\ud83d\udca1 Consejo profesional:<\/strong> StylingCV no es solo un creador de curr\u00edculums \u2014 es un creador inteligente con IA que piensa. <a href=\"https:\/\/stylingcv.com\/resume-builder\/\">crea un curr\u00edculum profesional en 2 minutos<\/a> en menos de 2 minutos.<\/p>\n<\/div>\n\n\n<div class=\"scv-related\" style=\"margin-top:40px;padding:24px 28px;background:#f8fafc;border-left:4px solid #268599;border-radius:8px\">\n<h3 style=\"color:#16344c;font-family:'Playfair Display',Georgia,serif;margin-top:0;font-size:1.2em\">Recursos relacionados<\/h3>\n<ul style=\"padding:0;margin:0\">\n<li style=\"margin-bottom:8px\"><a href=\"https:\/\/stylingcv.com\/guides\/\" style=\"color:#268599;text-decoration:none;font-weight:500\">Gu\u00edas de curr\u00edculum y carrera<\/a><\/li>\n<li style=\"margin-bottom:8px\"><a href=\"https:\/\/stylingcv.com\/resume-builder\/\" style=\"color:#268599;text-decoration:none;font-weight:500\">Creador de curr\u00edculum gratis con IA<\/a><\/li>\n<li style=\"margin-bottom:8px\"><a href=\"https:\/\/stylingcv.com\/career-resources\/\" style=\"color:#268599;text-decoration:none;font-weight:500\">Centro de recursos de carrera<\/a><\/li>\n<\/ul>\n<\/div>\n","protected":false},"excerpt":{"rendered":"<p>Gu\u00eda experta sobre marca. Consejos pr\u00e1cticos, plantillas y ejemplos para impulsar tu b\u00fasqueda de empleo y carrera en 2026.<\/p>\n","protected":false},"author":0,"featured_media":0,"parent":0,"menu_order":0,"comment_status":"closed","ping_status":"closed","template":"","meta":{"footnotes":""},"class_list":["post-628","page","type-page","status-publish","hentry"," c-blog-1-item  nt-post-class"],"yoast_head":"<!-- This site is optimized with the Yoast SEO Premium plugin v26.5 (Yoast SEO v26.5) - https:\/\/yoast.com\/wordpress\/plugins\/seo\/ -->\n<title>Marca | StylingCV<\/title>\n<meta name=\"description\" content=\"Gu\u00eda experta sobre marca. Consejos, plantillas y ejemplos para impulsar tu b\u00fasqueda de empleo y carrera en 2026.\" \/>\n<meta name=\"robots\" content=\"index, follow, max-snippet:-1, max-image-preview:large, max-video-preview:-1\" \/>\n<link rel=\"canonical\" href=\"https:\/\/stylingcv.com\/es\/brand\/\" \/>\n<meta property=\"og:locale\" content=\"en_US\" \/>\n<meta property=\"og:type\" content=\"article\" \/>\n<meta property=\"og:title\" content=\"Marca\" \/>\n<meta property=\"og:description\" content=\"Gu\u00eda experta sobre marca. Consejos, plantillas y ejemplos para impulsar tu b\u00fasqueda de empleo y carrera en 2026.\" \/>\n<meta property=\"og:url\" content=\"https:\/\/stylingcv.com\/es\/brand\/\" \/>\n<meta property=\"og:site_name\" content=\"StylingCV - Espa\u00f1ol\" \/>\n<meta property=\"og:image\" content=\"https:\/\/stylingcv.com\/wp-content\/uploads\/2026\/01\/stylingcv-logo-1200.png\" \/>\n<meta name=\"twitter:card\" content=\"summary_large_image\" \/>\n<meta name=\"twitter:label1\" content=\"Est. reading time\" \/>\n\t<meta name=\"twitter:data1\" content=\"3 minutes\" \/>\n<script type=\"application\/ld+json\" class=\"yoast-schema-graph\">{\"@context\":\"https:\/\/schema.org\",\"@graph\":[{\"@type\":\"WebPage\",\"@id\":\"https:\/\/wp.stylingcv.com\/es\/brand\/\",\"url\":\"https:\/\/wp.stylingcv.com\/es\/brand\/\",\"name\":\"Marca | StylingCV\",\"isPartOf\":{\"@id\":\"https:\/\/wp.stylingcv.com\/es\/#website\"},\"primaryImageOfPage\":{\"@id\":\"https:\/\/wp.stylingcv.com\/es\/brand\/#primaryimage\"},\"image\":{\"@id\":\"https:\/\/wp.stylingcv.com\/es\/brand\/#primaryimage\"},\"thumbnailUrl\":\"https:\/\/stylingcv.com\/wp-content\/uploads\/2026\/01\/stylingcv-logo-1200.png\",\"datePublished\":\"2026-01-18T09:07:12+00:00\",\"description\":\"Gu\u00eda experta sobre marca. Consejos, plantillas y ejemplos para impulsar tu b\u00fasqueda de empleo y carrera en 2026.\",\"breadcrumb\":{\"@id\":\"https:\/\/wp.stylingcv.com\/es\/brand\/#breadcrumb\"},\"inLanguage\":\"en-US\",\"potentialAction\":[{\"@type\":\"ReadAction\",\"target\":[\"https:\/\/wp.stylingcv.com\/es\/brand\/\"]}]},{\"@type\":\"ImageObject\",\"inLanguage\":\"en-US\",\"@id\":\"https:\/\/wp.stylingcv.com\/es\/brand\/#primaryimage\",\"url\":\"https:\/\/stylingcv.com\/wp-content\/uploads\/2026\/01\/stylingcv-logo-1200.png\",\"contentUrl\":\"https:\/\/stylingcv.com\/wp-content\/uploads\/2026\/01\/stylingcv-logo-1200.png\"},{\"@type\":\"BreadcrumbList\",\"@id\":\"https:\/\/wp.stylingcv.com\/es\/brand\/#breadcrumb\",\"itemListElement\":[{\"@type\":\"ListItem\",\"position\":1,\"name\":\"Home\",\"item\":\"https:\/\/wp.stylingcv.com\/es\/\"},{\"@type\":\"ListItem\",\"position\":2,\"name\":\"Marca\"}]},{\"@type\":\"WebSite\",\"@id\":\"https:\/\/wp.stylingcv.com\/es\/#website\",\"url\":\"https:\/\/wp.stylingcv.com\/es\/\",\"name\":\"StylingCV - Espa\u00f1ol\",\"description\":\"\",\"potentialAction\":[{\"@type\":\"SearchAction\",\"target\":{\"@type\":\"EntryPoint\",\"urlTemplate\":\"https:\/\/wp.stylingcv.com\/es\/?s={search_term_string}\"},\"query-input\":{\"@type\":\"PropertyValueSpecification\",\"valueRequired\":true,\"valueName\":\"search_term_string\"}}],\"inLanguage\":\"en-US\"}]}<\/script>\n<!-- \/ Yoast SEO Premium plugin. -->","yoast_head_json":{"title":"Marca | StylingCV","description":"Gu\u00eda experta sobre marca. Consejos, plantillas y ejemplos para impulsar tu b\u00fasqueda de empleo y carrera en 2026.","robots":{"index":"index","follow":"follow","max-snippet":"max-snippet:-1","max-image-preview":"max-image-preview:large","max-video-preview":"max-video-preview:-1"},"canonical":"https:\/\/stylingcv.com\/es\/brand\/","og_locale":"en_US","og_type":"article","og_title":"Marca","og_description":"Gu\u00eda experta sobre marca. Consejos, plantillas y ejemplos para impulsar tu b\u00fasqueda de empleo y carrera en 2026.","og_url":"https:\/\/stylingcv.com\/es\/brand\/","og_site_name":"StylingCV - Espa\u00f1ol","og_image":[{"url":"https:\/\/stylingcv.com\/wp-content\/uploads\/2026\/01\/stylingcv-logo-1200.png","type":"","width":"","height":""}],"twitter_card":"summary_large_image","twitter_misc":{"Est. reading time":"3 minutes"},"schema":{"@context":"https:\/\/schema.org","@graph":[{"@type":"WebPage","@id":"https:\/\/wp.stylingcv.com\/es\/brand\/","url":"https:\/\/wp.stylingcv.com\/es\/brand\/","name":"Marca | StylingCV","isPartOf":{"@id":"https:\/\/wp.stylingcv.com\/es\/#website"},"primaryImageOfPage":{"@id":"https:\/\/wp.stylingcv.com\/es\/brand\/#primaryimage"},"image":{"@id":"https:\/\/wp.stylingcv.com\/es\/brand\/#primaryimage"},"thumbnailUrl":"https:\/\/stylingcv.com\/wp-content\/uploads\/2026\/01\/stylingcv-logo-1200.png","datePublished":"2026-01-18T09:07:12+00:00","description":"Gu\u00eda experta sobre marca. Consejos, plantillas y ejemplos para impulsar tu b\u00fasqueda de empleo y carrera en 2026.","breadcrumb":{"@id":"https:\/\/wp.stylingcv.com\/es\/brand\/#breadcrumb"},"inLanguage":"en-US","potentialAction":[{"@type":"ReadAction","target":["https:\/\/wp.stylingcv.com\/es\/brand\/"]}]},{"@type":"ImageObject","inLanguage":"en-US","@id":"https:\/\/wp.stylingcv.com\/es\/brand\/#primaryimage","url":"https:\/\/stylingcv.com\/wp-content\/uploads\/2026\/01\/stylingcv-logo-1200.png","contentUrl":"https:\/\/stylingcv.com\/wp-content\/uploads\/2026\/01\/stylingcv-logo-1200.png"},{"@type":"BreadcrumbList","@id":"https:\/\/wp.stylingcv.com\/es\/brand\/#breadcrumb","itemListElement":[{"@type":"ListItem","position":1,"name":"Home","item":"https:\/\/wp.stylingcv.com\/es\/"},{"@type":"ListItem","position":2,"name":"Marca"}]},{"@type":"WebSite","@id":"https:\/\/wp.stylingcv.com\/es\/#website","url":"https:\/\/wp.stylingcv.com\/es\/","name":"StylingCV - Espa\u00f1ol","description":"","potentialAction":[{"@type":"SearchAction","target":{"@type":"EntryPoint","urlTemplate":"https:\/\/wp.stylingcv.com\/es\/?s={search_term_string}"},"query-input":{"@type":"PropertyValueSpecification","valueRequired":true,"valueName":"search_term_string"}}],"inLanguage":"en-US"}]}},"_links":{"self":[{"href":"https:\/\/wp.stylingcv.com\/es\/wp-json\/wp\/v2\/pages\/628","targetHints":{"allow":["GET"]}}],"collection":[{"href":"https:\/\/wp.stylingcv.com\/es\/wp-json\/wp\/v2\/pages"}],"about":[{"href":"https:\/\/wp.stylingcv.com\/es\/wp-json\/wp\/v2\/types\/page"}],"replies":[{"embeddable":true,"href":"https:\/\/wp.stylingcv.com\/es\/wp-json\/wp\/v2\/comments?post=628"}],"version-history":[{"count":0,"href":"https:\/\/wp.stylingcv.com\/es\/wp-json\/wp\/v2\/pages\/628\/revisions"}],"wp:attachment":[{"href":"https:\/\/wp.stylingcv.com\/es\/wp-json\/wp\/v2\/media?parent=628"}],"curies":[{"name":"wp","href":"https:\/\/api.w.org\/{rel}","templated":true}]}}