{"id":456,"date":"2025-12-20T06:26:29","date_gmt":"2025-12-20T06:26:29","guid":{"rendered":"https:\/\/stylingcv.com\/es\/ejemplo-curriculum-profesor\/"},"modified":"2025-12-20T06:26:29","modified_gmt":"2025-12-20T06:26:29","slug":"teacher","status":"publish","type":"page","link":"https:\/\/wp.stylingcv.com\/es\/teacher\/","title":{"rendered":"Ejemplo de Curr\u00edculum de Profesor"},"content":{"rendered":"<h2>C\u00f3mo escribir un curr\u00edculum de profesor que te consiga empleo en 2026<\/h2>\n<p>Crear un curr\u00edculum de profesor sobresaliente es tu primer paso para conseguir el puesto docente de tus sue\u00f1os. Ya seas un educador experimentado o un reci\u00e9n graduado que entra al aula por primera vez, tu curr\u00edculum debe mostrar no solo tus cualificaciones, sino tambi\u00e9n tu pasi\u00f3n por la educaci\u00f3n y tu capacidad para conectar con los estudiantes. En el competitivo mercado laboral actual, donde las escuelas reciben docenas de solicitudes por cada puesto, tener un curr\u00edculum bien elaborado que destaque es m\u00e1s importante que nunca.<\/p>\n<p><a href=\"https:\/\/stylingcv.com\/resume-examples\/\">ver todos los ejemplos de curr\u00edculum<\/a><\/p>\n<p>Esta gu\u00eda completa te llevar\u00e1 paso a paso por todo lo que necesitas saber para crear un curr\u00edculum de profesor que capte la atenci\u00f3n, demuestre tu valor y, en \u00faltima instancia, te consiga esa entrevista. Exploraremos los componentes esenciales, proporcionaremos ejemplos reales y compartiremos consejos internos que los responsables de contrataci\u00f3n realmente buscan al revisar solicitudes. Al final de esta gu\u00eda, tendr\u00e1s todas las herramientas necesarias para crear un curr\u00edculum que abra puertas a emocionantes oportunidades docentes.<\/p>\n<h2>Componentes esenciales de un curr\u00edculum de profesor<\/h2>\n<h3>Informaci\u00f3n de contacto y encabezado profesional<\/h3>\n<p>Tu curr\u00edculum debe comenzar con informaci\u00f3n de contacto clara y profesional. Incluye tu nombre completo, n\u00famero de tel\u00e9fono, correo electr\u00f3nico profesional y ubicaci\u00f3n (ciudad y estado). Considera agregar tu perfil de LinkedIn o sitio web profesional de portafolio docente si tienes uno. Aseg\u00farate de que tu correo electr\u00f3nico sea profesional\u2014utiliza una combinaci\u00f3n de tu nombre y apellido en lugar de apodos informales.<\/p>\n<h3>Resumen profesional u objetivo<\/h3>\n<p>El resumen profesional es tu discurso de ascensor\u2014un p\u00e1rrafo de 3-4 frases que resalta tu experiencia docente, especializaciones y lo que te hace \u00fanico como educador. Para profesores experimentados, enf\u00f3cate en los a\u00f1os de experiencia, niveles educativos impartidos y logros clave. Los nuevos profesores deben enfatizar su formaci\u00f3n, experiencia en pr\u00e1cticas y filosof\u00eda educativa alineada con los enfoques modernos.<\/p>\n<p><strong>Ejemplo para profesor experimentado:<\/strong><br \/>\n&#8220;Profesor de primaria dedicado con m\u00e1s de 8 a\u00f1os de experiencia fomentando entornos de aprendizaje atractivos para poblaciones estudiantiles diversas. Historial comprobado de mejorar la comprensi\u00f3n lectora de los estudiantes en un 25% mediante programas innovadores de alfabetizaci\u00f3n. Experto en instrucci\u00f3n diferenciada, gesti\u00f3n de aula e integraci\u00f3n de tecnolog\u00eda para mejorar los resultados de aprendizaje.&#8221;<\/p>\n<p><strong>Ejemplo para nuevo profesor:<\/strong><br \/>\n&#8220;Reciente graduado entusiasta con Maestr\u00eda en Educaci\u00f3n y formaci\u00f3n especializada en desarrollo de curr\u00edculo STEM. Complet\u00f3 m\u00e1s de 400 horas de pr\u00e1cticas docentes en los grados 3-5, implementando enfoques de aprendizaje basado en proyectos que aumentaron la participaci\u00f3n estudiantil. Comprometido con la creaci\u00f3n de aulas inclusivas donde cada estudiante pueda prosperar.&#8221;<\/p>\n<h2>Experiencia laboral: mostrando tu impacto docente<\/h2>\n<h3>C\u00f3mo estructurar tu secci\u00f3n de experiencia<\/h3>\n<p>Enumera tus puestos docentes en orden cronol\u00f3gico inverso, comenzando por tu rol m\u00e1s reciente. Para cada puesto, incluye el nombre de la escuela, ubicaci\u00f3n, tu cargo y fechas de empleo. Lo m\u00e1s importante: utiliza vi\u00f1etas para describir tus responsabilidades y logros\u2014pero enf\u00f3cate en los logros m\u00e1s que en las tareas.<\/p>\n<h3>Uso de verbos de acci\u00f3n y resultados cuantificables<\/h3>\n<p>Comienza cada vi\u00f1eta con un verbo de acci\u00f3n fuerte como &#8220;desarroll\u00e9&#8221;, &#8220;implement\u00e9&#8221;, &#8220;coordin\u00e9&#8221; o &#8220;facilit\u00e9&#8221;. Siempre que sea posible, incluye n\u00fameros y resultados espec\u00edficos. \u00bfMejoraste los resultados de los ex\u00e1menes? \u00bfEn cu\u00e1nto? \u00bfA cu\u00e1ntos estudiantes ense\u00f1aste? \u00bfQu\u00e9 programas creaste o mejoraste?<\/p>\n<p><strong>Ejemplo d\u00e9bil:<\/strong> &#8220;Ense\u00f1\u00e9 matem\u00e1ticas a estudiantes de secundaria.&#8221;<\/p>\n<p><strong>Ejemplo fuerte:<\/strong> &#8220;Instru\u00ed a m\u00e1s de 120 estudiantes de 7\u00ba grado en matem\u00e1ticas avanzadas, logrando una tasa de aprobaci\u00f3n del 92% en ex\u00e1menes estandarizados estatales\u201415% por encima del promedio del distrito\u2014a trav\u00e9s de instrucci\u00f3n diferenciada y programas de tutor\u00eda despu\u00e9s de clases.&#8221;<\/p>\n<h3>Destacando diferentes tipos de experiencia docente<\/h3>\n<p>No te limites a la ense\u00f1anza tradicional en el aula. Incluye:<\/p>\n<ul>\n<li>Pr\u00e1cticas docentes y experiencias de residencia<\/li>\n<li>Roles de tutor\u00eda y mentor\u00eda<\/li>\n<li>Proyectos de desarrollo curricular<\/li>\n<li>Liderazgo en programas extracurriculares<\/li>\n<li>Ense\u00f1anza en campamentos de verano<\/li>\n<li>Integraci\u00f3n de tecnolog\u00eda educativa<\/li>\n<li>Participaci\u00f3n en comit\u00e9s y roles de liderazgo<\/li>\n<\/ul>\n<h2>Educaci\u00f3n y certificaciones<\/h2>\n<h3>C\u00f3mo presentar tu formaci\u00f3n acad\u00e9mica<\/h3>\n<p>Enumera tus t\u00edtulos en orden cronol\u00f3gico inverso, incluyendo el nombre del t\u00edtulo, instituci\u00f3n, ubicaci\u00f3n y fecha de graduaci\u00f3n. Para los profesores, la secci\u00f3n de educaci\u00f3n es especialmente importante. Incluye tu promedio si es 3.5 o superior, y menciona cualquier honor o distinci\u00f3n recibida.<\/p>\n<p><strong>Ejemplo:<\/strong><br \/>\nMaestr\u00eda en Artes en Educaci\u00f3n, Educaci\u00f3n Primaria<br \/>\nUniversidad de California, Los \u00c1ngeles | Los \u00c1ngeles, CA | Mayo 2026<br \/>\nPromedio: 3.85 | Lista del Decano (4 semestres)<br \/>\nProyecto final: &#8220;Implementaci\u00f3n del aprendizaje socioemocional en aulas de primaria&#8221;<\/p>\n<h3>Certificaciones y licencias docentes<\/h3>\n<p>Crea una secci\u00f3n dedicada para tus credenciales docentes. Esta es informaci\u00f3n cr\u00edtica que los responsables de contrataci\u00f3n necesitan ver de inmediato. Incluye:<\/p>\n<ul>\n<li>N\u00famero y tipo de licencia\/certificaci\u00f3n docente estatal<\/li>\n<li>Niveles y materias para los que est\u00e1s certificado<\/li>\n<li>Fecha de expiraci\u00f3n (si aplica)<\/li>\n<li>Cualquier endoso adicional o certificaci\u00f3n especializada<\/li>\n<li>ESL, Educaci\u00f3n Especial u otras credenciales especializadas<\/li>\n<\/ul>\n<h2>Secci\u00f3n de habilidades: lo que buscan las escuelas<\/h2>\n<h3>Habilidades t\u00e9cnicas y pedag\u00f3gicas<\/h3>\n<p>Los profesores modernos deben ser competentes tanto en m\u00e9todos tradicionales como en tecnolog\u00eda educativa. Incluye una mezcla equilibrada de:<\/p>\n<p><strong>Gesti\u00f3n de aula e instrucci\u00f3n:<\/strong><\/p>\n<ul>\n<li>Instrucci\u00f3n diferenciada<\/li>\n<li>Intervenciones y apoyos conductuales positivos (PBIS)<\/li>\n<li>Aprendizaje basado en proyectos<\/li>\n<li>Dise\u00f1o de evaluaciones y an\u00e1lisis de datos<\/li>\n<li>Integraci\u00f3n del aprendizaje socioemocional<\/li>\n<\/ul>\n<p><strong>Tecnolog\u00eda educativa:<\/strong><\/p>\n<ul>\n<li>Sistemas de gesti\u00f3n de aprendizaje (Google Classroom, Canvas, Schoology)<\/li>\n<li>Pizarras interactivas (SMART Board, Promethean)<\/li>\n<li>Aplicaciones y plataformas educativas (Kahoot, Nearpod, Seesaw)<\/li>\n<li>Herramientas de aula virtual (Zoom, Microsoft Teams)<\/li>\n<li>Herramientas de evaluaci\u00f3n (Formative, Edulastic)<\/li>\n<\/ul>\n<p><strong>Habilidades blandas:<\/strong><\/p>\n<ul>\n<li>Comunicaci\u00f3n y participaci\u00f3n de padres<\/li>\n<li>Colaboraci\u00f3n y co-ense\u00f1anza<\/li>\n<li>Adaptabilidad y resoluci\u00f3n de problemas<\/li>\n<li>Competencia cultural y pr\u00e1cticas inclusivas<\/li>\n<li>Liderazgo y mentor\u00eda<\/li>\n<\/ul>\n<h2>Secciones adicionales para mejorar tu curr\u00edculum<\/h2>\n<h3>Desarrollo profesional y formaci\u00f3n<\/h3>\n<p>Demuestra tu compromiso con el aprendizaje continuo enumerando talleres, conferencias y cursos de desarrollo profesional relevantes que hayas completado. Esto demuestra que te mantienes actualizado con las tendencias y mejores pr\u00e1cticas educativas.<\/p>\n<h3>Participaci\u00f3n extracurricular<\/h3>\n<p>Las escuelas valoran a los profesores que contribuyen m\u00e1s all\u00e1 del aula. Incluye cualquier club que hayas patrocinado, equipos deportivos que hayas entrenado o comit\u00e9s en los que hayas participado. Esto muestra tu dedicaci\u00f3n a la comunidad escolar.<\/p>\n<h3>Premios y reconocimientos<\/h3>\n<p>Si has recibido premios docentes, becas o reconocimientos especiales, crea una secci\u00f3n dedicada para destacar estos logros. Esto puede incluir premios al Profesor del A\u00f1o, fondos de becas que hayas conseguido o reconocimientos por programas innovadores que hayas desarrollado.<\/p>\n<h2>Consejos de curr\u00edculum de profesores de los responsables de contrataci\u00f3n<\/h2>\n<h3>Adapta tu curr\u00edculum a cada puesto<\/h3>\n<p>Lee cuidadosamente la descripci\u00f3n del puesto y personaliza tu curr\u00edculum para que coincida con las necesidades espec\u00edficas de la escuela. Si enfatizan la educaci\u00f3n STEM, destaca tu experiencia en ciencias y matem\u00e1ticas. Si mencionan un enfoque en el aprendizaje socioemocional, muestra tu formaci\u00f3n e implementaci\u00f3n relacionada.<\/p>\n<h3>Mantenlo conciso y f\u00e1cil de leer<\/h3>\n<p>Los responsables de contrataci\u00f3n suelen dedicar menos de 30 segundos a una revisi\u00f3n inicial del curr\u00edculum. Usa encabezados claros, vi\u00f1etas y mucho espacio en blanco. Para la mayor\u00eda de los profesores, un curr\u00edculum de 1-2 p\u00e1ginas es ideal\u2014una p\u00e1gina para nuevos profesores, dos p\u00e1ginas si tienes amplia experiencia.<\/p>\n<h3>Revisa meticulosamente<\/h3>\n<p>Como educador, los errores gramaticales y de ortograf\u00eda en tu curr\u00edculum son especialmente perjudiciales. Revisa varias veces, utiliza corrector ortogr\u00e1fico y pide a un colega que revise tu curr\u00edculum antes de enviarlo. Un solo error puede descalificarte.<\/p>\n<h3>Usa un formato compatible con ATS<\/h3>\n<p>Muchos distritos escolares utilizan sistemas de seguimiento de candidatos (ATS) para filtrar curr\u00edculums. Usa un formato limpio y simple con fuentes est\u00e1ndar (Arial, Calibri, Times New Roman) y evita im\u00e1genes, tablas o formatos complejos que puedan confundir estos sistemas. Incluye palabras clave de la oferta de empleo de manera natural a lo largo de tu curr\u00edculum.<\/p>\n<h2>Plantilla de curr\u00edculum de profesor de muestra<\/h2>\n<p>Aqu\u00ed tienes una estructura simple que puedes seguir:<\/p>\n<p><strong>Encabezado<\/strong><br \/>\nNombre | Tel\u00e9fono | Correo electr\u00f3nico | Ubicaci\u00f3n | LinkedIn<\/p>\n<p><strong>Resumen profesional<\/strong><br \/>\n3-4 frases destacando experiencia y fortalezas<\/p>\n<p><strong>Experiencia docente<\/strong><br \/>\nCargo | Nombre de la escuela | Ubicaci\u00f3n | Fechas<br \/>\n\u2022 Vi\u00f1eta de logro con resultados cuantificables<br \/>\n\u2022 Vi\u00f1eta de responsabilidad con detalles espec\u00edficos<br \/>\n\u2022 Vi\u00f1eta de impacto mostrando tu contribuci\u00f3n<\/p>\n<p><strong>Educaci\u00f3n<\/strong><br \/>\nT\u00edtulo | Instituci\u00f3n | Ubicaci\u00f3n | Fecha<br \/>\nPromedio (si es 3.5+) | Honores | Cursos relevantes<\/p>\n<p><strong>Certificaciones y licencias<\/strong><br \/>\nLicencia docente estatal | Tipo de certificaci\u00f3n | Vigencia<br \/>\nEndosos adicionales o credenciales especializadas<\/p>\n<p><strong>Habilidades<\/strong><br \/>\nGesti\u00f3n de aula | Tecnolog\u00eda educativa | Habilidades especializadas<\/p>\n<p><strong>Secciones adicionales (opcional)<\/strong><br \/>\nDesarrollo profesional | Participaci\u00f3n extracurricular | Premios<\/p>\n<h2>Errores comunes que debes evitar<\/h2>\n<ul>\n<li><strong>Ser demasiado gen\u00e9rico:<\/strong> Evita frases vagas como &#8220;bueno con los ni\u00f1os&#8221;. S\u00e9 espec\u00edfico sobre tus enfoques y resultados docentes.<\/li>\n<li><strong>Listar tareas en lugar de logros:<\/strong> Muestra lo que lograste, no solo lo que dec\u00eda tu descripci\u00f3n de puesto.<\/li>\n<li><strong>Incluir informaci\u00f3n irrelevante:<\/strong> Conc\u00e9ntrate en la experiencia relacionada con la ense\u00f1anza. Tu trabajo en ventas de hace 15 a\u00f1os probablemente no es relevante.<\/li>\n<li><strong>Usar objetivos de curr\u00edculum desactualizados:<\/strong> Sustituye &#8220;Busco un puesto docente&#8230;&#8221; por un resumen profesional s\u00f3lido que muestre tu valor.<\/li>\n<li><strong>Olvidar palabras clave:<\/strong> Muchos distritos usan sistemas ATS, as\u00ed que incluye palabras clave relevantes de la oferta de empleo.<\/li>\n<li><strong>Pobre formato:<\/strong> Usa formato consistente, encabezados claros y fuentes profesionales en todo el documento.<\/li>\n<\/ul>\n<h2>Preguntas frecuentes<\/h2>\n<h3>\u00bfCu\u00e1nto debe durar un curr\u00edculum de profesor?<\/h3>\n<p>Para nuevos profesores o quienes tienen menos de 5 a\u00f1os de experiencia, mant\u00e9n tu curr\u00edculum en una p\u00e1gina. Profesores experimentados con m\u00e1s de 10 a\u00f1os pueden extenderlo a dos p\u00e1ginas, pero aseg\u00farate de que cada elemento aporte valor. Enf\u00f3cate en la calidad sobre la cantidad\u2014los responsables de contrataci\u00f3n aprecian la informaci\u00f3n concisa y relevante.<\/p>\n<h3>\u00bfDebo incluir mi experiencia de pr\u00e1cticas docentes?<\/h3>\n<p>\u00a1Absolutamente! Para nuevos profesores, las pr\u00e1cticas docentes son tu experiencia m\u00e1s relevante. Tr\u00e1tala como un puesto docente regular, incluyendo la escuela, fechas, nivel de grado y logros espec\u00edficos durante tu estancia. Destaca cualquier lecci\u00f3n innovadora que dise\u00f1aste o comentarios positivos de tu profesor colaborador.<\/p>\n<h3>\u00bfQu\u00e9 hago si estoy cambiando de carrera y no tengo experiencia docente?<\/h3>\n<p>Enf\u00f3cate en habilidades transferibles y experiencias relevantes. Si trabajaste en formaci\u00f3n, mentor\u00eda, entrenamiento o cualquier rol relacionado con la instrucci\u00f3n, destaca esas experiencias. Resalta tu formaci\u00f3n acad\u00e9mica, voluntariado con ni\u00f1os y cualquier experiencia docente informal. Considera obtener experiencia como profesor sustituto para fortalecer tu curr\u00edculum.<\/p>\n<h3>\u00bfDebo incluir referencias en mi curr\u00edculum de profesor?<\/h3>\n<p>No, no incluyas referencias directamente en tu curr\u00edculum\u2014ocupan espacio valioso. En su lugar, ten una lista de referencias preparada con 3-5 referencias profesionales (supervisores anteriores, profesores colaboradores, profesores universitarios) con su informaci\u00f3n de contacto. Puedes anotar &#8220;Referencias disponibles a solicitud&#8221; al final de tu curr\u00edculum, o simplemente omitirlo ya que esto se sobreentiende.<\/p>\n<h3>\u00bfC\u00f3mo abordo los periodos sin empleo en mi carrera docente?<\/h3>\n<p>S\u00e9 honesto y breve. Si tomaste tiempo por razones familiares, desarrollo profesional u otros motivos v\u00e1lidos, puedes mencionarlo en tu carta de presentaci\u00f3n o brevemente en tu curr\u00edculum. Enf\u00f3cate en cualquier actividad relevante durante ese tiempo\u2014voluntariado, cursos en l\u00ednea, tutor\u00eda o desarrollo profesional. Lo m\u00e1s importante es demostrar que est\u00e1s listo y cualificado para volver a la ense\u00f1anza.<\/p>\n<h2>Lleva tu curr\u00edculum al siguiente nivel<\/h2>\n<p>\u00bfListo para crear un curr\u00edculum de profesor profesional y optimizado para ATS que destaque? <a href=\"https:\/\/ai.stylingcv.com?utm_source=stylingcv&utm_medium=website&utm_campaign=cta&utm_content=teacher\">Visita el AI Resume Builder de StylingCV<\/a> para generar un curr\u00edculum pulido y personalizado en minutos. Nuestra plataforma te ayuda a resaltar tus fortalezas docentes, optimizar para sistemas de seguimiento de candidatos y crear un documento que da resultados. \u00a1Empieza a construir tu curr\u00edculum de profesor perfecto hoy y da el siguiente paso en tu carrera educativa!<\/p>\n<p>\ud83d\udc49 <a href=\"https:\/\/stylingcv.com\/ats-resume-checker\/\">verifica la compatibilidad ATS de tu curr\u00edculum<\/a><\/p>\n<p>\ud83d\udc49 <a href=\"https:\/\/stylingcv.com\/resume-templates\/\">plantillas de curr\u00edculum gratis<\/a><\/p>\n<p>\ud83d\udc49 <a href=\"https:\/\/stylingcv.com\/guides\/\">aprende c\u00f3mo escribir un curr\u00edculum<\/a><\/p>\n<p><strong>\ud83d\udca1 Consejo profesional:<\/strong> StylingCV no es solo un creador de curr\u00edculums \u2014 es un creador inteligente con IA que piensa. <a href=\"https:\/\/stylingcv.com\/resume-builder\/\">Creador de curr\u00edculums con IA y 11 agentes inteligentes<\/a> en menos de 2 minutos.<\/p>\n<div style=\"background:linear-gradient(135deg,#f8f9fa 0%,#e9ecef 100%);border-radius:12px;padding:25px 30px;margin:30px 0;border-left:4px solid #268599\">\n<h3 style=\"color:#268599;margin-top:0;font-size:1.2rem\">Explora m\u00e1s recursos<\/h3>\n<ul style=\"list-style:none;padding:0;margin:0\">\n<li style=\"margin-bottom:10px\"><a href=\"\/resume-builder\/\" style=\"color:#268599;font-weight:600\">Crea tu curr\u00edculum de profesor con IA<\/a><\/li>\n<li style=\"margin-bottom:10px\"><a href=\"\/resume-templates\/\" style=\"color:#268599;font-weight:600\">Explora plantillas de curr\u00edculum de profesor<\/a><\/li>\n<li style=\"margin-bottom:10px\"><a href=\"\/resume-examples\/\" style=\"color:#268599;font-weight:600\">Ver todos los ejemplos de curr\u00edculum<\/a><\/li>\n<li style=\"margin-bottom:10px\"><a href=\"\/ats-resume-checker\/\" style=\"color:#268599;font-weight:600\">Verifica la puntuaci\u00f3n ATS de tu curr\u00edculum<\/a><\/li>\n<\/ul>\n<h4 style=\"color:#495057;margin-top:15px;font-size:1rem\">Ejemplos de curr\u00edculum relacionados:<\/h4>\n<ul style=\"list-style:none;padding:0;margin:0\">\n<li style=\"margin-bottom:8px\"><a href=\"\/school-counselor\/\">Ejemplo de curr\u00edculum de orientador escolar<\/a><\/li>\n<li style=\"margin-bottom:8px\"><a href=\"\/product-manager\/\">Ejemplo de curr\u00edculum de product manager<\/a><\/li>\n<\/ul>\n<\/div>\n<p><!-- stylingcv-hub-links --><\/p>\n<div class=\"stylingcv-related-resources\" style=\"margin-top:30px;padding:20px;background:#f8f9fa;border-left:4px solid #1abc9c;border-radius:4px;\">\n<h3 style=\"margin-top:0;color:#2c3e50;\">Explora m\u00e1s recursos<\/h3>\n<ul style=\"list-style:none;padding:0;\">\n<li><a href=\"https:\/\/stylingcv.com\/resume-examples\/\">Ejemplos de curr\u00edculum<\/a> &mdash; Tu gu\u00eda completa<\/li>\n<li><a href=\"https:\/\/stylingcv.com\/robotics-engineer\/\">Ejemplo de curr\u00edculum de ingeniero en rob\u00f3tica<\/a><\/li>\n<li><a href=\"https:\/\/stylingcv.com\/finance-resume-tips-62\/\">\u00bfCu\u00e1les son los consejos clave de curr\u00edculum para finanzas?<\/a><\/li>\n<li><a href=\"https:\/\/stylingcv.com\/network-engineer\/\">Ejemplo de curr\u00edculum de ingeniero de redes<\/a><\/li>\n<\/ul>\n<p style=\"margin-bottom:0;font-size:14px;color:#7f8c8d;\">No solo un creador de curr\u00edculums &mdash; un creador inteligente con IA que piensa. <a href=\"https:\/\/stylingcv.com\/resume-builder\/\" style=\"color:#1abc9c;font-weight:bold;\">Crea tu curr\u00edculum en menos de 2 minutos &rarr;<\/a><\/p>\n<\/div>\n<p><!-- \/stylingcv-hub-links --><\/p>\n\n<style>.entry-content a[href*=\"ai.stylingcv.com\"]:not(.scv-exit-cta){transition:transform 0.2s ease,box-shadow 0.2s ease}.entry-content a[href*=\"ai.stylingcv.com\"]:not(.scv-exit-cta):hover{transform:translateY(-2px);box-shadow:0 4px 12px rgba(38,133,153,0.25)}<\/style>","protected":false},"excerpt":{"rendered":"<p>Descarga un ejemplo profesional de curr\u00edculum de profesor. Plantilla optimizada para ATS con consejos, datos salariales y habilidades clave para el mercado laboral de EE.UU.<\/p>\n","protected":false},"author":0,"featured_media":0,"parent":0,"menu_order":0,"comment_status":"closed","ping_status":"closed","template":"","meta":{"footnotes":""},"class_list":["post-456","page","type-page","status-publish","hentry"," c-blog-1-item  nt-post-class"],"yoast_head":"<!-- This site is optimized with the Yoast SEO Premium plugin v26.5 (Yoast SEO v26.5) - https:\/\/yoast.com\/wordpress\/plugins\/seo\/ -->\n<title>Ejemplo de Curr\u00edculum de Profesor - Plantillas Gratis 2026<\/title>\n<meta name=\"description\" content=\"Descarga un ejemplo profesional de curr\u00edculum de profesor. Plantilla optimizada para ATS con consejos, datos salariales y habilidades clave para el mercado\" \/>\n<meta name=\"robots\" content=\"index, follow, max-snippet:-1, max-image-preview:large, max-video-preview:-1\" \/>\n<link rel=\"canonical\" href=\"https:\/\/stylingcv.com\/es\/teacher\/\" \/>\n<meta property=\"og:locale\" content=\"en_US\" \/>\n<meta property=\"og:type\" content=\"article\" \/>\n<meta property=\"og:title\" content=\"Ejemplo de Curr\u00edculum de Profesor\" \/>\n<meta property=\"og:description\" content=\"Descarga un ejemplo profesional de curr\u00edculum de profesor. Plantilla optimizada para ATS con consejos, datos salariales y habilidades clave para el mercado\" \/>\n<meta property=\"og:url\" content=\"https:\/\/stylingcv.com\/es\/teacher\/\" \/>\n<meta property=\"og:site_name\" content=\"StylingCV - Espa\u00f1ol\" \/>\n<meta name=\"twitter:card\" content=\"summary_large_image\" \/>\n<meta name=\"twitter:label1\" content=\"Est. reading time\" \/>\n\t<meta name=\"twitter:data1\" content=\"11 minutes\" \/>\n<script type=\"application\/ld+json\" class=\"yoast-schema-graph\">{\"@context\":\"https:\/\/schema.org\",\"@graph\":[{\"@type\":\"WebPage\",\"@id\":\"https:\/\/wp.stylingcv.com\/es\/teacher\/\",\"url\":\"https:\/\/wp.stylingcv.com\/es\/teacher\/\",\"name\":\"Ejemplo de Curr\u00edculum de Profesor - Plantillas Gratis 2026\",\"isPartOf\":{\"@id\":\"https:\/\/wp.stylingcv.com\/es\/#website\"},\"datePublished\":\"2025-12-20T06:26:29+00:00\",\"description\":\"Descarga un ejemplo profesional de curr\u00edculum de profesor. Plantilla optimizada para ATS con consejos, datos salariales y habilidades clave para el mercado\",\"breadcrumb\":{\"@id\":\"https:\/\/wp.stylingcv.com\/es\/teacher\/#breadcrumb\"},\"inLanguage\":\"en-US\",\"potentialAction\":[{\"@type\":\"ReadAction\",\"target\":[\"https:\/\/wp.stylingcv.com\/es\/teacher\/\"]}]},{\"@type\":\"BreadcrumbList\",\"@id\":\"https:\/\/wp.stylingcv.com\/es\/teacher\/#breadcrumb\",\"itemListElement\":[{\"@type\":\"ListItem\",\"position\":1,\"name\":\"Home\",\"item\":\"https:\/\/wp.stylingcv.com\/es\/\"},{\"@type\":\"ListItem\",\"position\":2,\"name\":\"Ejemplo de Curr\u00edculum de Profesor\"}]},{\"@type\":\"WebSite\",\"@id\":\"https:\/\/wp.stylingcv.com\/es\/#website\",\"url\":\"https:\/\/wp.stylingcv.com\/es\/\",\"name\":\"StylingCV - Espa\u00f1ol\",\"description\":\"\",\"potentialAction\":[{\"@type\":\"SearchAction\",\"target\":{\"@type\":\"EntryPoint\",\"urlTemplate\":\"https:\/\/wp.stylingcv.com\/es\/?s={search_term_string}\"},\"query-input\":{\"@type\":\"PropertyValueSpecification\",\"valueRequired\":true,\"valueName\":\"search_term_string\"}}],\"inLanguage\":\"en-US\"}]}<\/script>\n<!-- \/ Yoast SEO Premium plugin. -->","yoast_head_json":{"title":"Ejemplo de Curr\u00edculum de Profesor - Plantillas Gratis 2026","description":"Descarga un ejemplo profesional de curr\u00edculum de profesor. Plantilla optimizada para ATS con consejos, datos salariales y habilidades clave para el mercado","robots":{"index":"index","follow":"follow","max-snippet":"max-snippet:-1","max-image-preview":"max-image-preview:large","max-video-preview":"max-video-preview:-1"},"canonical":"https:\/\/stylingcv.com\/es\/teacher\/","og_locale":"en_US","og_type":"article","og_title":"Ejemplo de Curr\u00edculum de Profesor","og_description":"Descarga un ejemplo profesional de curr\u00edculum de profesor. Plantilla optimizada para ATS con consejos, datos salariales y habilidades clave para el mercado","og_url":"https:\/\/stylingcv.com\/es\/teacher\/","og_site_name":"StylingCV - Espa\u00f1ol","twitter_card":"summary_large_image","twitter_misc":{"Est. reading time":"11 minutes"},"schema":{"@context":"https:\/\/schema.org","@graph":[{"@type":"WebPage","@id":"https:\/\/wp.stylingcv.com\/es\/teacher\/","url":"https:\/\/wp.stylingcv.com\/es\/teacher\/","name":"Ejemplo de Curr\u00edculum de Profesor - Plantillas Gratis 2026","isPartOf":{"@id":"https:\/\/wp.stylingcv.com\/es\/#website"},"datePublished":"2025-12-20T06:26:29+00:00","description":"Descarga un ejemplo profesional de curr\u00edculum de profesor. Plantilla optimizada para ATS con consejos, datos salariales y habilidades clave para el mercado","breadcrumb":{"@id":"https:\/\/wp.stylingcv.com\/es\/teacher\/#breadcrumb"},"inLanguage":"en-US","potentialAction":[{"@type":"ReadAction","target":["https:\/\/wp.stylingcv.com\/es\/teacher\/"]}]},{"@type":"BreadcrumbList","@id":"https:\/\/wp.stylingcv.com\/es\/teacher\/#breadcrumb","itemListElement":[{"@type":"ListItem","position":1,"name":"Home","item":"https:\/\/wp.stylingcv.com\/es\/"},{"@type":"ListItem","position":2,"name":"Ejemplo de Curr\u00edculum de Profesor"}]},{"@type":"WebSite","@id":"https:\/\/wp.stylingcv.com\/es\/#website","url":"https:\/\/wp.stylingcv.com\/es\/","name":"StylingCV - Espa\u00f1ol","description":"","potentialAction":[{"@type":"SearchAction","target":{"@type":"EntryPoint","urlTemplate":"https:\/\/wp.stylingcv.com\/es\/?s={search_term_string}"},"query-input":{"@type":"PropertyValueSpecification","valueRequired":true,"valueName":"search_term_string"}}],"inLanguage":"en-US"}]}},"_links":{"self":[{"href":"https:\/\/wp.stylingcv.com\/es\/wp-json\/wp\/v2\/pages\/456","targetHints":{"allow":["GET"]}}],"collection":[{"href":"https:\/\/wp.stylingcv.com\/es\/wp-json\/wp\/v2\/pages"}],"about":[{"href":"https:\/\/wp.stylingcv.com\/es\/wp-json\/wp\/v2\/types\/page"}],"replies":[{"embeddable":true,"href":"https:\/\/wp.stylingcv.com\/es\/wp-json\/wp\/v2\/comments?post=456"}],"version-history":[{"count":0,"href":"https:\/\/wp.stylingcv.com\/es\/wp-json\/wp\/v2\/pages\/456\/revisions"}],"wp:attachment":[{"href":"https:\/\/wp.stylingcv.com\/es\/wp-json\/wp\/v2\/media?parent=456"}],"curies":[{"name":"wp","href":"https:\/\/api.w.org\/{rel}","templated":true}]}}