{"id":319,"date":"2025-12-14T14:38:01","date_gmt":"2025-12-14T14:38:01","guid":{"rendered":"https:\/\/stylingcv.com\/es\/plantillas-curriculum-simples\/"},"modified":"2025-12-14T14:38:01","modified_gmt":"2025-12-14T14:38:01","slug":"simple-resume-templates","status":"publish","type":"page","link":"https:\/\/wp.stylingcv.com\/es\/simple-resume-templates\/","title":{"rendered":"Plantillas de curr\u00edculum simples"},"content":{"rendered":"<style>\n.scv-ats-page{--teal:#268599;--coral:#E8885E;--navy:#16344C;--gold:#C4A574;--bg:#f6fafb;--card:#ffffff;--text:#20323f;--muted:#64798f;--line:#d8e5ea;--soft:#eef5f7;--shadow:0 18px 44px rgba(22,52,76,.10);font-family:Inter,ui-sans-serif,system-ui,-apple-system,BlinkMacSystemFont,\"Segoe UI\",sans-serif;color:var(--text);line-height:1.72;background:var(--bg);margin:0;padding:0}\n.scv-ats-page *{box-sizing:border-box}.scv-ats-page img{max-width:100%;display:block}.scv-ats-page a{color:var(--teal);text-decoration:none}.scv-ats-page a:hover{text-decoration:underline}\n.scv-wrap{width:min(1060px,calc(100% - 32px));margin:0 auto}.scv-hero{padding:72px 0 54px;background:radial-gradient(circle at 0 0, rgba(38,133,153,.18), transparent 34%),radial-gradient(circle at 100% 0, rgba(232,136,94,.18), transparent 30%),linear-gradient(180deg,#ffffff 0%,#f6fafb 100%);border:1px solid rgba(22,52,76,.06);border-radius:28px;overflow:hidden}\n.scv-hero-grid{display:grid;grid-template-columns:1.04fr .96fr;gap:28px;align-items:center;padding:0 34px}.scv-kicker{display:inline-flex;align-items:center;gap:10px;font-size:.82rem;font-weight:800;letter-spacing:.08em;text-transform:uppercase;color:var(--teal);margin:0 0 14px}.scv-kicker::before{content:\"\";width:10px;height:10px;border-radius:999px;background:linear-gradient(135deg,var(--teal),var(--coral))}\n.scv-hero h1,.scv-ats-page h2,.scv-ats-page h3,.scv-ats-page h4{color:var(--navy);line-height:1.15;margin:0 0 16px}.scv-hero h1{font-size:clamp(2.2rem,4.8vw,4rem)}.scv-hero-copy p{font-size:1.05rem;color:var(--muted);margin:0 0 16px}\n.scv-hero-card{background:rgba(255,255,255,.92);border:1px solid var(--line);border-radius:24px;overflow:hidden;box-shadow:var(--shadow)}.scv-hero-card img{width:100%;aspect-ratio:4\/3;object-fit:cover}.scv-hero-card .meta{padding:18px 20px}.scv-hero-card .meta p{margin:0;color:var(--muted)}\n.scv-btn{display:inline-flex;align-items:center;justify-content:center;min-height:50px;padding:14px 22px;border-radius:999px;font-weight:800;border:1px solid transparent;transition:.18s ease;text-decoration:none!important}.scv-btn:hover{transform:translateY(-1px)}.scv-btn-primary{background:linear-gradient(135deg,var(--teal),#1f6f80);color:#fff;box-shadow:0 14px 30px rgba(38,133,153,.24)}.scv-btn-secondary{background:#fff;color:var(--navy);border-color:var(--line)}\n.scv-inline-cta{display:flex;flex-wrap:wrap;gap:14px;margin:22px 0 0}.scv-metrics{display:grid;grid-template-columns:repeat(3,1fr);gap:14px;margin-top:24px}.scv-metric{background:#fff;border:1px solid var(--line);border-radius:18px;padding:16px;box-shadow:var(--shadow)}.scv-metric strong{display:block;font-size:1.3rem;color:var(--navy)}.scv-metric span{display:block;color:var(--muted);font-size:.92rem;margin-top:4px}\n.scv-body{padding:28px 0 60px;display:grid;gap:22px}.scv-panel,.scv-section{background:#fff;border:1px solid var(--line);border-radius:24px;padding:30px;box-shadow:var(--shadow)}.scv-panel p,.scv-section p{margin:0 0 16px}.scv-section-head{margin-bottom:18px}\n.scv-figure{margin:24px 0;padding:10px;background:linear-gradient(180deg,#fff,#f7fbfc);border:1px solid var(--line);border-radius:20px;overflow:hidden}.scv-figure img{width:min(60%,780px);margin:0 auto;border-radius:14px;object-fit:cover}.scv-figure figcaption{padding:12px 8px 4px;color:var(--muted);font-size:.92rem;text-align:center}\n.scv-ats-page ul,.scv-ats-page ol{padding-left:24px;margin:14px 0 18px}.scv-ats-page li{margin:8px 0}.scv-ats-page blockquote{margin:20px 0;padding:20px 22px;border-left:4px solid var(--teal);background:linear-gradient(135deg, rgba(38,133,153,.06), rgba(232,136,94,.05));border-radius:0 18px 18px 0}\n.scv-table-wrap{overflow:auto;border:1px solid var(--line);border-radius:18px;background:#fff;margin:22px 0}.scv-table-wrap table{width:100%;border-collapse:collapse;min-width:720px}.scv-table-wrap th,.scv-table-wrap td{padding:14px 16px;text-align:left;border-bottom:1px solid var(--line);vertical-align:top}.scv-table-wrap thead th{background:#f4f8fa;color:var(--navy);font-size:.94rem}.scv-table-wrap tbody tr:last-child td{border-bottom:none}\n.scv-mini-grid{display:grid;grid-template-columns:repeat(2,1fr);gap:16px;margin-top:22px}.scv-mini-card{background:linear-gradient(135deg, rgba(38,133,153,.06), rgba(232,136,94,.05));border:1px solid var(--line);border-radius:18px;padding:18px}\n.scv-footer{background:linear-gradient(135deg,var(--navy),#224862);color:#fff;border-radius:28px;padding:32px;box-shadow:var(--shadow)}.scv-footer h2,.scv-footer p{color:#fff}.scv-footer p{opacity:.92}.scv-footer .scv-btn-secondary{background:rgba(255,255,255,.12);border-color:rgba(255,255,255,.2);color:#fff}\n@media (max-width: 840px){.scv-hero-grid{grid-template-columns:1fr;padding:0 22px}.scv-metrics,.scv-mini-grid{grid-template-columns:1fr}.scv-panel,.scv-section,.scv-footer{padding:22px}.scv-inline-cta{flex-direction:column}.scv-btn{width:100%}.scv-figure img{width:100%}}\n<\/style>\n<div class=\"scv-ats-page\">\n<section class=\"scv-wrap scv-hero\">\n<div class=\"scv-hero-grid\">\n<div class=\"scv-hero-copy\">\n<p class=\"scv-kicker\">Dise\u00f1os limpios y minimalistas<\/p>\n<h1>Plantillas de curr\u00edculum simples<\/h1>\n<p>Las plantillas de curr\u00edculum simples se centran en una cosa por encima de todo: la claridad. Son la mejor opci\u00f3n para quienes buscan una estructura limpia y minimalista que sea f\u00e1cil de leer tanto para los sistemas de seguimiento de candidatos como para los reclutadores.<\/p>\n<p>Una plantilla simple no significa una presentaci\u00f3n d\u00e9bil. Significa menos distracciones, una jerarqu\u00eda m\u00e1s fuerte y menos riesgo de formato, que es exactamente lo que muchas aplicaciones en l\u00ednea necesitan.<\/p>\n<div class=\"scv-inline-cta\"><a class=\"scv-btn scv-btn-primary\" href=\"https:\/\/stylingcv.com\/templates\">Ver plantillas<\/a><a class=\"scv-btn scv-btn-secondary\" href=\"https:\/\/stylingcv.com\/builder\">Probar el creador de curr\u00edculum gratis<\/a><\/div>\n<div class=\"scv-metrics\">\n<div class=\"scv-metric\"><strong>P\u00e1gina enfocada<\/strong><span>Construida con el mismo patr\u00f3n limpio que un ATS<\/span><\/div>\n<div class=\"scv-metric\"><strong>Visuales m\u00e1s peque\u00f1os<\/strong><span>Im\u00e1genes mostradas en tama\u00f1o reducido para un mejor flujo de lectura<\/span><\/div>\n<div class=\"scv-metric\"><strong>Intenci\u00f3n SEO<\/strong><span>Adaptada al estilo de plantilla espec\u00edfico que buscan los usuarios<\/span><\/div>\n<\/div><\/div>\n<div class=\"scv-hero-card\"><img decoding=\"async\" src=\"https:\/\/stylingcv.com\/wp-content\/uploads\/ats-friendly-premium\/9fe06ec7-4d2b-47af-9ba3-50a012c6bb69.png\" alt=\"Simple Resume Templates\" \/><\/p>\n<div class=\"meta\">\n<p>Una p\u00e1gina de categor\u00eda de plantilla larga y m\u00e1s limpia, dise\u00f1ada para la legibilidad, la intenci\u00f3n SEO y un flujo de navegaci\u00f3n m\u00e1s fuerte.<\/p>\n<\/div>\n<\/div><\/div>\n<\/section>\n<div class=\"scv-wrap scv-body\">\n<section class=\"scv-panel\">\n<h2>Por qu\u00e9 las plantillas simples funcionan tan bien<\/h2>\n<p>Las plantillas simples suelen ser la opci\u00f3n m\u00e1s segura cuando la compatibilidad es lo m\u00e1s importante. Reducen la complejidad del dise\u00f1o, mantienen el orden de lectura obvio y facilitan que tanto el software como las personas encuentren r\u00e1pidamente las partes importantes de tu curr\u00edculum.<\/p>\n<p>Eso las hace especialmente valiosas para aplicaciones en l\u00ednea, procesos de selecci\u00f3n de alto volumen y candidatos que buscan el menor riesgo posible de formato. En caso de duda, una plantilla simple y s\u00f3lida suele ser la opci\u00f3n m\u00e1s inteligente.<\/p>\n<p>Tambi\u00e9n funcionan porque el dise\u00f1o minimalista pone el \u00e9nfasis donde debe estar: en el contenido. Tu resumen, logros, habilidades, fechas y ajuste al puesto se convierten en el centro de atenci\u00f3n.<\/p>\n<\/section>\n<section class=\"scv-section\">\n<div class=\"scv-section-head\">\n<p class=\"scv-kicker\">Mejor ajuste<\/p>\n<h2>\u00bfQui\u00e9n deber\u00eda usar plantillas de curr\u00edculum simples?<\/h2>\n<\/div>\n<p>Las plantillas simples son adecuadas para casi todos, pero son especialmente \u00fatiles para:<\/p>\n<ul>\n<li>Personas que postulan a trav\u00e9s de portales de empleo con mucho ATS<\/li>\n<li>Quienes cambian de carrera y necesitan m\u00e1xima claridad<\/li>\n<li>Personas sin experiencia que buscan estructura sin distracci\u00f3n visual<\/li>\n<li>Profesionales que aplican en diferentes industrias<\/li>\n<li>Personas que priorizan la legibilidad sobre el estilo de marca<\/li>\n<\/ul>\n<p>Las plantillas simples tambi\u00e9n funcionan bien cuando necesitas adaptar tu contenido a diferentes tipos de trabajo. Como el dise\u00f1o es contenido, puedes ajustar el texto para cada postulaci\u00f3n sin preocuparte de que el dise\u00f1o env\u00ede una se\u00f1al equivocada.<\/p>\n<figure class=\"scv-figure\"><img decoding=\"async\" src=\"https:\/\/stylingcv.com\/wp-content\/uploads\/ats-friendly-premium\/0bfe7cde-9569-4a95-ac0d-9717c80c8e5d.png\" alt=\"Simple ATS-friendly resume comparison\" \/><figcaption>Las plantillas simples eliminan distracciones y mantienen la atenci\u00f3n en lo importante.<\/figcaption><\/figure>\n<\/section>\n<section class=\"scv-section\">\n<div class=\"scv-section-head\">\n<p class=\"scv-kicker\">Ventajas<\/p>\n<h2>Qu\u00e9 hace poderosas a las plantillas simples<\/h2>\n<\/div>\n<div class=\"scv-mini-grid\">\n<div class=\"scv-mini-card\">\n<h3>Fortalezas principales<\/h3>\n<ul>\n<li>Muy f\u00e1ciles de escanear<\/li>\n<li>Bajo riesgo de error con ATS<\/li>\n<li>Compatibilidad amplia entre industrias<\/li>\n<li>F\u00e1ciles de adaptar a nuevos puestos<\/li>\n<li>Enfoque fuerte en logros y palabras clave<\/li>\n<\/ul>\n<\/div>\n<div class=\"scv-mini-card\">\n<h3>Posibles desventajas<\/h3>\n<ul>\n<li>Pueden parecer gen\u00e9ricas si el texto es d\u00e9bil<\/li>\n<li>Requieren contenido s\u00f3lido para destacar<\/li>\n<li>Menos personalidad visual que plantillas modernas<\/li>\n<li>Pueden parecer demasiado simples para puestos creativos<\/li>\n<\/ul>\n<\/div>\n<\/div>\n<p>El gran beneficio es la fiabilidad. Cuando un reclutador abre una plantilla simple, no necesita descifrar el dise\u00f1o. Cuando un ATS la lee, hay menos posibilidades de confusi\u00f3n. Esa fiabilidad es valiosa.<\/p>\n<\/section>\n<section class=\"scv-section\">\n<div class=\"scv-section-head\">\n<p class=\"scv-kicker\">C\u00f3mo usarlas<\/p>\n<h2>Qu\u00e9 deben resaltar las plantillas de curr\u00edculum simples<\/h2>\n<\/div>\n<p>Como las plantillas simples eliminan el ruido visual, la redacci\u00f3n importa m\u00e1s. Los curr\u00edculums simples m\u00e1s efectivos usan res\u00famenes concisos, logros medibles y una alineaci\u00f3n clara con el puesto. Son limpios, pero no vac\u00edos.<\/p>\n<p>Un curr\u00edculum simple y s\u00f3lido debe destacar:<\/p>\n<ul>\n<li>tu puesto y nivel r\u00e1pidamente en el resumen,<\/li>\n<li>las palabras clave m\u00e1s relevantes para el trabajo,<\/li>\n<li>logros medibles en cada puesto reciente,<\/li>\n<li>habilidades y herramientas t\u00e9cnicas claras,<\/li>\n<li>y un formato consistente en todo el documento.<\/li>\n<\/ul>\n<blockquote>\n<p><strong>D\u00e9bil:<\/strong> Ayud\u00e9 a atender clientes y resolv\u00ed problemas.<\/p>\n<p><strong>M\u00e1s fuerte:<\/strong> Resolv\u00ed incidencias de clientes de alto volumen con un 94% de satisfacci\u00f3n, reduciendo reincidencias mediante flujos de soluci\u00f3n m\u00e1s claros.<\/p>\n<\/blockquote>\n<p>Las plantillas simples son ideales para este tipo de redacci\u00f3n directa y clara porque nada compite con el mensaje.<\/p>\n<\/section>\n<section class=\"scv-section\">\n<div class=\"scv-section-head\">\n<p class=\"scv-kicker\">Comparaci\u00f3n<\/p>\n<h2>Cu\u00e1ndo elegir simple sobre profesional o moderno<\/h2>\n<\/div>\n<p>Si buscas m\u00e1xima legibilidad, elige simple. Si quieres un toque m\u00e1s corporativo, elige profesional. Si prefieres un dise\u00f1o m\u00e1s actual, elige moderno. Las plantillas simples son las m\u00e1s universales, pero son especialmente fuertes cuando el proceso de selecci\u00f3n depende mucho del ATS.<\/p>\n<div class=\"scv-table-wrap\">\n<table>\n<thead>\n<tr>\n<th>Tipo de plantilla<\/th>\n<th>Mejor cuando<\/th>\n<th>Beneficio principal<\/th>\n<\/tr>\n<\/thead>\n<tbody>\n<tr>\n<td>Simple<\/td>\n<td>Quieres la opci\u00f3n m\u00e1s clara y segura<\/td>\n<td>Bajo riesgo de formato y f\u00e1cil lectura<\/td>\n<\/tr>\n<tr>\n<td>Profesional<\/td>\n<td>Buscas un toque empresarial formal<\/td>\n<td>Presentaci\u00f3n corporativa m\u00e1s fuerte<\/td>\n<\/tr>\n<tr>\n<td>Moderna<\/td>\n<td>Prefieres un dise\u00f1o m\u00e1s actual<\/td>\n<td>Estilo visual fresco con estructura<\/td>\n<\/tr>\n<\/tbody>\n<\/table>\n<\/div>\n<figure class=\"scv-figure\"><img decoding=\"async\" src=\"https:\/\/stylingcv.com\/wp-content\/uploads\/ats-friendly-premium\/6b99f1bc-3b3a-4c9e-9db9-2bbce7632442.png\" alt=\"Simple resume formatting guide\" \/><figcaption>Las plantillas simples suelen ser la mejor opci\u00f3n cuando la compatibilidad y la rapidez de lectura son lo m\u00e1s importante.<\/figcaption><\/figure>\n<p>Para muchos usuarios, las plantillas simples son el mejor punto de partida. Una vez que el contenido es s\u00f3lido, siempre pueden decidir despu\u00e9s si un estilo m\u00e1s profesional o moderno se adapta mejor al puesto objetivo.<\/p>\n<\/section>\n<section class=\"scv-section\">\n<div class=\"scv-section-head\">\n<p class=\"scv-kicker\">FAQ<\/p>\n<h2>Preguntas frecuentes sobre plantillas de curr\u00edculum simples<\/h2>\n<\/div>\n<h3>\u00bfSon mejores las plantillas simples para el ATS?<\/h3>\n<p>En muchos casos, s\u00ed. Los dise\u00f1os simples suelen ser m\u00e1s f\u00e1ciles de leer para el software ATS y para que los reclutadores los revisen r\u00e1pidamente.<\/p>\n<h3>\u00bfLas plantillas simples se ven demasiado b\u00e1sicas?<\/h3>\n<p>No cuando la tipograf\u00eda, el espaciado y la jerarqu\u00eda est\u00e1n bien trabajados. Lo simple tambi\u00e9n puede ser pulido y premium.<\/p>\n<h3>\u00bfQui\u00e9n se beneficia m\u00e1s de las plantillas simples?<\/h3>\n<p>Casi todos pueden beneficiarse, pero son especialmente \u00fatiles para aplicaciones con mucho ATS, cambios de carrera, candidatos sin experiencia y b\u00fasquedas amplias.<\/p>\n<h3>\u00bfCu\u00e1l es el mayor riesgo de las plantillas simples?<\/h3>\n<p>El principal riesgo es un contenido d\u00e9bil. Como el dise\u00f1o es minimalista, los textos gen\u00e9ricos se notan m\u00e1s. Las frases fuertes y el ajuste al puesto son a\u00fan m\u00e1s importantes.<\/p>\n<\/section>\n<section class=\"scv-footer\">\n<h2>Elige la simplicidad cuando la claridad sea lo m\u00e1s importante<\/h2>\n<p>Las plantillas de curr\u00edculum simples ayudan a que tu experiencia se lea de forma clara, se revise r\u00e1pido y sea compatible con m\u00e1s sistemas de selecci\u00f3n y sectores.<\/p>\n<div class=\"scv-inline-cta\"><a class=\"scv-btn scv-btn-primary\" href=\"https:\/\/stylingcv.com\/templates\">Ver todas las plantillas<\/a><a class=\"scv-btn scv-btn-secondary\" href=\"https:\/\/stylingcv.com\/builder\">Probar el creador de curr\u00edculum gratis<\/a><\/div>\n<\/section>\n<\/div>\n<\/div>\n\n","protected":false},"excerpt":{"rendered":"<p>Gu\u00eda experta sobre plantillas de curr\u00edculum simples. Consejos pr\u00e1cticos, plantillas y ejemplos para impulsar tu b\u00fasqueda de empleo y carrera en 2026.<\/p>\n","protected":false},"author":0,"featured_media":0,"parent":0,"menu_order":0,"comment_status":"closed","ping_status":"closed","template":"","meta":{"footnotes":""},"class_list":["post-319","page","type-page","status-publish","hentry"," c-blog-1-item  nt-post-class"],"yoast_head":"<!-- This site is optimized with the Yoast SEO Premium plugin v26.5 (Yoast SEO v26.5) - https:\/\/yoast.com\/wordpress\/plugins\/seo\/ -->\n<title>Plantillas de curr\u00edculum simples: CV limpio y minimalista<\/title>\n<meta name=\"description\" content=\"Gu\u00eda experta sobre plantillas de curr\u00edculum simples. Consejos, plantillas y ejemplos para impulsar tu b\u00fasqueda de empleo y carrera en 2026.\" \/>\n<meta name=\"robots\" content=\"index, follow, max-snippet:-1, max-image-preview:large, max-video-preview:-1\" \/>\n<link rel=\"canonical\" href=\"https:\/\/stylingcv.com\/es\/simple-resume-templates\/\" \/>\n<meta property=\"og:locale\" content=\"en_US\" \/>\n<meta property=\"og:type\" content=\"article\" \/>\n<meta property=\"og:title\" content=\"Plantillas de curr\u00edculum simples\" \/>\n<meta property=\"og:description\" content=\"Gu\u00eda experta sobre plantillas de curr\u00edculum simples. Consejos, plantillas y ejemplos para impulsar tu b\u00fasqueda de empleo y carrera en 2026.\" \/>\n<meta property=\"og:url\" content=\"https:\/\/stylingcv.com\/es\/simple-resume-templates\/\" \/>\n<meta property=\"og:site_name\" content=\"StylingCV - Espa\u00f1ol\" \/>\n<meta property=\"og:image\" content=\"https:\/\/stylingcv.com\/wp-content\/uploads\/ats-friendly-premium\/9fe06ec7-4d2b-47af-9ba3-50a012c6bb69.png\" \/>\n<meta name=\"twitter:card\" content=\"summary_large_image\" \/>\n<meta name=\"twitter:label1\" content=\"Est. reading time\" \/>\n\t<meta name=\"twitter:data1\" content=\"5 minutes\" \/>\n<script type=\"application\/ld+json\" class=\"yoast-schema-graph\">{\"@context\":\"https:\/\/schema.org\",\"@graph\":[{\"@type\":\"WebPage\",\"@id\":\"https:\/\/wp.stylingcv.com\/es\/simple-resume-templates\/\",\"url\":\"https:\/\/wp.stylingcv.com\/es\/simple-resume-templates\/\",\"name\":\"Plantillas de curr\u00edculum simples: CV limpio y minimalista\",\"isPartOf\":{\"@id\":\"https:\/\/wp.stylingcv.com\/es\/#website\"},\"primaryImageOfPage\":{\"@id\":\"https:\/\/wp.stylingcv.com\/es\/simple-resume-templates\/#primaryimage\"},\"image\":{\"@id\":\"https:\/\/wp.stylingcv.com\/es\/simple-resume-templates\/#primaryimage\"},\"thumbnailUrl\":\"https:\/\/stylingcv.com\/wp-content\/uploads\/ats-friendly-premium\/9fe06ec7-4d2b-47af-9ba3-50a012c6bb69.png\",\"datePublished\":\"2025-12-14T14:38:01+00:00\",\"description\":\"Gu\u00eda experta sobre plantillas de curr\u00edculum simples. Consejos, plantillas y ejemplos para impulsar tu b\u00fasqueda de empleo y carrera en 2026.\",\"breadcrumb\":{\"@id\":\"https:\/\/wp.stylingcv.com\/es\/simple-resume-templates\/#breadcrumb\"},\"inLanguage\":\"en-US\",\"potentialAction\":[{\"@type\":\"ReadAction\",\"target\":[\"https:\/\/wp.stylingcv.com\/es\/simple-resume-templates\/\"]}]},{\"@type\":\"ImageObject\",\"inLanguage\":\"en-US\",\"@id\":\"https:\/\/wp.stylingcv.com\/es\/simple-resume-templates\/#primaryimage\",\"url\":\"https:\/\/stylingcv.com\/wp-content\/uploads\/ats-friendly-premium\/9fe06ec7-4d2b-47af-9ba3-50a012c6bb69.png\",\"contentUrl\":\"https:\/\/stylingcv.com\/wp-content\/uploads\/ats-friendly-premium\/9fe06ec7-4d2b-47af-9ba3-50a012c6bb69.png\"},{\"@type\":\"BreadcrumbList\",\"@id\":\"https:\/\/wp.stylingcv.com\/es\/simple-resume-templates\/#breadcrumb\",\"itemListElement\":[{\"@type\":\"ListItem\",\"position\":1,\"name\":\"Home\",\"item\":\"https:\/\/wp.stylingcv.com\/es\/\"},{\"@type\":\"ListItem\",\"position\":2,\"name\":\"Plantillas de curr\u00edculum simples\"}]},{\"@type\":\"WebSite\",\"@id\":\"https:\/\/wp.stylingcv.com\/es\/#website\",\"url\":\"https:\/\/wp.stylingcv.com\/es\/\",\"name\":\"StylingCV - Espa\u00f1ol\",\"description\":\"\",\"potentialAction\":[{\"@type\":\"SearchAction\",\"target\":{\"@type\":\"EntryPoint\",\"urlTemplate\":\"https:\/\/wp.stylingcv.com\/es\/?s={search_term_string}\"},\"query-input\":{\"@type\":\"PropertyValueSpecification\",\"valueRequired\":true,\"valueName\":\"search_term_string\"}}],\"inLanguage\":\"en-US\"}]}<\/script>\n<!-- \/ Yoast SEO Premium plugin. -->","yoast_head_json":{"title":"Plantillas de curr\u00edculum simples: CV limpio y minimalista","description":"Gu\u00eda experta sobre plantillas de curr\u00edculum simples. Consejos, plantillas y ejemplos para impulsar tu b\u00fasqueda de empleo y carrera en 2026.","robots":{"index":"index","follow":"follow","max-snippet":"max-snippet:-1","max-image-preview":"max-image-preview:large","max-video-preview":"max-video-preview:-1"},"canonical":"https:\/\/stylingcv.com\/es\/simple-resume-templates\/","og_locale":"en_US","og_type":"article","og_title":"Plantillas de curr\u00edculum simples","og_description":"Gu\u00eda experta sobre plantillas de curr\u00edculum simples. Consejos, plantillas y ejemplos para impulsar tu b\u00fasqueda de empleo y carrera en 2026.","og_url":"https:\/\/stylingcv.com\/es\/simple-resume-templates\/","og_site_name":"StylingCV - Espa\u00f1ol","og_image":[{"url":"https:\/\/stylingcv.com\/wp-content\/uploads\/ats-friendly-premium\/9fe06ec7-4d2b-47af-9ba3-50a012c6bb69.png","type":"","width":"","height":""}],"twitter_card":"summary_large_image","twitter_misc":{"Est. reading time":"5 minutes"},"schema":{"@context":"https:\/\/schema.org","@graph":[{"@type":"WebPage","@id":"https:\/\/wp.stylingcv.com\/es\/simple-resume-templates\/","url":"https:\/\/wp.stylingcv.com\/es\/simple-resume-templates\/","name":"Plantillas de curr\u00edculum simples: CV limpio y minimalista","isPartOf":{"@id":"https:\/\/wp.stylingcv.com\/es\/#website"},"primaryImageOfPage":{"@id":"https:\/\/wp.stylingcv.com\/es\/simple-resume-templates\/#primaryimage"},"image":{"@id":"https:\/\/wp.stylingcv.com\/es\/simple-resume-templates\/#primaryimage"},"thumbnailUrl":"https:\/\/stylingcv.com\/wp-content\/uploads\/ats-friendly-premium\/9fe06ec7-4d2b-47af-9ba3-50a012c6bb69.png","datePublished":"2025-12-14T14:38:01+00:00","description":"Gu\u00eda experta sobre plantillas de curr\u00edculum simples. Consejos, plantillas y ejemplos para impulsar tu b\u00fasqueda de empleo y carrera en 2026.","breadcrumb":{"@id":"https:\/\/wp.stylingcv.com\/es\/simple-resume-templates\/#breadcrumb"},"inLanguage":"en-US","potentialAction":[{"@type":"ReadAction","target":["https:\/\/wp.stylingcv.com\/es\/simple-resume-templates\/"]}]},{"@type":"ImageObject","inLanguage":"en-US","@id":"https:\/\/wp.stylingcv.com\/es\/simple-resume-templates\/#primaryimage","url":"https:\/\/stylingcv.com\/wp-content\/uploads\/ats-friendly-premium\/9fe06ec7-4d2b-47af-9ba3-50a012c6bb69.png","contentUrl":"https:\/\/stylingcv.com\/wp-content\/uploads\/ats-friendly-premium\/9fe06ec7-4d2b-47af-9ba3-50a012c6bb69.png"},{"@type":"BreadcrumbList","@id":"https:\/\/wp.stylingcv.com\/es\/simple-resume-templates\/#breadcrumb","itemListElement":[{"@type":"ListItem","position":1,"name":"Home","item":"https:\/\/wp.stylingcv.com\/es\/"},{"@type":"ListItem","position":2,"name":"Plantillas de curr\u00edculum simples"}]},{"@type":"WebSite","@id":"https:\/\/wp.stylingcv.com\/es\/#website","url":"https:\/\/wp.stylingcv.com\/es\/","name":"StylingCV - Espa\u00f1ol","description":"","potentialAction":[{"@type":"SearchAction","target":{"@type":"EntryPoint","urlTemplate":"https:\/\/wp.stylingcv.com\/es\/?s={search_term_string}"},"query-input":{"@type":"PropertyValueSpecification","valueRequired":true,"valueName":"search_term_string"}}],"inLanguage":"en-US"}]}},"_links":{"self":[{"href":"https:\/\/wp.stylingcv.com\/es\/wp-json\/wp\/v2\/pages\/319","targetHints":{"allow":["GET"]}}],"collection":[{"href":"https:\/\/wp.stylingcv.com\/es\/wp-json\/wp\/v2\/pages"}],"about":[{"href":"https:\/\/wp.stylingcv.com\/es\/wp-json\/wp\/v2\/types\/page"}],"replies":[{"embeddable":true,"href":"https:\/\/wp.stylingcv.com\/es\/wp-json\/wp\/v2\/comments?post=319"}],"version-history":[{"count":0,"href":"https:\/\/wp.stylingcv.com\/es\/wp-json\/wp\/v2\/pages\/319\/revisions"}],"wp:attachment":[{"href":"https:\/\/wp.stylingcv.com\/es\/wp-json\/wp\/v2\/media?parent=319"}],"curies":[{"name":"wp","href":"https:\/\/api.w.org\/{rel}","templated":true}]}}