{"id":314,"date":"2025-12-14T14:36:48","date_gmt":"2025-12-14T14:36:48","guid":{"rendered":"https:\/\/stylingcv.com\/es\/plantillas-curriculum-ingeniero-civil\/"},"modified":"2025-12-14T14:36:48","modified_gmt":"2025-12-14T14:36:48","slug":"civil-engineer-2","status":"publish","type":"page","link":"https:\/\/wp.stylingcv.com\/es\/civil-engineer-2\/","title":{"rendered":"Plantillas de Curr\u00edculum para Ingeniero Civil: Ejemplos de CV de Ingenier\u00eda"},"content":{"rendered":"<h1>Plantillas de Curr\u00edculum para Ingeniero Civil<\/h1>\n<p>Plantillas profesionales de curr\u00edculum para ingenieros civiles, ingenieros estructurales y profesionales de la construcci\u00f3n. Destaca tu experiencia en proyectos y tu experiencia t\u00e9cnica.<\/p>\n<div class=\"cta-gradient\" style=\"background:linear-gradient(135deg,#667eea 0%,#764ba2 100%);padding:30px;border-radius:12px;margin:30px 0;text-align:center;color:#fff\">\n<h3 style=\"color:#fff;margin:0 0 15px;font-size:24px\">\ud83d\ude80 Deja de Cometer Errores en tu Curr\u00edculum<\/h3>\n<p style=\"font-size:16px;margin:0 0 20px;line-height:1.6\">Crea tu curr\u00edculum profesional compatible con ATS en 5 minutos. \u00a1\u00danete a m\u00e1s de 6 millones de usuarios!<\/p>\n<p><a href=\"https:\/\/ai.stylingcv.com?utm_source=stylingcv&utm_medium=website&utm_campaign=cta&utm_content=civil-engineer-2\" style=\"background:#fff;color:#268599;padding:15px 40px;border-radius:50px;text-decoration:none;font-weight:bold;font-size:18px\">Empieza Gratis \u2728<\/a><\/div>\n<h2>Elementos Esenciales<\/h2>\n<p><!-- StylingCV CTA - Auto Inserted --><\/p>\n<div class=\"stylingcv-cta-inline\" style=\"background: #f8f9ff;border-left: 4px solid #667eea;padding: 20px;margin: 24px 0;border-radius: 0 8px 8px 0\">\n    <strong style=\"color: #1a1a2e\">\ud83d\udca1 Consejo Profesional:<\/strong> <a href=\"https:\/\/ai.stylingcv.com\/ai-generator?utm_source=blog&amp;utm_medium=cta&amp;utm_campaign=resume_inline\" target=\"_blank\" rel=\"noopener\" style=\"color: #268599;text-decoration: none;font-weight: 500\">Prueba el Generador de Curr\u00edculum con IA de StylingCV<\/a> para crear un curr\u00edculum profesional que te ayude a conseguir trabajo m\u00e1s r\u00e1pido.\n<\/div>\n<ul>\n<li>T\u00edtulo en ingenier\u00eda<\/li>\n<li>Licencia PE<\/li>\n<li>Portafolio de proyectos<\/li>\n<li>Habilidades t\u00e9cnicas en software<\/li>\n<li>Certificaciones de seguridad<\/li>\n<div class=\"stylingcv-contextual-cta\" style=\"background:linear-gradient(135deg,#667eea 0%,#764ba2 100%);padding:30px;border-radius:12px;margin:30px 0;text-align:center;color:#fff\">\n<h3 style=\"color:#fff;margin:0 0 15px;font-size:22px;font-weight:600\">\u270d\ufe0f Crea tu Carta de Presentaci\u00f3n Perfecta<\/h3>\n<p style=\"font-size:15px;margin:0 0 20px;line-height:1.6;opacity:0.95\">Complementa tu curr\u00edculum con una carta de presentaci\u00f3n personalizada que te haga destacar.<\/p>\n<p>    <a href=\"https:\/\/ai.stylingcv.com\/ai-generator\/cover-letter?utm_source=stylingcv&utm_medium=website&utm_campaign=cta&utm_content=civil-engineer-2\" style=\"background:#fff;color:#268599;padding:14px 35px;border-radius:50px;text-decoration:none;font-weight:bold;font-size:16px\">Escribir Carta de Presentaci\u00f3n \u2192<\/a>\n<\/div>\n<\/ul>\n<p><a href=\"\/resume-builder\/\">Crea tu Curr\u00edculum de Ingenier\u00eda<\/a><\/p>\n<div class=\"scv-inline-cta scv-cta-compact\">\n<p class=\"scv-cta-eyebrow\">\u00bfTe gusta este ejemplo? Crea el tuyo en minutos<\/p>\n<h2>Convierte la inspiraci\u00f3n en acci\u00f3n<\/h2>\n<p>Utiliza nuestro generador con IA para crear un curr\u00edculum igual de impresionante \u2014 adaptado a tu experiencia.<\/p>\n<div class=\"scv-cta-buttons\">\n    <a href=\"https:\/\/ai.stylingcv.com?utm_source=stylingcv&utm_medium=website&utm_campaign=cta&utm_content=civil-engineer-2\" class=\"scv-btn-primary\">Crear mi Curr\u00edculum<\/a>\n  <\/div>\n<\/div>\n<h2>Recursos Relacionados<\/h2>\n<ul>\n<li><a href=\"\/resume-templates\/\">\u2190 Volver a Todas las Plantillas<\/a><\/li>\n<li><a href=\"\/ai-resume\/\">Generador de Curr\u00edculum con IA<\/a><\/li>\n<li><a href=\"\/career-stages\/\">Consejos de Curr\u00edculum por Etapa Profesional<\/a><\/li>\n<li><a href=\"\/cover-letter-builder\/\">Generador de Cartas de Presentaci\u00f3n<\/a><\/li>\n<\/ul>\n<p><!-- StylingCV CTA - Auto Inserted --><\/p>\n<div class=\"stylingcv-cta stylingcv-cta-bottom\" style=\"background: #1a1a2e;border-radius: 12px;padding: 40px;margin: 40px 0;text-align: center\">\n<h3 style=\"color: #fff;margin: 0 0 12px;font-size: 26px;font-weight: 600\">No Dejes que tu Curr\u00edculum te Detenga<\/p>\n<div class=\"cta-tip\" style=\"background:#f8f9fa;border-left:4px solid #667eea;padding:20px;margin:25px 0;border-radius:8px\">\n<p style=\"margin:0;font-size:16px;color:#333\"><strong>\ud83d\udca1 Consejo Inteligente:<\/strong> \u00a1Olv\u00eddate de los dolores de cabeza con el formato! <a href=\"https:\/\/ai.stylingcv.com?utm_source=stylingcv&utm_medium=website&utm_campaign=cta&utm_content=civil-engineer-2\" style=\"color:#268599;font-weight:bold;text-decoration:underline\">Usa nuestro generador de curr\u00edculum con IA<\/a> y crea un curr\u00edculum profesional en minutos.<\/p>\n<\/div>\n<\/h3>\n<p style=\"margin: 0 0 24px;font-size: 17px\">\u00danete a m\u00e1s de 6 millones de profesionales que han creado curr\u00edculums ganadores con StylingCV<\/p>\n<div class=\"stylingcv-contextual-cta\" style=\"background:#fff;border:3px solid #667eea;padding:28px;border-radius:12px;margin:30px 0;text-align:center\">\n<h3 style=\"color:#268599;margin:0 0 12px;font-size:21px;font-weight:600\">\ud83d\udce7 Destaca con una Gran Carta de Presentaci\u00f3n<\/h3>\n<p style=\"font-size:15px;margin:0 0 18px;color:#4a5568;line-height:1.6\">El generador de cartas de presentaci\u00f3n con IA te ayuda a escribir cartas atractivas y espec\u00edficas para cada empleo.<\/p>\n<p>    <a href=\"https:\/\/ai.stylingcv.com\/ai-generator\/cover-letter?utm_source=stylingcv&utm_medium=website&utm_campaign=cta&utm_content=civil-engineer-2\" style=\"background:linear-gradient(135deg, #268599 0%, #618480 50%, #e8885e 100%);color:#fff;padding:13px 32px;border-radius:8px;text-decoration:none;font-weight:600;font-size:15px\">Empieza a Escribir Gratis<\/a>\n<\/div>\n<p>    <a href=\"https:\/\/ai.stylingcv.com\/ai-generator?utm_source=blog&amp;utm_medium=cta&amp;utm_campaign=resume_bottom\" target=\"_blank\" rel=\"noopener\" style=\"background: linear-gradient(135deg, #667eea 0%, #764ba2 100%);color: #fff;padding: 16px 40px;border-radius: 8px;text-decoration: none;font-weight: 600;font-size: 16px\">Crea tu Curr\u00edculum Ahora \u2192<\/a>\n<\/div>\n<div class=\"cta-box cta-final\" style=\"background: #fff5f5;border-left: 4px solid #f5576c;padding: 30px;margin: 40px 0\">\n<h4 style=\"color: #2d3748;margin-bottom: 15px;font-size: 22px\">\ud83c\udfaf Haz que tu Carta de Presentaci\u00f3n Destaque<\/h4>\n<p style=\"margin-bottom: 20px;color: #4a5568;line-height: 1.6\">Una gran carta de presentaci\u00f3n puede marcar la diferencia entre conseguir una entrevista y pasar desapercibido. Crea la tuya ahora.<\/p>\n<div class=\"cta-action\" style=\"background:#fff;border:3px solid #667eea;padding:30px;border-radius:12px;margin:30px 0;text-align:center\">\n<h3 style=\"color:#268599;margin:0 0 15px;font-size:22px\">\u26a1 Crea tu Curr\u00edculum Ganador Ahora<\/h3>\n<p style=\"font-size:15px;margin:0 0 20px;color:#666\">\u00a1Plantillas profesionales + optimizaci\u00f3n ATS + asistencia con IA = Tu empleo so\u00f1ado!<\/p>\n<p><a href=\"https:\/\/ai.stylingcv.com?utm_source=stylingcv&utm_medium=website&utm_campaign=cta&utm_content=civil-engineer-2\" style=\"background:linear-gradient(135deg, #268599 0%, #618480 50%, #e8885e 100%);color:#fff;padding:15px 40px;border-radius:50px;text-decoration:none;font-weight:bold\">Comienza Gratis \u2192<\/a><\/div>\n<p><a href=\"https:\/\/ai.stylingcv.com\/ai-generator\/cover-letter?utm_source=stylingcv&utm_medium=website&utm_campaign=cta&utm_content=civil-engineer-2\" class=\"cta-button\" style=\"background: #f5576c;color: white;padding: 14px 35px;border-radius: 8px;text-decoration: none;font-weight: 600\">Crear mi Carta de Presentaci\u00f3n<\/a>\n<\/div>\n<div class=\"stylingcv-contextual-cta\" style=\"background:#f7fafc;border-left:4px solid #667eea;padding:20px;margin:25px 0;border-radius:8px\">\n<p style=\"margin:0;font-size:15px;color:#2d3748\">\n        <strong style=\"color:#268599\">\ud83d\udcbc Completa tu Postulaci\u00f3n<\/strong><br \/>\n        Una gran carta de presentaci\u00f3n marca la diferencia entre conseguir una entrevista y pasar desapercibido. <a href=\"https:\/\/ai.stylingcv.com\/ai-generator\/cover-letter?utm_source=stylingcv&utm_medium=website&utm_campaign=cta&utm_content=civil-engineer-2\" style=\"color:#268599;font-weight:600;text-decoration:underline\">Crear mi Carta de Presentaci\u00f3n<\/a>\n    <\/p>\n<p>\ud83d\udc49 <a href=\"https:\/\/stylingcv.com\/ats-resume-checker\/\">verificador ATS gratis<\/a><\/p>\n<p>\ud83d\udc49 <a href=\"https:\/\/stylingcv.com\/guides\/\">gu\u00edas de carrera<\/a><\/p>\n<p><strong>\ud83d\udca1 Consejo Profesional:<\/strong> StylingCV no es solo un generador de curr\u00edculum \u2014 es un generador inteligente con IA que piensa. <a href=\"https:\/\/stylingcv.com\/resume-builder\/\">Creador de curr\u00edculum con IA optimizado para ATS<\/a> en menos de 2 minutos.<\/p>\n<\/div>\n<p><!-- stylingcv-hub-links --><\/p>\n<div class=\"stylingcv-related-resources\" style=\"margin-top:30px;padding:20px;background:#f8f9fa;border-left:4px solid #1abc9c;border-radius:4px;\">\n<h3 style=\"margin-top:0;color:#2c3e50;\">Explora M\u00e1s Recursos<\/h3>\n<ul style=\"list-style:none;padding:0;\">\n<li><a href=\"https:\/\/stylingcv.com\/resume-examples\/\">Ejemplos de Curr\u00edculum<\/a> &mdash; Tu gu\u00eda completa<\/li>\n<li><a href=\"https:\/\/stylingcv.com\/aerospace-engineer\/\">Ejemplo de Curr\u00edculum de Ingeniero Aeroespacial<\/a><\/li>\n<li><a href=\"https:\/\/stylingcv.com\/mechanic\/\">Ejemplo de Curr\u00edculum de Mec\u00e1nico Automotriz<\/a><\/li>\n<li><a href=\"https:\/\/stylingcv.com\/truck-driver\/\">Ejemplo de Curr\u00edculum de Conductor de Cami\u00f3n<\/a><\/li>\n<\/ul>\n<p style=\"margin-bottom:0;font-size:14px;color:#7f8c8d;\">No solo un generador de curr\u00edculum &mdash; un generador inteligente con IA que piensa. <a href=\"https:\/\/stylingcv.com\/resume-builder\/\" style=\"color:#1abc9c;font-weight:bold;\">Crea tu curr\u00edculum en menos de 2 minutos &rarr;<\/a><\/p>\n<\/div>\n<p><!-- \/stylingcv-hub-links --><\/p>\n\n<style>.entry-content a[href*=\"ai.stylingcv.com\"]:not(.scv-exit-cta){transition:transform 0.2s ease,box-shadow 0.2s ease}.entry-content a[href*=\"ai.stylingcv.com\"]:not(.scv-exit-cta):hover{transform:translateY(-2px);box-shadow:0 4px 12px rgba(38,133,153,0.25)}<\/style>","protected":false},"excerpt":{"rendered":"<p>Gu\u00eda experta sobre plantillas de curr\u00edculum para ingeniero civil. Consejos pr\u00e1cticos, plantillas y ejemplos para impulsar tu b\u00fasqueda de empleo y carrera en 2026.<\/p>\n","protected":false},"author":0,"featured_media":0,"parent":0,"menu_order":0,"comment_status":"closed","ping_status":"closed","template":"","meta":{"footnotes":""},"class_list":["post-314","page","type-page","status-publish","hentry"," c-blog-1-item  nt-post-class"],"yoast_head":"<!-- This site is optimized with the Yoast SEO Premium plugin v26.5 (Yoast SEO v26.5) - https:\/\/yoast.com\/wordpress\/plugins\/seo\/ -->\n<title>Plantillas de Curr\u00edculum para Ingeniero Civil: CV de<\/title>\n<meta name=\"description\" content=\"Gu\u00eda experta sobre plantillas de curr\u00edculum para ingeniero civil. Consejos, plantillas y ejemplos para impulsar tu b\u00fasqueda de empleo y carrera en 2026.\" \/>\n<meta name=\"robots\" content=\"index, follow, max-snippet:-1, max-image-preview:large, max-video-preview:-1\" \/>\n<link rel=\"canonical\" href=\"https:\/\/stylingcv.com\/es\/civil-engineer-2\/\" \/>\n<meta property=\"og:locale\" content=\"en_US\" \/>\n<meta property=\"og:type\" content=\"article\" \/>\n<meta property=\"og:title\" content=\"Plantillas de Curr\u00edculum para Ingeniero Civil: Ejemplos de CV de Ingenier\u00eda\" \/>\n<meta property=\"og:description\" content=\"Gu\u00eda experta sobre plantillas de curr\u00edculum para ingeniero civil. Consejos, plantillas y ejemplos para impulsar tu b\u00fasqueda de empleo y carrera en 2026.\" \/>\n<meta property=\"og:url\" content=\"https:\/\/stylingcv.com\/es\/civil-engineer-2\/\" \/>\n<meta property=\"og:site_name\" content=\"StylingCV - Espa\u00f1ol\" \/>\n<meta name=\"twitter:card\" content=\"summary_large_image\" \/>\n<meta name=\"twitter:label1\" content=\"Est. reading time\" \/>\n\t<meta name=\"twitter:data1\" content=\"2 minutes\" \/>\n<script type=\"application\/ld+json\" class=\"yoast-schema-graph\">{\"@context\":\"https:\/\/schema.org\",\"@graph\":[{\"@type\":\"WebPage\",\"@id\":\"https:\/\/wp.stylingcv.com\/es\/civil-engineer-2\/\",\"url\":\"https:\/\/wp.stylingcv.com\/es\/civil-engineer-2\/\",\"name\":\"Plantillas de Curr\u00edculum para Ingeniero Civil: CV de\",\"isPartOf\":{\"@id\":\"https:\/\/wp.stylingcv.com\/es\/#website\"},\"datePublished\":\"2025-12-14T14:36:48+00:00\",\"description\":\"Gu\u00eda experta sobre plantillas de curr\u00edculum para ingeniero civil. Consejos, plantillas y ejemplos para impulsar tu b\u00fasqueda de empleo y carrera en 2026.\",\"breadcrumb\":{\"@id\":\"https:\/\/wp.stylingcv.com\/es\/civil-engineer-2\/#breadcrumb\"},\"inLanguage\":\"en-US\",\"potentialAction\":[{\"@type\":\"ReadAction\",\"target\":[\"https:\/\/wp.stylingcv.com\/es\/civil-engineer-2\/\"]}]},{\"@type\":\"BreadcrumbList\",\"@id\":\"https:\/\/wp.stylingcv.com\/es\/civil-engineer-2\/#breadcrumb\",\"itemListElement\":[{\"@type\":\"ListItem\",\"position\":1,\"name\":\"Home\",\"item\":\"https:\/\/wp.stylingcv.com\/es\/\"},{\"@type\":\"ListItem\",\"position\":2,\"name\":\"Plantillas de Curr\u00edculum para Ingeniero Civil: Ejemplos de CV de Ingenier\u00eda\"}]},{\"@type\":\"WebSite\",\"@id\":\"https:\/\/wp.stylingcv.com\/es\/#website\",\"url\":\"https:\/\/wp.stylingcv.com\/es\/\",\"name\":\"StylingCV - Espa\u00f1ol\",\"description\":\"\",\"potentialAction\":[{\"@type\":\"SearchAction\",\"target\":{\"@type\":\"EntryPoint\",\"urlTemplate\":\"https:\/\/wp.stylingcv.com\/es\/?s={search_term_string}\"},\"query-input\":{\"@type\":\"PropertyValueSpecification\",\"valueRequired\":true,\"valueName\":\"search_term_string\"}}],\"inLanguage\":\"en-US\"}]}<\/script>\n<!-- \/ Yoast SEO Premium plugin. -->","yoast_head_json":{"title":"Plantillas de Curr\u00edculum para Ingeniero Civil: CV de","description":"Gu\u00eda experta sobre plantillas de curr\u00edculum para ingeniero civil. Consejos, plantillas y ejemplos para impulsar tu b\u00fasqueda de empleo y carrera en 2026.","robots":{"index":"index","follow":"follow","max-snippet":"max-snippet:-1","max-image-preview":"max-image-preview:large","max-video-preview":"max-video-preview:-1"},"canonical":"https:\/\/stylingcv.com\/es\/civil-engineer-2\/","og_locale":"en_US","og_type":"article","og_title":"Plantillas de Curr\u00edculum para Ingeniero Civil: Ejemplos de CV de Ingenier\u00eda","og_description":"Gu\u00eda experta sobre plantillas de curr\u00edculum para ingeniero civil. Consejos, plantillas y ejemplos para impulsar tu b\u00fasqueda de empleo y carrera en 2026.","og_url":"https:\/\/stylingcv.com\/es\/civil-engineer-2\/","og_site_name":"StylingCV - Espa\u00f1ol","twitter_card":"summary_large_image","twitter_misc":{"Est. reading time":"2 minutes"},"schema":{"@context":"https:\/\/schema.org","@graph":[{"@type":"WebPage","@id":"https:\/\/wp.stylingcv.com\/es\/civil-engineer-2\/","url":"https:\/\/wp.stylingcv.com\/es\/civil-engineer-2\/","name":"Plantillas de Curr\u00edculum para Ingeniero Civil: CV de","isPartOf":{"@id":"https:\/\/wp.stylingcv.com\/es\/#website"},"datePublished":"2025-12-14T14:36:48+00:00","description":"Gu\u00eda experta sobre plantillas de curr\u00edculum para ingeniero civil. Consejos, plantillas y ejemplos para impulsar tu b\u00fasqueda de empleo y carrera en 2026.","breadcrumb":{"@id":"https:\/\/wp.stylingcv.com\/es\/civil-engineer-2\/#breadcrumb"},"inLanguage":"en-US","potentialAction":[{"@type":"ReadAction","target":["https:\/\/wp.stylingcv.com\/es\/civil-engineer-2\/"]}]},{"@type":"BreadcrumbList","@id":"https:\/\/wp.stylingcv.com\/es\/civil-engineer-2\/#breadcrumb","itemListElement":[{"@type":"ListItem","position":1,"name":"Home","item":"https:\/\/wp.stylingcv.com\/es\/"},{"@type":"ListItem","position":2,"name":"Plantillas de Curr\u00edculum para Ingeniero Civil: Ejemplos de CV de Ingenier\u00eda"}]},{"@type":"WebSite","@id":"https:\/\/wp.stylingcv.com\/es\/#website","url":"https:\/\/wp.stylingcv.com\/es\/","name":"StylingCV - Espa\u00f1ol","description":"","potentialAction":[{"@type":"SearchAction","target":{"@type":"EntryPoint","urlTemplate":"https:\/\/wp.stylingcv.com\/es\/?s={search_term_string}"},"query-input":{"@type":"PropertyValueSpecification","valueRequired":true,"valueName":"search_term_string"}}],"inLanguage":"en-US"}]}},"_links":{"self":[{"href":"https:\/\/wp.stylingcv.com\/es\/wp-json\/wp\/v2\/pages\/314","targetHints":{"allow":["GET"]}}],"collection":[{"href":"https:\/\/wp.stylingcv.com\/es\/wp-json\/wp\/v2\/pages"}],"about":[{"href":"https:\/\/wp.stylingcv.com\/es\/wp-json\/wp\/v2\/types\/page"}],"replies":[{"embeddable":true,"href":"https:\/\/wp.stylingcv.com\/es\/wp-json\/wp\/v2\/comments?post=314"}],"version-history":[{"count":0,"href":"https:\/\/wp.stylingcv.com\/es\/wp-json\/wp\/v2\/pages\/314\/revisions"}],"wp:attachment":[{"href":"https:\/\/wp.stylingcv.com\/es\/wp-json\/wp\/v2\/media?parent=314"}],"curies":[{"name":"wp","href":"https:\/\/api.w.org\/{rel}","templated":true}]}}