{"id":302,"date":"2025-12-14T13:44:22","date_gmt":"2025-12-14T13:44:22","guid":{"rendered":"https:\/\/stylingcv.com\/es\/plantillas-curriculum-etapa-profesional\/curriculum-ejecutivo-guia-c-suite\/"},"modified":"2025-12-14T13:44:22","modified_gmt":"2025-12-14T13:44:22","slug":"executive-resume","status":"publish","type":"page","link":"https:\/\/wp.stylingcv.com\/es\/career-stages\/executive-resume\/","title":{"rendered":"Curr\u00edculum Ejecutivo: Gu\u00eda para C-Suite y Alta Direcci\u00f3n"},"content":{"rendered":"\n<h1 class=\"wp-block-heading\">Curr\u00edculum Ejecutivo: C\u00f3mo Crear un CV Listo para C-Suite<\/h1>\n\n\n\n<p>Los curr\u00edculums ejecutivos requieren un enfoque claramente diferente al de los curr\u00edculums tradicionales. Como l\u00edder senior que aspira a puestos de C-suite, VP o Director, tu curr\u00edculum debe ir m\u00e1s all\u00e1 de simples descripciones de puestos. Debe ser un testimonio poderoso de tu visi\u00f3n estrat\u00e9gica, impacto organizacional cuantificable, habilidades de comunicaci\u00f3n a nivel de junta directiva y capacidad comprobada para liderar cambios transformadores. Esta gu\u00eda integral de StylingCV te guiar\u00e1 en la creaci\u00f3n de un curr\u00edculum ejecutivo que refleje verdaderamente tu marca de liderazgo y te ayude a conseguir esas entrevistas tan codiciadas.<\/p>\n<p><a href=\"https:\/\/stylingcv.com\/career-stages\/\">gu\u00edas de curr\u00edculum por etapa profesional<\/a><\/p>\n\n\n\n\n<h2 class=\"wp-block-heading\">Componentes del Curr\u00edculum Ejecutivo<\/h2>\n\n\n<div class=\"cta-gradient\" style=\"background:linear-gradient(135deg,#667eea 0%,#764ba2 100%);padding:30px;border-radius:12px;margin:30px 0;text-align:center;color:#fff\"><h3 style=\"color:#fff;margin:0 0 15px;font-size:24px\">\ud83d\ude80 Deja de Cometer Errores en tu Curr\u00edculum<\/h3><p style=\"font-size:16px;margin:0 0 20px;line-height:1.6\">Crea tu curr\u00edculum profesional compatible con ATS en 5 minutos. \u00a1\u00danete a m\u00e1s de 6M de usuarios!<\/p><a href=\"https:\/\/ai.stylingcv.com?utm_source=stylingcv&utm_medium=website&utm_campaign=cta&utm_content=executive-resume\" style=\"background:#fff;color:#268599;padding:15px 40px;border-radius:50px;text-decoration:none;font-weight:bold;font-size:18px\">Comienza Gratis \u2728<\/a><\/div>\n\n\n<p>Cada secci\u00f3n de un curr\u00edculum ejecutivo debe estar cuidadosamente elaborada para resaltar tu propuesta de valor \u00fanica. Aqu\u00ed tienes un an\u00e1lisis m\u00e1s profundo de los componentes esenciales:<\/p>\n\n\n\n<ul class=\"wp-block-list\">\n<li><strong>Resumen Ejecutivo (o Perfil Profesional):<\/strong> Esta es tu declaraci\u00f3n de marca de liderazgo. M\u00e1s que un resumen, es una narrativa de apertura poderosa que captura tu propuesta de valor \u00fanica, filosof\u00eda de liderazgo y visi\u00f3n de futuro. Debe transmitir de inmediato tus capacidades estrat\u00e9gicas, industrias de experiencia y el tipo de impacto que generas. Pi\u00e9nsalo como tu discurso de ascensor para la C-suite.<\/li>\n<li><strong>Logros Clave (o Competencias y Logros Principales):<\/strong> Esta secci\u00f3n es fundamental. Va m\u00e1s all\u00e1 de las responsabilidades para mostrar logros destacados que demuestran un impacto significativo en P&amp;L, crecimiento de ingresos, expansi\u00f3n de cuota de mercado, mejoras en eficiencia operativa y transformaci\u00f3n organizacional exitosa. Utiliza el m\u00e9todo STAR (Situaci\u00f3n, Tarea, Acci\u00f3n, Resultado) para estructurar tus logros, siempre cuantificando los resultados con cifras y porcentajes.<\/li>\n<li><strong>Experiencia en Liderazgo:<\/strong> Detalla tus roles en juntas directivas, posiciones ejecutivas e iniciativas estrat\u00e9gicas. Para cada puesto, enf\u00f3cate en el alcance de tu liderazgo, el tama\u00f1o de los equipos que gestionaste, los presupuestos que controlaste y la direcci\u00f3n estrat\u00e9gica que proporcionaste. Destaca el liderazgo transversal, la gesti\u00f3n del cambio y c\u00f3mo mentoreaste y desarrollaste talento.<\/li>\n<li><strong>Reconocimiento en la Industria y Liderazgo de Opini\u00f3n:<\/strong> Resalta premios, ponencias importantes, art\u00edculos publicados, membres\u00edas en juntas y roles de asesor\u00eda. Esta secci\u00f3n valida tu experiencia y te posiciona como un l\u00edder e influyente reconocido en tu campo.<\/li>\n<li><strong>Educaci\u00f3n y Credenciales:<\/strong> Incluye tu MBA, programas de educaci\u00f3n ejecutiva, certificaciones relevantes (por ejemplo, PMP, Six Sigma Black Belt, Certificaci\u00f3n de Director de Junta) y cualquier formaci\u00f3n especializada que potencie tu perfil ejecutivo.<\/li>\n<\/ul>\n\n\n\n<h2 class=\"wp-block-heading\">Qu\u00e9 Hace Diferente a un Curr\u00edculum Ejecutivo<\/h2>\n\n\n\n<p>Los curr\u00edculums ejecutivos cambian fundamentalmente el enfoque de las tareas operativas diarias al impacto estrat\u00e9gico y el liderazgo visionario. Para roles de nivel C y alta direcci\u00f3n, los reclutadores y comit\u00e9s buscan evidencia de tu capacidad para definir la direcci\u00f3n de la empresa, generar resultados financieros significativos y gestionar relaciones complejas con los grupos de inter\u00e9s. Por lo tanto, tu curr\u00edculum debe articular m\u00e9tricas relevantes al m\u00e1s alto nivel: crecimiento de ingresos, captura de cuota de mercado, experiencia exitosa en fusiones y adquisiciones, redise\u00f1o organizacional, transformaci\u00f3n digital y comunicaci\u00f3n efectiva con stakeholders. Se trata de demostrar peso de liderazgo.<\/p>\n\n\n<div class=\"stylingcv-contextual-cta\" style=\"background:linear-gradient(135deg,#667eea 0%,#764ba2 100%);padding:30px;border-radius:12px;margin:30px 0;text-align:center;color:#fff\">\n    <h3 style=\"color:#fff;margin:0 0 15px;font-size:22px;font-weight:600\">\u270d\ufe0f Crea la Carta de Presentaci\u00f3n Perfecta<\/h3>\n    <p style=\"font-size:15px;margin:0 0 20px;line-height:1.6;opacity:0.95\">Complementa tu curr\u00edculum con una carta de presentaci\u00f3n personalizada que te haga destacar.<\/p>\n    <a href=\"https:\/\/ai.stylingcv.com\/ai-generator\/cover-letter?utm_source=stylingcv&utm_medium=website&utm_campaign=cta&utm_content=executive-resume\" style=\"background:#fff;color:#268599;padding:14px 35px;border-radius:50px;text-decoration:none;font-weight:bold;font-size:16px\">Escribir Carta Ahora \u2192<\/a>\n\n\n\n<p>\ud83d\udc49 <a href=\"https:\/\/stylingcv.com\/guides\/\">gu\u00edas para escribir curr\u00edculum<\/a><\/p>\n\n<p>\ud83d\udc49 <a href=\"https:\/\/stylingcv.com\/resume-templates\/\">plantillas de curr\u00edculum profesionales<\/a><\/p>\n\n<p><strong>\ud83d\udca1 Consejo Pro:<\/strong> StylingCV no es solo un creador de curr\u00edculums \u2014 es un creador inteligente con IA que piensa. <a href=\"https:\/\/stylingcv.com\/resume-builder\/\">crea un curr\u00edculum profesional en 2 minutos<\/a> en menos de 2 minutos.<\/p>\n<\/div>\n\n\n<h2 class=\"wp-block-heading\">Curr\u00edculum Ejecutivo vs. Curr\u00edculum Est\u00e1ndar: Comparaci\u00f3n<\/h2>\n\n\n\n<p>Comprender las diferencias clave es fundamental para crear un documento listo para C-suite. Aqu\u00ed tienes una comparaci\u00f3n r\u00e1pida:<\/p>\n\n\n\n<figure class=\"wp-block-table\">\n    <table>\n        <thead>\n            <tr>\n                <th>Caracter\u00edstica<\/th>\n                <th>Curr\u00edculum Est\u00e1ndar (Media Carrera)<\/th>\n                <th>Curr\u00edculum Ejecutivo (C-Suite\/Alta Direcci\u00f3n)<\/th>\n            <\/tr>\n        <\/thead>\n        <tbody>\n            <tr>\n                <td><strong>Extensi\u00f3n<\/strong><\/td>\n                <td>1-2 p\u00e1ginas<\/td>\n                <td>2-3 p\u00e1ginas (a veces m\u00e1s para trayectorias extensas)<\/td>\n            <\/tr>\n            <tr>\n                <td><strong>Enfoque<\/strong><\/td>\n                <td>Responsabilidades diarias, habilidades, ejecuci\u00f3n t\u00e1ctica<\/td>\n                <td>Impacto estrat\u00e9gico, responsabilidad P&amp;L, liderazgo visionario, transformaci\u00f3n organizacional<\/td>\n            <\/tr>\n            <tr>\n                <td><strong>Resumen<\/strong><\/td>\n                <td>Objetivo o breve resumen de habilidades<\/td>\n                <td>Resumen Ejecutivo\/Perfil Profesional s\u00f3lido, marca de liderazgo, propuesta de valor<\/td>\n            <\/tr>\n            <tr>\n                <td><strong>Logros<\/strong><\/td>\n                <td>Contribuciones cuantificadas a proyectos\/equipos<\/td>\n                <td>Logros destacados con impacto a nivel empresarial, resultados estrat\u00e9gicos, m\u00e9tricas de junta directiva<\/td>\n            <\/tr>\n            <tr>\n                <td><strong>Lenguaje<\/strong><\/td>\n                <td>Verbos de acci\u00f3n, orientado a tareas<\/td>\n                <td>Verbos estrat\u00e9gicos (por ejemplo, lider\u00f3, dise\u00f1\u00f3, optimiz\u00f3, transform\u00f3), orientado a resultados<\/td>\n            <\/tr>\n            <tr>\n                <td><strong>Palabras clave<\/strong><\/td>\n                <td>Habilidades espec\u00edficas del puesto<\/td>\n                <td>Tendencias de la industria, competencias de liderazgo, terminolog\u00eda de C-suite<\/td>\n            <\/tr>\n        <\/tbody>\n    <\/table>\n<\/figure>\n\n\n\n<h2 class=\"wp-block-heading\">Proceso Paso a Paso para Crear tu Curr\u00edculum Ejecutivo<\/h2>\n\n\n\n<p>Construir un curr\u00edculum ejecutivo convincente es un proceso estrat\u00e9gico. Sigue estos pasos para asegurarte de que tu documento destaque:<\/p>\n\n\n\n<ul class=\"wp-block-list\">\n<li><strong>1. Autoevaluaci\u00f3n y Puestos Objetivo:<\/strong> Antes de escribir, define claramente tus metas profesionales, puestos ideales de C-suite o alta direcci\u00f3n, e industrias\/empresas objetivo. \u00bfQu\u00e9 tipo de l\u00edder eres? \u00bfQu\u00e9 valor \u00fanico aportas? Esta claridad dar\u00e1 forma a la narrativa y marca de liderazgo de tu curr\u00edculum.<\/li>\n<li><strong>2. Recopilaci\u00f3n y Priorizaci\u00f3n de Contenidos:<\/strong> Re\u00fane todos tus datos profesionales: responsabilidades, proyectos, iniciativas y, lo m\u00e1s importante, logros cuantificables. Para cada puesto, piensa en los retos estrat\u00e9gicos que enfrentaste, las acciones que tomaste y los resultados medibles que lograste. Prioriza logros que demuestren responsabilidad P&amp;L, crecimiento y liderazgo transformador.<\/li>\n<li><strong>3. Redacci\u00f3n de tu Resumen Ejecutivo:<\/strong> Escribe un Resumen Ejecutivo conciso pero poderoso (3-5 frases o vi\u00f1etas) que capte la atenci\u00f3n de inmediato. Debe articular tu filosof\u00eda de liderazgo, fortalezas clave y el valor estrat\u00e9gico que ofreces a una futura organizaci\u00f3n.<\/li>\n<li><strong>4. Desarrollo de Declaraciones de Logros Impactantes:<\/strong> Transforma tus logros en declaraciones convincentes y orientadas a resultados. Usa verbos de acci\u00f3n fuertes y cuantifica todo (por ejemplo, &#8220;Lider\u00f3 una iniciativa global de transformaci\u00f3n digital, aumentando la cuota de mercado en un 15% y reduciendo costos operativos en $10M en 18 meses&#8221;).<\/li>\n<li><strong>5. Optimizaci\u00f3n para ATS y Lectores Humanos:<\/strong> Aseg\u00farate de que tu curr\u00edculum sea compatible con ATS incorporando palabras clave relevantes de las descripciones de puestos. Sin embargo, no sacrifiques la legibilidad para los reclutadores humanos. Usa encabezados claros, vi\u00f1etas y un dise\u00f1o limpio y profesional. Nuestro <a href=\"https:\/\/stylingcv.com\/ar\/blog\/job-interview-preparation\/\">Creador de Curr\u00edculum con IA<\/a> puede ayudarte con esto.<\/li>\n<li><strong>6. Revisi\u00f3n y Mejora:<\/strong> Revisa meticulosamente para evitar errores ortogr\u00e1ficos o gramaticales. Busca retroalimentaci\u00f3n de mentores de confianza, reclutadores ejecutivos o coaches de carrera. Una mirada fresca puede detectar detalles pasados por alto y ofrecer aportes estrat\u00e9gicos valiosos.<\/li>\n<\/ul>\n\n\n\n<h2 class=\"wp-block-heading\">Errores Comunes en Curr\u00edculums Ejecutivos que Debes Evitar<\/h2>\n\n\n\n<p>Incluso los l\u00edderes experimentados pueden caer en errores comunes de curr\u00edculum. Evita estos para maximizar tus oportunidades:<\/p>\n\n\n\n<ul class=\"wp-block-list\">\n<li><strong>Demasiado Largo o Demasiado Corto:<\/strong> Aunque los curr\u00edculums ejecutivos pueden ser m\u00e1s extensos (2-3 p\u00e1ginas es lo habitual), evita la verborrea innecesaria. Por el contrario, un curr\u00edculum de una p\u00e1gina para un puesto de C-suite puede sugerir falta de experiencia sustancial. Enf\u00f3cate en el impacto, no solo en la duraci\u00f3n.<\/li>\n<li><strong>Lenguaje Gen\u00e9rico y Responsabilidades:<\/strong> Enumerar tareas en lugar de logros es un error grave en curr\u00edculums ejecutivos. Evita declaraciones vagas; utiliza resultados espec\u00edficos y cuantificables.<\/li>\n<li><strong>Ignorar la Optimizaci\u00f3n para ATS:<\/strong> Muchos puestos ejecutivos son filtrados por sistemas de seguimiento de candidatos (ATS). No incluir palabras clave relevantes de las descripciones de puestos puede hacer que tu curr\u00edculum sea descartado antes de que lo vea una persona.<\/li>\n<li><strong>Formato y Legibilidad Deficientes:<\/strong> Un dise\u00f1o desordenado, inconsistente o poco profesional puede restar valor a tu impresionante trayectoria. Los puestos ejecutivos exigen una presentaci\u00f3n pulida.<\/li>\n<li><strong>Falta de una Marca de Liderazgo Clara:<\/strong> Tu curr\u00edculum debe transmitir una marca de liderazgo y propuesta de valor coherentes. Si parece una colecci\u00f3n de trabajos inconexos, no inspirar\u00e1 confianza en tu direcci\u00f3n estrat\u00e9gica.<\/li>\n<li><strong>Errores Ortogr\u00e1ficos y Gramaticales:<\/strong> Para roles de C-suite, la atenci\u00f3n al detalle es cr\u00edtica. Cualquier error puede indicar falta de profesionalismo y diligencia.<\/li>\n<\/ul>\n\n\n\n<h2 class=\"wp-block-heading\">Consejos Espec\u00edficos por Industria para Curr\u00edculums Ejecutivos<\/h2>\n\n\n\n<p>Adaptar tu curr\u00edculum ejecutivo a tu industria espec\u00edfica puede aumentar significativamente su efectividad. Esto es lo que debes enfatizar:<\/p>\n\n\n\n<ul class=\"wp-block-list\">\n<li><strong>Tecnolog\u00eda\/SaaS:<\/strong> Destaca innovaci\u00f3n, lanzamientos de productos, disrupci\u00f3n de mercado, escalabilidad, toma de decisiones basada en datos, metodolog\u00edas \u00e1giles y experiencia con tecnolog\u00edas emergentes (IA, ML, Cloud).<\/li>\n<li><strong>Finanzas\/Banca:<\/strong> Enf\u00f3cate en fusiones y adquisiciones, cumplimiento regulatorio, gesti\u00f3n de riesgos, levantamiento de capital, crecimiento de portafolio, gesti\u00f3n de P&amp;L, modelado financiero e inversiones estrat\u00e9gicas.<\/li>\n<li><strong>Salud\/Biotecnolog\u00eda:<\/strong> Resalta resultados en pacientes, asuntos regulatorios (FDA, HIPAA), integraci\u00f3n de sistemas, \u00e9xito en ensayos cl\u00ednicos, gesti\u00f3n del cambio en entornos complejos e iniciativas de salud poblacional.<\/li>\n<li><strong>Manufactura\/Operaciones:<\/strong> Muestra optimizaci\u00f3n de la cadena de suministro, manufactura esbelta, gesti\u00f3n de operaciones globales, reducci\u00f3n de costos, control de calidad, mejora de procesos y transformaci\u00f3n digital en producci\u00f3n.<\/li>\n<li><strong>Marketing\/Ventas:<\/strong> Detalla generaci\u00f3n de ingresos, crecimiento de cuota de mercado, construcci\u00f3n de marca, estrategia de marketing digital, reducci\u00f3n de CAC y estrategias de lanzamiento al mercado.<\/li><div style=\"background:linear-gradient(135deg,#f8f9fa 0%,#e9ecef 100%);border-radius:12px;padding:25px 30px;margin:30px 0;border-left:4px solid #268599\"><h3 style=\"color:#268599;margin-top:0;font-size:1.2rem\">Explora M\u00e1s Recursos<\/h3><ul style=\"padding:0;margin:0\"><li style=\"margin-bottom:10px\"><a href=\"\/resume-builder\/\" style=\"color:#268599;font-weight:600\">Crea tu curr\u00edculum ahora<\/a><\/li><li style=\"margin-bottom:10px\"><a href=\"\/guides\/\" style=\"color:#268599;font-weight:600\">Ver todas las gu\u00edas de carrera<\/a><\/li><li style=\"margin-bottom:10px\"><a href=\"\/ats-resume-checker\/\" style=\"color:#268599;font-weight:600\">Verifica tu puntuaci\u00f3n ATS<\/a><\/li><li style=\"margin-bottom:10px\"><a href=\"\/resume-templates\/\" style=\"color:#268599;font-weight:600\">Ver plantillas de curr\u00edculum profesionales<\/a><\/li><li style=\"margin-bottom:10px\"><a href=\"\/resume-examples\/\" style=\"color:#268599;font-weight:600\">Ver todos los ejemplos de curr\u00edculum<\/a><\/li><\/ul><\/div><!-- stylingcv-hub-links --><div class=\"stylingcv-related-resources\" style=\"margin-top:30px;padding:20px;background:#f8f9fa;border-left:4px solid #1abc9c;border-radius:4px\"><h3 style=\"margin-top:0;color:#2c3e50\">Explora M\u00e1s Recursos<\/h3><ul style=\"padding:0\"><li><a href=\"https:\/\/stylingcv.com\/resume-builder\/\">Creador de Curr\u00edculum<\/a> &mdash; Tu gu\u00eda completa<\/li><li><a href=\"https:\/\/stylingcv.com\/how-do-i-write-a-resume-with-no-prior-experience\/\">\u00bfC\u00f3mo escribir un curr\u00edculum sin experiencia previa?<\/a><\/li><li><a href=\"https:\/\/stylingcv.com\/10-ways-ai-can-improve-your-resume-in-2026\/\">10 formas en que la IA mejorar\u00e1 tu curr\u00edculum en 2026<\/a><\/li><li><a href=\"https:\/\/stylingcv.com\/skills-for-resume\/\">Habilidades para Curr\u00edculum: Gu\u00eda Completa 2026 para Impresionar &#8230;<\/a><\/li><\/ul><p style=\"margin-bottom:0;font-size:14px;color:#7f8c8d\">No solo un creador de curr\u00edculum &mdash; un creador inteligente con IA que piensa. <a href=\"https:\/\/stylingcv.com\/resume-builder\/\" style=\"color:#1abc9c;font-weight:bold\">Crea tu curr\u00edculum en menos de 2 minutos &rarr;<\/a><\/p><\/div><!-- \/stylingcv-hub-links --><style>.entry-content a[href*=\"ai.stylingcv.com\"]:not(.scv-exit-cta){transition:transform 0.2s ease,box-shadow 0.2s ease}.entry-content a[href*=\"ai.stylingcv.com\"]:not(.scv-exit-cta):hover{transform:translateY(-2px);box-shadow:0 4px 12px rgba(38,133,153,0.25)}<\/style>","protected":false},"excerpt":{"rendered":"<p>Crea un curr\u00edculum ejecutivo impactante para puestos de C-suite. Demuestra visi\u00f3n estrat\u00e9gica, liderazgo y transformaci\u00f3n organizacional.<\/p>\n","protected":false},"author":0,"featured_media":0,"parent":298,"menu_order":0,"comment_status":"closed","ping_status":"closed","template":"","meta":{"footnotes":""},"class_list":["post-302","page","type-page","status-publish","hentry"," c-blog-1-item  nt-post-class"],"yoast_head":"<!-- This site is optimized with the Yoast SEO Premium plugin v26.5 (Yoast SEO v26.5) - https:\/\/yoast.com\/wordpress\/plugins\/seo\/ -->\n<title>Curr\u00edculum Ejecutivo: Gu\u00eda para C-Suite | StylingCV<\/title>\n<meta name=\"description\" content=\"Crea un curr\u00edculum ejecutivo impactante para puestos de C-suite. Demuestra visi\u00f3n estrat\u00e9gica, liderazgo y transformaci\u00f3n organizacional.\" \/>\n<meta name=\"robots\" content=\"index, follow, max-snippet:-1, max-image-preview:large, max-video-preview:-1\" \/>\n<link rel=\"canonical\" href=\"https:\/\/stylingcv.com\/es\/career-stages\/executive-resume\/\" \/>\n<meta property=\"og:locale\" content=\"en_US\" \/>\n<meta property=\"og:type\" content=\"article\" \/>\n<meta property=\"og:title\" content=\"Curr\u00edculum Ejecutivo: Gu\u00eda para C-Suite y Alta Direcci\u00f3n\" \/>\n<meta property=\"og:description\" content=\"Crea un curr\u00edculum ejecutivo impactante para puestos de C-suite. Demuestra visi\u00f3n estrat\u00e9gica, liderazgo y transformaci\u00f3n organizacional.\" \/>\n<meta property=\"og:url\" content=\"https:\/\/stylingcv.com\/es\/career-stages\/executive-resume\/\" \/>\n<meta property=\"og:site_name\" content=\"StylingCV - Espa\u00f1ol\" \/>\n<meta name=\"twitter:card\" content=\"summary_large_image\" \/>\n<meta name=\"twitter:label1\" content=\"Est. reading time\" \/>\n\t<meta name=\"twitter:data1\" content=\"8 minutes\" \/>\n<script type=\"application\/ld+json\" class=\"yoast-schema-graph\">{\"@context\":\"https:\/\/schema.org\",\"@graph\":[{\"@type\":\"WebPage\",\"@id\":\"https:\/\/wp.stylingcv.com\/es\/career-stages\/executive-resume\/\",\"url\":\"https:\/\/wp.stylingcv.com\/es\/career-stages\/executive-resume\/\",\"name\":\"Curr\u00edculum Ejecutivo: Gu\u00eda para C-Suite | StylingCV\",\"isPartOf\":{\"@id\":\"https:\/\/wp.stylingcv.com\/es\/#website\"},\"datePublished\":\"2025-12-14T13:44:22+00:00\",\"description\":\"Crea un curr\u00edculum ejecutivo impactante para puestos de C-suite. Demuestra visi\u00f3n estrat\u00e9gica, liderazgo y transformaci\u00f3n organizacional.\",\"breadcrumb\":{\"@id\":\"https:\/\/wp.stylingcv.com\/es\/career-stages\/executive-resume\/#breadcrumb\"},\"inLanguage\":\"en-US\",\"potentialAction\":[{\"@type\":\"ReadAction\",\"target\":[\"https:\/\/wp.stylingcv.com\/es\/career-stages\/executive-resume\/\"]}]},{\"@type\":\"BreadcrumbList\",\"@id\":\"https:\/\/wp.stylingcv.com\/es\/career-stages\/executive-resume\/#breadcrumb\",\"itemListElement\":[{\"@type\":\"ListItem\",\"position\":1,\"name\":\"Home\",\"item\":\"https:\/\/wp.stylingcv.com\/es\/\"},{\"@type\":\"ListItem\",\"position\":2,\"name\":\"Plantillas de curr\\u001dculum y consejos expertos para cada etapa profesional | Gu\\u001da 2026\",\"item\":\"https:\/\/wp.stylingcv.com\/es\/career-stages\/\"},{\"@type\":\"ListItem\",\"position\":3,\"name\":\"Curr\u00edculum Ejecutivo: Gu\u00eda para C-Suite y Alta Direcci\u00f3n\"}]},{\"@type\":\"WebSite\",\"@id\":\"https:\/\/wp.stylingcv.com\/es\/#website\",\"url\":\"https:\/\/wp.stylingcv.com\/es\/\",\"name\":\"StylingCV - Espa\u00f1ol\",\"description\":\"\",\"potentialAction\":[{\"@type\":\"SearchAction\",\"target\":{\"@type\":\"EntryPoint\",\"urlTemplate\":\"https:\/\/wp.stylingcv.com\/es\/?s={search_term_string}\"},\"query-input\":{\"@type\":\"PropertyValueSpecification\",\"valueRequired\":true,\"valueName\":\"search_term_string\"}}],\"inLanguage\":\"en-US\"}]}<\/script>\n<!-- \/ Yoast SEO Premium plugin. -->","yoast_head_json":{"title":"Curr\u00edculum Ejecutivo: Gu\u00eda para C-Suite | StylingCV","description":"Crea un curr\u00edculum ejecutivo impactante para puestos de C-suite. Demuestra visi\u00f3n estrat\u00e9gica, liderazgo y transformaci\u00f3n organizacional.","robots":{"index":"index","follow":"follow","max-snippet":"max-snippet:-1","max-image-preview":"max-image-preview:large","max-video-preview":"max-video-preview:-1"},"canonical":"https:\/\/stylingcv.com\/es\/career-stages\/executive-resume\/","og_locale":"en_US","og_type":"article","og_title":"Curr\u00edculum Ejecutivo: Gu\u00eda para C-Suite y Alta Direcci\u00f3n","og_description":"Crea un curr\u00edculum ejecutivo impactante para puestos de C-suite. Demuestra visi\u00f3n estrat\u00e9gica, liderazgo y transformaci\u00f3n organizacional.","og_url":"https:\/\/stylingcv.com\/es\/career-stages\/executive-resume\/","og_site_name":"StylingCV - Espa\u00f1ol","twitter_card":"summary_large_image","twitter_misc":{"Est. reading time":"8 minutes"},"schema":{"@context":"https:\/\/schema.org","@graph":[{"@type":"WebPage","@id":"https:\/\/wp.stylingcv.com\/es\/career-stages\/executive-resume\/","url":"https:\/\/wp.stylingcv.com\/es\/career-stages\/executive-resume\/","name":"Curr\u00edculum Ejecutivo: Gu\u00eda para C-Suite | StylingCV","isPartOf":{"@id":"https:\/\/wp.stylingcv.com\/es\/#website"},"datePublished":"2025-12-14T13:44:22+00:00","description":"Crea un curr\u00edculum ejecutivo impactante para puestos de C-suite. Demuestra visi\u00f3n estrat\u00e9gica, liderazgo y transformaci\u00f3n organizacional.","breadcrumb":{"@id":"https:\/\/wp.stylingcv.com\/es\/career-stages\/executive-resume\/#breadcrumb"},"inLanguage":"en-US","potentialAction":[{"@type":"ReadAction","target":["https:\/\/wp.stylingcv.com\/es\/career-stages\/executive-resume\/"]}]},{"@type":"BreadcrumbList","@id":"https:\/\/wp.stylingcv.com\/es\/career-stages\/executive-resume\/#breadcrumb","itemListElement":[{"@type":"ListItem","position":1,"name":"Home","item":"https:\/\/wp.stylingcv.com\/es\/"},{"@type":"ListItem","position":2,"name":"Plantillas de curr\u001dculum y consejos expertos para cada etapa profesional | Gu\u001da 2026","item":"https:\/\/wp.stylingcv.com\/es\/career-stages\/"},{"@type":"ListItem","position":3,"name":"Curr\u00edculum Ejecutivo: Gu\u00eda para C-Suite y Alta Direcci\u00f3n"}]},{"@type":"WebSite","@id":"https:\/\/wp.stylingcv.com\/es\/#website","url":"https:\/\/wp.stylingcv.com\/es\/","name":"StylingCV - Espa\u00f1ol","description":"","potentialAction":[{"@type":"SearchAction","target":{"@type":"EntryPoint","urlTemplate":"https:\/\/wp.stylingcv.com\/es\/?s={search_term_string}"},"query-input":{"@type":"PropertyValueSpecification","valueRequired":true,"valueName":"search_term_string"}}],"inLanguage":"en-US"}]}},"_links":{"self":[{"href":"https:\/\/wp.stylingcv.com\/es\/wp-json\/wp\/v2\/pages\/302","targetHints":{"allow":["GET"]}}],"collection":[{"href":"https:\/\/wp.stylingcv.com\/es\/wp-json\/wp\/v2\/pages"}],"about":[{"href":"https:\/\/wp.stylingcv.com\/es\/wp-json\/wp\/v2\/types\/page"}],"replies":[{"embeddable":true,"href":"https:\/\/wp.stylingcv.com\/es\/wp-json\/wp\/v2\/comments?post=302"}],"version-history":[{"count":0,"href":"https:\/\/wp.stylingcv.com\/es\/wp-json\/wp\/v2\/pages\/302\/revisions"}],"up":[{"embeddable":true,"href":"https:\/\/wp.stylingcv.com\/es\/wp-json\/wp\/v2\/pages\/298"}],"wp:attachment":[{"href":"https:\/\/wp.stylingcv.com\/es\/wp-json\/wp\/v2\/media?parent=302"}],"curies":[{"name":"wp","href":"https:\/\/api.w.org\/{rel}","templated":true}]}}