{"id":256,"date":"2025-12-01T10:32:02","date_gmt":"2025-12-01T10:32:02","guid":{"rendered":"https:\/\/stylingcv.com\/es\/consejos-curriculum-cartas-presentacion\/"},"modified":"2025-12-01T10:32:02","modified_gmt":"2025-12-01T10:32:02","slug":"resume-writing-tips-guides-cover-letter-examples-interview-prep-strategies","status":"publish","type":"page","link":"https:\/\/wp.stylingcv.com\/es\/resume-writing-tips-guides-cover-letter-examples-interview-prep-strategies\/","title":{"rendered":"Consejos para Escribir Curr\u00edculums y Gu\u00edas &#8211; Ejemplos de Cartas de Presentaci\u00f3n"},"content":{"rendered":"<div class=\"scv-inline-cta scv-cta-compact\">\n<p class=\"scv-cta-eyebrow\">\u00bfTe gusta este ejemplo? Crea el tuyo en minutos<\/p>\n<h2>Convierte la inspiraci\u00f3n en acci\u00f3n<\/h2>\n<p>Utiliza nuestro generador con IA para crear un curr\u00edculum igual de impresionante \u2014 adaptado a tu experiencia.<\/p>\n<div class=\"scv-cta-buttons\">\n    <a href=\"https:\/\/ai.stylingcv.com?utm_source=stylingcv&utm_medium=website&utm_campaign=cta&utm_content=resume-writing-tips-guides-cover-letter-examples-interview-prep-strategies\" class=\"scv-btn-primary\">Crear mi curr\u00edculum<\/a>\n  <\/div>\n<\/div>\n<h1>Consejos Profesionales para Escribir Curr\u00edculums y Gu\u00edas &#8211; Ejemplos de Cartas de Presentaci\u00f3n para tu Carrera<\/h1>\n<p>nn<\/p>\n<h2>Domina el Arte de Escribir un Curr\u00edculum Profesional y el \u00c9xito Profesional<\/h2>\n<p>Gu\u00edas completas sobre las mejores pr\u00e1cticas para escribir curr\u00edculums, ejemplos de cartas de presentaci\u00f3n, estrategias de preparaci\u00f3n para entrevistas y consejos para el desarrollo profesional. Aprende c\u00f3mo superar periodos de desempleo, crear aplicaciones atractivas y destacar en el competitivo mercado laboral actual.<\/p>\n<div class=\"cta-gradient\" style=\"background:linear-gradient(135deg,#f093fb 0%,#f5576c 100%);padding:30px;border-radius:12px;margin:30px 0;text-align:center;color:#fff\">\n<h3 style=\"color:#fff;margin:0 0 15px;font-size:24px\">\u270d\ufe0f Crea tu Carta de Presentaci\u00f3n Perfecta<\/h3>\n<p style=\"font-size:16px;margin:0 0 20px;line-height:1.6\">Destaca con una carta de presentaci\u00f3n personalizada que complemente perfectamente tu curr\u00edculum.<\/p>\n<p><a href=\"https:\/\/ai.stylingcv.com?utm_source=stylingcv&utm_medium=website&utm_campaign=cta&utm_content=resume-writing-tips-guides-cover-letter-examples-interview-prep-strategies\" style=\"background:#fff;color:#f5576c;padding:15px 40px;border-radius:50px;text-decoration:none;font-weight:bold;font-size:18px\">Comenzar gratis \u2192<\/a><\/div>\n<\/p>\n<div class=\"related-hubs\" style=\"background: #f3e5f5;padding: 15px;border-radius: 8px;margin: 20px 0;border-left: 3px solid #9c27b0\">\n<strong>\ud83d\udcc4 Plantillas y Ejemplos:<\/strong><br \/>\n<a href=\"\/resume-templates\/\" style=\"margin: 0 10px\">Plantillas de Curr\u00edculum<\/a> |<br \/>\n<a href=\"\/resume-examples\/\" style=\"margin: 0 10px\">Ejemplos de Curr\u00edculum<\/a> |<br \/>\n<a href=\"\/resume-builder\/\" style=\"margin: 0 10px\">Crea tu Curr\u00edculum<\/a>\n<\/div>\n<div class=\"related-hubs\" style=\"background: #e8f5e9;padding: 15px;border-radius: 8px;margin: 20px 0;border-left: 3px solid #4caf50\">\n<strong>\ud83c\udfaf Preparaci\u00f3n para Entrevistas:<\/strong><br \/>\n<a href=\"\/interview-tips\/\" style=\"margin: 0 10px\">Consejos para Entrevistas<\/a> |<br \/>\n<a href=\"\/resume-examples\/\" style=\"margin: 0 10px\">Ejemplos de Curr\u00edculum<\/a> |<br \/>\n<a href=\"\/ai-tools-tech\/\" style=\"margin: 0 10px\">Herramientas de IA<\/a>\n<\/div>\n<div class=\"stylingcv-contextual-cta\" style=\"background:linear-gradient(135deg,#667eea 0%,#764ba2 100%);padding:30px;border-radius:12px;margin:30px 0;text-align:center;color:#fff\">\n<h3 style=\"color:#fff;margin:0 0 15px;font-size:22px;font-weight:600\">\u270d\ufe0f Crea tu Carta de Presentaci\u00f3n Perfecta<\/h3>\n<p style=\"font-size:15px;margin:0 0 20px;line-height:1.6;opacity:0.95\">Complementa tu curr\u00edculum con una carta de presentaci\u00f3n personalizada que te haga destacar.<\/p>\n<p>    <a href=\"https:\/\/ai.stylingcv.com\/ai-generator\/cover-letter?utm_source=stylingcv&utm_medium=website&utm_campaign=cta&utm_content=resume-writing-tips-guides-cover-letter-examples-interview-prep-strategies\" style=\"background:#fff;color:#268599;padding:14px 35px;border-radius:50px;text-decoration:none;font-weight:bold;font-size:16px\">Escribir carta de presentaci\u00f3n ahora \u2192<\/a>\n<\/div>\n<div class=\"related-hubs\" style=\"background: #fff8e6;padding: 15px;border-radius: 8px;margin: 20px 0;border-left: 3px solid #ffc107\">\n<strong>\u2709\ufe0f Recursos de Cartas de Presentaci\u00f3n:<\/strong><br \/>\n<a href=\"\/cover-letter\/\" style=\"margin: 0 10px\">Gu\u00eda de Carta de Presentaci\u00f3n<\/a> |<br \/>\n<a href=\"\/cover-letter-examples\/\" style=\"margin: 0 10px\">Ejemplos<\/a> |<br \/>\n<a href=\"\/resume-builder\/\" style=\"margin: 0 10px\">Creador de Curr\u00edculum<\/a>\n<\/div>\n<h3>Recursos Esenciales para Escribir Curr\u00edculums<\/h3>\n<ul>\n<li><a href=\"https:\/\/ai.stylingcv.com\/ai-generator-2\/the-ultimate-guide-how-to-make-a-resume-that-gets-you-hired\/?utm_source=stylingcv&utm_medium=website&utm_campaign=cta&utm_content=resume-writing-tips-guides-cover-letter-examples-interview-prep-strategies\">La Gu\u00eda Definitiva: C\u00f3mo Hacer un Curr\u00edculum que Consiga Empleo<\/a> \u2013 Instrucciones paso a paso para crear curr\u00edculums exitosos<\/li>\n<li><a href=\"https:\/\/ai.stylingcv.com\/ai-generator-2\/how-to-create-an-ats-friendly-resume-in-10-minutes-quick-guide\/?utm_source=stylingcv&utm_medium=website&utm_campaign=cta&utm_content=resume-writing-tips-guides-cover-letter-examples-interview-prep-strategies\">C\u00f3mo Crear un Curr\u00edculum Compatible con ATS en 10 Minutos \u2013 Gu\u00eda R\u00e1pida<\/a> \u2013 Optimiza tu postulaci\u00f3n con t\u00e9cnicas para ATS<\/li>\n<li><a href=\"https:\/\/stylingcv.com\/a-comprehensive-guide-on-how-to-write-a-winning-resume\/\">Gu\u00eda Completa para Escribir un Curr\u00edculum Ganador<\/a> \u2013 Estrategias de expertos para crear curr\u00edculums profesionales<\/li>\n<li><a href=\"https:\/\/stylingcv.com\/expert-qa-the-ultimate-computer-science-resume-format-and-cv-templates\/\">C\u00f3mo Crear el Curr\u00edculum Ideal para Inform\u00e1tica: Consejos de Expertos<\/a> \u2013 Gu\u00eda especializada para profesionales de inform\u00e1tica<\/li>\n<li><a href=\"https:\/\/stylingcv.com\/resume-writing-tips-guides\/resume-writing-tips-guides-expert-strategies-for-career-success\/\">Consejos y Gu\u00edas para Escribir Curr\u00edculums: Estrategias Expertas para el \u00c9xito Profesional<\/a> \u2013 Estrategias avanzadas de desarrollo profesional<\/li>\n<li><a href=\"https:\/\/stylingcv.com\/vision-2030-saudi-jobs-growthbest-resume-templates-for-government-work-in-saudi-arabia-complete-guide-2026\/\">Mejores Plantillas de Curr\u00edculum para Trabajos Gubernamentales en Arabia Saudita<\/a> \u2013 Plantillas especializadas para puestos gubernamentales en KSA<\/li>\n<\/ul>\n<p>Explora nuestros recursos completos para dominar la redacci\u00f3n de curr\u00edculums, la creaci\u00f3n de cartas de presentaci\u00f3n y las estrategias de preparaci\u00f3n para entrevistas que te ayudar\u00e1n a conseguir el trabajo de tus sue\u00f1os.<\/p>\n<div class=\"cta-tip\" style=\"background:#fff5f5;border-left:4px solid #f5576c;padding:20px;margin:25px 0;border-radius:8px\">\n<p style=\"margin:0;font-size:16px;color:#333\"><strong>\u2728 Consejo de Redactor Profesional:<\/strong> <a href=\"https:\/\/ai.stylingcv.com?utm_source=stylingcv&utm_medium=website&utm_campaign=cta&utm_content=resume-writing-tips-guides-cover-letter-examples-interview-prep-strategies\" style=\"color:#f5576c;font-weight:bold;text-decoration:underline\">Genera tu carta de presentaci\u00f3n<\/a> con IA y personal\u00edzala en minutos &#8211; \u00a1nada de plantillas gen\u00e9ricas!<\/p>\n<\/div>\n<div class=\"stylingcv-cta stylingcv-cta-cover-letter\" style=\"background: linear-gradient(135deg, #11998e 0%, #38ef7d 100%);border-radius: 16px;padding: 48px 32px;margin: 48px 0;text-align: center\">\n<h3 style=\"color: #fff;margin: 0 0 16px;font-size: 28px;font-weight: 700\">Escribe una Carta de Presentaci\u00f3n que Consiga Entrevistas<\/h3>\n<p style=\"margin: 0 0 28px;font-size: 17px;line-height: 1.6\">Nuestra IA genera cartas de presentaci\u00f3n personalizadas y espec\u00edficas para el puesto en segundos. \u00a1Destaca entre la competencia!<\/p>\n<div class=\"stylingcv-contextual-cta\" style=\"background:#fff;border:3px solid #667eea;padding:28px;border-radius:12px;margin:30px 0;text-align:center\">\n<h3 style=\"color:#268599;margin:0 0 12px;font-size:21px;font-weight:600\">\ud83d\udce7 Destaca con una Gran Carta de Presentaci\u00f3n<\/h3>\n<p style=\"font-size:15px;margin:0 0 18px;color:#4a5568;line-height:1.6\">El generador de cartas de presentaci\u00f3n con IA te ayuda a escribir cartas atractivas y espec\u00edficas para cada puesto.<\/p>\n<p>    <a href=\"https:\/\/ai.stylingcv.com\/ai-generator\/cover-letter?utm_source=stylingcv&utm_medium=website&utm_campaign=cta&utm_content=resume-writing-tips-guides-cover-letter-examples-interview-prep-strategies\" style=\"background:linear-gradient(135deg, #268599 0%, #618480 50%, #e8885e 100%);color:#fff;padding:13px 32px;border-radius:8px;text-decoration:none;font-weight:600;font-size:15px\">Comenzar gratis<\/a>\n<\/div>\n<p>    <a href=\"https:\/\/ai.stylingcv.com\/ai-generator\/cover-letter?utm_source=blog&amp;utm_medium=cta&amp;utm_campaign=cover_letter_bottom\" target=\"_blank\" rel=\"noopener\" style=\"background: #fff;color: #11998e;padding: 18px 48px;border-radius: 10px;text-decoration: none;font-weight: 700;font-size: 17px\">Crear carta de presentaci\u00f3n gratis \u2192<\/a>\n<\/div>\n<div class=\"cta-box cta-final\" style=\"background: #fff5f5;border-left: 4px solid #f5576c;padding: 30px;margin: 40px 0\">\n<h4 style=\"color: #2d3748;margin-bottom: 15px;font-size: 22px\">\ud83c\udfaf Haz que tu Carta de Presentaci\u00f3n Destaque<\/h4>\n<p style=\"margin-bottom: 20px;color: #4a5568;line-height: 1.6\">Una gran carta de presentaci\u00f3n puede marcar la diferencia entre conseguir una entrevista o ser ignorado. Crea la tuya ahora.<\/p>\n<div class=\"cta-action\" style=\"background:#fff;border:3px solid #f5576c;padding:30px;border-radius:12px;margin:30px 0;text-align:center\">\n<h3 style=\"color:#f5576c;margin:0 0 15px;font-size:22px\">\ud83d\udcdd \u00bfListo para Escribir tu Carta de Presentaci\u00f3n?<\/h3>\n<p style=\"font-size:15px;margin:0 0 20px;color:#666\">Personalizada + Profesional + Probada = M\u00e1s Entrevistas<\/p>\n<p><a href=\"https:\/\/ai.stylingcv.com?utm_source=stylingcv&utm_medium=website&utm_campaign=cta&utm_content=resume-writing-tips-guides-cover-letter-examples-interview-prep-strategies\" style=\"background:#f5576c;color:#fff;padding:15px 40px;border-radius:50px;text-decoration:none;font-weight:bold\">Crear carta de presentaci\u00f3n gratis \u2192<\/a><\/div>\n<\/p>\n<p><a href=\"https:\/\/ai.stylingcv.com\/ai-generator\/cover-letter?utm_source=stylingcv&utm_medium=website&utm_campaign=cta&utm_content=resume-writing-tips-guides-cover-letter-examples-interview-prep-strategies\" class=\"cta-button\" style=\"background: #f5576c;color: white;padding: 14px 35px;border-radius: 8px;text-decoration: none;font-weight: 600\">Crear mi carta de presentaci\u00f3n<\/a>\n<\/div>\n<div class=\"stylingcv-contextual-cta\" style=\"background:#f7fafc;border-left:4px solid #667eea;padding:20px;margin:25px 0;border-radius:8px\">\n<p style=\"margin:0;font-size:15px;color:#2d3748\">\n        <strong style=\"color:#268599\">\ud83d\udcbc Completa tu Postulaci\u00f3n<\/strong><br \/>\n        Una gran carta de presentaci\u00f3n marca la diferencia entre conseguir una entrevista o ser ignorado. <a href=\"https:\/\/ai.stylingcv.com\/ai-generator\/cover-letter?utm_source=stylingcv&utm_medium=website&utm_campaign=cta&utm_content=resume-writing-tips-guides-cover-letter-examples-interview-prep-strategies\" style=\"color:#268599;font-weight:600;text-decoration:underline\">Crear mi carta de presentaci\u00f3n<\/a>\n    <\/p>\n<p>\ud83d\udc49 <a href=\"https:\/\/stylingcv.com\/cover-letter-writing\/\">generador de cartas de presentaci\u00f3n<\/a><\/p>\n<p>\ud83d\udc49 <a href=\"https:\/\/stylingcv.com\/guides\/\">gu\u00edas de curr\u00edculum y carrera<\/a><\/p>\n<p><strong>\ud83d\udca1 Consejo:<\/strong> StylingCV no es solo un creador de curr\u00edculums \u2014 es un generador inteligente con IA. <a href=\"https:\/\/stylingcv.com\/resume-builder\/\">crea un curr\u00edculum profesional en 2 minutos<\/a> en menos de 2 minutos.<\/p>\n<\/div>\n<div style=\"background:linear-gradient(135deg,#f8f9fa 0%,#e9ecef 100%);border-radius:12px;padding:25px 30px;margin:30px 0;border-left:4px solid #268599\">\n<h3 style=\"color:#268599;margin-top:0;font-size:1.2rem\">Explora M\u00e1s Recursos<\/h3>\n<ul style=\"list-style:none;padding:0;margin:0\">\n<li style=\"margin-bottom:10px\"><a href=\"\/resume-builder\/\" style=\"color:#268599;font-weight:600\">Crea tu curr\u00edculum ahora<\/a><\/li>\n<li style=\"margin-bottom:10px\"><a href=\"\/guides\/\" style=\"color:#268599;font-weight:600\">Ver todas las gu\u00edas de carrera<\/a><\/li>\n<li style=\"margin-bottom:10px\"><a href=\"\/ats-resume-checker\/\" style=\"color:#268599;font-weight:600\">Verifica tu puntuaci\u00f3n ATS<\/a><\/li>\n<li style=\"margin-bottom:10px\"><a href=\"\/resume-templates\/\" style=\"color:#268599;font-weight:600\">Ver plantillas profesionales de curr\u00edculum<\/a><\/li>\n<li style=\"margin-bottom:10px\"><a href=\"\/resume-examples\/\" style=\"color:#268599;font-weight:600\">Ver todos los ejemplos de curr\u00edculum<\/a><\/li>\n<\/ul>\n<\/div>\n<p><!-- stylingcv-hub-links --><\/p>\n<div class=\"stylingcv-related-resources\" style=\"margin-top:30px;padding:20px;background:#f8f9fa;border-left:4px solid #1abc9c;border-radius:4px;\">\n<h3 style=\"margin-top:0;color:#2c3e50;\">Explora M\u00e1s Recursos<\/h3>\n<ul style=\"list-style:none;padding:0;\">\n<li><a href=\"https:\/\/stylingcv.com\/cover-letter-writing\/\">Gu\u00eda para Escribir Cartas de Presentaci\u00f3n<\/a> &mdash; Tu gu\u00eda completa<\/li>\n<li><a href=\"https:\/\/stylingcv.com\/cover-letter-length-guide\/\">Longitud de la Carta de Presentaci\u00f3n: \u00bfCu\u00e1nto debe medir?<\/a><\/li>\n<li><a href=\"https:\/\/stylingcv.com\/cover-letter-opening-100\/\">\u00bfC\u00f3mo escribir una apertura efectiva para la carta de presentaci\u00f3n?<\/a><\/li>\n<li><a href=\"https:\/\/stylingcv.com\/how-to-write-an-effective-cover-letter-in-2026-beginners-guide\/\">C\u00f3mo Escribir una Carta de Presentaci\u00f3n Efectiva en 2026<\/a><\/li>\n<\/ul>\n<p style=\"margin-bottom:0;font-size:14px;color:#7f8c8d;\">No solo un creador de curr\u00edculums \u2014 un generador inteligente con IA. <a href=\"https:\/\/stylingcv.com\/resume-builder\/\" style=\"color:#1abc9c;font-weight:bold;\">Crea tu curr\u00edculum en menos de 2 minutos &rarr;<\/a><\/p>\n<\/div>\n<p><!-- \/stylingcv-hub-links --><\/p>\n<style>.entry-content a[href*=\"ai.stylingcv.com\"]:not(.scv-exit-cta){transition:transform 0.2s ease,box-shadow 0.2s ease}.entry-content a[href*=\"ai.stylingcv.com\"]:not(.scv-exit-cta):hover{transform:translateY(-2px);box-shadow:0 4px 12px rgba(38,133,153,0.25)}<\/style>","protected":false},"excerpt":{"rendered":"<p>Gu\u00eda experta sobre consejos para escribir curr\u00edculums y gu\u00edas &#8211; ejemplos de cartas de presentaci\u00f3n. Consejos pr\u00e1cticos, plantillas y ejemplos para impulsar tu b\u00fasqueda de empleo y carrera en 2026.<\/p>\n","protected":false},"author":0,"featured_media":0,"parent":0,"menu_order":0,"comment_status":"closed","ping_status":"closed","template":"","meta":{"footnotes":""},"class_list":["post-256","page","type-page","status-publish","hentry"," c-blog-1-item  nt-post-class"],"yoast_head":"<!-- This site is optimized with the Yoast SEO Premium plugin v26.5 (Yoast SEO v26.5) - https:\/\/yoast.com\/wordpress\/plugins\/seo\/ -->\n<title>Consejos para Escribir Curr\u00edculums y Gu\u00edas - Carta de<\/title>\n<meta name=\"description\" content=\"Gu\u00eda experta sobre consejos para escribir curr\u00edculums y gu\u00edas - ejemplos de cartas de presentaci\u00f3n. Consejos pr\u00e1cticos, plantillas y ejemplos para impulsar tu\" \/>\n<meta name=\"robots\" content=\"index, follow, max-snippet:-1, max-image-preview:large, max-video-preview:-1\" \/>\n<link rel=\"canonical\" href=\"https:\/\/stylingcv.com\/es\/resume-writing-tips-guides-cover-letter-examples-interview-prep-strategies\/\" \/>\n<meta property=\"og:locale\" content=\"en_US\" \/>\n<meta property=\"og:type\" content=\"article\" \/>\n<meta property=\"og:title\" content=\"Consejos para Escribir Curr\u00edculums y Gu\u00edas - Ejemplos de Cartas de Presentaci\u00f3n\" \/>\n<meta property=\"og:description\" content=\"Gu\u00eda experta sobre consejos para escribir curr\u00edculums y gu\u00edas - ejemplos de cartas de presentaci\u00f3n. Consejos pr\u00e1cticos, plantillas y ejemplos para impulsar tu\" \/>\n<meta property=\"og:url\" content=\"https:\/\/stylingcv.com\/es\/resume-writing-tips-guides-cover-letter-examples-interview-prep-strategies\/\" \/>\n<meta property=\"og:site_name\" content=\"StylingCV - Espa\u00f1ol\" \/>\n<meta name=\"twitter:card\" content=\"summary_large_image\" \/>\n<meta name=\"twitter:label1\" content=\"Est. reading time\" \/>\n\t<meta name=\"twitter:data1\" content=\"3 minutes\" \/>\n<script type=\"application\/ld+json\" class=\"yoast-schema-graph\">{\"@context\":\"https:\/\/schema.org\",\"@graph\":[{\"@type\":\"WebPage\",\"@id\":\"https:\/\/wp.stylingcv.com\/es\/resume-writing-tips-guides-cover-letter-examples-interview-prep-strategies\/\",\"url\":\"https:\/\/wp.stylingcv.com\/es\/resume-writing-tips-guides-cover-letter-examples-interview-prep-strategies\/\",\"name\":\"Consejos para Escribir Curr\u00edculums y Gu\u00edas - Carta de\",\"isPartOf\":{\"@id\":\"https:\/\/wp.stylingcv.com\/es\/#website\"},\"datePublished\":\"2025-12-01T10:32:02+00:00\",\"description\":\"Gu\u00eda experta sobre consejos para escribir curr\u00edculums y gu\u00edas - ejemplos de cartas de presentaci\u00f3n. Consejos pr\u00e1cticos, plantillas y ejemplos para impulsar tu\",\"breadcrumb\":{\"@id\":\"https:\/\/wp.stylingcv.com\/es\/resume-writing-tips-guides-cover-letter-examples-interview-prep-strategies\/#breadcrumb\"},\"inLanguage\":\"en-US\",\"potentialAction\":[{\"@type\":\"ReadAction\",\"target\":[\"https:\/\/wp.stylingcv.com\/es\/resume-writing-tips-guides-cover-letter-examples-interview-prep-strategies\/\"]}]},{\"@type\":\"BreadcrumbList\",\"@id\":\"https:\/\/wp.stylingcv.com\/es\/resume-writing-tips-guides-cover-letter-examples-interview-prep-strategies\/#breadcrumb\",\"itemListElement\":[{\"@type\":\"ListItem\",\"position\":1,\"name\":\"Home\",\"item\":\"https:\/\/wp.stylingcv.com\/es\/\"},{\"@type\":\"ListItem\",\"position\":2,\"name\":\"Consejos para Escribir Curr\u00edculums y Gu\u00edas &#8211; Ejemplos de Cartas de Presentaci\u00f3n\"}]},{\"@type\":\"WebSite\",\"@id\":\"https:\/\/wp.stylingcv.com\/es\/#website\",\"url\":\"https:\/\/wp.stylingcv.com\/es\/\",\"name\":\"StylingCV - Espa\u00f1ol\",\"description\":\"\",\"potentialAction\":[{\"@type\":\"SearchAction\",\"target\":{\"@type\":\"EntryPoint\",\"urlTemplate\":\"https:\/\/wp.stylingcv.com\/es\/?s={search_term_string}\"},\"query-input\":{\"@type\":\"PropertyValueSpecification\",\"valueRequired\":true,\"valueName\":\"search_term_string\"}}],\"inLanguage\":\"en-US\"}]}<\/script>\n<!-- \/ Yoast SEO Premium plugin. -->","yoast_head_json":{"title":"Consejos para Escribir Curr\u00edculums y Gu\u00edas - Carta de","description":"Gu\u00eda experta sobre consejos para escribir curr\u00edculums y gu\u00edas - ejemplos de cartas de presentaci\u00f3n. Consejos pr\u00e1cticos, plantillas y ejemplos para impulsar tu","robots":{"index":"index","follow":"follow","max-snippet":"max-snippet:-1","max-image-preview":"max-image-preview:large","max-video-preview":"max-video-preview:-1"},"canonical":"https:\/\/stylingcv.com\/es\/resume-writing-tips-guides-cover-letter-examples-interview-prep-strategies\/","og_locale":"en_US","og_type":"article","og_title":"Consejos para Escribir Curr\u00edculums y Gu\u00edas - Ejemplos de Cartas de Presentaci\u00f3n","og_description":"Gu\u00eda experta sobre consejos para escribir curr\u00edculums y gu\u00edas - ejemplos de cartas de presentaci\u00f3n. Consejos pr\u00e1cticos, plantillas y ejemplos para impulsar tu","og_url":"https:\/\/stylingcv.com\/es\/resume-writing-tips-guides-cover-letter-examples-interview-prep-strategies\/","og_site_name":"StylingCV - Espa\u00f1ol","twitter_card":"summary_large_image","twitter_misc":{"Est. reading time":"3 minutes"},"schema":{"@context":"https:\/\/schema.org","@graph":[{"@type":"WebPage","@id":"https:\/\/wp.stylingcv.com\/es\/resume-writing-tips-guides-cover-letter-examples-interview-prep-strategies\/","url":"https:\/\/wp.stylingcv.com\/es\/resume-writing-tips-guides-cover-letter-examples-interview-prep-strategies\/","name":"Consejos para Escribir Curr\u00edculums y Gu\u00edas - Carta de","isPartOf":{"@id":"https:\/\/wp.stylingcv.com\/es\/#website"},"datePublished":"2025-12-01T10:32:02+00:00","description":"Gu\u00eda experta sobre consejos para escribir curr\u00edculums y gu\u00edas - ejemplos de cartas de presentaci\u00f3n. Consejos pr\u00e1cticos, plantillas y ejemplos para impulsar tu","breadcrumb":{"@id":"https:\/\/wp.stylingcv.com\/es\/resume-writing-tips-guides-cover-letter-examples-interview-prep-strategies\/#breadcrumb"},"inLanguage":"en-US","potentialAction":[{"@type":"ReadAction","target":["https:\/\/wp.stylingcv.com\/es\/resume-writing-tips-guides-cover-letter-examples-interview-prep-strategies\/"]}]},{"@type":"BreadcrumbList","@id":"https:\/\/wp.stylingcv.com\/es\/resume-writing-tips-guides-cover-letter-examples-interview-prep-strategies\/#breadcrumb","itemListElement":[{"@type":"ListItem","position":1,"name":"Home","item":"https:\/\/wp.stylingcv.com\/es\/"},{"@type":"ListItem","position":2,"name":"Consejos para Escribir Curr\u00edculums y Gu\u00edas &#8211; Ejemplos de Cartas de Presentaci\u00f3n"}]},{"@type":"WebSite","@id":"https:\/\/wp.stylingcv.com\/es\/#website","url":"https:\/\/wp.stylingcv.com\/es\/","name":"StylingCV - Espa\u00f1ol","description":"","potentialAction":[{"@type":"SearchAction","target":{"@type":"EntryPoint","urlTemplate":"https:\/\/wp.stylingcv.com\/es\/?s={search_term_string}"},"query-input":{"@type":"PropertyValueSpecification","valueRequired":true,"valueName":"search_term_string"}}],"inLanguage":"en-US"}]}},"_links":{"self":[{"href":"https:\/\/wp.stylingcv.com\/es\/wp-json\/wp\/v2\/pages\/256","targetHints":{"allow":["GET"]}}],"collection":[{"href":"https:\/\/wp.stylingcv.com\/es\/wp-json\/wp\/v2\/pages"}],"about":[{"href":"https:\/\/wp.stylingcv.com\/es\/wp-json\/wp\/v2\/types\/page"}],"replies":[{"embeddable":true,"href":"https:\/\/wp.stylingcv.com\/es\/wp-json\/wp\/v2\/comments?post=256"}],"version-history":[{"count":0,"href":"https:\/\/wp.stylingcv.com\/es\/wp-json\/wp\/v2\/pages\/256\/revisions"}],"wp:attachment":[{"href":"https:\/\/wp.stylingcv.com\/es\/wp-json\/wp\/v2\/media?parent=256"}],"curies":[{"name":"wp","href":"https:\/\/api.w.org\/{rel}","templated":true}]}}