{"id":182,"date":"2025-04-07T02:43:42","date_gmt":"2025-04-07T02:43:42","guid":{"rendered":"https:\/\/stylingcv.com\/es\/creacion-carta-presentacion-consejos-plantillas\/"},"modified":"2025-04-07T02:43:42","modified_gmt":"2025-04-07T02:43:42","slug":"effective-cover-letter-tips-guide","status":"publish","type":"page","link":"https:\/\/wp.stylingcv.com\/es\/effective-cover-letter-tips-guide\/","title":{"rendered":"Domina la Creaci\u00f3n de Cartas de Presentaci\u00f3n: Consejos y Plantillas"},"content":{"rendered":"<h1>Escribe una Carta de Presentaci\u00f3n Ganadora<\/h1>\n\n\n<p>Bienvenido a nuestra gu\u00eda para escribir cartas de presentaci\u00f3n: tu recurso para crear cartas de presentaci\u00f3n atractivas que complementen tu curr\u00edculum y te ayuden a destacar ante los empleadores. \u00a1Comienza a explorar nuestros [ejemplos de cartas de presentaci\u00f3n](\/cover-letter-examples\/) y la [gu\u00eda de formato de carta de presentaci\u00f3n](\/cover-letter-format-guide\/) hoy mismo y da un paso importante hacia conseguir el trabajo de tus sue\u00f1os! \u00bfNo tienes claro las diferencias entre curr\u00edculum y CV? Consulta nuestra [comparaci\u00f3n completa](\/cv-vs-resume\/) para elegir el documento adecuado para tu b\u00fasqueda de empleo.<\/p>\n<p><a href=\"https:\/\/stylingcv.com\/cover-letter-writing\/\">gu\u00eda de carta de presentaci\u00f3n<\/a><\/p>\n\n<div class=\"related-hubs\" style=\"background: #fff8e6;padding: 15px;border-radius: 8px;margin: 20px 0;border-left: 3px solid #ffc107\">\n<strong>\u2709\ufe0f Recursos de Cartas de Presentaci\u00f3n:<\/strong>\n<a href=\"\/cover-letter\/\" style=\"margin: 0 10px\">Gu\u00eda de Carta de Presentaci\u00f3n<\/a> |\n<a href=\"\/cover-letter-examples\/\" style=\"margin: 0 10px\">Ejemplos<\/a> |\n<a href=\"\/resume-builder\/\" style=\"margin: 0 10px\">Creador de Curr\u00edculum<\/a>\n<\/div>\n\n\n\n<p>\n\n<div class=\"cta-gradient\" style=\"background:linear-gradient(135deg,#f093fb 0%,#f5576c 100%);padding:30px;border-radius:12px;margin:30px 0;text-align:center;color:#fff\"><h2>Domina la Creaci\u00f3n de Cartas de Presentaci\u00f3n: Consejos y Plantillas<\/h2>\n<h3 style=\"color:#fff;margin:0 0 15px;font-size:24px\">\u270d\ufe0f Crea tu Carta de Presentaci\u00f3n Perfecta<\/h3><p style=\"font-size:16px;margin:0 0 20px;line-height:1.6\">Destaca con una carta de presentaci\u00f3n personalizada que complemente perfectamente tu curr\u00edculum.<\/p><a href=\"https:\/\/ai.stylingcv.com?utm_source=stylingcv&utm_medium=website&utm_campaign=cta&utm_content=effective-cover-letter-tips-guide\" style=\"background:#fff;color:#f5576c;padding:15px 40px;border-radius:50px;text-decoration:none;font-weight:bold;font-size:18px\">Comenzar Gratis \u2192<\/a><\/div>\n\n<\/p>\n\n<!-- StylingCV Cover Letter CTA - Auto Inserted -->\n<div class=\"stylingcv-cta-inline\" style=\"background: #f0fff4;border-left: 4px solid #38ef7d;padding: 20px;margin: 24px 0;border-radius: 0 8px 8px 0\">\n    <strong style=\"color: #1a1a2e\">\ud83d\udcdd \u00bfNecesitas una carta de presentaci\u00f3n?<\/strong> <a href=\"https:\/\/ai.stylingcv.com\/ai-generator\/cover-letter?utm_source=blog&amp;utm_medium=cta&amp;utm_campaign=cover_letter_inline\" target=\"_blank\" rel=\"noopener\" style=\"color: #11998e;text-decoration: none;font-weight: 500\">Crea una en minutos con StylingCV<\/a> \u2013 impulsada por IA y adaptada a cada empleo.\n<\/div>\n\n\n\n\n\n<p>Nuestra secci\u00f3n de <a class=\"wpil_keyword_link\" href=\"https:\/\/ai.stylingcv.com\/ai-generator-mastery\/?utm_source=stylingcv&utm_medium=website&utm_campaign=cta&utm_content=effective-cover-letter-tips-guide\" title=\"Cover Letter Mastery\" data-wpil-keyword-link=\"linked\" data-wpil-monitor-id=\"191\">Redacci\u00f3n de Cartas de Presentaci\u00f3n<\/a> ofrece:<\/p>\n\n<div class=\"cta-box cta-primary\" style=\"background: linear-gradient(135deg, #f093fb 0%, #f5576c 100%);padding: 30px;border-radius: 12px;margin: 40px 0;text-align: center;color: white\">\n<h3 style=\"color: white;margin-bottom: 15px;font-size: 24px\">\ud83d\udcc4 Crea tu Carta de Presentaci\u00f3n Perfecta<\/h3>\n<p style=\"font-size: 16px;margin-bottom: 20px;opacity: 0.95\">Destaca con una carta de presentaci\u00f3n personalizada que complemente perfectamente tu curr\u00edculum.\n<div class=\"stylingcv-contextual-cta\" style=\"background:linear-gradient(135deg,#667eea 0%,#764ba2 100%);padding:30px;border-radius:12px;margin:30px 0;text-align:center;color:#fff\">\n    <h3 style=\"color:#fff;margin:0 0 15px;font-size:22px;font-weight:600\">\u270d\ufe0f Crea tu Carta de Presentaci\u00f3n Perfecta<\/h3>\n    <p style=\"font-size:15px;margin:0 0 20px;line-height:1.6;opacity:0.95\">Complementa tu curr\u00edculum con una carta de presentaci\u00f3n personalizada que te haga destacar.<\/p>\n    <a href=\"https:\/\/ai.stylingcv.com\/ai-generator\/cover-letter?utm_source=stylingcv&utm_medium=website&utm_campaign=cta&utm_content=effective-cover-letter-tips-guide\" style=\"background:#fff;color:#268599;padding:14px 35px;border-radius:50px;text-decoration:none;font-weight:bold;font-size:16px\">Escribir Carta de Presentaci\u00f3n Ahora \u2192<\/a>\n<\/div>\n<\/p>\n<a href=\"https:\/\/ai.stylingcv.com\/ai-generator\/cover-letter?utm_source=stylingcv&utm_medium=website&utm_campaign=cta&utm_content=effective-cover-letter-tips-guide\" class=\"cta-button\" style=\"background: white;color: #f5576c;padding: 15px 40px;border-radius: 8px;text-decoration: none;font-weight: 600;font-size: 16px\">Crear Ahora &#8211; Gratis<\/a>\n<\/div>\n\n\n\n\n\n\n\n\n\n\n\n\n\n<ul class=\"wp-block-list\">\n<li>Consejos de expertos para redactar introducciones que llamen la atenci\u00f3n<\/li>\n\n\n\n<li>&#8211; Plantillas y ejemplos para diferentes sectores y niveles profesionales<\/li>\n\n\n\n<li>&#8211; Gu\u00eda paso a paso sobre estructura y formato<\/li>\n\n\n\n<li>&#8211; Consejos para abordar vac\u00edos laborales y transiciones de carrera<\/li>\n\n\n\n<li>&#8211; Estrategias para personalizar cartas de presentaci\u00f3n para ofertas espec\u00edficas<\/li>\n<\/ul>\n\n\n\n<p>Ya sea que est\u00e9s escribiendo tu primera carta de presentaci\u00f3n o quieras mejorar la que ya tienes, nuestros recursos completos te ayudar\u00e1n a crear una carta profesional que muestre tus cualificaciones y personalidad.<\/p>\n\n\n\n<p>\n\n<div class=\"cta-tip\" style=\"background:#fff5f5;border-left:4px solid #f5576c;padding:20px;margin:25px 0;border-radius:8px\"><p style=\"margin:0;font-size:16px;color:#333\"><strong>\u2728 Consejo de Redactor Profesional:<\/strong> <a href=\"https:\/\/ai.stylingcv.com?utm_source=stylingcv&utm_medium=website&utm_campaign=cta&utm_content=effective-cover-letter-tips-guide\" style=\"color:#f5576c;font-weight:bold;text-decoration:underline\">Genera tu carta de presentaci\u00f3n<\/a> con IA y personal\u00edzala en minutos: \u00a1nada de plantillas gen\u00e9ricas!<\/p><\/div>\n\n<\/p>\n\n<div class=\"cta-box cta-secondary\" style=\"border: 2px solid #f5576c;padding: 25px;border-radius: 10px;margin: 40px 0;text-align: center\">\n<h4 style=\"color: #f5576c;margin-bottom: 10px;font-size: 20px\">\u270d\ufe0f No env\u00edes cartas de presentaci\u00f3n gen\u00e9ricas<\/h4>\n<p style=\"margin-bottom: 20px;color: #4a5568\">Personaliza tu carta de presentaci\u00f3n en minutos con ayuda de IA<\/p>\n<a href=\"https:\/\/ai.stylingcv.com\/ai-generator\/cover-letter?utm_source=stylingcv&utm_medium=website&utm_campaign=cta&utm_content=effective-cover-letter-tips-guide\" class=\"cta-button\" style=\"background: #f5576c;color: white;padding: 12px 35px;border-radius: 8px;text-decoration: none;font-weight: 600\">Comenzar a Escribir<\/a>\n<\/div>\n<div class=\"stylingcv-contextual-cta\" style=\"background:#fff;border:3px solid #667eea;padding:28px;border-radius:12px;margin:30px 0;text-align:center\">\n    <h3 style=\"color:#268599;margin:0 0 12px;font-size:21px;font-weight:600\">\ud83d\udce7 Destaca con una Gran Carta de Presentaci\u00f3n<\/h3>\n    <p style=\"font-size:15px;margin:0 0 18px;color:#4a5568;line-height:1.6\">El generador de cartas de presentaci\u00f3n con IA te ayuda a escribir cartas atractivas y espec\u00edficas para cada empleo.<\/p>\n    <a href=\"https:\/\/ai.stylingcv.com\/ai-generator\/cover-letter?utm_source=stylingcv&utm_medium=website&utm_campaign=cta&utm_content=effective-cover-letter-tips-guide\" style=\"background:linear-gradient(135deg, #268599 0%, #618480 50%, #e8885e 100%);color:#fff;padding:13px 32px;border-radius:8px;text-decoration:none;font-weight:600;font-size:15px\">Comenzar Gratis<\/a>\n<\/div>\n\n\n\n\n\n\n<p>\u00a1Comienza a explorar nuestros recursos de cartas de presentaci\u00f3n hoy y da un paso importante hacia conseguir el trabajo de tus sue\u00f1os!<\/p>\n\n\n<!-- StylingCV Cover Letter CTA - Auto Inserted -->\n<div class=\"stylingcv-cta stylingcv-cta-cover-letter\" style=\"background: linear-gradient(135deg, #11998e 0%, #38ef7d 100%);border-radius: 12px;padding: 32px;margin: 32px 0;text-align: center\">\n    <h3 style=\"color: #fff;margin: 0 0 12px;font-size: 24px;font-weight: 600\">Crea tu Carta de Presentaci\u00f3n Perfecta<\/h3>\n    <p style=\"margin: 0 0 20px;font-size: 16px\">Nuestra IA genera cartas de presentaci\u00f3n personalizadas para cada solicitud de empleo.<\/p>\n    <a href=\"https:\/\/ai.stylingcv.com\/ai-generator\/cover-letter?utm_source=blog&amp;utm_medium=cta&amp;utm_campaign=cover_letter_bottom\" target=\"_blank\" rel=\"noopener\" style=\"background: #fff;color: #11998e;padding: 14px 32px;border-radius: 8px;text-decoration: none;font-weight: 600;font-size: 16px\">Escribir Carta de Presentaci\u00f3n Gratis \u2192<\/a>\n<\/div>\n\n\n\n\n<div class=\"cta-box cta-final\" style=\"background: #fff5f5;border-left: 4px solid #f5576c;padding: 30px;margin: 40px 0\">\n<h4 style=\"color: #2d3748;margin-bottom: 15px;font-size: 22px\">\ud83c\udfaf Haz que tu Carta de Presentaci\u00f3n Destaque\n\n<div class=\"cta-action\" style=\"background:#fff;border:3px solid #f5576c;padding:30px;border-radius:12px;margin:30px 0;text-align:center\"><h3 style=\"color:#f5576c;margin:0 0 15px;font-size:22px\">\ud83d\udcdd \u00bfListo para Escribir tu Carta de Presentaci\u00f3n?<\/h3><p style=\"font-size:15px;margin:0 0 20px;color:#666\">Personalizada + Profesional + Comprobada = M\u00e1s Entrevistas<\/p><a href=\"https:\/\/ai.stylingcv.com?utm_source=stylingcv&utm_medium=website&utm_campaign=cta&utm_content=effective-cover-letter-tips-guide\" style=\"background:#f5576c;color:#fff;padding:15px 40px;border-radius:50px;text-decoration:none;font-weight:bold\">Crear Carta de Presentaci\u00f3n Gratis \u2192<\/a><\/div>\n\n<\/h4>\n<p style=\"margin-bottom: 20px;color: #4a5568;line-height: 1.6\">Una gran carta de presentaci\u00f3n puede marcar la diferencia entre conseguir una entrevista o ser pasado por alto. Crea la tuya ahora.<\/p>\n<a href=\"https:\/\/ai.stylingcv.com\/ai-generator\/cover-letter?utm_source=stylingcv&utm_medium=website&utm_campaign=cta&utm_content=effective-cover-letter-tips-guide\" class=\"cta-button\" style=\"background: #f5576c;color: white;padding: 14px 35px;border-radius: 8px;text-decoration: none;font-weight: 600\">Crear mi Carta de Presentaci\u00f3n<\/a>\n<\/div>\n<div class=\"stylingcv-contextual-cta\" style=\"background:#f7fafc;border-left:4px solid #667eea;padding:20px;margin:25px 0;border-radius:8px\">\n    <p style=\"margin:0;font-size:15px;color:#2d3748\">\n        <strong style=\"color:#268599\">\ud83d\udcbc Completa tu Solicitud<\/strong><br>\n        Una gran carta de presentaci\u00f3n marca la diferencia entre conseguir una entrevista o ser pasado por alto. <a href=\"https:\/\/ai.stylingcv.com\/ai-generator\/cover-letter?utm_source=stylingcv&utm_medium=website&utm_campaign=cta&utm_content=effective-cover-letter-tips-guide\" style=\"color:#268599;font-weight:600;text-decoration:underline\">Crear mi Carta de Presentaci\u00f3n<\/a>\n    <\/p>\n\n<p>\ud83d\udc49 <a href=\"https:\/\/stylingcv.com\/resume-templates\/\">plantillas de curr\u00edculum gratis<\/a><\/p>\n\n<p>\ud83d\udc49 <a href=\"https:\/\/stylingcv.com\/guides\/\">gu\u00edas para escribir curr\u00edculum<\/a><\/p>\n\n<p><strong>\ud83d\udca1 Consejo:<\/strong> StylingCV no es solo un creador de curr\u00edculum \u2014 es un creador inteligente con IA. <a href=\"https:\/\/stylingcv.com\/resume-builder\/\">mejor creador de curr\u00edculum con IA 2026<\/a> en menos de 2 minutos.<\/p>\n<\/div>\n<div style=\"background:linear-gradient(135deg,#f8f9fa 0%,#e9ecef 100%);border-radius:12px;padding:25px 30px;margin:30px 0;border-left:4px solid #268599\"><h3 style=\"color:#268599;margin-top:0;font-size:1.2rem\">Explora M\u00e1s Recursos<\/h3><ul style=\"list-style:none;padding:0;margin:0\"><li style=\"margin-bottom:10px\"><a href=\"\/resume-builder\/\" style=\"color:#268599;font-weight:600\">Crea tu curr\u00edculum ahora<\/a><\/li><li style=\"margin-bottom:10px\"><a href=\"\/guides\/\" style=\"color:#268599;font-weight:600\">Ver todas las gu\u00edas de carrera<\/a><\/li><li style=\"margin-bottom:10px\"><a href=\"\/ats-resume-checker\/\" style=\"color:#268599;font-weight:600\">Verifica tu puntuaci\u00f3n ATS<\/a><\/li><li style=\"margin-bottom:10px\"><a href=\"\/resume-templates\/\" style=\"color:#268599;font-weight:600\">Ver plantillas profesionales de curr\u00edculum<\/a><\/li><li style=\"margin-bottom:10px\"><a href=\"\/resume-examples\/\" style=\"color:#268599;font-weight:600\">Ver todos los ejemplos de curr\u00edculum<\/a><\/li><\/ul><\/div><!-- stylingcv-hub-links --><div class=\"stylingcv-related-resources\" style=\"margin-top:30px;padding:20px;background:#f8f9fa;border-left:4px solid #1abc9c;border-radius:4px;\"><h3 style=\"margin-top:0;color:#2c3e50;\">Explora M\u00e1s Recursos<\/h3><ul style=\"list-style:none;padding:0;\"><li><a href=\"https:\/\/stylingcv.com\/cover-letter-writing\/\">Gu\u00eda para Escribir Cartas de Presentaci\u00f3n<\/a> &mdash; Tu gu\u00eda completa<\/li><li><a href=\"https:\/\/stylingcv.com\/cover-letter-type-11\/\">\u00bfC\u00f3mo escribir una carta de presentaci\u00f3n atractiva para promoci\u00f3n interna?<\/a><\/li><li><a href=\"https:\/\/stylingcv.com\/cover-letter-closing-52\/\">\u00bfC\u00f3mo escribir un cierre efectivo para una carta de presentaci\u00f3n?<\/a><\/li><li><a href=\"https:\/\/stylingcv.com\/cover-letter-storytelling-156\/\">\u00bfC\u00f3mo escribir una carta de presentaci\u00f3n con storytelling efectivo?<\/a><\/li><\/ul><p style=\"margin-bottom:0;font-size:14px;color:#7f8c8d;\">No solo un creador de curr\u00edculum \u2014 un creador inteligente con IA que piensa. <a href=\"https:\/\/stylingcv.com\/resume-builder\/\" style=\"color:#1abc9c;font-weight:bold;\">Crea tu curr\u00edculum en menos de 2 minutos &rarr;<\/a><\/p><\/div><!-- \/stylingcv-hub-links -->\n\n<style>.entry-content a[href*=\"ai.stylingcv.com\"]:not(.scv-exit-cta){transition:transform 0.2s ease,box-shadow 0.2s ease}.entry-content a[href*=\"ai.stylingcv.com\"]:not(.scv-exit-cta):hover{transform:translateY(-2px);box-shadow:0 4px 12px rgba(38,133,153,0.25)}<\/style>","protected":false},"excerpt":{"rendered":"<p>Domina las cartas de presentaci\u00f3n con consejos de expertos, plantillas y gu\u00edas de formato. Personaliza para empleos, cubre vac\u00edos y destaca ante empleadores.<\/p>\n","protected":false},"author":0,"featured_media":0,"parent":0,"menu_order":0,"comment_status":"closed","ping_status":"closed","template":"","meta":{"footnotes":""},"class_list":["post-182","page","type-page","status-publish","hentry"," c-blog-1-item  nt-post-class"],"yoast_head":"<!-- This site is optimized with the Yoast SEO Premium plugin v26.5 (Yoast SEO v26.5) - https:\/\/yoast.com\/wordpress\/plugins\/seo\/ -->\n<title>Domina la Creaci\u00f3n de Cartas de Presentaci\u00f3n: Consejos y<\/title>\n<meta name=\"description\" content=\"Gu\u00eda experta para dominar la creaci\u00f3n de cartas de presentaci\u00f3n. Consejos pr\u00e1cticos, plantillas y ejemplos para impulsar tu b\u00fasqueda de empleo y carrera en\" \/>\n<meta name=\"robots\" content=\"index, follow, max-snippet:-1, max-image-preview:large, max-video-preview:-1\" \/>\n<link rel=\"canonical\" href=\"https:\/\/stylingcv.com\/es\/effective-cover-letter-tips-guide\/\" \/>\n<meta property=\"og:locale\" content=\"en_US\" \/>\n<meta property=\"og:type\" content=\"article\" \/>\n<meta property=\"og:title\" content=\"Domina la Creaci\u00f3n de Cartas de Presentaci\u00f3n: Consejos y Plantillas\" \/>\n<meta property=\"og:description\" content=\"Gu\u00eda experta para dominar la creaci\u00f3n de cartas de presentaci\u00f3n. Consejos pr\u00e1cticos, plantillas y ejemplos para impulsar tu b\u00fasqueda de empleo y carrera en\" \/>\n<meta property=\"og:url\" content=\"https:\/\/stylingcv.com\/es\/effective-cover-letter-tips-guide\/\" \/>\n<meta property=\"og:site_name\" content=\"StylingCV - Espa\u00f1ol\" \/>\n<meta name=\"twitter:card\" content=\"summary_large_image\" \/>\n<meta name=\"twitter:label1\" content=\"Est. reading time\" \/>\n\t<meta name=\"twitter:data1\" content=\"3 minutes\" \/>\n<script type=\"application\/ld+json\" class=\"yoast-schema-graph\">{\"@context\":\"https:\/\/schema.org\",\"@graph\":[{\"@type\":\"WebPage\",\"@id\":\"https:\/\/wp.stylingcv.com\/es\/effective-cover-letter-tips-guide\/\",\"url\":\"https:\/\/wp.stylingcv.com\/es\/effective-cover-letter-tips-guide\/\",\"name\":\"Domina la Creaci\u00f3n de Cartas de Presentaci\u00f3n: Consejos y\",\"isPartOf\":{\"@id\":\"https:\/\/wp.stylingcv.com\/es\/#website\"},\"datePublished\":\"2025-04-07T02:43:42+00:00\",\"description\":\"Gu\u00eda experta para dominar la creaci\u00f3n de cartas de presentaci\u00f3n. Consejos pr\u00e1cticos, plantillas y ejemplos para impulsar tu b\u00fasqueda de empleo y carrera en\",\"breadcrumb\":{\"@id\":\"https:\/\/wp.stylingcv.com\/es\/effective-cover-letter-tips-guide\/#breadcrumb\"},\"inLanguage\":\"en-US\",\"potentialAction\":[{\"@type\":\"ReadAction\",\"target\":[\"https:\/\/wp.stylingcv.com\/es\/effective-cover-letter-tips-guide\/\"]}]},{\"@type\":\"BreadcrumbList\",\"@id\":\"https:\/\/wp.stylingcv.com\/es\/effective-cover-letter-tips-guide\/#breadcrumb\",\"itemListElement\":[{\"@type\":\"ListItem\",\"position\":1,\"name\":\"Home\",\"item\":\"https:\/\/wp.stylingcv.com\/es\/\"},{\"@type\":\"ListItem\",\"position\":2,\"name\":\"Domina la Creaci\u00f3n de Cartas de Presentaci\u00f3n: Consejos y Plantillas\"}]},{\"@type\":\"WebSite\",\"@id\":\"https:\/\/wp.stylingcv.com\/es\/#website\",\"url\":\"https:\/\/wp.stylingcv.com\/es\/\",\"name\":\"StylingCV - Espa\u00f1ol\",\"description\":\"\",\"potentialAction\":[{\"@type\":\"SearchAction\",\"target\":{\"@type\":\"EntryPoint\",\"urlTemplate\":\"https:\/\/wp.stylingcv.com\/es\/?s={search_term_string}\"},\"query-input\":{\"@type\":\"PropertyValueSpecification\",\"valueRequired\":true,\"valueName\":\"search_term_string\"}}],\"inLanguage\":\"en-US\"}]}<\/script>\n<!-- \/ Yoast SEO Premium plugin. -->","yoast_head_json":{"title":"Domina la Creaci\u00f3n de Cartas de Presentaci\u00f3n: Consejos y","description":"Gu\u00eda experta para dominar la creaci\u00f3n de cartas de presentaci\u00f3n. Consejos pr\u00e1cticos, plantillas y ejemplos para impulsar tu b\u00fasqueda de empleo y carrera en","robots":{"index":"index","follow":"follow","max-snippet":"max-snippet:-1","max-image-preview":"max-image-preview:large","max-video-preview":"max-video-preview:-1"},"canonical":"https:\/\/stylingcv.com\/es\/effective-cover-letter-tips-guide\/","og_locale":"en_US","og_type":"article","og_title":"Domina la Creaci\u00f3n de Cartas de Presentaci\u00f3n: Consejos y Plantillas","og_description":"Gu\u00eda experta para dominar la creaci\u00f3n de cartas de presentaci\u00f3n. Consejos pr\u00e1cticos, plantillas y ejemplos para impulsar tu b\u00fasqueda de empleo y carrera en","og_url":"https:\/\/stylingcv.com\/es\/effective-cover-letter-tips-guide\/","og_site_name":"StylingCV - Espa\u00f1ol","twitter_card":"summary_large_image","twitter_misc":{"Est. reading time":"3 minutes"},"schema":{"@context":"https:\/\/schema.org","@graph":[{"@type":"WebPage","@id":"https:\/\/wp.stylingcv.com\/es\/effective-cover-letter-tips-guide\/","url":"https:\/\/wp.stylingcv.com\/es\/effective-cover-letter-tips-guide\/","name":"Domina la Creaci\u00f3n de Cartas de Presentaci\u00f3n: Consejos y","isPartOf":{"@id":"https:\/\/wp.stylingcv.com\/es\/#website"},"datePublished":"2025-04-07T02:43:42+00:00","description":"Gu\u00eda experta para dominar la creaci\u00f3n de cartas de presentaci\u00f3n. Consejos pr\u00e1cticos, plantillas y ejemplos para impulsar tu b\u00fasqueda de empleo y carrera en","breadcrumb":{"@id":"https:\/\/wp.stylingcv.com\/es\/effective-cover-letter-tips-guide\/#breadcrumb"},"inLanguage":"en-US","potentialAction":[{"@type":"ReadAction","target":["https:\/\/wp.stylingcv.com\/es\/effective-cover-letter-tips-guide\/"]}]},{"@type":"BreadcrumbList","@id":"https:\/\/wp.stylingcv.com\/es\/effective-cover-letter-tips-guide\/#breadcrumb","itemListElement":[{"@type":"ListItem","position":1,"name":"Home","item":"https:\/\/wp.stylingcv.com\/es\/"},{"@type":"ListItem","position":2,"name":"Domina la Creaci\u00f3n de Cartas de Presentaci\u00f3n: Consejos y Plantillas"}]},{"@type":"WebSite","@id":"https:\/\/wp.stylingcv.com\/es\/#website","url":"https:\/\/wp.stylingcv.com\/es\/","name":"StylingCV - Espa\u00f1ol","description":"","potentialAction":[{"@type":"SearchAction","target":{"@type":"EntryPoint","urlTemplate":"https:\/\/wp.stylingcv.com\/es\/?s={search_term_string}"},"query-input":{"@type":"PropertyValueSpecification","valueRequired":true,"valueName":"search_term_string"}}],"inLanguage":"en-US"}]}},"_links":{"self":[{"href":"https:\/\/wp.stylingcv.com\/es\/wp-json\/wp\/v2\/pages\/182","targetHints":{"allow":["GET"]}}],"collection":[{"href":"https:\/\/wp.stylingcv.com\/es\/wp-json\/wp\/v2\/pages"}],"about":[{"href":"https:\/\/wp.stylingcv.com\/es\/wp-json\/wp\/v2\/types\/page"}],"replies":[{"embeddable":true,"href":"https:\/\/wp.stylingcv.com\/es\/wp-json\/wp\/v2\/comments?post=182"}],"version-history":[{"count":0,"href":"https:\/\/wp.stylingcv.com\/es\/wp-json\/wp\/v2\/pages\/182\/revisions"}],"wp:attachment":[{"href":"https:\/\/wp.stylingcv.com\/es\/wp-json\/wp\/v2\/media?parent=182"}],"curies":[{"name":"wp","href":"https:\/\/api.w.org\/{rel}","templated":true}]}}