{"id":1130,"date":"2026-02-25T03:39:20","date_gmt":"2026-02-25T03:39:20","guid":{"rendered":"https:\/\/stylingcv.com\/es\/how-do-i-handle-format-on-my-resume-effectively\/"},"modified":"2026-02-25T03:39:20","modified_gmt":"2026-02-25T03:39:20","slug":"how-do-i-handle-format-on-my-resume-effectively","status":"publish","type":"page","link":"https:\/\/wp.stylingcv.com\/es\/how-do-i-handle-format-on-my-resume-effectively\/","title":{"rendered":"\u00bfC\u00f3mo manejo el formato de mi curr\u00edculum de manera efectiva?"},"content":{"rendered":"\n<p class=\"faq-category\"><strong>Categor\u00eda:<\/strong> Preguntas sobre Redacci\u00f3n de Curr\u00edculum<\/p>\n\n\n\n<h2 class=\"wp-block-heading\">\u00bfC\u00f3mo manejo el formato de mi curr\u00edculum de manera efectiva?<\/h2>\n\n\n\n<p>Un formato de curr\u00edculum efectivo requiere pensamiento estrat\u00e9gico y atenci\u00f3n al detalle. Investiga las mejores pr\u00e1cticas para tu sector y nivel de experiencia. En cuanto al formato, utiliza dise\u00f1os limpios de una sola columna, fuentes est\u00e1ndar y espaciado uniforme. Para el contenido, enf\u00f3cate en logros con resultados cuantificables en lugar de solo funciones laborales. Estructura las secciones de forma l\u00f3gica, colocando la informaci\u00f3n m\u00e1s importante primero: datos de contacto, resumen profesional, experiencia laboral, educaci\u00f3n, habilidades y certificaciones. Redacta los logros usando verbos de acci\u00f3n y la f\u00f3rmula XYZ: lograste X, medido por Y, haciendo Z. Enumera las habilidades de manera expl\u00edcita, incluyendo tanto habilidades t\u00e9cnicas como blandas relevantes. Coloca la educaci\u00f3n al principio si eres reci\u00e9n graduado, m\u00e1s abajo si tienes experiencia. Incluye certificaciones relevantes de forma destacada, especialmente las requeridas en tu sector. Investiga las descripciones de los puestos para identificar palabras clave importantes e incorp\u00f3ralas de manera natural. Personaliza tu curr\u00edculum para cada postulaci\u00f3n reordenando puntos, ajustando palabras clave y adaptando tu resumen. Mant\u00e9n el curr\u00edculum en 1 p\u00e1gina si tienes menos de 10 a\u00f1os de experiencia, y hasta 2 p\u00e1ginas para puestos senior. Revisa varias veces y pide a otros que lo revisen. Prueba con esc\u00e1neres ATS. Recuerda que tu curr\u00edculum debe superar tanto la revisi\u00f3n automatizada como la humana, as\u00ed que optim\u00edzalo para ambos p\u00fablicos.<\/p>\n\n\n\n<hr class=\"wp-block-separator\" \/>\n\n\n\n<h3 class=\"wp-block-heading\">\u00bfNecesitas ayuda con tu curr\u00edculum?<\/h3>\n\n\n\n<p>Nuestro creador de curr\u00edculums impulsado por IA en <a href=\"https:\/\/ai.stylingcv.com\/ai-generatorsignup?utm_source=stylingcv&utm_medium=website&utm_campaign=cta&utm_content=how-do-i-handle-format-on-my-resume-effectively\" target=\"_blank\" rel=\"noopener\">StylingCV AI<\/a> puede ayudarte a crear un curr\u00edculum profesional optimizado para ATS en minutos. \u00a1Empieza hoy mismo!<\/p>\n\n\n\n<div class=\"wp-block-buttons is-layout-flex wp-block-buttons-is-layout-flex\">\n\n<div class=\"wp-block-button\"><a class=\"wp-block-button__link\" href=\"https:\/\/ai.stylingcv.com\/ai-generatorsignup?utm_source=stylingcv&utm_medium=website&utm_campaign=cta&utm_content=how-do-i-handle-format-on-my-resume-effectively\" target=\"_blank\" rel=\"noopener\">Prueba StylingCV AI Gratis \u2192<\/a><\/div>\n\n\n\n<p>\ud83d\udc49 <a href=\"https:\/\/stylingcv.com\/guides\/\">gu\u00edas expertas de curr\u00edculum<\/a><\/p>\n\n<p>\ud83d\udc49 <a href=\"https:\/\/stylingcv.com\/resume-templates\/\">plantillas de curr\u00edculum<\/a><\/p>\n\n<p><strong>\ud83d\udca1 Consejo Pro:<\/strong> StylingCV no es solo un creador de curr\u00edculums \u2014 es un creador inteligente con IA que piensa. <a href=\"https:\/\/stylingcv.com\/resume-builder\/\">creador de curr\u00edculums inteligente con IA<\/a> en menos de 2 minutos.<\/p>\n<\/div>\n\n\n\n\n{@context: https:\/\/schema.org, @type: FAQPage, mainEntity: [{@type: Question, name: \u00bfC\u00f3mo manejo el formato de mi curr\u00edculum de manera efectiva?, acceptedAnswer: {@type: Answer, text: Un formato de curr\u00edculum efectivo requiere pensamiento estrat\u00e9gico y atenci\u00f3n al detalle. Investiga las mejores pr\u00e1cticas para tu sector y nivel de experiencia. En cuanto al formato, utiliza dise\u00f1os limpios de una sola columna, fuentes est\u00e1ndar y espaciado uniforme. Para el contenido, enf\u00f3cate en logros con resultados cuantificables en lugar de solo funciones laborales. Estructura las secciones de forma l\u00f3gica, colocando la informaci\u00f3n m\u00e1s importante primero: datos de contacto, resumen profesional, experiencia laboral, educaci\u00f3n, habilidades y certificaciones. Redacta los logros usando verbos de acci\u00f3n y la f\u00f3rmula XYZ: lograste X, medido por Y, haciendo Z. Enumera las habilidades de manera expl\u00edcita, incluyendo tanto habilidades t\u00e9cnicas como blandas relevantes. Coloca la educaci\u00f3n al principio si eres reci\u00e9n graduado, m\u00e1s abajo si tienes experiencia. Incluye certificaciones relevantes de forma destacada, especialmente las requeridas en tu sector. Investiga las descripciones de los puestos para identificar palabras clave importantes e incorp\u00f3ralas de manera natural. Personaliza tu curr\u00edculum para cada postulaci\u00f3n reordenando puntos, ajustando palabras clave y adaptando tu resumen. Mant\u00e9n el curr\u00edculum en 1 p\u00e1gina si tienes menos de 10 a\u00f1os de experiencia, y hasta 2 p\u00e1ginas para puestos senior. Revisa varias veces y pide a otros que lo revisen. Prueba con esc\u00e1neres ATS. Recuerda que tu curr\u00edculum debe superar tanto la revisi\u00f3n automatizada como la humana, as\u00ed que optim\u00edzalo para ambos p\u00fablicos.}}]}\n\n\n\n\n<p class=\"faq-keywords\"><small><strong>Relacionado:<\/strong> formato de curr\u00edculum, consejos de curr\u00edculum, curr\u00edculum profesional, mejores pr\u00e1cticas de curr\u00edculum, redacci\u00f3n de curr\u00edculum<\/small><\/p>\n<!-- stylingcv-hub-links --><div class=\"stylingcv-related-resources\" style=\"margin-top:30px;padding:20px;background:#f8f9fa;border-left:4px solid #1abc9c;border-radius:4px\"><h3 style=\"margin-top:0;color:#2c3e50\">Explora M\u00e1s Recursos<\/h3><ul style=\"padding:0\"><li><a href=\"https:\/\/stylingcv.com\/resume-builder\/\">Creador de Curr\u00edculum<\/a> &mdash; Tu gu\u00eda completa<\/li><li><a href=\"https:\/\/stylingcv.com\/government-resume\/\">C\u00f3mo redactar un curr\u00edculum para el gobierno: sector p\u00fablico y federal<\/a><\/li><li><a href=\"https:\/\/stylingcv.com\/career-change-resume-tips-2\/\">\u00bfC\u00f3mo hago un curr\u00edculum para cambiar de carrera si mi experiencia es diferente?<\/a><\/li><li><a href=\"https:\/\/stylingcv.com\/what-to-put-on-resume-no-experience\/\">Qu\u00e9 poner en un curr\u00edculum sin experiencia: Gu\u00eda completa<\/a><\/li><\/ul><p style=\"margin-bottom:0;font-size:14px;color:#7f8c8d\">No solo un creador de curr\u00edculums &mdash; un creador inteligente con IA que piensa. <a href=\"https:\/\/stylingcv.com\/resume-builder\/\" style=\"color:#1abc9c;font-weight:bold\">Crea tu curr\u00edculum en menos de 2 minutos &rarr;<\/a><\/p><\/div><!-- \/stylingcv-hub-links -->\n\n<div style=\"background: #16344C;border-radius: 20px;padding: 48px 32px;margin: 48px 0;text-align: center;color: white;position: relative;overflow: hidden\">\n  <div style=\"position: absolute\"><\/div>\n  <div style=\"position: relative;z-index: 1\">\n    <h3 style=\"font-family: 'Playfair Display', serif;font-size: 28px;margin-bottom: 8px\">\ud83c\udfaf \u00bfTu curr\u00edculum est\u00e1 listo para ATS?<\/h3>\n    <p style=\"font-size: 16px;margin-bottom: 32px;opacity: 0.85\">Prueba nuestras herramientas gratuitas para asegurarte de que tu curr\u00edculum pase los filtros autom\u00e1ticos y llegue a manos humanas.<\/p>\n    <div style=\"gap: 20px;justify-content: center;flex-wrap: wrap\">\n      <a href=\"https:\/\/ai.stylingcv.com\/ats-score-checker?utm_source=stylingcv&utm_medium=website&utm_campaign=cta&utm_content=how-do-i-handle-format-on-my-resume-effectively\" style=\"align-items: center;gap: 8px;background: linear-gradient(135deg, #268599, #618480);color: white;padding: 16px 28px;border-radius: 12px;font-weight: 600;font-size: 16px;text-decoration: none\">\ud83d\udcca Verifica tu puntaje ATS<\/a>\n      <a href=\"https:\/\/ai.stylingcv.com\/stylion?utm_source=stylingcv&utm_medium=website&utm_campaign=cta&utm_content=how-do-i-handle-format-on-my-resume-effectively\" style=\"align-items: center;gap: 8px;background: linear-gradient(135deg, #E8885E, #C4A574);color: white;padding: 16px 28px;border-radius: 12px;font-weight: 600;font-size: 16px;text-decoration: none\">\ud83e\udd81 Revisi\u00f3n de Curr\u00edculum Stylion<\/a>\n    <\/div>\n    <p style=\"font-size: 13px;margin-top: 16px;opacity: 0.6\">Gratis \u2022 Sin registro \u2022 Resultados en segundos<\/p>\n  <\/div>\n<\/div><style>.entry-content a[href*=\"ai.stylingcv.com\"]:not(.scv-exit-cta){transition:transform 0.2s ease,box-shadow 0.2s ease}.entry-content a[href*=\"ai.stylingcv.com\"]:not(.scv-exit-cta):hover{transform:translateY(-2px);box-shadow:0 4px 12px rgba(38,133,153,0.25)}<\/style>","protected":false},"excerpt":{"rendered":"<p>Elige el mejor formato de curr\u00edculum para tu situaci\u00f3n profesional. Compara los estilos cronol\u00f3gico, funcional y combinado con ejemplos y consejos de expertos.<\/p>\n","protected":false},"author":0,"featured_media":0,"parent":0,"menu_order":0,"comment_status":"closed","ping_status":"closed","template":"","meta":{"footnotes":""},"class_list":["post-1130","page","type-page","status-publish","hentry"," c-blog-1-item  nt-post-class"],"yoast_head":"<!-- This site is optimized with the Yoast SEO Premium plugin v26.5 (Yoast SEO v26.5) - https:\/\/yoast.com\/wordpress\/plugins\/seo\/ -->\n<title>Gu\u00eda de Formato de Curr\u00edculum: Elige el Mejor Dise\u00f1o |<\/title>\n<meta name=\"description\" content=\"Categor\u00eda: Preguntas sobre Redacci\u00f3n de Curr\u00edculum. \u00bfC\u00f3mo manejo el formato de mi curr\u00edculum de manera efectiva? Un formato eficaz requiere estrategia y\" \/>\n<meta name=\"robots\" content=\"index, follow, max-snippet:-1, max-image-preview:large, max-video-preview:-1\" \/>\n<link rel=\"canonical\" href=\"https:\/\/stylingcv.com\/es\/how-do-i-handle-format-on-my-resume-effectively\/\" \/>\n<meta property=\"og:locale\" content=\"en_US\" \/>\n<meta property=\"og:type\" content=\"article\" \/>\n<meta property=\"og:title\" content=\"\u00bfC\u00f3mo manejo el formato de mi curr\u00edculum de manera efectiva?\" \/>\n<meta property=\"og:description\" content=\"Categor\u00eda: Preguntas sobre Redacci\u00f3n de Curr\u00edculum. \u00bfC\u00f3mo manejo el formato de mi curr\u00edculum de manera efectiva? Un formato eficaz requiere estrategia y\" \/>\n<meta property=\"og:url\" content=\"https:\/\/stylingcv.com\/es\/how-do-i-handle-format-on-my-resume-effectively\/\" \/>\n<meta property=\"og:site_name\" content=\"StylingCV - Espa\u00f1ol\" \/>\n<meta name=\"twitter:card\" content=\"summary_large_image\" \/>\n<meta name=\"twitter:label1\" content=\"Est. reading time\" \/>\n\t<meta name=\"twitter:data1\" content=\"4 minutes\" \/>\n<script type=\"application\/ld+json\" class=\"yoast-schema-graph\">{\"@context\":\"https:\/\/schema.org\",\"@graph\":[{\"@type\":\"WebPage\",\"@id\":\"https:\/\/wp.stylingcv.com\/es\/how-do-i-handle-format-on-my-resume-effectively\/\",\"url\":\"https:\/\/wp.stylingcv.com\/es\/how-do-i-handle-format-on-my-resume-effectively\/\",\"name\":\"Gu\u00eda de Formato de Curr\u00edculum: Elige el Mejor Dise\u00f1o |\",\"isPartOf\":{\"@id\":\"https:\/\/wp.stylingcv.com\/es\/#website\"},\"datePublished\":\"2026-02-25T03:39:20+00:00\",\"description\":\"Categor\u00eda: Preguntas sobre Redacci\u00f3n de Curr\u00edculum. \u00bfC\u00f3mo manejo el formato de mi curr\u00edculum de manera efectiva? Un formato eficaz requiere estrategia y\",\"breadcrumb\":{\"@id\":\"https:\/\/wp.stylingcv.com\/es\/how-do-i-handle-format-on-my-resume-effectively\/#breadcrumb\"},\"inLanguage\":\"en-US\",\"potentialAction\":[{\"@type\":\"ReadAction\",\"target\":[\"https:\/\/wp.stylingcv.com\/es\/how-do-i-handle-format-on-my-resume-effectively\/\"]}]},{\"@type\":\"BreadcrumbList\",\"@id\":\"https:\/\/wp.stylingcv.com\/es\/how-do-i-handle-format-on-my-resume-effectively\/#breadcrumb\",\"itemListElement\":[{\"@type\":\"ListItem\",\"position\":1,\"name\":\"Home\",\"item\":\"https:\/\/wp.stylingcv.com\/es\/\"},{\"@type\":\"ListItem\",\"position\":2,\"name\":\"\u00bfC\u00f3mo manejo el formato de mi curr\u00edculum de manera efectiva?\"}]},{\"@type\":\"WebSite\",\"@id\":\"https:\/\/wp.stylingcv.com\/es\/#website\",\"url\":\"https:\/\/wp.stylingcv.com\/es\/\",\"name\":\"StylingCV - Espa\u00f1ol\",\"description\":\"\",\"potentialAction\":[{\"@type\":\"SearchAction\",\"target\":{\"@type\":\"EntryPoint\",\"urlTemplate\":\"https:\/\/wp.stylingcv.com\/es\/?s={search_term_string}\"},\"query-input\":{\"@type\":\"PropertyValueSpecification\",\"valueRequired\":true,\"valueName\":\"search_term_string\"}}],\"inLanguage\":\"en-US\"}]}<\/script>\n<!-- \/ Yoast SEO Premium plugin. -->","yoast_head_json":{"title":"Gu\u00eda de Formato de Curr\u00edculum: Elige el Mejor Dise\u00f1o |","description":"Categor\u00eda: Preguntas sobre Redacci\u00f3n de Curr\u00edculum. \u00bfC\u00f3mo manejo el formato de mi curr\u00edculum de manera efectiva? Un formato eficaz requiere estrategia y","robots":{"index":"index","follow":"follow","max-snippet":"max-snippet:-1","max-image-preview":"max-image-preview:large","max-video-preview":"max-video-preview:-1"},"canonical":"https:\/\/stylingcv.com\/es\/how-do-i-handle-format-on-my-resume-effectively\/","og_locale":"en_US","og_type":"article","og_title":"\u00bfC\u00f3mo manejo el formato de mi curr\u00edculum de manera efectiva?","og_description":"Categor\u00eda: Preguntas sobre Redacci\u00f3n de Curr\u00edculum. \u00bfC\u00f3mo manejo el formato de mi curr\u00edculum de manera efectiva? Un formato eficaz requiere estrategia y","og_url":"https:\/\/stylingcv.com\/es\/how-do-i-handle-format-on-my-resume-effectively\/","og_site_name":"StylingCV - Espa\u00f1ol","twitter_card":"summary_large_image","twitter_misc":{"Est. reading time":"4 minutes"},"schema":{"@context":"https:\/\/schema.org","@graph":[{"@type":"WebPage","@id":"https:\/\/wp.stylingcv.com\/es\/how-do-i-handle-format-on-my-resume-effectively\/","url":"https:\/\/wp.stylingcv.com\/es\/how-do-i-handle-format-on-my-resume-effectively\/","name":"Gu\u00eda de Formato de Curr\u00edculum: Elige el Mejor Dise\u00f1o |","isPartOf":{"@id":"https:\/\/wp.stylingcv.com\/es\/#website"},"datePublished":"2026-02-25T03:39:20+00:00","description":"Categor\u00eda: Preguntas sobre Redacci\u00f3n de Curr\u00edculum. \u00bfC\u00f3mo manejo el formato de mi curr\u00edculum de manera efectiva? Un formato eficaz requiere estrategia y","breadcrumb":{"@id":"https:\/\/wp.stylingcv.com\/es\/how-do-i-handle-format-on-my-resume-effectively\/#breadcrumb"},"inLanguage":"en-US","potentialAction":[{"@type":"ReadAction","target":["https:\/\/wp.stylingcv.com\/es\/how-do-i-handle-format-on-my-resume-effectively\/"]}]},{"@type":"BreadcrumbList","@id":"https:\/\/wp.stylingcv.com\/es\/how-do-i-handle-format-on-my-resume-effectively\/#breadcrumb","itemListElement":[{"@type":"ListItem","position":1,"name":"Home","item":"https:\/\/wp.stylingcv.com\/es\/"},{"@type":"ListItem","position":2,"name":"\u00bfC\u00f3mo manejo el formato de mi curr\u00edculum de manera efectiva?"}]},{"@type":"WebSite","@id":"https:\/\/wp.stylingcv.com\/es\/#website","url":"https:\/\/wp.stylingcv.com\/es\/","name":"StylingCV - Espa\u00f1ol","description":"","potentialAction":[{"@type":"SearchAction","target":{"@type":"EntryPoint","urlTemplate":"https:\/\/wp.stylingcv.com\/es\/?s={search_term_string}"},"query-input":{"@type":"PropertyValueSpecification","valueRequired":true,"valueName":"search_term_string"}}],"inLanguage":"en-US"}]}},"_links":{"self":[{"href":"https:\/\/wp.stylingcv.com\/es\/wp-json\/wp\/v2\/pages\/1130","targetHints":{"allow":["GET"]}}],"collection":[{"href":"https:\/\/wp.stylingcv.com\/es\/wp-json\/wp\/v2\/pages"}],"about":[{"href":"https:\/\/wp.stylingcv.com\/es\/wp-json\/wp\/v2\/types\/page"}],"replies":[{"embeddable":true,"href":"https:\/\/wp.stylingcv.com\/es\/wp-json\/wp\/v2\/comments?post=1130"}],"version-history":[{"count":0,"href":"https:\/\/wp.stylingcv.com\/es\/wp-json\/wp\/v2\/pages\/1130\/revisions"}],"wp:attachment":[{"href":"https:\/\/wp.stylingcv.com\/es\/wp-json\/wp\/v2\/media?parent=1130"}],"curies":[{"name":"wp","href":"https:\/\/api.w.org\/{rel}","templated":true}]}}