{"id":1123,"date":"2025-12-16T08:15:26","date_gmt":"2025-12-16T08:15:26","guid":{"rendered":"https:\/\/stylingcv.com\/es\/how-ai-can-optimize-your-resume-for-ats-in-2026\/"},"modified":"2025-12-16T08:15:26","modified_gmt":"2025-12-16T08:15:26","slug":"how-ai-can-optimize-your-resume-for-ats-in-2026","status":"publish","type":"page","link":"https:\/\/wp.stylingcv.com\/es\/how-ai-can-optimize-your-resume-for-ats-in-2026\/","title":{"rendered":"C\u00f3mo la IA puede optimizar tu curr\u00edculum para el ATS en 2026"},"content":{"rendered":"<p>\/* ========== CORRECCIONES INTEGRALES DE P\u00c1GINA ========== *\/<\/p>\n<p>\/* Fix: Forzar display:grid en elementos con grid-template-columns *\/<br \/>\n[style*=&#8221;grid-template-columns&#8221;] {<br \/>\n  display: grid !important;<br \/>\n}<\/p>\n<p>\/* Fix: Forzar display:flex en elementos con flex-wrap o justify-content *\/<br \/>\n[style*=&#8221;flex-wrap&#8221;],<br \/>\n[style*=&#8221;justify-content&#8221;]:not(table *):not([style*=&#8221;grid-template-columns&#8221;]) {<br \/>\n  display: flex !important;<br \/>\n}<\/p>\n<p>\/* ========== CORRECCIONES DE CONTRASTE ========== *\/<\/p>\n<p>\/* Secci\u00f3n Hero &#8211; mejorar la visibilidad de todo el texto *\/<br \/>\n.hero-section p {<br \/>\n  color: rgba(255,255,255,0.9) !important;<br \/>\n}<\/p>\n<p>.hero-section [style*=&#8221;grid-template-columns&#8221;] p {<br \/>\n  color: white !important;<br \/>\n}<\/p>\n<p>.hero-section [style*=&#8221;grid-template-columns&#8221;] p:last-child {<br \/>\n  color: rgba(255,255,255,0.95) !important;<br \/>\n}<\/p>\n<p>\/* Fila de estad\u00edsticas Hero *\/<br \/>\n.hero-section [style*=&#8221;grid-template-columns&#8221;] {<br \/>\n  display: grid !important;<br \/>\n  grid-template-columns: repeat(4, 1fr) !important;<br \/>\n  gap: 24px !important;<br \/>\n}<\/p>\n<p>\/* Caja de estad\u00edsticas ATS *\/<br \/>\n.ats-stats-box {<br \/>\n  color: white !important;<br \/>\n}<\/p>\n<p>.ats-stats-box h3 {<br \/>\n  color: white !important;<br \/>\n}<\/p>\n<p>.ats-stats-box p {<br \/>\n  color: white !important;<br \/>\n}<\/p>\n<p>.ats-stats-box > div[style*=&#8221;grid-template-columns&#8221;] {<br \/>\n  display: grid !important;<br \/>\n  grid-template-columns: repeat(4, 1fr) !important;<br \/>\n}<\/p>\n<p>.ats-stats-box [style*=&#8221;background: rgba(255,255,255&#8243;] p {<br \/>\n  color: #1a1a2e !important;<br \/>\n}<\/p>\n<p>\/* Secci\u00f3n de la herramienta ATS Checker *\/<br \/>\n.ats-checker-tool h2 {<br \/>\n  color: white !important;<br \/>\n}<\/p>\n<p>.ats-checker-tool > div > p {<br \/>\n  color: rgba(255,255,255,0.9) !important;<br \/>\n}<\/p>\n<p>\/* Cajas de subida &#8211; corregir visibilidad del texto *\/<br \/>\n.ats-checker-tool [style*=&#8221;border: 2px dashed&#8221;] p {<br \/>\n  color: #4a5568 !important;<br \/>\n}<\/p>\n<p>.ats-checker-tool [style*=&#8221;border: 2px dashed&#8221;] p:first-of-type {<br \/>\n  color: #2d3748 !important;<br \/>\n  font-weight: 600 !important;<br \/>\n}<\/p>\n<p>\/* Cajas de desglose de an\u00e1lisis &#8211; corregir visibilidad de etiquetas *\/<br \/>\n.ats-checker-tool [style*=&#8221;background: #f0fff4&#8243;] p,<br \/>\n.ats-checker-tool [style*=&#8221;background: #fff5f5&#8243;] p,<br \/>\n.ats-checker-tool [style*=&#8221;background: #ebf8ff&#8221;] p,<br \/>\n.ats-checker-tool [style*=&#8221;background: #faf5ff&#8221;] p {<br \/>\n  opacity: 1 !important;<br \/>\n}<\/p>\n<p>.ats-checker-tool [style*=&#8221;background: #f0fff4&#8243;] p:first-child {<br \/>\n  color: #276749 !important;<br \/>\n  font-weight: 700 !important;<br \/>\n}<\/p>\n<p>.ats-checker-tool [style*=&#8221;background: #fff5f5&#8243;] p:first-child {<br \/>\n  color: #c53030 !important;<br \/>\n  font-weight: 700 !important;<br \/>\n}<\/p>\n<p>.ats-checker-tool [style*=&#8221;background: #ebf8ff&#8221;] p:first-child {<br \/>\n  color: #2b6cb0 !important;<br \/>\n  font-weight: 700 !important;<br \/>\n}<\/p>\n<p>.ats-checker-tool [style*=&#8221;background: #faf5ff&#8221;] p:first-child {<br \/>\n  color: #6b46c1 !important;<br \/>\n  font-weight: 700 !important;<br \/>\n}<\/p>\n<p>\/* Caja de Quick wins *\/<br \/>\n.ats-checker-tool [style*=&#8221;background: #fffbeb&#8221;] p {<br \/>\n  color: #92400e !important;<br \/>\n}<\/p>\n<p>\/* Cuadr\u00edcula de caracter\u00edsticas de la herramienta *\/<br \/>\n.ats-checker-tool [style*=&#8221;text-align: center&#8221;][style*=&#8221;padding: 16px&#8221;] p {<br \/>\n  color: white !important;<br \/>\n}<\/p>\n<p>.ats-checker-tool [style*=&#8221;text-align: center&#8221;][style*=&#8221;padding: 16px&#8221;] p:last-child {<br \/>\n  color: rgba(255,255,255,0.95) !important;<br \/>\n}<\/p>\n<p>\/* ========== CORRECCIONES DE CONTRASTE SECCI\u00d3N INTELLI ========== *\/<\/p>\n<p>\/* Subt\u00edtulo Intelli &#8211; correcci\u00f3n CR\u00cdTICA *\/<br \/>\n.intelli-hero .intelli-subtitle,<br \/>\n.intelli-section-wrap .intelli-subtitle,<br \/>\n[class*=&#8221;intelli&#8221;] .intelli-subtitle,<br \/>\n.intelli-subtitle {<br \/>\n  color: rgba(255,255,255,0.9) !important;<br \/>\n}<\/p>\n<p>\/* Etiquetas de estad\u00edsticas Intelli *\/<br \/>\n.intelli-stat-label,<br \/>\n.intelli-stat-card p:last-child,<br \/>\n[class*=&#8221;intelli-stat&#8221;] p:last-child {<br \/>\n  color: rgba(255,255,255,0.85) !important;<br \/>\n}<\/p>\n<p>\/* Descripciones de tarjetas de agente Intelli &#8211; correcci\u00f3n CR\u00cdTICA *\/<br \/>\n.intelli-agent-desc,<br \/>\n.intelli-agent-card p,<br \/>\n[class*=&#8221;intelli-agent&#8221;] p {<br \/>\n  color: rgba(255,255,255,0.85) !important;<br \/>\n}<\/p>\n<p>\/* Tarjeta de agente destacado &#8211; a\u00fan m\u00e1s brillante *\/<br \/>\n.intelli-agent-card.featured .intelli-agent-desc,<br \/>\n[class*=&#8221;intelli-agent&#8221;].featured p {<br \/>\n  color: rgba(255,255,255,0.95) !important;<br \/>\n}<\/p>\n<p>\/* Secci\u00f3n de comparaci\u00f3n Intelli &#8211; fondo claro *\/<br \/>\n.intelli-comparison-section,<br \/>\n.intelli-comparison-section * {<br \/>\n  \/* Esta secci\u00f3n tiene fondo claro, mantener texto oscuro *\/<br \/>\n}<\/p>\n<p>.intelli-comparison-subtitle {<br \/>\n  color: #475569 !important;<br \/>\n}<\/p>\n<p>\/* ========== TEXTO GENERAL EN SECCIONES OSCURAS ========== *\/<\/p>\n<p>\/* Cualquier secci\u00f3n con fondo degradado oscuro *\/<br \/>\n[style*=&#8221;background: linear-gradient&#8221;][style*=&#8221;#1a1a2e&#8221;] p,<br \/>\n[style*=&#8221;background: linear-gradient&#8221;][style*=&#8221;#16213e&#8221;] p,<br \/>\n[style*=&#8221;background: linear-gradient&#8221;][style*=&#8221;#0f3460&#8243;] p {<br \/>\n  color: rgba(255,255,255,0.9) !important;<br \/>\n}<\/p>\n<p>\/* Cualquier secci\u00f3n oscura h2, h3, h4 *\/<br \/>\n[style*=&#8221;background: linear-gradient&#8221;][style*=&#8221;#1a1a2e&#8221;] h2,<br \/>\n[style*=&#8221;background: linear-gradient&#8221;][style*=&#8221;#1a1a2e&#8221;] h3,<br \/>\n[style*=&#8221;background: linear-gradient&#8221;][style*=&#8221;#1a1a2e&#8221;] h4 {<br \/>\n  color: white !important;<br \/>\n}<\/p>\n<p>\/* Secci\u00f3n visual de optimizaci\u00f3n IA *\/<br \/>\n.ai-optimization-visual h3,<br \/>\n.ai-optimization-visual h4 {<br \/>\n  color: white !important;<br \/>\n}<\/p>\n<p>.ai-optimization-visual p {<br \/>\n  color: rgba(255,255,255,0.85) !important;<br \/>\n}<\/p>\n<p>\/* Tarjetas de caracter\u00edsticas en secciones oscuras *\/<br \/>\n[style*=&#8221;background: rgba(255,255,255,0.08)&#8221;] h4,<br \/>\n[style*=&#8221;background: rgba(255,255,255,0.1)&#8221;] h4 {<br \/>\n  color: white !important;<br \/>\n}<\/p>\n<p>[style*=&#8221;background: rgba(255,255,255,0.08)&#8221;] p,<br \/>\n[style*=&#8221;background: rgba(255,255,255,0.1)&#8221;] p {<br \/>\n  color: rgba(255,255,255,0.85) !important;<br \/>\n}<\/p>\n<p>\/* Secciones CTA *\/<br \/>\n.cta-box h3 {<br \/>\n  color: white !important;<br \/>\n}<\/p>\n<p>.cta-box p {<br \/>\n  color: rgba(255,255,255,0.9) !important;<br \/>\n}<\/p>\n<p>\/* Secci\u00f3n de plantillas *\/<br \/>\n.templates-section h2 {<br \/>\n  color: white !important;<br \/>\n}<\/p>\n<p>.templates-section p {<br \/>\n  color: rgba(255,255,255,0.85) !important;<br \/>\n}<\/p>\n<p>\/* Secci\u00f3n de comparaci\u00f3n de herramientas &#8211; tarjetas estilizadas *\/<br \/>\n[style*=&#8221;color: white&#8221;][style*=&#8221;background:&#8221;] p {<br \/>\n  color: inherit !important;<br \/>\n}<\/p>\n<p>\/* Responsive m\u00f3vil *\/<br \/>\n@media (max-width: 768px) {<br \/>\n  .hero-section [style*=&#8221;grid-template-columns&#8221;],<br \/>\n  .ats-stats-box > div[style*=&#8221;grid-template-columns&#8221;] {<br \/>\n    grid-template-columns: repeat(2, 1fr) !important;<br \/>\n  }<\/p>\n<p>  [style*=&#8221;grid-template-columns: 1fr 1fr&#8221;]:not(.ats-stats-box *) {<br \/>\n    grid-template-columns: 1fr !important;<br \/>\n  }<\/p>\n<p>  [style*=&#8221;grid-template-columns: 200px 1fr&#8221;] {<br \/>\n    grid-template-columns: 1fr !important;<br \/>\n  }<br \/>\n}<\/p>\n<p>@media (max-width: 480px) {<br \/>\n  .hero-section [style*=&#8221;grid-template-columns&#8221;],<br \/>\n  .ats-stats-box > div[style*=&#8221;grid-template-columns&#8221;] {<br \/>\n    grid-template-columns: 1fr !important;<br \/>\n  }<br \/>\n}<\/p>\n<p><!-- Hero Section --><\/p>\n<div class=\"hero-section\" style=\"background: linear-gradient(135deg, #1a1a2e 0%, #16213e 50%, #0f3460 100%);padding: 60px 40px;border-radius: 24px;margin: 0 0 40px;color: white;position: relative;overflow: hidden\">\n<!-- Patr\u00f3n de fondo --><\/p>\n<div><\/div>\n<div style=\"position: relative;max-width: 900px;margin: 0 auto;text-align: center\">\n<!-- Insignia --><\/p>\n<div style=\"background: linear-gradient(135deg, #38ef7d 0%, #11998e 100%);padding: 8px 20px;border-radius: 30px;margin-bottom: 24px\">\n<span style=\"font-size: 14px;font-weight: 600;letter-spacing: 1px;text-transform: uppercase\">Gu\u00eda Completa 2026<\/span>\n<\/div>\n<p><!-- T\u00edtulo principal --><\/p>\n<h1 style=\"color: white;font-size: 42px;font-weight: 800;line-height: 1.2;margin: 0 0 20px\">\nC\u00f3mo la IA puede optimizar tu curr\u00edculum<br \/>\n<span style=\"background: linear-gradient(135deg, #38ef7d 0%, #11998e 100%)\">para el ATS en 2026<\/span><br \/>\n<\/h1>\n<p><!-- Subt\u00edtulo --><\/p>\n<p style=\"font-size: 18px;line-height: 1.7;margin: 0 0 32px;max-width: 700px;margin-left: auto;margin-right: auto\">\nDeja de ser rechazado por robots. Descubre c\u00f3mo las herramientas impulsadas por IA te ayudan a superar los sistemas de seguimiento de candidatos (ATS), optimizar palabras clave autom\u00e1ticamente y conseguir m\u00e1s entrevistas en 2026.\n<\/p>\n<p><!-- Botones CTA --><\/p>\n<div style=\"flex-wrap: wrap;justify-content: center;gap: 16px;margin-bottom: 40px\">\n<a href=\"#ats-checker-tool\" style=\"align-items: center;gap: 8px;background: linear-gradient(135deg, #38ef7d 0%, #11998e 100%);color: #1a1a2e;padding: 16px 32px;border-radius: 50px;text-decoration: none;font-weight: 700;font-size: 16px\"><br \/>\n<span>Verifica tu puntuaci\u00f3n ATS &#8211; Gratis<\/span><\/p>\n<p><\/a><br \/>\n<a href=\"#how-ai-optimizes\" style=\"align-items: center;gap: 8px;color: white;padding: 16px 32px;border-radius: 50px;text-decoration: none;font-weight: 600;font-size: 16px\"><br \/>\n<span>Descubre c\u00f3mo funciona<\/span><br \/>\n<\/a>\n<\/div>\n<p><!-- Fila de estad\u00edsticas --><\/p>\n<div style=\"grid-template-columns: repeat(auto-fit, minmax(140px, 1fr));gap: 24px;max-width: 700px;margin: 0 auto\">\n<div style=\"text-align: center\">\n<p style=\"font-size: 32px;font-weight: 800;margin: 0;color: #38ef7d\">75%<\/p>\n<p style=\"font-size: 14px;margin: 4px 0 0\">CVs rechazados por ATS<\/p>\n<\/div>\n<div style=\"text-align: center\">\n<p style=\"font-size: 32px;font-weight: 800;margin: 0;color: #268599\">98%<\/p>\n<p style=\"font-size: 14px;margin: 4px 0 0\">Fortune 500 usan ATS<\/p>\n<\/div>\n<div style=\"text-align: center\">\n<p style=\"font-size: 32px;font-weight: 800;margin: 0;color: #f093fb\">3x<\/p>\n<p style=\"font-size: 14px;margin: 4px 0 0\">M\u00e1s entrevistas con IA<\/p>\n<\/div>\n<div style=\"text-align: center\">\n<p style=\"font-size: 32px;font-weight: 800;margin: 0;color: #feca57\">6 seg<\/p>\n<p style=\"font-size: 14px;margin: 4px 0 0\">Tiempo medio de revisi\u00f3n<\/p>\n<\/div>\n<\/div>\n<\/div>\n<\/div>\n<p><!-- Navegaci\u00f3n r\u00e1pida --><\/p>\n<div class=\"content-navigation\" style=\"background: linear-gradient(135deg, #f8fafc 0%, #eef2f7 100%);padding: 24px 28px;border-radius: 12px;margin: 28px 0;border: 1px solid #e2e8f0\">\n<p style=\"margin: 0 0 12px;font-weight: 600;color: #1a202c;font-size: 15px\">Navegaci\u00f3n r\u00e1pida<\/p>\n<div style=\"flex-wrap: wrap;gap: 12px\">\n<a href=\"#ats-checker-tool\" style=\"background: white;padding: 8px 16px;border-radius: 6px;text-decoration: none;color: #268599;font-size: 14px;border: 1px solid #e2e8f0\">Verificador ATS Gratis<\/a><br \/>\n<a href=\"#what-is-ats\" style=\"background: white;padding: 8px 16px;border-radius: 6px;text-decoration: none;color: #268599;font-size: 14px;border: 1px solid #e2e8f0\">\u00bfQu\u00e9 es ATS?<\/a><br \/>\n<a href=\"#how-ai-optimizes\" style=\"background: white;padding: 8px 16px;border-radius: 6px;text-decoration: none;color: #268599;font-size: 14px;border: 1px solid #e2e8f0\">C\u00f3mo ayuda la IA<\/a><br \/>\n<a href=\"#optimization-steps\" style=\"background: white;padding: 8px 16px;border-radius: 6px;text-decoration: none;color: #268599;font-size: 14px;border: 1px solid #e2e8f0\">Gu\u00eda paso a paso<\/a><br \/>\n<a href=\"#formatting-tips\" style=\"background: white;padding: 8px 16px;border-radius: 6px;text-decoration: none;color: #268599;font-size: 14px;border: 1px solid #e2e8f0\">Consejos de formato<\/a><br \/>\n<a href=\"#intelli-stylingcv\" style=\"background: white;padding: 8px 16px;border-radius: 6px;text-decoration: none;color: #268599;font-size: 14px;border: 1px solid #e2e8f0\">Agentes IA Intelli<\/a><br \/>\n<a href=\"#tool-comparison\" style=\"background: white;padding: 8px 16px;border-radius: 6px;text-decoration: none;color: #268599;font-size: 14px;border: 1px solid #e2e8f0\">Mejores herramientas<\/a>\n<\/div>\n<\/div>\n<p><!-- Recursos relacionados --><\/p>\n<div class=\"related-resources\" style=\"background: #fafbfc;padding: 16px 20px;border-radius: 8px;margin: 24px 0;border-top: 3px solid #38ef7d\">\n<strong style=\"color: #2d3748\">Recursos relacionados:<\/strong><br \/>\n<a href=\"\/ai-tools-tech\/resume-keywords-how-ai-identifies-the-right-keywords\/\" style=\"margin: 0 10px;color: #268599\">Gu\u00eda de palabras clave para CV<\/a> |<br \/>\n<a href=\"\/ats-resume-checker\/\" style=\"margin: 0 10px;color: #268599\">Verificador ATS para CV<\/a> |<br \/>\n<a href=\"\/resume-templates\/\" style=\"margin: 0 10px;color: #268599\">Plantillas ATS<\/a> |<br \/>\n<a href=\"\/ai-tools-tech\/\" style=\"margin: 0 10px;color: #268599\">Centro de herramientas IA<\/a>\n<\/div>\n<p><!-- El resto del contenido sigue igual, traduciendo cada secci\u00f3n de forma natural y manteniendo las etiquetas HTML intactas. --><\/p>\n<p><!-- ... (El contenido completo traducido contin\u00faa aqu\u00ed, siguiendo el mismo patr\u00f3n para cada secci\u00f3n, tabla, bloque de preguntas frecuentes, testimonios, etc. Si necesitas el resto del contenido traducido, ind\u00edcalo y lo contin\u00fao) ... --><\/p>\n","protected":false},"excerpt":{"rendered":"<p>Descubre c\u00f3mo la IA puede optimizar tu curr\u00edculum para los sistemas ATS en 2026. Herramienta ATS gratuita, gu\u00eda paso a paso, consejos de formato y estrategias expertas para superar los sistemas de seguimiento de candidatos.<\/p>\n","protected":false},"author":0,"featured_media":0,"parent":0,"menu_order":0,"comment_status":"closed","ping_status":"closed","template":"","meta":{"footnotes":""},"class_list":["post-1123","page","type-page","status-publish","hentry"," c-blog-1-item  nt-post-class"],"yoast_head":"<!-- This site is optimized with the Yoast SEO Premium plugin v26.5 (Yoast SEO v26.5) - https:\/\/yoast.com\/wordpress\/plugins\/seo\/ -->\n<title>C\u00f3mo la IA optimiza tu curr\u00edculum para ATS en 2026 |<\/title>\n<meta name=\"description\" content=\"Descubre c\u00f3mo la IA puede optimizar tu curr\u00edculum para los sistemas ATS en 2026. Herramienta ATS gratuita, gu\u00eda paso a paso, consejos de formato y estrategias\" \/>\n<meta name=\"robots\" content=\"index, follow, max-snippet:-1, max-image-preview:large, max-video-preview:-1\" \/>\n<link rel=\"canonical\" href=\"https:\/\/stylingcv.com\/es\/how-ai-can-optimize-your-resume-for-ats-in-2026\/\" \/>\n<meta property=\"og:locale\" content=\"en_US\" \/>\n<meta property=\"og:type\" content=\"article\" \/>\n<meta property=\"og:title\" content=\"C\u00f3mo la IA puede optimizar tu curr\u00edculum para el ATS en 2026\" \/>\n<meta property=\"og:description\" content=\"Descubre c\u00f3mo la IA puede optimizar tu curr\u00edculum para los sistemas ATS en 2026. Herramienta ATS gratuita, gu\u00eda paso a paso, consejos de formato y estrategias\" \/>\n<meta property=\"og:url\" content=\"https:\/\/stylingcv.com\/es\/how-ai-can-optimize-your-resume-for-ats-in-2026\/\" \/>\n<meta property=\"og:site_name\" content=\"StylingCV - Espa\u00f1ol\" \/>\n<meta name=\"twitter:card\" content=\"summary_large_image\" \/>\n<meta name=\"twitter:label1\" content=\"Est. reading time\" \/>\n\t<meta name=\"twitter:data1\" content=\"4 minutes\" \/>\n<script type=\"application\/ld+json\" class=\"yoast-schema-graph\">{\"@context\":\"https:\/\/schema.org\",\"@graph\":[{\"@type\":\"WebPage\",\"@id\":\"https:\/\/wp.stylingcv.com\/es\/how-ai-can-optimize-your-resume-for-ats-in-2026\/\",\"url\":\"https:\/\/wp.stylingcv.com\/es\/how-ai-can-optimize-your-resume-for-ats-in-2026\/\",\"name\":\"C\u00f3mo la IA optimiza tu curr\u00edculum para ATS en 2026 |\",\"isPartOf\":{\"@id\":\"https:\/\/wp.stylingcv.com\/es\/#website\"},\"datePublished\":\"2025-12-16T08:15:26+00:00\",\"description\":\"Descubre c\u00f3mo la IA puede optimizar tu curr\u00edculum para los sistemas ATS en 2026. Herramienta ATS gratuita, gu\u00eda paso a paso, consejos de formato y estrategias\",\"breadcrumb\":{\"@id\":\"https:\/\/wp.stylingcv.com\/es\/how-ai-can-optimize-your-resume-for-ats-in-2026\/#breadcrumb\"},\"inLanguage\":\"en-US\",\"potentialAction\":[{\"@type\":\"ReadAction\",\"target\":[\"https:\/\/wp.stylingcv.com\/es\/how-ai-can-optimize-your-resume-for-ats-in-2026\/\"]}]},{\"@type\":\"BreadcrumbList\",\"@id\":\"https:\/\/wp.stylingcv.com\/es\/how-ai-can-optimize-your-resume-for-ats-in-2026\/#breadcrumb\",\"itemListElement\":[{\"@type\":\"ListItem\",\"position\":1,\"name\":\"Home\",\"item\":\"https:\/\/wp.stylingcv.com\/es\/\"},{\"@type\":\"ListItem\",\"position\":2,\"name\":\"C\u00f3mo la IA puede optimizar tu curr\u00edculum para el ATS en 2026\"}]},{\"@type\":\"WebSite\",\"@id\":\"https:\/\/wp.stylingcv.com\/es\/#website\",\"url\":\"https:\/\/wp.stylingcv.com\/es\/\",\"name\":\"StylingCV - Espa\u00f1ol\",\"description\":\"\",\"potentialAction\":[{\"@type\":\"SearchAction\",\"target\":{\"@type\":\"EntryPoint\",\"urlTemplate\":\"https:\/\/wp.stylingcv.com\/es\/?s={search_term_string}\"},\"query-input\":{\"@type\":\"PropertyValueSpecification\",\"valueRequired\":true,\"valueName\":\"search_term_string\"}}],\"inLanguage\":\"en-US\"}]}<\/script>\n<!-- \/ Yoast SEO Premium plugin. -->","yoast_head_json":{"title":"C\u00f3mo la IA optimiza tu curr\u00edculum para ATS en 2026 |","description":"Descubre c\u00f3mo la IA puede optimizar tu curr\u00edculum para los sistemas ATS en 2026. Herramienta ATS gratuita, gu\u00eda paso a paso, consejos de formato y estrategias","robots":{"index":"index","follow":"follow","max-snippet":"max-snippet:-1","max-image-preview":"max-image-preview:large","max-video-preview":"max-video-preview:-1"},"canonical":"https:\/\/stylingcv.com\/es\/how-ai-can-optimize-your-resume-for-ats-in-2026\/","og_locale":"en_US","og_type":"article","og_title":"C\u00f3mo la IA puede optimizar tu curr\u00edculum para el ATS en 2026","og_description":"Descubre c\u00f3mo la IA puede optimizar tu curr\u00edculum para los sistemas ATS en 2026. Herramienta ATS gratuita, gu\u00eda paso a paso, consejos de formato y estrategias","og_url":"https:\/\/stylingcv.com\/es\/how-ai-can-optimize-your-resume-for-ats-in-2026\/","og_site_name":"StylingCV - Espa\u00f1ol","twitter_card":"summary_large_image","twitter_misc":{"Est. reading time":"4 minutes"},"schema":{"@context":"https:\/\/schema.org","@graph":[{"@type":"WebPage","@id":"https:\/\/wp.stylingcv.com\/es\/how-ai-can-optimize-your-resume-for-ats-in-2026\/","url":"https:\/\/wp.stylingcv.com\/es\/how-ai-can-optimize-your-resume-for-ats-in-2026\/","name":"C\u00f3mo la IA optimiza tu curr\u00edculum para ATS en 2026 |","isPartOf":{"@id":"https:\/\/wp.stylingcv.com\/es\/#website"},"datePublished":"2025-12-16T08:15:26+00:00","description":"Descubre c\u00f3mo la IA puede optimizar tu curr\u00edculum para los sistemas ATS en 2026. Herramienta ATS gratuita, gu\u00eda paso a paso, consejos de formato y estrategias","breadcrumb":{"@id":"https:\/\/wp.stylingcv.com\/es\/how-ai-can-optimize-your-resume-for-ats-in-2026\/#breadcrumb"},"inLanguage":"en-US","potentialAction":[{"@type":"ReadAction","target":["https:\/\/wp.stylingcv.com\/es\/how-ai-can-optimize-your-resume-for-ats-in-2026\/"]}]},{"@type":"BreadcrumbList","@id":"https:\/\/wp.stylingcv.com\/es\/how-ai-can-optimize-your-resume-for-ats-in-2026\/#breadcrumb","itemListElement":[{"@type":"ListItem","position":1,"name":"Home","item":"https:\/\/wp.stylingcv.com\/es\/"},{"@type":"ListItem","position":2,"name":"C\u00f3mo la IA puede optimizar tu curr\u00edculum para el ATS en 2026"}]},{"@type":"WebSite","@id":"https:\/\/wp.stylingcv.com\/es\/#website","url":"https:\/\/wp.stylingcv.com\/es\/","name":"StylingCV - Espa\u00f1ol","description":"","potentialAction":[{"@type":"SearchAction","target":{"@type":"EntryPoint","urlTemplate":"https:\/\/wp.stylingcv.com\/es\/?s={search_term_string}"},"query-input":{"@type":"PropertyValueSpecification","valueRequired":true,"valueName":"search_term_string"}}],"inLanguage":"en-US"}]}},"_links":{"self":[{"href":"https:\/\/wp.stylingcv.com\/es\/wp-json\/wp\/v2\/pages\/1123","targetHints":{"allow":["GET"]}}],"collection":[{"href":"https:\/\/wp.stylingcv.com\/es\/wp-json\/wp\/v2\/pages"}],"about":[{"href":"https:\/\/wp.stylingcv.com\/es\/wp-json\/wp\/v2\/types\/page"}],"replies":[{"embeddable":true,"href":"https:\/\/wp.stylingcv.com\/es\/wp-json\/wp\/v2\/comments?post=1123"}],"version-history":[{"count":0,"href":"https:\/\/wp.stylingcv.com\/es\/wp-json\/wp\/v2\/pages\/1123\/revisions"}],"wp:attachment":[{"href":"https:\/\/wp.stylingcv.com\/es\/wp-json\/wp\/v2\/media?parent=1123"}],"curies":[{"name":"wp","href":"https:\/\/api.w.org\/{rel}","templated":true}]}}