{"id":1110,"date":"2026-03-23T18:19:46","date_gmt":"2026-03-23T18:19:46","guid":{"rendered":"https:\/\/stylingcv.com\/es\/resume-templates\/"},"modified":"2026-03-23T18:19:46","modified_gmt":"2026-03-23T18:19:46","slug":"resume-templates","status":"publish","type":"page","link":"https:\/\/wp.stylingcv.com\/es\/resume-templates\/","title":{"rendered":"Plantillas de curr\u00edculum profesional para cada carrera (2026)"},"content":{"rendered":"<!-- stylingcv-hub-links --><div class=\"stylingcv-cluster-links\" style=\"margin-top:30px;padding:20px;background:#f0faf7;border-left:4px solid #1abc9c;border-radius:4px\"><h2>Plantillas de curr\u00edculum profesionales para cada carrera (2026)<\/h2>\n<h3 style=\"margin-top:0;color:#2c3e50\">Gu\u00edas y recursos relacionados<\/h3><ul style=\"padding:0;columns:2\"><li><a href=\"https:\/\/stylingcv.com\/ai-resume-templates-vs-traditional-templates-what-works-better\/\">Plantillas de curr\u00edculum con IA vs plantillas tradicionales: \u00bfQu\u00e9 funciona mejor?<\/a><\/li><li><a href=\"https:\/\/stylingcv.com\/resume-templates-cv-builders-guide\/\">Plantillas de curr\u00edculum y creadores de CV: c\u00f3mo elegir el adecuado<\/a><\/li><li><a href=\"https:\/\/stylingcv.com\/how-do-i-customize-a-resume-template-to-make-it-my-own\/\">\u00bfC\u00f3mo personalizo una plantilla de curr\u00edculum para hacerla m\u00eda?<\/a><\/li><li><a href=\"https:\/\/stylingcv.com\/where-can-i-find-free-affordable-resume-templates\/\">\u00bfD\u00f3nde puedo encontrar plantillas de curr\u00edculum gratuitas o asequibles?<\/a><\/li><li><a href=\"https:\/\/stylingcv.com\/ii-resume-templates-examples-and-builders-themes-and-representative-questions\/\">II. Plantillas de curr\u00edculum, ejemplos y creadores (Temas y preguntas representativas)<\/a><\/li><li><a href=\"https:\/\/stylingcv.com\/how-do-i-customize-a-resume-template-to-make-it-my-own-a-step-by-step-guideeet2\/\">\u00bfC\u00f3mo personalizo una plantilla de curr\u00edculum para hacerla m\u00eda? (Gu\u00eda paso a paso)<\/a><\/li><li><a href=\"https:\/\/stylingcv.com\/what-are-the-best-resume-templates-for-specific-profession-industry\/\">\u00bfCu\u00e1les son las mejores plantillas de curr\u00edculum para [profesi\u00f3n\/industria espec\u00edfica]?<\/a><\/li><li><a href=\"https:\/\/stylingcv.com\/resume-templates-examples-and-builders-for-job-seekers-aeo-guide\/\">Plantillas de curr\u00edculum: ejemplos y creadores para quienes buscan empleo<\/a><\/li><li><a href=\"https:\/\/stylingcv.com\/cv-templates\/\">Plantillas de CV profesionales para cada carrera (2026)<\/a><\/li><li><a href=\"https:\/\/stylingcv.com\/professional-resume-templates\/\">Plantillas de curr\u00edculum profesionales: Ejecutivo y corporativo &#8230;<\/a><\/li><li><a href=\"https:\/\/stylingcv.com\/resume-builder-google-docs\/\">Creador de curr\u00edculum en Google Docs: Plantillas gratuitas y gu\u00eda completa&#8230;<\/a><\/li><li><a href=\"https:\/\/stylingcv.com\/harvard-resume-template\/\">Plantilla de curr\u00edculum de Harvard: Descarga gratuita y gu\u00eda completa&#8230;<\/a><\/li><li><a href=\"https:\/\/stylingcv.com\/templates-design\/\">Plantillas de curr\u00edculum y gu\u00eda de dise\u00f1o<\/a><\/li><li><a href=\"https:\/\/stylingcv.com\/google-docs\/\">25+ plantillas de curr\u00edculum gratuitas para Google Docs (2026) | Descargar<\/a><\/li><li><a href=\"https:\/\/stylingcv.com\/resume-examples-vs-resume-templates\/\">&#8220;Ejemplos de curr\u00edculum&#8221; vs. &#8220;Plantillas de curr\u00edculum&#8221;<\/a><\/li><\/ul><p style=\"margin-bottom:0;font-size:14px;color:#7f8c8d\">Explora nuestro <a href=\"https:\/\/stylingcv.com\/career-resources\/\" style=\"color:#1abc9c;font-weight:bold\">Centro completo de recursos profesionales<\/a> para m\u00e1s gu\u00edas y herramientas.<\/p><\/div><!-- \/stylingcv-hub-links -->\n\n\n\n<div style=\"background: #16344C;border-radius: 20px;padding: 48px 32px;margin: 48px 0;text-align: center;color: white;position: relative;overflow: hidden\">\n  <div style=\"position: absolute\"><\/div>\n  <div style=\"position: relative;z-index: 1\">\n    <h3 style=\"font-family: 'Playfair Display', serif;font-size: 28px;margin-bottom: 8px\">\ud83c\udfaf \u00bfTu curr\u00edculum est\u00e1 listo para ATS?<\/h3>\n    <p style=\"font-size: 16px;margin-bottom: 32px;opacity: 0.85\">Prueba nuestras herramientas gratuitas para asegurarte de que tu curr\u00edculum pase los filtros autom\u00e1ticos y llegue a manos humanas.<\/p>\n    <div style=\"gap: 20px;justify-content: center;flex-wrap: wrap\">\n      <a href=\"https:\/\/ai.stylingcv.com\/ats-score-checker?utm_source=stylingcv&utm_medium=website&utm_campaign=cta&utm_content=resume-templates\" style=\"align-items: center;gap: 8px;background: linear-gradient(135deg, #268599, #618480);color: white;padding: 16px 28px;border-radius: 12px;font-weight: 600;font-size: 16px;text-decoration: none\">\ud83d\udcca Verificar puntuaci\u00f3n ATS<\/a>\n      <a href=\"https:\/\/ai.stylingcv.com\/stylion?utm_source=stylingcv&utm_medium=website&utm_campaign=cta&utm_content=resume-templates\" style=\"align-items: center;gap: 8px;background: linear-gradient(135deg, #E8885E, #C4A574);color: white;padding: 16px 28px;border-radius: 12px;font-weight: 600;font-size: 16px;text-decoration: none\">\ud83e\udd81 Revisi\u00f3n de curr\u00edculum Stylion<\/a>\n    <\/div>\n    <p style=\"font-size: 13px;margin-top: 16px;opacity: 0.6\">Gratis \u2022 No requiere registro \u2022 Resultados en segundos<\/p>\n  <\/div>\n<\/div><!-- \/wp:post-content --><style>.entry-content a[href*=\"ai.stylingcv.com\"]:not(.scv-exit-cta){transition:transform 0.2s ease,box-shadow 0.2s ease}.entry-content a[href*=\"ai.stylingcv.com\"]:not(.scv-exit-cta):hover{transform:translateY(-2px);box-shadow:0 4px 12px rgba(38,133,153,0.25)}<\/style>","protected":false},"excerpt":{"rendered":"<p>Plantillas de curr\u00edculum profesionales para cada carrera (2026) Gu\u00edas y recursos relacionados Plantillas de curr\u00edculum con IA vs plantillas tradicionales: \u00bfQu\u00e9 funciona mejor? Plantillas de curr\u00edculum y creadores de CV: c\u00f3mo elegir el adecuado \u00bfC\u00f3mo personalizo una plantilla de curr\u00edculum para hacerla m\u00eda? \u00bfD\u00f3nde puedo encontrar plantillas de curr\u00edculum gratuitas o asequibles? II. Plantillas de&#8230;<\/p>\n","protected":false},"author":0,"featured_media":0,"parent":0,"menu_order":0,"comment_status":"closed","ping_status":"closed","template":"","meta":{"footnotes":""},"class_list":["post-1110","page","type-page","status-publish","hentry"," c-blog-1-item  nt-post-class"],"yoast_head":"<!-- This site is optimized with the Yoast SEO Premium plugin v26.5 (Yoast SEO v26.5) - https:\/\/yoast.com\/wordpress\/plugins\/seo\/ -->\n<title>Plantillas de curr\u00edculum profesional para cada carrera (2026) | Gratis y compatibles con ATS | StylingCV<\/title>\n<meta name=\"description\" content=\"Elige entre 39+ plantillas de curr\u00edculum gratis y optimizadas para ATS. Profesionales, modernas, creativas y simples. \u00a1Crea tu curr\u00edculum ahora!\" \/>\n<meta name=\"robots\" content=\"index, follow, max-snippet:-1, max-image-preview:large, max-video-preview:-1\" \/>\n<link rel=\"canonical\" href=\"https:\/\/stylingcv.com\/es\/resume-templates\/\" \/>\n<meta property=\"og:locale\" content=\"en_US\" \/>\n<meta property=\"og:type\" content=\"article\" \/>\n<meta property=\"og:title\" content=\"Plantillas de curr\u00edculum profesional para cada carrera (2026)\" \/>\n<meta property=\"og:description\" content=\"Elige entre 39+ plantillas de curr\u00edculum gratis y optimizadas para ATS. Profesionales, modernas, creativas y simples. \u00a1Crea tu curr\u00edculum ahora!\" \/>\n<meta property=\"og:url\" content=\"https:\/\/stylingcv.com\/es\/resume-templates\/\" \/>\n<meta property=\"og:site_name\" content=\"StylingCV - Espa\u00f1ol\" \/>\n<meta name=\"twitter:card\" content=\"summary_large_image\" \/>\n<meta name=\"twitter:label1\" content=\"Est. reading time\" \/>\n\t<meta name=\"twitter:data1\" content=\"1 minute\" \/>\n<script type=\"application\/ld+json\" class=\"yoast-schema-graph\">{\"@context\":\"https:\/\/schema.org\",\"@graph\":[{\"@type\":\"WebPage\",\"@id\":\"https:\/\/wp.stylingcv.com\/es\/resume-templates\/\",\"url\":\"https:\/\/wp.stylingcv.com\/es\/resume-templates\/\",\"name\":\"Plantillas de curr\u00edculum profesional para cada carrera (2026) | Gratis y compatibles con ATS | StylingCV\",\"isPartOf\":{\"@id\":\"https:\/\/wp.stylingcv.com\/es\/#website\"},\"datePublished\":\"2026-03-23T18:19:46+00:00\",\"description\":\"Elige entre 39+ plantillas de curr\u00edculum gratis y optimizadas para ATS. Profesionales, modernas, creativas y simples. \u00a1Crea tu curr\u00edculum ahora!\",\"breadcrumb\":{\"@id\":\"https:\/\/wp.stylingcv.com\/es\/resume-templates\/#breadcrumb\"},\"inLanguage\":\"en-US\",\"potentialAction\":[{\"@type\":\"ReadAction\",\"target\":[\"https:\/\/wp.stylingcv.com\/es\/resume-templates\/\"]}]},{\"@type\":\"BreadcrumbList\",\"@id\":\"https:\/\/wp.stylingcv.com\/es\/resume-templates\/#breadcrumb\",\"itemListElement\":[{\"@type\":\"ListItem\",\"position\":1,\"name\":\"Home\",\"item\":\"https:\/\/wp.stylingcv.com\/es\/\"},{\"@type\":\"ListItem\",\"position\":2,\"name\":\"Plantillas de curr\u00edculum profesional para cada carrera (2026)\"}]},{\"@type\":\"WebSite\",\"@id\":\"https:\/\/wp.stylingcv.com\/es\/#website\",\"url\":\"https:\/\/wp.stylingcv.com\/es\/\",\"name\":\"StylingCV - Espa\u00f1ol\",\"description\":\"\",\"potentialAction\":[{\"@type\":\"SearchAction\",\"target\":{\"@type\":\"EntryPoint\",\"urlTemplate\":\"https:\/\/wp.stylingcv.com\/es\/?s={search_term_string}\"},\"query-input\":{\"@type\":\"PropertyValueSpecification\",\"valueRequired\":true,\"valueName\":\"search_term_string\"}}],\"inLanguage\":\"en-US\"}]}<\/script>\n<!-- \/ Yoast SEO Premium plugin. -->","yoast_head_json":{"title":"Plantillas de curr\u00edculum profesional para cada carrera (2026) | Gratis y compatibles con ATS | StylingCV","description":"Elige entre 39+ plantillas de curr\u00edculum gratis y optimizadas para ATS. Profesionales, modernas, creativas y simples. \u00a1Crea tu curr\u00edculum ahora!","robots":{"index":"index","follow":"follow","max-snippet":"max-snippet:-1","max-image-preview":"max-image-preview:large","max-video-preview":"max-video-preview:-1"},"canonical":"https:\/\/stylingcv.com\/es\/resume-templates\/","og_locale":"en_US","og_type":"article","og_title":"Plantillas de curr\u00edculum profesional para cada carrera (2026)","og_description":"Elige entre 39+ plantillas de curr\u00edculum gratis y optimizadas para ATS. Profesionales, modernas, creativas y simples. \u00a1Crea tu curr\u00edculum ahora!","og_url":"https:\/\/stylingcv.com\/es\/resume-templates\/","og_site_name":"StylingCV - Espa\u00f1ol","twitter_card":"summary_large_image","twitter_misc":{"Est. reading time":"1 minute"},"schema":{"@context":"https:\/\/schema.org","@graph":[{"@type":"WebPage","@id":"https:\/\/wp.stylingcv.com\/es\/resume-templates\/","url":"https:\/\/wp.stylingcv.com\/es\/resume-templates\/","name":"Plantillas de curr\u00edculum profesional para cada carrera (2026) | Gratis y compatibles con ATS | StylingCV","isPartOf":{"@id":"https:\/\/wp.stylingcv.com\/es\/#website"},"datePublished":"2026-03-23T18:19:46+00:00","description":"Elige entre 39+ plantillas de curr\u00edculum gratis y optimizadas para ATS. Profesionales, modernas, creativas y simples. \u00a1Crea tu curr\u00edculum ahora!","breadcrumb":{"@id":"https:\/\/wp.stylingcv.com\/es\/resume-templates\/#breadcrumb"},"inLanguage":"en-US","potentialAction":[{"@type":"ReadAction","target":["https:\/\/wp.stylingcv.com\/es\/resume-templates\/"]}]},{"@type":"BreadcrumbList","@id":"https:\/\/wp.stylingcv.com\/es\/resume-templates\/#breadcrumb","itemListElement":[{"@type":"ListItem","position":1,"name":"Home","item":"https:\/\/wp.stylingcv.com\/es\/"},{"@type":"ListItem","position":2,"name":"Plantillas de curr\u00edculum profesional para cada carrera (2026)"}]},{"@type":"WebSite","@id":"https:\/\/wp.stylingcv.com\/es\/#website","url":"https:\/\/wp.stylingcv.com\/es\/","name":"StylingCV - Espa\u00f1ol","description":"","potentialAction":[{"@type":"SearchAction","target":{"@type":"EntryPoint","urlTemplate":"https:\/\/wp.stylingcv.com\/es\/?s={search_term_string}"},"query-input":{"@type":"PropertyValueSpecification","valueRequired":true,"valueName":"search_term_string"}}],"inLanguage":"en-US"}]}},"_links":{"self":[{"href":"https:\/\/wp.stylingcv.com\/es\/wp-json\/wp\/v2\/pages\/1110","targetHints":{"allow":["GET"]}}],"collection":[{"href":"https:\/\/wp.stylingcv.com\/es\/wp-json\/wp\/v2\/pages"}],"about":[{"href":"https:\/\/wp.stylingcv.com\/es\/wp-json\/wp\/v2\/types\/page"}],"replies":[{"embeddable":true,"href":"https:\/\/wp.stylingcv.com\/es\/wp-json\/wp\/v2\/comments?post=1110"}],"version-history":[{"count":0,"href":"https:\/\/wp.stylingcv.com\/es\/wp-json\/wp\/v2\/pages\/1110\/revisions"}],"wp:attachment":[{"href":"https:\/\/wp.stylingcv.com\/es\/wp-json\/wp\/v2\/media?parent=1110"}],"curies":[{"name":"wp","href":"https:\/\/api.w.org\/{rel}","templated":true}]}}