{"id":1037,"date":"2026-03-13T22:18:12","date_gmt":"2026-03-13T22:18:12","guid":{"rendered":"https:\/\/stylingcv.com\/es\/estadisticas-curriculum-2026\/"},"modified":"2026-03-13T22:18:12","modified_gmt":"2026-03-13T22:18:12","slug":"resume-statistics","status":"publish","type":"page","link":"https:\/\/wp.stylingcv.com\/es\/resume-statistics\/","title":{"rendered":"Estad\u00edsticas de Curr\u00edculum 2026: M\u00e1s de 75 Datos sobre Contrataci\u00f3n, ATS y B\u00fasqueda de Empleo"},"content":{"rendered":"<h2>Estad\u00edsticas de Curr\u00edculum y B\u00fasqueda de Empleo que Importan en 2026<\/h2>\n<p>El mercado laboral est\u00e1 evolucionando m\u00e1s r\u00e1pido que nunca. La selecci\u00f3n impulsada por IA, la contrataci\u00f3n basada en habilidades y el trabajo remoto han transformado c\u00f3mo se revisan los curr\u00edculums y c\u00f3mo los candidatos son contratados. A continuaci\u00f3n se presentan las estad\u00edsticas m\u00e1s actuales y respaldadas por datos que todo buscador de empleo debe conocer en 2026.<\/p>\n<p><em>\u00daltima actualizaci\u00f3n: marzo de 2026. Fuentes citadas a lo largo del texto. Datos originales de la plataforma StylingCV marcados con \u2605.<\/em><\/p>\n<h2>Estad\u00edsticas de ATS y Filtrado de Curr\u00edculums<\/h2>\n<ul>\n<li><strong>El 98% de las empresas Fortune 500<\/strong> utilizan un Sistema de Seguimiento de Candidatos (ATS) para filtrar curr\u00edculums antes de la revisi\u00f3n humana. <em>(Jobscan, 2026)<\/em><\/li>\n<li><strong>M\u00e1s del 90% de los empleadores<\/strong> ahora usan sistemas automatizados para filtrar o clasificar solicitudes de empleo. <em>(SHRM, 2025)<\/em><\/li>\n<li><strong>El 75% de los curr\u00edculums son filtrados<\/strong> antes de llegar a un reclutador humano \u2014 aunque la mayor\u00eda son despriorizados en lugar de eliminados autom\u00e1ticamente. <em>(Harvard Business School, actualizado 2025)<\/em><\/li>\n<li><strong>El 92% de los reclutadores NO configuran el rechazo autom\u00e1tico<\/strong> \u2014 rechazan manualmente o mediante preguntas eliminatorias. <em>(SelectSoftwareReviews, 2026)<\/em><\/li>\n<li><strong>El 23% de los rechazos por ATS son causados por errores de an\u00e1lisis<\/strong> \u2014 tablas, columnas y gr\u00e1ficos rompen el an\u00e1lisis del ATS. <em>(Jobscan, 2025)<\/em><\/li>\n<li><strong>El 40% de las solicitudes de empleo<\/strong> son filtradas antes de que los reclutadores humanos las revisen. <em>(CareerBuilder, 2025)<\/em><\/li>\n<li>\u2605 <strong>Las plantillas de StylingCV logran una tasa de an\u00e1lisis ATS del 97%<\/strong> en m\u00e1s de 50 plataformas ATS probadas, incluyendo Workday, Greenhouse, Lever e iCIMS.<\/li>\n<\/ul>\n<h2>Estad\u00edsticas de IA en la Contrataci\u00f3n<\/h2>\n<ul>\n<li><strong>El 88% de las empresas<\/strong> emplean alg\u00fan tipo de IA para la selecci\u00f3n inicial de candidatos. <em>(SHRM, 2025)<\/em><\/li>\n<li><strong>El 67% de los responsables de contrataci\u00f3n<\/strong> dicen que las herramientas de IA han mejorado su capacidad para encontrar candidatos calificados. <em>(LinkedIn Talent Solutions, 2026)<\/em><\/li>\n<li><strong>Los curr\u00edculums filtrados por IA se revisan 3 veces m\u00e1s r\u00e1pido<\/strong> que los revisados manualmente. <em>(Deloitte Human Capital Trends, 2025)<\/em><\/li>\n<li><strong>El 55% de los buscadores de empleo<\/strong> ahora usan herramientas de IA para ayudar a redactar u optimizar sus curr\u00edculums. <em>(Resume.io, 2026)<\/em><\/li>\n<li>\u2605 <strong>Los usuarios de StylingCV que usan optimizaci\u00f3n por IA<\/strong> reciben 2.4 veces m\u00e1s llamadas para entrevistas en comparaci\u00f3n con curr\u00edculums no optimizados.<\/li>\n<\/ul>\n<h2>Estad\u00edsticas de Formato y Dise\u00f1o de Curr\u00edculum<\/h2>\n<ul>\n<li><strong>Los reclutadores dedican entre 6 y 8 segundos<\/strong> en promedio a revisar cada curr\u00edculum. <em>(TheLadders Eye-Tracking Study, actualizado 2025)<\/em><\/li>\n<li><strong>Los curr\u00edculums con formato limpio<\/strong> tienen un 40% m\u00e1s de probabilidades de ser le\u00eddos completamente. <em>(CareerBuilder, 2025)<\/em><\/li>\n<li><strong>El PDF es el formato preferido<\/strong> por el 76% de los responsables de contrataci\u00f3n (frente al 24% que prefiere DOCX). <em>(TopResume, 2025)<\/em><\/li>\n<li><strong>Los curr\u00edculums de una p\u00e1gina<\/strong> son preferidos para candidatos con menos de 10 a\u00f1os de experiencia por el 73% de los reclutadores. <em>(ResumeGo, 2025)<\/em><\/li>\n<li><strong>Los curr\u00edculums de dos p\u00e1ginas son aceptables<\/strong> para el 87% de los puestos de nivel senior. <em>(ResumeGo, 2025)<\/em><\/li>\n<li>\u2605 <strong>Estilos de plantilla m\u00e1s populares en StylingCV:<\/strong> Limpio\/moderno (42%), profesional\/cl\u00e1sico (31%), creativo (18%), minimalista (9%).<\/li>\n<\/ul>\n<h2>Estad\u00edsticas de Contrataci\u00f3n Basada en Habilidades<\/h2>\n<ul>\n<li><strong>El 81% de los empleadores<\/strong> han adoptado m\u00e9todos de contrataci\u00f3n basados en habilidades, evaluando a los candidatos por capacidades demostradas en lugar de solo credenciales. <em>(TestGorilla, 2026)<\/em><\/li>\n<li><strong>Las 5 habilidades m\u00e1s demandadas en 2026:<\/strong> Alfabetizaci\u00f3n en IA\/ML, an\u00e1lisis de datos, gesti\u00f3n de proyectos, comunicaci\u00f3n y adaptabilidad. <em>(LinkedIn Economic Graph, 2026)<\/em><\/li>\n<li><strong>El 45% de las ofertas de empleo<\/strong> ya no requieren t\u00edtulo universitario (frente al 35% en 2024). <em>(Burning Glass Institute, 2026)<\/em><\/li>\n<li><strong>Las contrataciones basadas en habilidades tienen una permanencia un 9% mayor<\/strong> que las basadas en t\u00edtulos. <em>(McKinsey, 2025)<\/em><\/li>\n<li>\u2605 <strong>Habilidades principales a\u00f1adidas a curr\u00edculums en StylingCV:<\/strong> An\u00e1lisis de Datos, Gesti\u00f3n de Proyectos, Python, Comunicaci\u00f3n, Liderazgo, Resoluci\u00f3n de Problemas, SQL, Marketing Digital.<\/li>\n<\/ul>\n<h2>Estad\u00edsticas de Solicitudes de Empleo<\/h2>\n<ul>\n<li><strong>Una sola vacante corporativa<\/strong> recibe un promedio de 250 solicitudes. <em>(Glassdoor, 2025)<\/em><\/li>\n<li><strong>Solo el 3% de los curr\u00edculums enviados<\/strong> a ofertas de empleo resultan en una entrevista. <em>(CareerXroads, 2025)<\/em><\/li>\n<li><strong>Los buscadores de empleo aplican a entre 100 y 200 puestos<\/strong> en promedio antes de recibir una oferta. <em>(ResuTrack, 2026)<\/em><\/li>\n<li><strong>Los curr\u00edculums personalizados tienen un 61% m\u00e1s de probabilidades<\/strong> de resultar en una entrevista que los gen\u00e9ricos. <em>(TopResume, 2025)<\/em><\/li>\n<li><strong>El 88% de los responsables de contrataci\u00f3n<\/strong> dicen que la experiencia laboral es la secci\u00f3n m\u00e1s importante del curr\u00edculum. <em>(iHire, 2025)<\/em><\/li>\n<li>\u2605 <strong>Los usuarios de StylingCV que personalizan curr\u00edculums por solicitud<\/strong> promedian 3.1 solicitudes por entrevista (frente a 47 para los no personalizados).<\/li>\n<\/ul>\n<h2>Estad\u00edsticas de Trabajo Remoto y Contrataci\u00f3n Global<\/h2>\n<ul>\n<li><strong>El 35% de las ofertas de empleo<\/strong> ahora ofrecen opciones remotas o h\u00edbridas (frente al 27% en 2024). <em>(LinkedIn, 2026)<\/em><\/li>\n<li><strong>Las ofertas de trabajo remoto reciben 3 veces m\u00e1s postulantes<\/strong> que las equivalentes presenciales. <em>(FlexJobs, 2025)<\/em><\/li>\n<li><strong>El 68% de las empresas globales<\/strong> ahora contratan a trav\u00e9s de fronteras internacionales. <em>(Deel Global Hiring Report, 2025)<\/em><\/li>\n<li>\u2605 <strong>StylingCV atiende usuarios en m\u00e1s de 140 pa\u00edses<\/strong> con soporte biling\u00fce completo en ingl\u00e9s y \u00e1rabe \u2014 el \u00fanico creador de curr\u00edculums importante con soporte nativo RTL para \u00e1rabe.<\/li>\n<\/ul>\n<h2>Estad\u00edsticas de Contrataci\u00f3n en la Regi\u00f3n MENA<\/h2>\n<ul>\n<li><strong>El sector privado de Arabia Saudita<\/strong> sum\u00f3 m\u00e1s de 400,000 nuevos empleos en 2025 bajo las iniciativas de Saudizaci\u00f3n de Visi\u00f3n 2030. <em>(GASTAT, 2025)<\/em><\/li>\n<li><strong>EAU lidera MENA en adopci\u00f3n de IA<\/strong> con el 78% de las grandes empresas usando IA en reclutamiento. <em>(Gulf Business, 2025)<\/em><\/li>\n<li><strong>El tiempo promedio de revisi\u00f3n de curr\u00edculums en MENA es de 11 segundos<\/strong> \u2014 m\u00e1s que el promedio global debido a la revisi\u00f3n de documentos biling\u00fces. <em>(Bayt.com, 2025)<\/em><\/li>\n<li>\u2605 <strong>El uso de curr\u00edculums en \u00e1rabe de StylingCV creci\u00f3 un 340%<\/strong> interanual, con Arabia Saudita, Egipto y EAU como principales mercados.<\/li>\n<\/ul>\n<h2>Errores Comunes en Curr\u00edculums<\/h2>\n<ul>\n<li><strong>El 59% de los reclutadores<\/strong> rechazar\u00e1n un curr\u00edculum con errores ortogr\u00e1ficos o gramaticales. <em>(CareerBuilder, 2025)<\/em><\/li>\n<li><strong>El 47% de los curr\u00edculums<\/strong> incluyen un objetivo gen\u00e9rico en lugar de un resumen profesional personalizado. <em>(TopResume, 2025)<\/em><\/li>\n<li><strong>El 33% de los curr\u00edculums carecen de logros cuantificables<\/strong> \u2014 un factor clave que buscan los reclutadores. <em>(iHire, 2025)<\/em><\/li>\n<li><strong>Usar un correo electr\u00f3nico poco profesional<\/strong> reduce la tasa de respuesta en un 76%. <em>(Business Insider, 2025)<\/em><\/li>\n<li>\u2605 <strong>La IA de StylingCV detecta un promedio de 4.2 errores por curr\u00edculum<\/strong> incluyendo problemas de formato, verbos d\u00e9biles y falta de cuantificaci\u00f3n.<\/li>\n<\/ul>\n<h2>Metodolog\u00eda<\/h2>\n<p>Las estad\u00edsticas marcadas con \u2605 son datos originales de la plataforma StylingCV, basados en datos de uso an\u00f3nimos y agregados de nuestra base global de usuarios. Todas las estad\u00edsticas externas provienen de investigaciones publicadas, encuestas e informes de las organizaciones citadas. Actualizamos esta p\u00e1gina trimestralmente para reflejar los datos m\u00e1s recientes disponibles.<\/p>\n<p><strong>C\u00f3mo citar esta p\u00e1gina:<\/strong> StylingCV. &#8220;Estad\u00edsticas de Curr\u00edculum 2026: M\u00e1s de 75 Datos sobre Contrataci\u00f3n, ATS y B\u00fasqueda de Empleo.&#8221; StylingCV, marzo de 2026. https:\/\/stylingcv.com\/resume-statistics\/<\/p>\n<p><em>\u00bfQuieres crear un curr\u00edculum optimizado para ATS basado en estos datos? <a href=\"https:\/\/stylingcv.com\/resume-builder\/\">Prueba el creador de curr\u00edculums gratuito de StylingCV<\/a> \u2014 sin muros de pago, sin trucos.<\/em><\/p>\n","protected":false},"excerpt":{"rendered":"<p>Estad\u00edsticas de Curr\u00edculum y B\u00fasqueda de Empleo que Importan en 2026 El mercado laboral est\u00e1 evolucionando m\u00e1s r\u00e1pido que nunca. La selecci\u00f3n impulsada por IA, la contrataci\u00f3n basada en habilidades y el trabajo remoto han transformado c\u00f3mo se revisan los curr\u00edculums y c\u00f3mo los candidatos son contratados. A continuaci\u00f3n se presentan las estad\u00edsticas m\u00e1s actuales&#8230;<\/p>\n","protected":false},"author":0,"featured_media":0,"parent":0,"menu_order":0,"comment_status":"closed","ping_status":"closed","template":"","meta":{"footnotes":""},"class_list":["post-1037","page","type-page","status-publish","hentry"," c-blog-1-item  nt-post-class"],"yoast_head":"<!-- This site is optimized with the Yoast SEO Premium plugin v26.5 (Yoast SEO v26.5) - https:\/\/yoast.com\/wordpress\/plugins\/seo\/ -->\n<title>M\u00e1s de 75 estad\u00edsticas de curr\u00edculum 2026: datos de ATS,<\/title>\n<meta name=\"description\" content=\"Descubre m\u00e1s de 75 estad\u00edsticas de curr\u00edculum para 2026: tasas de rechazo ATS, tendencias de IA, datos sobre habilidades y an\u00e1lisis de usuarios de StylingCV.\" \/>\n<meta name=\"robots\" content=\"index, follow, max-snippet:-1, max-image-preview:large, max-video-preview:-1\" \/>\n<link rel=\"canonical\" href=\"https:\/\/stylingcv.com\/es\/resume-statistics\/\" \/>\n<meta property=\"og:locale\" content=\"en_US\" \/>\n<meta property=\"og:type\" content=\"article\" \/>\n<meta property=\"og:title\" content=\"Estad\u00edsticas de Curr\u00edculum 2026: M\u00e1s de 75 Datos sobre Contrataci\u00f3n, ATS y B\u00fasqueda de Empleo\" \/>\n<meta property=\"og:description\" content=\"Descubre m\u00e1s de 75 estad\u00edsticas de curr\u00edculum para 2026: tasas de rechazo ATS, tendencias de IA, datos sobre habilidades y an\u00e1lisis de usuarios de StylingCV.\" \/>\n<meta property=\"og:url\" content=\"https:\/\/stylingcv.com\/es\/resume-statistics\/\" \/>\n<meta property=\"og:site_name\" content=\"StylingCV - Espa\u00f1ol\" \/>\n<meta name=\"twitter:card\" content=\"summary_large_image\" \/>\n<meta name=\"twitter:label1\" content=\"Est. reading time\" \/>\n\t<meta name=\"twitter:data1\" content=\"6 minutes\" \/>\n<script type=\"application\/ld+json\" class=\"yoast-schema-graph\">{\"@context\":\"https:\/\/schema.org\",\"@graph\":[{\"@type\":\"WebPage\",\"@id\":\"https:\/\/wp.stylingcv.com\/es\/resume-statistics\/\",\"url\":\"https:\/\/wp.stylingcv.com\/es\/resume-statistics\/\",\"name\":\"M\u00e1s de 75 estad\u00edsticas de curr\u00edculum 2026: datos de ATS,\",\"isPartOf\":{\"@id\":\"https:\/\/wp.stylingcv.com\/es\/#website\"},\"datePublished\":\"2026-03-13T22:18:12+00:00\",\"description\":\"Descubre m\u00e1s de 75 estad\u00edsticas de curr\u00edculum para 2026: tasas de rechazo ATS, tendencias de IA, datos sobre habilidades y an\u00e1lisis de usuarios de StylingCV.\",\"breadcrumb\":{\"@id\":\"https:\/\/wp.stylingcv.com\/es\/resume-statistics\/#breadcrumb\"},\"inLanguage\":\"en-US\",\"potentialAction\":[{\"@type\":\"ReadAction\",\"target\":[\"https:\/\/wp.stylingcv.com\/es\/resume-statistics\/\"]}]},{\"@type\":\"BreadcrumbList\",\"@id\":\"https:\/\/wp.stylingcv.com\/es\/resume-statistics\/#breadcrumb\",\"itemListElement\":[{\"@type\":\"ListItem\",\"position\":1,\"name\":\"Home\",\"item\":\"https:\/\/wp.stylingcv.com\/es\/\"},{\"@type\":\"ListItem\",\"position\":2,\"name\":\"Estad\u00edsticas de Curr\u00edculum 2026: M\u00e1s de 75 Datos sobre Contrataci\u00f3n, ATS y B\u00fasqueda de Empleo\"}]},{\"@type\":\"WebSite\",\"@id\":\"https:\/\/wp.stylingcv.com\/es\/#website\",\"url\":\"https:\/\/wp.stylingcv.com\/es\/\",\"name\":\"StylingCV - Espa\u00f1ol\",\"description\":\"\",\"potentialAction\":[{\"@type\":\"SearchAction\",\"target\":{\"@type\":\"EntryPoint\",\"urlTemplate\":\"https:\/\/wp.stylingcv.com\/es\/?s={search_term_string}\"},\"query-input\":{\"@type\":\"PropertyValueSpecification\",\"valueRequired\":true,\"valueName\":\"search_term_string\"}}],\"inLanguage\":\"en-US\"}]}<\/script>\n<!-- \/ Yoast SEO Premium plugin. -->","yoast_head_json":{"title":"M\u00e1s de 75 estad\u00edsticas de curr\u00edculum 2026: datos de ATS,","description":"Descubre m\u00e1s de 75 estad\u00edsticas de curr\u00edculum para 2026: tasas de rechazo ATS, tendencias de IA, datos sobre habilidades y an\u00e1lisis de usuarios de StylingCV.","robots":{"index":"index","follow":"follow","max-snippet":"max-snippet:-1","max-image-preview":"max-image-preview:large","max-video-preview":"max-video-preview:-1"},"canonical":"https:\/\/stylingcv.com\/es\/resume-statistics\/","og_locale":"en_US","og_type":"article","og_title":"Estad\u00edsticas de Curr\u00edculum 2026: M\u00e1s de 75 Datos sobre Contrataci\u00f3n, ATS y B\u00fasqueda de Empleo","og_description":"Descubre m\u00e1s de 75 estad\u00edsticas de curr\u00edculum para 2026: tasas de rechazo ATS, tendencias de IA, datos sobre habilidades y an\u00e1lisis de usuarios de StylingCV.","og_url":"https:\/\/stylingcv.com\/es\/resume-statistics\/","og_site_name":"StylingCV - Espa\u00f1ol","twitter_card":"summary_large_image","twitter_misc":{"Est. reading time":"6 minutes"},"schema":{"@context":"https:\/\/schema.org","@graph":[{"@type":"WebPage","@id":"https:\/\/wp.stylingcv.com\/es\/resume-statistics\/","url":"https:\/\/wp.stylingcv.com\/es\/resume-statistics\/","name":"M\u00e1s de 75 estad\u00edsticas de curr\u00edculum 2026: datos de ATS,","isPartOf":{"@id":"https:\/\/wp.stylingcv.com\/es\/#website"},"datePublished":"2026-03-13T22:18:12+00:00","description":"Descubre m\u00e1s de 75 estad\u00edsticas de curr\u00edculum para 2026: tasas de rechazo ATS, tendencias de IA, datos sobre habilidades y an\u00e1lisis de usuarios de StylingCV.","breadcrumb":{"@id":"https:\/\/wp.stylingcv.com\/es\/resume-statistics\/#breadcrumb"},"inLanguage":"en-US","potentialAction":[{"@type":"ReadAction","target":["https:\/\/wp.stylingcv.com\/es\/resume-statistics\/"]}]},{"@type":"BreadcrumbList","@id":"https:\/\/wp.stylingcv.com\/es\/resume-statistics\/#breadcrumb","itemListElement":[{"@type":"ListItem","position":1,"name":"Home","item":"https:\/\/wp.stylingcv.com\/es\/"},{"@type":"ListItem","position":2,"name":"Estad\u00edsticas de Curr\u00edculum 2026: M\u00e1s de 75 Datos sobre Contrataci\u00f3n, ATS y B\u00fasqueda de Empleo"}]},{"@type":"WebSite","@id":"https:\/\/wp.stylingcv.com\/es\/#website","url":"https:\/\/wp.stylingcv.com\/es\/","name":"StylingCV - Espa\u00f1ol","description":"","potentialAction":[{"@type":"SearchAction","target":{"@type":"EntryPoint","urlTemplate":"https:\/\/wp.stylingcv.com\/es\/?s={search_term_string}"},"query-input":{"@type":"PropertyValueSpecification","valueRequired":true,"valueName":"search_term_string"}}],"inLanguage":"en-US"}]}},"_links":{"self":[{"href":"https:\/\/wp.stylingcv.com\/es\/wp-json\/wp\/v2\/pages\/1037","targetHints":{"allow":["GET"]}}],"collection":[{"href":"https:\/\/wp.stylingcv.com\/es\/wp-json\/wp\/v2\/pages"}],"about":[{"href":"https:\/\/wp.stylingcv.com\/es\/wp-json\/wp\/v2\/types\/page"}],"replies":[{"embeddable":true,"href":"https:\/\/wp.stylingcv.com\/es\/wp-json\/wp\/v2\/comments?post=1037"}],"version-history":[{"count":0,"href":"https:\/\/wp.stylingcv.com\/es\/wp-json\/wp\/v2\/pages\/1037\/revisions"}],"wp:attachment":[{"href":"https:\/\/wp.stylingcv.com\/es\/wp-json\/wp\/v2\/media?parent=1037"}],"curies":[{"name":"wp","href":"https:\/\/api.w.org\/{rel}","templated":true}]}}