{"id":1036,"date":"2026-03-13T03:00:16","date_gmt":"2026-03-13T03:00:16","guid":{"rendered":"https:\/\/stylingcv.com\/es\/comparativa-creadores-curriculum-2026\/stylingcv-vs-chatgpt-curriculum\/"},"modified":"2026-03-13T03:00:16","modified_gmt":"2026-03-13T03:00:16","slug":"stylingcv-vs-chatgpt","status":"publish","type":"page","link":"https:\/\/wp.stylingcv.com\/es\/compare\/stylingcv-vs-chatgpt\/","title":{"rendered":"StylingCV vs ChatGPT para escribir curr\u00edculums: Comparaci\u00f3n completa (2026)"},"content":{"rendered":"\n\n.cmp-page * { box-sizing: border-box; }\n.cmp-page { font-family: &#8216;Poppins&#8217;, sans-serif; color: #cbd5e1; line-height: 1.7; max-width: 1200px; margin: 0 auto; padding: 0 20px; }\n.cmp-page h1, .cmp-page h2, .cmp-page h3 { font-family: &#8216;Playfair Display&#8217;, Georgia, serif; color: #f1f5f9; }\n.cmp-page a { color: #268599; }\n.cmp-page a:hover { color: #e8885e; }\n.cmp-hero { background: linear-gradient(135deg, #0f172a 0%, #1e293b 50%, #16344c 100%); border: 1px solid #1e293b; border-radius: 16px; padding: 60px 48px; margin-bottom: 48px; text-align: center; }\n.cmp-hero h1 { font-size: 2.4rem; margin-bottom: 16px; }\n.cmp-hero p { font-size: 1.1rem; max-width: 680px; margin: 0 auto 24px; opacity: 0.85; }\n.cmp-hero .cmp-badge { display: inline-block; background: rgba(38,133,153,0.2); color: #5eead4; padding: 6px 18px; border-radius: 20px; font-size: 0.85rem; margin-bottom: 20px; border: 1px solid rgba(38,133,153,0.3); }\n.cmp-hero .cmp-vs { display: flex; align-items: center; justify-content: center; gap: 32px; margin-top: 32px; flex-wrap: wrap; }\n.cmp-hero .cmp-vs-item { background: rgba(255,255,255,0.05); border: 1px solid rgba(255,255,255,0.1); border-radius: 12px; padding: 20px 32px; min-width: 180px; }\n.cmp-hero .cmp-vs-item h3 { font-size: 1.3rem; margin-bottom: 4px; }\n.cmp-hero .cmp-vs-item p { font-size: 0.85rem; opacity: 0.7; margin: 0; }\n.cmp-hero .cmp-vs-divider { font-size: 2rem; font-weight: 700; color: #e8885e; }\n.cmp-section { margin-bottom: 48px; }\n.cmp-section h2 { font-size: 1.8rem; margin-bottom: 16px; position: relative; padding-bottom: 12px; }\n.cmp-section h2::after { content: &#8221;; position: absolute; bottom: 0; left: 0; width: 60px; height: 3px; background: linear-gradient(90deg, #268599, #e8885e); border-radius: 2px; }\n.cmp-section &gt; p { color: #94a3b8; margin-bottom: 20px; }\n.cmp-table-wrap { overflow-x: auto; border-radius: 12px; border: 1px solid #1e293b; margin-top: 24px; }\n.cmp-table { width: 100%; border-collapse: collapse; }\n.cmp-table th { background: #16344c; color: #fff; padding: 16px 20px; text-align: left; font-weight: 600; font-size: 0.9rem; }\n.cmp-table th:first-child { border-radius: 12px 0 0 0; }\n.cmp-table th:last-child { border-radius: 0 12px 0 0; }\n.cmp-table td { padding: 14px 20px; border-bottom: 1px solid #1e293b; font-size: 0.95rem; background: #0f172a; }\n.cmp-table tr:last-child td { border-bottom: none; }\n.cmp-table tr:hover td { background: rgba(38,133,153,0.08); }\n.cmp-table .cmp-check { color: #22c55e; font-weight: 700; }\n.cmp-table .cmp-partial { color: #eab308; }\n.cmp-table .cmp-x { color: #ef4444; }\n.cmp-scenarios { display: grid; grid-template-columns: 1fr 1fr; gap: 24px; margin-top: 24px; }\n.cmp-scenario { background: rgba(255,255,255,0.03); border: 1px solid #1e293b; border-radius: 12px; padding: 28px; }\n.cmp-scenario h3 { font-size: 1.15rem; margin-bottom: 12px; }\n.cmp-scenario ul { padding-left: 0; list-style: none; margin: 0; }\n.cmp-scenario li { padding: 6px 0 6px 20px; position: relative; font-size: 0.9rem; color: #94a3b8; }\n.cmp-scenario li::before { content: &#8216;2713&#8217;; position: absolute; left: 0; color: #268599; font-weight: 700; font-size: 0.85rem; }\n.cmp-scenario .cmp-scenario-tag { display: inline-block; background: rgba(38,133,153,0.15); color: #5eead4; padding: 3px 12px; border-radius: 12px; font-size: 0.75rem; margin-bottom: 12px; border: 1px solid rgba(38,133,153,0.2); }\n.cmp-pros { display: grid; grid-template-columns: 1fr 1fr; gap: 24px; margin-top: 24px; }\n.cmp-pros-col { background: rgba(255,255,255,0.03); border: 1px solid #1e293b; border-radius: 12px; padding: 28px; }\n.cmp-pros-col h3 { font-size: 1.1rem; margin-bottom: 16px; }\n.cmp-pros-col h4 { font-size: 0.9rem; margin: 16px 0 8px; color: #94a3b8; text-transform: uppercase; letter-spacing: 0.5px; }\n.cmp-pros-col ul { padding-left: 0; list-style: none; margin: 0; }\n.cmp-pros-col li { padding: 6px 0 6px 22px; position: relative; font-size: 0.9rem; color: #94a3b8; }\n.cmp-pros-col li.pro::before { content: &#8216;+&#8217;; position: absolute; left: 0; color: #22c55e; font-weight: 700; }\n.cmp-pros-col li.con::before { content: &#8216;2212&#8217;; position: absolute; left: 0; color: #ef4444; font-weight: 700; }\n.cmp-social { background: rgba(38,133,153,0.08); border: 1px solid rgba(38,133,153,0.2); border-radius: 12px; padding: 36px; text-align: center; margin-top: 32px; }\n.cmp-social h3 { margin-bottom: 20px; }\n.cmp-testimonials { display: grid; grid-template-columns: repeat(auto-fill, minmax(300px, 1fr)); gap: 20px; margin-top: 20px; }\n.cmp-testimonial { background: rgba(255,255,255,0.04); border: 1px solid #1e293b; border-radius: 10px; padding: 24px; text-align: left; }\n.cmp-testimonial .cmp-stars { color: #fbbf24; font-size: 0.9rem; margin-bottom: 10px; }\n.cmp-testimonial p { font-size: 0.9rem; font-style: italic; color: #94a3b8; margin-bottom: 12px; }\n.cmp-testimonial .cmp-author { font-size: 0.85rem; color: #64748b; font-style: normal; }\n.cmp-verdict { background: linear-gradient(135deg, #16344c 0%, #1e3a5f 100%); border-radius: 16px; padding: 40px; margin-top: 32px; }\n.cmp-verdict h2 { text-align: center; margin-bottom: 16px; }\n.cmp-verdict &gt; p { text-align: center; color: #94a3b8; max-width: 650px; margin: 0 auto 24px; }\n.cmp-cta-box { text-align: center; margin-top: 48px; padding: 48px; background: linear-gradient(135deg, #0f172a 0%, #16344c 100%); border: 1px solid #1e293b; border-radius: 16px; }\n.cmp-cta-box h2 { font-size: 1.8rem; margin-bottom: 12px; }\n.cmp-cta-box p { opacity: 0.85; max-width: 550px; margin: 0 auto 24px; }\n.cmp-cta-btn { display: inline-block; background: linear-gradient(135deg, #268599 0%, #e8885e 100%); color: #fff; padding: 14px 36px; border-radius: 8px; text-decoration: none; font-weight: 600; font-size: 1rem; transition: transform 0.2s, box-shadow 0.2s; }\n.cmp-cta-btn:hover { transform: translateY(-2px); box-shadow: 0 8px 24px rgba(232,136,94,0.35); color: #fff; }\n@media (max-width: 768px) {\n  .cmp-hero { padding: 40px 24px; }\n  .cmp-hero h1 { font-size: 1.7rem; }\n  .cmp-scenarios, .cmp-pros { grid-template-columns: 1fr; }\n  .cmp-cta-box { padding: 32px 24px; }\n}\n\n\n<div class=\"cmp-page\">\n\n  <div class=\"cmp-hero\">\n    <div class=\"cmp-badge\">Comparaci\u00f3n Detallada 2026<\/div>\n    <h1>StylingCV vs. ChatGPT para escribir curr\u00edculums<\/h1>\n    <p>Ambas herramientas pueden ayudarte con tu curr\u00edculum, pero tienen prop\u00f3sitos muy diferentes. Esta comparaci\u00f3n en profundidad te ayuda a entender cu\u00e1l herramienta es la adecuada para tus necesidades espec\u00edficas, ya sea que est\u00e9s creando desde cero u optimizando un curr\u00edculum existente.<\/p>\n    <div class=\"cmp-vs\">\n      <div class=\"cmp-vs-item\">\n        <h3>StylingCV<\/h3>\n        <p>Creador de curr\u00edculums especializado<\/p>\n      <\/div>\n      <div class=\"cmp-vs-divider\">VS<\/div>\n      <div class=\"cmp-vs-item\">\n        <h3>ChatGPT<\/h3>\n        <p>Asistente de IA de prop\u00f3sito general<\/p>\n      <\/div>\n    <\/div>\n  <\/div>\n\n  <div class=\"cmp-section\">\n    <h2>Comparaci\u00f3n caracter\u00edstica por caracter\u00edstica<\/h2>\n    <p>As\u00ed se comparan StylingCV y ChatGPT en las caracter\u00edsticas m\u00e1s importantes al crear un curr\u00edculum profesional.<\/p>\n    <div class=\"cmp-table-wrap\">\n      <table class=\"cmp-table\">\n        <thead>\n          <tr>\n            <th>Caracter\u00edstica<\/th>\n            <th>StylingCV<\/th>\n            <th>ChatGPT<\/th>\n          <\/tr>\n        <\/thead>\n        <tbody>\n          <tr>\n            <td>Plantillas profesionales<\/td>\n            <td><span class=\"cmp-check\">&#10003;<\/span> M\u00e1s de 30 plantillas optimizadas para ATS<\/td>\n            <td><span class=\"cmp-x\">&#10007;<\/span> Sin plantillas visuales<\/td>\n          <\/tr>\n          <tr>\n            <td>Optimizaci\u00f3n ATS<\/td>\n            <td><span class=\"cmp-check\">&#10003;<\/span> Puntuaci\u00f3n ATS integrada<\/td>\n            <td><span class=\"cmp-partial\">~<\/span> Puede asesorar pero no escanea<\/td>\n          <\/tr>\n          <tr>\n            <td>Formato visual<\/td>\n            <td><span class=\"cmp-check\">&#10003;<\/span> Editor de arrastrar y soltar<\/td>\n            <td><span class=\"cmp-x\">&#10007;<\/span> Solo salida de texto<\/td>\n          <\/tr>\n          <tr>\n            <td>Exportar PDF<\/td>\n            <td><span class=\"cmp-check\">&#10003;<\/span> PDF profesional con un clic<\/td>\n            <td><span class=\"cmp-x\">&#10007;<\/span> Requiere formato manual<\/td>\n          <\/tr>\n          <tr>\n            <td>Sugerencias de contenido<\/td>\n            <td><span class=\"cmp-check\">&#10003;<\/span> Sugerencias espec\u00edficas por rol<\/td>\n            <td><span class=\"cmp-check\">&#10003;<\/span> Generaci\u00f3n de contenido flexible<\/td>\n          <\/tr>\n          <tr>\n            <td>Creador de carta de presentaci\u00f3n<\/td>\n            <td><span class=\"cmp-check\">&#10003;<\/span> Cartas de presentaci\u00f3n a juego<\/td>\n            <td><span class=\"cmp-check\">&#10003;<\/span> Puede redactar cartas de presentaci\u00f3n<\/td>\n          <\/tr>\n          <tr>\n            <td>Soporte multiling\u00fce<\/td>\n            <td><span class=\"cmp-check\">&#10003;<\/span> \u00c1rabe, ingl\u00e9s y m\u00e1s<\/td>\n            <td><span class=\"cmp-check\">&#10003;<\/span> M\u00e1s de 90 idiomas<\/td>\n          <\/tr>\n          <tr>\n            <td>App m\u00f3vil<\/td>\n            <td><span class=\"cmp-check\">&#10003;<\/span> Aplicaci\u00f3n web responsiva<\/td>\n            <td><span class=\"cmp-check\">&#10003;<\/span> Apps para iOS y Android<\/td>\n          <\/tr>\n          <tr>\n            <td>Colaboraci\u00f3n en tiempo real<\/td>\n            <td><span class=\"cmp-check\">&#10003;<\/span> Compartir y recibir retroalimentaci\u00f3n<\/td>\n            <td><span class=\"cmp-x\">&#10007;<\/span> Sesiones de un solo usuario<\/td>\n          <\/tr>\n          <tr>\n            <td>Soporte al cliente<\/td>\n            <td><span class=\"cmp-check\">&#10003;<\/span> Soporte dedicado para curr\u00edculums<\/td>\n            <td><span class=\"cmp-partial\">~<\/span> Asistencia general de IA<\/td>\n          <\/tr>\n          <tr>\n            <td>Privacidad de datos<\/td>\n            <td><span class=\"cmp-check\">&#10003;<\/span> Tus datos de curr\u00edculum permanecen privados<\/td>\n            <td><span class=\"cmp-partial\">~<\/span> Los datos pueden usarse para entrenamiento<\/td>\n          <\/tr>\n          <tr>\n            <td>Historial de versiones<\/td>\n            <td><span class=\"cmp-check\">&#10003;<\/span> Guarda m\u00faltiples versiones<\/td>\n            <td><span class=\"cmp-x\">&#10007;<\/span> Sin historial de documentos<\/td>\n          <\/tr>\n          <tr>\n            <td>Palabras clave de la industria<\/td>\n            <td><span class=\"cmp-check\">&#10003;<\/span> Base de datos de palabras clave integrada<\/td>\n            <td><span class=\"cmp-partial\">~<\/span> Puede sugerir pero no optimiza<\/td>\n          <\/tr>\n        <\/tbody>\n      <\/table>\n    <\/div>\n  <\/div>\n\n  <div class=\"cmp-section\">\n    <h2>Cu\u00e1ndo usar cada herramienta<\/h2>\n    <p>La mejor elecci\u00f3n depende de en qu\u00e9 etapa est\u00e9s en la creaci\u00f3n de tu curr\u00edculum y lo que necesitas lograr.<\/p>\n    <div class=\"cmp-scenarios\">\n      <div class=\"cmp-scenario\">\n        <span class=\"cmp-scenario-tag\">Elige StylingCV<\/span>\n        <h3>Ideal para crear y dise\u00f1ar curr\u00edculums<\/h3>\n        <ul>\n          <li>Necesitas un curr\u00edculum pulido y profesional r\u00e1pidamente<\/li>\n          <li>Quieres formato garantizado compatible con ATS<\/li>\n          <li>Prefieres un proceso guiado y paso a paso<\/li>\n          <li>Necesitas varias versiones para diferentes puestos<\/li>\n          <li>Quieres una carta de presentaci\u00f3n a juego con el dise\u00f1o<\/li>\n          <li>Necesitas crear un curr\u00edculum en \u00e1rabe o formato biling\u00fce<\/li>\n          <li>Quieres exportar un PDF perfecto al instante<\/li>\n        <\/ul>\n      <\/div>\n      <div class=\"cmp-scenario\">\n        <span class=\"cmp-scenario-tag\">Elige ChatGPT<\/span>\n        <h3>Ideal para lluvia de ideas y edici\u00f3n de contenido<\/h3>\n        <ul>\n          <li>Necesitas ayuda para redactar logros y responsabilidades<\/li>\n          <li>Quieres reescribir o mejorar el texto existente<\/li>\n          <li>Necesitas adaptar tu resumen a una oferta espec\u00edfica<\/li>\n          <li>Quieres preparaci\u00f3n para entrevistas junto con el curr\u00edculum<\/li>\n          <li>Necesitas consejos generales de carrera y b\u00fasqueda de empleo<\/li>\n          <li>Quieres practicar c\u00f3mo expresar tu experiencia<\/li>\n          <li>Ya tienes un curr\u00edculum formateado y solo necesitas contenido<\/li>\n        <\/ul>\n      <\/div>\n    <\/div>\n  <\/div>\n\n  <div class=\"cmp-section\">\n    <h2>Ventajas y desventajas de un vistazo<\/h2>\n    <div class=\"cmp-pros\">\n      <div class=\"cmp-pros-col\">\n        <h3>StylingCV<\/h3>\n        <h4>Ventajas<\/h4>\n        <ul>\n          <li class=\"pro\">Especializado en creaci\u00f3n de curr\u00edculums con flujo optimizado<\/li>\n          <li class=\"pro\">Plantillas profesionales que pasan sistemas ATS<\/li>\n          <li class=\"pro\">Exportaci\u00f3n PDF con un clic y formato consistente<\/li>\n          <li class=\"pro\">Optimizaci\u00f3n de palabras clave y puntuaci\u00f3n ATS integradas<\/li>\n          <li class=\"pro\">Dise\u00f1o a juego para carta de presentaci\u00f3n y curr\u00edculum<\/li>\n          <li class=\"pro\">Soporte nativo para \u00e1rabe y biling\u00fce<\/li>\n          <li class=\"pro\">Guardar, versionar y gestionar m\u00faltiples curr\u00edculums<\/li>\n        <\/ul>\n        <h4>Limitaciones<\/h4>\n        <ul>\n          <li class=\"con\">Enfocado exclusivamente en curr\u00edculums y CV<\/li>\n          <li class=\"con\">No ayuda con entrevistas o estrategia profesional<\/li>\n          <li class=\"con\">Selecci\u00f3n de plantillas, aunque amplia, es curada<\/li>\n        <\/ul>\n      <\/div>\n      <div class=\"cmp-pros-col\">\n        <h3>ChatGPT<\/h3>\n        <h4>Ventajas<\/h4>\n        <ul>\n          <li class=\"pro\">Generaci\u00f3n y edici\u00f3n de contenido extremadamente flexible<\/li>\n          <li class=\"pro\">Ayuda con cualquier tarea de escritura profesional<\/li>\n          <li class=\"pro\">Ideal para lluvia de ideas y reformulaci\u00f3n de textos<\/li>\n          <li class=\"pro\">Prepara entrevistas, cartas de presentaci\u00f3n y correos<\/li>\n          <li class=\"pro\">Disponible en m\u00e1s de 90 idiomas<\/li>\n          <li class=\"pro\">Puede analizar ofertas y adaptar el contenido<\/li>\n        <\/ul>\n        <h4>Limitaciones<\/h4>\n        <ul>\n          <li class=\"con\">Sin formato visual ni dise\u00f1o de plantillas<\/li>\n          <li class=\"con\">No puede generar curr\u00edculums PDF optimizados para ATS<\/li>\n          <li class=\"con\">La salida requiere formato manual en otra herramienta<\/li>\n          <li class=\"con\">Sin base de datos de palabras clave ni puntuaci\u00f3n ATS<\/li>\n          <li class=\"con\">El contenido puede requerir mucha edici\u00f3n para precisi\u00f3n<\/li>\n          <li class=\"con\">Preocupaciones de privacidad con datos personales<\/li>\n        <\/ul>\n      <\/div>\n    <\/div>\n  <\/div>\n\n  <div class=\"cmp-section\">\n    <div class=\"cmp-social\">\n      <h3>Lo que opinan los candidatos<\/h3>\n      <div class=\"cmp-testimonials\">\n        <div class=\"cmp-testimonial\">\n          <div class=\"cmp-stars\">&#9733;&#9733;&#9733;&#9733;&#9733;<\/div>\n          <p>Intent\u00e9 usar ChatGPT para mi curr\u00edculum pero pas\u00e9 horas dando formato al resultado. StylingCV me dio un curr\u00edculum pulido y listo para ATS en menos de 20 minutos. Las plantillas son excelentes y el soporte en \u00e1rabe fue justo lo que necesitaba para postularme en el Golfo.<\/p>\n          <div class=\"cmp-author\">Sarah M. &mdash; Gerente de Marketing, Dub\u00e1i<\/div>\n        <\/div>\n        <div class=\"cmp-testimonial\">\n          <div class=\"cmp-stars\">&#9733;&#9733;&#9733;&#9733;&#9733;<\/div>\n          <p>Uso ambas herramientas juntas. ChatGPT me ayuda a redactar y reescribir mis logros, luego pego el contenido en StylingCV para el formato profesional y la optimizaci\u00f3n ATS. Es lo mejor de ambos mundos.<\/p>\n          <div class=\"cmp-author\">Ahmed K. &mdash; Ingeniero de Software, Riad<\/div>\n        <\/div>\n        <div class=\"cmp-testimonial\">\n          <div class=\"cmp-stars\">&#9733;&#9733;&#9733;&#9733;&#9733;<\/div>\n          <p>La funci\u00f3n de puntuaci\u00f3n ATS en StylingCV es un antes y un despu\u00e9s. No recib\u00eda llamadas hasta que me di cuenta de que mi curr\u00edculum era filtrado. Tras rehacerlo con StylingCV, recib\u00ed tres entrevistas en la primera semana.<\/p>\n          <div class=\"cmp-author\">Priya S. &mdash; Analista de Datos, Abu Dabi<\/div>\n        <\/div>\n      <\/div>\n    <\/div>\n  <\/div>\n\n  <div class=\"cmp-section\">\n    <div class=\"cmp-verdict\">\n      <h2>El veredicto: usa ambos para mejores resultados<\/h2>\n      <p>StylingCV y ChatGPT no son competidores sino herramientas complementarias. El enfoque m\u00e1s efectivo es usar ChatGPT para idear y perfeccionar el contenido, y luego llevar ese texto a StylingCV para el formato profesional, optimizaci\u00f3n ATS y exportaci\u00f3n a PDF. Esta combinaci\u00f3n te da el poder creativo de la IA con la precisi\u00f3n de una herramienta especializada en curr\u00edculums.<\/p>\n      <p>Si solo puedes elegir una, tu decisi\u00f3n debe basarse en tu mayor necesidad. Si necesitas un curr\u00edculum completo, formateado y listo para enviar, StylingCV es la mejor opci\u00f3n. Si ya tienes el formato y solo necesitas mejorar el contenido, ChatGPT es una buena alternativa.<\/p>\n    <\/div>\n  <\/div>\n\n  <div class=\"cmp-cta-box\">\n    <h2>\u00bfListo para crear un curr\u00edculum profesional?<\/h2>\n    <p>\u00danete a miles de candidatos que usan StylingCV para crear curr\u00edculums optimizados para ATS que consiguen entrevistas. Empieza con nuestras plantillas gratuitas y mejora cuando lo necesites.<\/p>\n    <a href=\"\/en\/resume-builder\/\" class=\"cmp-cta-btn\">Prueba StylingCV gratis<\/a>\n  <\/div>\n\n<\/div>\n\n\n\n<div class=\"scv-related\" style=\"margin-top:40px;padding:24px 28px;background:#f8fafc;border-left:4px solid #268599;border-radius:8px\">\n<h3 style=\"color:#16344c;font-family:'Playfair Display',Georgia,serif;margin-top:0;font-size:1.2em\">Recursos relacionados<\/h3>\n<ul style=\"padding:0;margin:0\">\n<li style=\"margin-bottom:8px\"><a href=\"https:\/\/stylingcv.com\/compare\/\" style=\"color:#268599;text-decoration:none;font-weight:500\">Comparativa de creadores de curr\u00edculums<\/a><\/li>\n<li style=\"margin-bottom:8px\"><a href=\"https:\/\/stylingcv.com\/ai-tools-tech\/\" style=\"color:#268599;text-decoration:none;font-weight:500\">Gu\u00eda de creadores de curr\u00edculums con IA<\/a><\/li>\n<li style=\"margin-bottom:8px\"><a href=\"https:\/\/stylingcv.com\/resume-builder\/\" style=\"color:#268599;text-decoration:none;font-weight:500\">Creador de curr\u00edculums con IA gratis<\/a><\/li>\n<\/ul>\n<\/div>\n","protected":false},"excerpt":{"rendered":"<p>Compara StylingCV y ChatGPT para escribir curr\u00edculums. Descubre cu\u00e1l herramienta crea mejores curr\u00edculums optimizados para ATS con ejemplos reales y an\u00e1lisis experto.<\/p>\n","protected":false},"author":0,"featured_media":0,"parent":404,"menu_order":0,"comment_status":"closed","ping_status":"closed","template":"","meta":{"footnotes":""},"class_list":["post-1036","page","type-page","status-publish","hentry"," c-blog-1-item  nt-post-class"],"yoast_head":"<!-- This site is optimized with the Yoast SEO Premium plugin v26.5 (Yoast SEO v26.5) - https:\/\/yoast.com\/wordpress\/plugins\/seo\/ -->\n<title>StylingCV vs ChatGPT para curr\u00edculums (2026) | StylingCV<\/title>\n<meta name=\"description\" content=\"Compara StylingCV y ChatGPT para escribir curr\u00edculums. Descubre cu\u00e1l ofrece mejor optimizaci\u00f3n ATS, plantillas y formato para candidatos en 2026.\" \/>\n<meta name=\"robots\" content=\"index, follow, max-snippet:-1, max-image-preview:large, max-video-preview:-1\" \/>\n<link rel=\"canonical\" href=\"https:\/\/stylingcv.com\/es\/compare\/stylingcv-vs-chatgpt\/\" \/>\n<meta property=\"og:locale\" content=\"en_US\" \/>\n<meta property=\"og:type\" content=\"article\" \/>\n<meta property=\"og:title\" content=\"StylingCV vs ChatGPT para escribir curr\u00edculums: Comparaci\u00f3n completa (2026)\" \/>\n<meta property=\"og:description\" content=\"Compara StylingCV y ChatGPT para escribir curr\u00edculums. Descubre cu\u00e1l ofrece mejor optimizaci\u00f3n ATS, plantillas y formato para candidatos en 2026.\" \/>\n<meta property=\"og:url\" content=\"https:\/\/stylingcv.com\/es\/compare\/stylingcv-vs-chatgpt\/\" \/>\n<meta property=\"og:site_name\" content=\"StylingCV - Espa\u00f1ol\" \/>\n<meta name=\"twitter:card\" content=\"summary_large_image\" \/>\n<meta name=\"twitter:label1\" content=\"Est. reading time\" \/>\n\t<meta name=\"twitter:data1\" content=\"8 minutes\" \/>\n<script type=\"application\/ld+json\" class=\"yoast-schema-graph\">{\"@context\":\"https:\/\/schema.org\",\"@graph\":[{\"@type\":\"WebPage\",\"@id\":\"https:\/\/wp.stylingcv.com\/es\/compare\/stylingcv-vs-chatgpt\/\",\"url\":\"https:\/\/wp.stylingcv.com\/es\/compare\/stylingcv-vs-chatgpt\/\",\"name\":\"StylingCV vs ChatGPT para curr\u00edculums (2026) | StylingCV\",\"isPartOf\":{\"@id\":\"https:\/\/wp.stylingcv.com\/es\/#website\"},\"datePublished\":\"2026-03-13T03:00:16+00:00\",\"description\":\"Compara StylingCV y ChatGPT para escribir curr\u00edculums. Descubre cu\u00e1l ofrece mejor optimizaci\u00f3n ATS, plantillas y formato para candidatos en 2026.\",\"breadcrumb\":{\"@id\":\"https:\/\/wp.stylingcv.com\/es\/compare\/stylingcv-vs-chatgpt\/#breadcrumb\"},\"inLanguage\":\"en-US\",\"potentialAction\":[{\"@type\":\"ReadAction\",\"target\":[\"https:\/\/wp.stylingcv.com\/es\/compare\/stylingcv-vs-chatgpt\/\"]}]},{\"@type\":\"BreadcrumbList\",\"@id\":\"https:\/\/wp.stylingcv.com\/es\/compare\/stylingcv-vs-chatgpt\/#breadcrumb\",\"itemListElement\":[{\"@type\":\"ListItem\",\"position\":1,\"name\":\"Home\",\"item\":\"https:\/\/wp.stylingcv.com\/es\/\"},{\"@type\":\"ListItem\",\"position\":2,\"name\":\"Comparativa de Creadores de Curr\u00edculum: Encuentra tu Herramienta Perfecta (2026)\",\"item\":\"https:\/\/wp.stylingcv.com\/es\/compare\/\"},{\"@type\":\"ListItem\",\"position\":3,\"name\":\"StylingCV vs ChatGPT para escribir curr\u00edculums: Comparaci\u00f3n completa (2026)\"}]},{\"@type\":\"WebSite\",\"@id\":\"https:\/\/wp.stylingcv.com\/es\/#website\",\"url\":\"https:\/\/wp.stylingcv.com\/es\/\",\"name\":\"StylingCV - Espa\u00f1ol\",\"description\":\"\",\"potentialAction\":[{\"@type\":\"SearchAction\",\"target\":{\"@type\":\"EntryPoint\",\"urlTemplate\":\"https:\/\/wp.stylingcv.com\/es\/?s={search_term_string}\"},\"query-input\":{\"@type\":\"PropertyValueSpecification\",\"valueRequired\":true,\"valueName\":\"search_term_string\"}}],\"inLanguage\":\"en-US\"}]}<\/script>\n<!-- \/ Yoast SEO Premium plugin. -->","yoast_head_json":{"title":"StylingCV vs ChatGPT para curr\u00edculums (2026) | StylingCV","description":"Compara StylingCV y ChatGPT para escribir curr\u00edculums. Descubre cu\u00e1l ofrece mejor optimizaci\u00f3n ATS, plantillas y formato para candidatos en 2026.","robots":{"index":"index","follow":"follow","max-snippet":"max-snippet:-1","max-image-preview":"max-image-preview:large","max-video-preview":"max-video-preview:-1"},"canonical":"https:\/\/stylingcv.com\/es\/compare\/stylingcv-vs-chatgpt\/","og_locale":"en_US","og_type":"article","og_title":"StylingCV vs ChatGPT para escribir curr\u00edculums: Comparaci\u00f3n completa (2026)","og_description":"Compara StylingCV y ChatGPT para escribir curr\u00edculums. Descubre cu\u00e1l ofrece mejor optimizaci\u00f3n ATS, plantillas y formato para candidatos en 2026.","og_url":"https:\/\/stylingcv.com\/es\/compare\/stylingcv-vs-chatgpt\/","og_site_name":"StylingCV - Espa\u00f1ol","twitter_card":"summary_large_image","twitter_misc":{"Est. reading time":"8 minutes"},"schema":{"@context":"https:\/\/schema.org","@graph":[{"@type":"WebPage","@id":"https:\/\/wp.stylingcv.com\/es\/compare\/stylingcv-vs-chatgpt\/","url":"https:\/\/wp.stylingcv.com\/es\/compare\/stylingcv-vs-chatgpt\/","name":"StylingCV vs ChatGPT para curr\u00edculums (2026) | StylingCV","isPartOf":{"@id":"https:\/\/wp.stylingcv.com\/es\/#website"},"datePublished":"2026-03-13T03:00:16+00:00","description":"Compara StylingCV y ChatGPT para escribir curr\u00edculums. Descubre cu\u00e1l ofrece mejor optimizaci\u00f3n ATS, plantillas y formato para candidatos en 2026.","breadcrumb":{"@id":"https:\/\/wp.stylingcv.com\/es\/compare\/stylingcv-vs-chatgpt\/#breadcrumb"},"inLanguage":"en-US","potentialAction":[{"@type":"ReadAction","target":["https:\/\/wp.stylingcv.com\/es\/compare\/stylingcv-vs-chatgpt\/"]}]},{"@type":"BreadcrumbList","@id":"https:\/\/wp.stylingcv.com\/es\/compare\/stylingcv-vs-chatgpt\/#breadcrumb","itemListElement":[{"@type":"ListItem","position":1,"name":"Home","item":"https:\/\/wp.stylingcv.com\/es\/"},{"@type":"ListItem","position":2,"name":"Comparativa de Creadores de Curr\u00edculum: Encuentra tu Herramienta Perfecta (2026)","item":"https:\/\/wp.stylingcv.com\/es\/compare\/"},{"@type":"ListItem","position":3,"name":"StylingCV vs ChatGPT para escribir curr\u00edculums: Comparaci\u00f3n completa (2026)"}]},{"@type":"WebSite","@id":"https:\/\/wp.stylingcv.com\/es\/#website","url":"https:\/\/wp.stylingcv.com\/es\/","name":"StylingCV - Espa\u00f1ol","description":"","potentialAction":[{"@type":"SearchAction","target":{"@type":"EntryPoint","urlTemplate":"https:\/\/wp.stylingcv.com\/es\/?s={search_term_string}"},"query-input":{"@type":"PropertyValueSpecification","valueRequired":true,"valueName":"search_term_string"}}],"inLanguage":"en-US"}]}},"_links":{"self":[{"href":"https:\/\/wp.stylingcv.com\/es\/wp-json\/wp\/v2\/pages\/1036","targetHints":{"allow":["GET"]}}],"collection":[{"href":"https:\/\/wp.stylingcv.com\/es\/wp-json\/wp\/v2\/pages"}],"about":[{"href":"https:\/\/wp.stylingcv.com\/es\/wp-json\/wp\/v2\/types\/page"}],"replies":[{"embeddable":true,"href":"https:\/\/wp.stylingcv.com\/es\/wp-json\/wp\/v2\/comments?post=1036"}],"version-history":[{"count":0,"href":"https:\/\/wp.stylingcv.com\/es\/wp-json\/wp\/v2\/pages\/1036\/revisions"}],"up":[{"embeddable":true,"href":"https:\/\/wp.stylingcv.com\/es\/wp-json\/wp\/v2\/pages\/404"}],"wp:attachment":[{"href":"https:\/\/wp.stylingcv.com\/es\/wp-json\/wp\/v2\/media?parent=1036"}],"curies":[{"name":"wp","href":"https:\/\/api.w.org\/{rel}","templated":true}]}}