{"id":1035,"date":"2026-03-13T02:53:05","date_gmt":"2026-03-13T02:53:05","guid":{"rendered":"https:\/\/stylingcv.com\/es\/palabras-clave-curriculum-ats-industria-2026\/"},"modified":"2026-03-13T02:53:05","modified_gmt":"2026-03-13T02:53:05","slug":"resume-keywords","status":"publish","type":"page","link":"https:\/\/wp.stylingcv.com\/es\/resume-keywords\/","title":{"rendered":"Palabras clave para curr\u00edculum: Gu\u00eda ATS por industria (2026)"},"content":{"rendered":"\n\n.rk-hub * { box-sizing: border-box; }\n.rk-hub { font-family: &#8216;Poppins&#8217;, sans-serif; color: #334155; line-height: 1.7; max-width: 1200px; margin: 0 auto; padding: 0 20px; }\n.rk-hub h1, .rk-hub h2, .rk-hub h3 { font-family: &#8216;Playfair Display&#8217;, Georgia, serif; color: #16344c; }\n.rk-hero { background: linear-gradient(135deg, #268599 0%, #618480 50%, #e8885e 100%); border-radius: 16px; padding: 60px 48px; margin-bottom: 48px; color: #fff; text-align: center; }\n.rk-hero h1 { color: #fff; font-size: 2.4rem; margin-bottom: 16px; }\n.rk-hero p { font-size: 1.15rem; max-width: 700px; margin: 0 auto 24px; opacity: 0.95; }\n.rk-hero .rk-badge { display: inline-block; background: rgba(255,255,255,0.2); padding: 6px 18px; border-radius: 20px; font-size: 0.85rem; margin-bottom: 20px; }\n.rk-section { margin-bottom: 48px; }\n.rk-section h2 { font-size: 1.8rem; margin-bottom: 16px; position: relative; padding-bottom: 12px; }\n.rk-section h2::after { content: &#8221;; position: absolute; bottom: 0; left: 0; width: 60px; height: 3px; background: linear-gradient(90deg, #268599, #e8885e); border-radius: 2px; }\n.rk-intro { font-size: 1.05rem; color: #475569; margin-bottom: 32px; }\n.rk-grid { display: grid; grid-template-columns: repeat(auto-fill, minmax(340px, 1fr)); gap: 24px; margin-top: 24px; }\n.rk-card { background: #fff; border: 1px solid #e2e8f0; border-radius: 12px; padding: 32px; transition: all 0.3s ease; position: relative; overflow: hidden; }\n.rk-card:hover { transform: translateY(-4px); box-shadow: 0 12px 32px rgba(38,133,153,0.12); border-color: #268599; }\n.rk-card::before { content: &#8221;; position: absolute; top: 0; left: 0; right: 0; height: 4px; background: linear-gradient(90deg, #268599, #e8885e); opacity: 0; transition: opacity 0.3s; }\n.rk-card:hover::before { opacity: 1; }\n.rk-card .rk-icon { font-size: 2rem; margin-bottom: 12px; }\n.rk-card h3 { font-size: 1.25rem; margin-bottom: 8px; }\n.rk-card h3 a { color: #16344c; text-decoration: none; }\n.rk-card h3 a:hover { color: #268599; }\n.rk-card p { color: #64748b; font-size: 0.95rem; margin-bottom: 16px; }\n.rk-card .rk-link { color: #268599; font-weight: 600; text-decoration: none; font-size: 0.9rem; }\n.rk-card .rk-link:hover { color: #e8885e; }\n.rk-steps { display: grid; grid-template-columns: repeat(auto-fill, minmax(260px, 1fr)); gap: 20px; margin-top: 24px; }\n.rk-step { background: #f8fafc; border-radius: 12px; padding: 24px; text-align: center; }\n.rk-step-num { display: inline-flex; width: 40px; height: 40px; align-items: center; justify-content: center; background: linear-gradient(135deg, #268599, #e8885e); color: #fff; border-radius: 50%; font-weight: 700; font-size: 1.1rem; margin-bottom: 12px; }\n.rk-step h3 { font-size: 1.05rem; margin-bottom: 6px; }\n.rk-step p { font-size: 0.9rem; color: #64748b; }\n.rk-tips { background: #f0f9ff; border-radius: 12px; padding: 36px; }\n.rk-tips ul { padding-left: 0; list-style: none; }\n.rk-tips li { padding: 10px 0 10px 32px; position: relative; border-bottom: 1px solid #e0f2fe; font-size: 0.95rem; }\n.rk-tips li:last-child { border-bottom: none; }\n.rk-faq { margin-top: 24px; }\n.rk-faq-item { border: 1px solid #e2e8f0; border-radius: 10px; margin-bottom: 12px; overflow: hidden; }\n.rk-faq-item summary { padding: 18px 24px; font-weight: 600; cursor: pointer; background: #fff; color: #16344c; font-size: 1rem; list-style: none; display: flex; justify-content: space-between; align-items: center; }\n.rk-faq-item summary::-webkit-details-marker { display: none; }\n.rk-faq-item[open] summary { background: #f8fafc; }\n.rk-faq-item .rk-faq-body { padding: 16px 24px 20px; color: #475569; font-size: 0.95rem; line-height: 1.7; }\n.rk-cta-box { background: linear-gradient(135deg, #16344c 0%, #1e3a5f 100%); border-radius: 16px; padding: 48px; text-align: center; color: #fff; margin-top: 48px; }\n.rk-cta-box h2 { color: #fff; font-size: 1.8rem; margin-bottom: 12px; }\n.rk-cta-box p { opacity: 0.9; max-width: 550px; margin: 0 auto 24px; }\n.rk-cta-btn { display: inline-block; background: linear-gradient(135deg, #268599 0%, #e8885e 100%); color: #fff; padding: 14px 36px; border-radius: 8px; text-decoration: none; font-weight: 600; font-size: 1rem; transition: transform 0.2s, box-shadow 0.2s; }\n.rk-cta-btn:hover { transform: translateY(-2px); box-shadow: 0 8px 24px rgba(232,136,94,0.35); color: #fff; }\n@media (max-width: 768px) {\n  .rk-hero { padding: 40px 24px; }\n  .rk-hero h1 { font-size: 1.8rem; }\n  .rk-grid { grid-template-columns: 1fr; }\n  .rk-steps { grid-template-columns: 1fr; }\n  .rk-cta-box { padding: 32px 24px; }\n}\n\n\n<div class=\"rk-hub\">\n\n  <div class=\"rk-hero\">\n    <div class=\"rk-badge\">Gu\u00eda de Optimizaci\u00f3n ATS<\/div>\n    <h1>Palabras clave para curr\u00edculum: Tu gu\u00eda para superar los sistemas ATS<\/h1>\n    <p>M\u00e1s del 75% de los curr\u00edculums son rechazados por los sistemas de seguimiento de candidatos antes de que una persona los lea. La diferencia entre ser descartado y conseguir una entrevista a menudo se reduce a una cosa: las palabras clave correctas.<\/p>\n  <\/div>\n\n  <div class=\"rk-section\">\n    <h2>\u00bfQu\u00e9 son las palabras clave para curr\u00edculum y por qu\u00e9 importan?<\/h2>\n    <p class=\"rk-intro\">Las palabras clave para curr\u00edculum son t\u00e9rminos y frases espec\u00edficas que los empleadores y sus sistemas ATS utilizan para filtrar candidatos. Incluyen habilidades t\u00e9cnicas, dominio de software, certificaciones, t\u00edtulos de trabajo y terminolog\u00eda espec\u00edfica del sector que coinciden con los requisitos de las ofertas laborales.<\/p>\n    <p>Cuando env\u00edas tu curr\u00edculum en l\u00ednea, rara vez llega directamente al responsable de selecci\u00f3n. En su lugar, pasa por un software ATS que escanea tu documento en busca de palabras clave relevantes. Si tu curr\u00edculum no contiene los t\u00e9rminos adecuados, ser\u00e1 descartado sin importar tus verdaderas cualificaciones. Entender c\u00f3mo identificar y colocar estrat\u00e9gicamente estas palabras clave es esencial para cualquier buscador de empleo moderno.<\/p>\n    <p>Las palabras clave para curr\u00edculum suelen dividirse en varias categor\u00edas: <strong>habilidades t\u00e9cnicas<\/strong> (como Python, modelado financiero o atenci\u00f3n al paciente), <strong>habilidades blandas<\/strong> (como liderazgo, comunicaci\u00f3n o resoluci\u00f3n de problemas), <strong>certificaciones<\/strong> (PMP, CPA, AWS), <strong>herramientas y tecnolog\u00edas<\/strong> (Salesforce, SAP, Tableau) y <strong>jerga del sector<\/strong> espec\u00edfica de tu \u00e1rea profesional.<\/p>\n  <\/div>\n\n  <div class=\"rk-section\">\n    <h2>C\u00f3mo encontrar las palabras clave adecuadas para tu curr\u00edculum<\/h2>\n    <div class=\"rk-steps\">\n      <div class=\"rk-step\">\n        <div class=\"rk-step-num\">1<\/div>\n        <h3>Analiza la oferta de trabajo<\/h3>\n        <p>Lee la publicaci\u00f3n con atenci\u00f3n. Resalta las habilidades, cualificaciones y requisitos repetidos. Estas son tus palabras clave principales.<\/p>\n      <\/div>\n      <div class=\"rk-step\">\n        <div class=\"rk-step-num\">2<\/div>\n        <h3>Investiga los est\u00e1ndares del sector<\/h3>\n        <p>Consulta varias ofertas de empleo en tu campo. Identifica t\u00e9rminos, certificaciones y herramientas que aparezcan de forma recurrente.<\/p>\n      <\/div>\n      <div class=\"rk-step\">\n        <div class=\"rk-step-num\">3<\/div>\n        <h3>Revisa perfiles de LinkedIn<\/h3>\n        <p>Estudia perfiles de profesionales en roles similares. Observa las habilidades, recomendaciones y terminolog\u00eda que utilizan.<\/p>\n      <\/div>\n      <div class=\"rk-step\">\n        <div class=\"rk-step-num\">4<\/div>\n        <h3>Integra de forma natural<\/h3>\n        <p>Coloca las palabras clave a lo largo de tu curr\u00edculum en contexto. Evita el relleno de palabras clave y \u00fasalas en frases de logros.<\/p>\n      <\/div>\n    <\/div>\n  <\/div>\n\n  <div class=\"rk-section\">\n    <h2>Gu\u00edas de palabras clave por sector<\/h2>\n    <p class=\"rk-intro\">Cada sector tiene su propio vocabulario que los sistemas ATS buscan. Explora nuestras gu\u00edas detalladas de palabras clave adaptadas a los campos m\u00e1s demandados para asegurarte de que tu curr\u00edculum hable el idioma correcto.<\/p>\n    <div class=\"rk-grid\">\n      <div class=\"rk-card\">\n        <div class=\"rk-icon\">&#x1F4CA;<\/div>\n        <h3><a href=\"\/en\/resume-keywords\/marketing-resume-keywords\/\">Palabras clave para curr\u00edculum de marketing<\/a><\/h3>\n        <p>Domina las palabras clave que buscan los reclutadores en marketing digital, estrategia de contenidos, SEO, redes sociales, gesti\u00f3n de marca y an\u00e1lisis. Incluye t\u00e9rminos tanto para puestos de marketing tradicional como digital.<\/p>\n        <a href=\"\/en\/resume-keywords\/marketing-resume-keywords\/\" class=\"rk-link\">Explorar palabras clave de marketing &rarr;<\/a>\n      <\/div>\n      <div class=\"rk-card\">\n        <div class=\"rk-icon\">&#x1F4BB;<\/div>\n        <h3><a href=\"\/en\/resume-keywords\/technology-resume-keywords\/\">Palabras clave para curr\u00edculum de tecnolog\u00eda<\/a><\/h3>\n        <p>Desde ingenier\u00eda de software hasta arquitectura en la nube, descubre las palabras clave t\u00e9cnicas que hacen que tu curr\u00edculum pase los filtros ATS. Incluye lenguajes de programaci\u00f3n, frameworks, herramientas DevOps y tecnolog\u00edas emergentes como IA y aprendizaje autom\u00e1tico.<\/p>\n        <a href=\"\/en\/resume-keywords\/technology-resume-keywords\/\" class=\"rk-link\">Explorar palabras clave de tecnolog\u00eda &rarr;<\/a>\n      <\/div>\n      <div class=\"rk-card\">\n        <div class=\"rk-icon\">&#x1F4B0;<\/div>\n        <h3><a href=\"\/en\/resume-keywords\/finance-resume-keywords\/\">Palabras clave para curr\u00edculum de finanzas<\/a><\/h3>\n        <p>Navega el mercado laboral de finanzas y contabilidad con la terminolog\u00eda adecuada. Incluye palabras clave para banca, an\u00e1lisis de inversiones, planificaci\u00f3n financiera, gesti\u00f3n de riesgos, cumplimiento y roles en fintech.<\/p>\n        <a href=\"\/en\/resume-keywords\/finance-resume-keywords\/\" class=\"rk-link\">Explorar palabras clave de finanzas &rarr;<\/a>\n      <\/div>\n      <div class=\"rk-card\">\n        <div class=\"rk-icon\">&#x1F3E5;<\/div>\n        <h3><a href=\"\/en\/resume-keywords\/healthcare-resume-keywords\/\">Palabras clave para curr\u00edculum de salud<\/a><\/h3>\n        <p>Crea un curr\u00edculum que conecte con empleadores del sector salud. Incluye terminolog\u00eda cl\u00ednica, certificaciones como RN y CNA, sistemas de registros m\u00e9dicos electr\u00f3nicos, habilidades de atenci\u00f3n al paciente y est\u00e1ndares de cumplimiento como HIPAA.<\/p>\n        <a href=\"\/en\/resume-keywords\/healthcare-resume-keywords\/\" class=\"rk-link\">Explorar palabras clave de salud &rarr;<\/a>\n      <\/div>\n      <div class=\"rk-card\">\n        <div class=\"rk-icon\">&#x1F4CB;<\/div>\n        <h3><a href=\"\/en\/resume-keywords\/project-management-resume-keywords\/\">Palabras clave para gesti\u00f3n de proyectos<\/a><\/h3>\n        <p>Desta\u0301cate en aplicaciones de gesti\u00f3n de proyectos con palabras clave sobre Agile, Scrum, PMP, gesti\u00f3n de stakeholders, evaluaci\u00f3n de riesgos, presupuestos y liderazgo de equipos multifuncionales.<\/p>\n        <a href=\"\/en\/resume-keywords\/project-management-resume-keywords\/\" class=\"rk-link\">Explorar palabras clave de gesti\u00f3n de proyectos &rarr;<\/a>\n      <\/div>\n    <\/div>\n  <\/div>\n\n  <div class=\"rk-section\">\n    <h2>\u00bfD\u00f3nde colocar las palabras clave en tu curr\u00edculum?<\/h2>\n    <p class=\"rk-intro\">La colocaci\u00f3n estrat\u00e9gica de palabras clave es tan importante como elegir las correctas. Los sistemas ATS escanean ciertas secciones con m\u00e1s atenci\u00f3n, as\u00ed que saber d\u00f3nde poner tus palabras clave puede aumentar significativamente tus posibilidades.<\/p>\n    <div class=\"rk-tips\">\n      <ul>\n        <li><strong>Resumen profesional:<\/strong> Incluye de 3 a 5 de tus palabras clave m\u00e1s importantes en tu resumen inicial. Esta secci\u00f3n marca la pauta y es la primera que escanean tanto los ATS como los reclutadores.<\/li>\n        <li><strong>Experiencia laboral:<\/strong> Integra las palabras clave de forma natural en los logros de cada puesto. Relaciona cada palabra clave con un resultado medible, como implementar metodolog\u00eda Agile para reducir el tiempo de entrega en un 30%.<\/li>\n        <li><strong>Secci\u00f3n de habilidades:<\/strong> Crea una secci\u00f3n espec\u00edfica donde listes tanto habilidades t\u00e9cnicas como blandas. Usa la misma redacci\u00f3n que aparece en la oferta de empleo siempre que sea posible.<\/li>\n        <li><strong>T\u00edtulos de trabajo:<\/strong> Si tu t\u00edtulo real era poco com\u00fan, considera a\u00f1adir el equivalente est\u00e1ndar del sector entre par\u00e9ntesis para que el ATS lo reconozca.<\/li>\n        <li><strong>Educaci\u00f3n y certificaciones:<\/strong> Incluye cursos relevantes, certificaciones y programas de formaci\u00f3n con sus nombres completos y abreviaturas.<\/li>\n        <li><strong>Usa siglas y t\u00e9rminos completos:<\/strong> Escribe las certificaciones y herramientas completas al menos una vez y luego usa la abreviatura para que el ATS detecte ambas versiones.<\/li>\n        <li><strong>Evita encabezados y pies de p\u00e1gina:<\/strong> Algunos sistemas ATS no pueden leer texto en encabezados o pies de p\u00e1gina, as\u00ed que mant\u00e9n las palabras clave importantes en el cuerpo principal de tu curr\u00edculum.<\/li>\n      <\/ul>\n    <\/div>\n  <\/div>\n\n  <div class=\"rk-section\">\n    <h2>Preguntas frecuentes<\/h2>\n    <div class=\"rk-faq\">\n      <details class=\"rk-faq-item\">\n        <summary>\u00bfCu\u00e1ntas palabras clave debo incluir en mi curr\u00edculum?<\/summary>\n        <div class=\"rk-faq-body\">No existe un n\u00famero m\u00e1gico, pero procura incorporar entre 15 y 25 palabras clave relevantes en todo tu curr\u00edculum. Prioriza la calidad sobre la cantidad. Extrae las 8-10 palabras clave m\u00e1s importantes directamente de la oferta de empleo y complementa con t\u00e9rminos est\u00e1ndar del sector que reflejen tus habilidades y experiencia reales.<\/div>\n      <\/details>\n      <details class=\"rk-faq-item\">\n        <summary>\u00bfDebo usar exactamente las mismas palabras de la oferta de trabajo?<\/summary>\n        <div class=\"rk-faq-body\">S\u00ed, siempre que sea posible. Los sistemas ATS suelen buscar coincidencias exactas. Si la oferta dice gesti\u00f3n de proyectos, usa esa frase en vez de gestionar proyectos. Sin embargo, incluye tambi\u00e9n variaciones, ya que algunos sistemas reconocen sin\u00f3nimos. Lo m\u00e1s seguro es usar la frase exacta al menos una vez y variaciones naturales en otras partes.<\/div>\n      <\/details>\n      <details class=\"rk-faq-item\">\n        <summary>\u00bfQu\u00e9 es el relleno de palabras clave y c\u00f3mo lo evito?<\/summary>\n        <div class=\"rk-faq-body\">El relleno de palabras clave consiste en saturar tu curr\u00edculum con t\u00e9rminos clave de forma poco natural, como listarlos en texto blanco o repetirlos en exceso. Los ATS modernos pueden detectar esto y podr\u00edan descartar tu curr\u00edculum. En su lugar, integra las palabras clave de forma org\u00e1nica en frases de logros y descripciones donde cada t\u00e9rmino tenga un contexto significativo.<\/div>\n      <\/details>\n      <details class=\"rk-faq-item\">\n        <summary>\u00bfNecesito palabras clave diferentes para cada postulaci\u00f3n?<\/summary>\n        <div class=\"rk-faq-body\">Idealmente, s\u00ed. Cada oferta de trabajo resalta requisitos distintos incluso para roles similares. Adapta las palabras clave de tu curr\u00edculum a cada descripci\u00f3n espec\u00edfica. Mant\u00e9n un curr\u00edculum maestro con todas tus habilidades y experiencia, y personaliza una versi\u00f3n para cada postulaci\u00f3n destacando las palabras clave m\u00e1s relevantes.<\/div>\n      <\/details>\n      <details class=\"rk-faq-item\">\n        <summary>\u00bfLas palabras clave ayudan aunque una persona lea mi curr\u00edculum primero?<\/summary>\n        <div class=\"rk-faq-body\">Por supuesto. Incluso cuando los reclutadores revisan los curr\u00edculums directamente, buscan habilidades y cualificaciones espec\u00edficas mencionadas en la oferta. Usar las palabras clave adecuadas ayuda a que identifiquen r\u00e1pidamente que cumples los requisitos. Adem\u00e1s, demuestran que dominas la terminolog\u00eda del sector y hablas el idioma de tu \u00e1rea profesional.<\/div>\n      <\/details>\n      <details class=\"rk-faq-item\">\n        <summary>\u00bfLas habilidades blandas cuentan como palabras clave para curr\u00edculum?<\/summary>\n        <div class=\"rk-faq-body\">S\u00ed, habilidades blandas como liderazgo, comunicaci\u00f3n, trabajo en equipo y resoluci\u00f3n de problemas suelen incluirse en las b\u00fasquedas ATS. Sin embargo, son m\u00e1s efectivas cuando se demuestran con ejemplos concretos en vez de solo listarlas. Por ejemplo, describe c\u00f3mo lideraste un equipo multifuncional de 12 personas para entregar un proyecto antes de plazo, en vez de solo escribir habilidades de liderazgo.<\/div>\n      <\/details>\n    <\/div>\n  <\/div>\n\n  <div class=\"rk-cta-box\">\n    <h2>Crea un curr\u00edculum optimizado con palabras clave<\/h2>\n    <p>Utiliza StylingCV para crear un curr\u00edculum compatible con ATS y con las palabras clave adecuadas para tu sector. Nuestras plantillas est\u00e1n dise\u00f1adas para superar los filtros ATS y cautivar a los reclutadores.<\/p>\n    <a href=\"\/en\/resume-builder\/\" class=\"rk-cta-btn\">Comienza a crear tu curr\u00edculum<\/a>\n  <\/div>\n\n<\/div>\n\n\n\n<div class=\"scv-related\" style=\"margin-top:40px;padding:24px 28px;background:#f8fafc;border-left:4px solid #268599;border-radius:8px\">\n<h3 style=\"color:#16344c;font-family:'Playfair Display',Georgia,serif;margin-top:0;font-size:1.2em\">Recursos relacionados<\/h3>\n<ul style=\"padding:0;margin:0\">\n<li style=\"margin-bottom:8px\"><a href=\"https:\/\/stylingcv.com\/resume-builder\/\" style=\"color:#268599;text-decoration:none;font-weight:500\">Creador de curr\u00edculums con IA gratis<\/a><\/li>\n<li style=\"margin-bottom:8px\"><a href=\"https:\/\/stylingcv.com\/guides\/\" style=\"color:#268599;text-decoration:none;font-weight:500\">Gu\u00edas de curr\u00edculum y carrera<\/a><\/li>\n<\/ul>\n<\/div>\n","protected":false},"excerpt":{"rendered":"<p>Descubre palabras clave para curr\u00edculum por sector que superan el filtro ATS. Listas personalizadas para tecnolog\u00eda, salud, finanzas y m\u00e1s carreras en 2026.<\/p>\n","protected":false},"author":0,"featured_media":0,"parent":0,"menu_order":0,"comment_status":"closed","ping_status":"closed","template":"","meta":{"footnotes":""},"class_list":["post-1035","page","type-page","status-publish","hentry"," c-blog-1-item  nt-post-class"],"yoast_head":"<!-- This site is optimized with the Yoast SEO Premium plugin v26.5 (Yoast SEO v26.5) - https:\/\/yoast.com\/wordpress\/plugins\/seo\/ -->\n<title>Palabras clave para curr\u00edculum por sector: Gu\u00eda ATS 2026 |<\/title>\n<meta name=\"description\" content=\"Encuentra las palabras clave ATS adecuadas para tu sector. Nuestra gu\u00eda cubre marketing, tecnolog\u00eda, finanzas, salud y gesti\u00f3n de proyectos.\" \/>\n<meta name=\"robots\" content=\"index, follow, max-snippet:-1, max-image-preview:large, max-video-preview:-1\" \/>\n<link rel=\"canonical\" href=\"https:\/\/stylingcv.com\/es\/resume-keywords\/\" \/>\n<meta property=\"og:locale\" content=\"en_US\" \/>\n<meta property=\"og:type\" content=\"article\" \/>\n<meta property=\"og:title\" content=\"Palabras clave para curr\u00edculum: Gu\u00eda ATS por industria (2026)\" \/>\n<meta property=\"og:description\" content=\"Encuentra las palabras clave ATS adecuadas para tu sector. Nuestra gu\u00eda cubre marketing, tecnolog\u00eda, finanzas, salud y gesti\u00f3n de proyectos.\" \/>\n<meta property=\"og:url\" content=\"https:\/\/stylingcv.com\/es\/resume-keywords\/\" \/>\n<meta property=\"og:site_name\" content=\"StylingCV - Espa\u00f1ol\" \/>\n<meta name=\"twitter:card\" content=\"summary_large_image\" \/>\n<meta name=\"twitter:label1\" content=\"Est. reading time\" \/>\n\t<meta name=\"twitter:data1\" content=\"10 minutes\" \/>\n<script type=\"application\/ld+json\" class=\"yoast-schema-graph\">{\"@context\":\"https:\/\/schema.org\",\"@graph\":[{\"@type\":\"WebPage\",\"@id\":\"https:\/\/wp.stylingcv.com\/es\/resume-keywords\/\",\"url\":\"https:\/\/wp.stylingcv.com\/es\/resume-keywords\/\",\"name\":\"Palabras clave para curr\u00edculum por sector: Gu\u00eda ATS 2026 |\",\"isPartOf\":{\"@id\":\"https:\/\/wp.stylingcv.com\/es\/#website\"},\"datePublished\":\"2026-03-13T02:53:05+00:00\",\"description\":\"Encuentra las palabras clave ATS adecuadas para tu sector. Nuestra gu\u00eda cubre marketing, tecnolog\u00eda, finanzas, salud y gesti\u00f3n de proyectos.\",\"breadcrumb\":{\"@id\":\"https:\/\/wp.stylingcv.com\/es\/resume-keywords\/#breadcrumb\"},\"inLanguage\":\"en-US\",\"potentialAction\":[{\"@type\":\"ReadAction\",\"target\":[\"https:\/\/wp.stylingcv.com\/es\/resume-keywords\/\"]}]},{\"@type\":\"BreadcrumbList\",\"@id\":\"https:\/\/wp.stylingcv.com\/es\/resume-keywords\/#breadcrumb\",\"itemListElement\":[{\"@type\":\"ListItem\",\"position\":1,\"name\":\"Home\",\"item\":\"https:\/\/wp.stylingcv.com\/es\/\"},{\"@type\":\"ListItem\",\"position\":2,\"name\":\"Palabras clave para curr\u00edculum: Gu\u00eda ATS por industria (2026)\"}]},{\"@type\":\"WebSite\",\"@id\":\"https:\/\/wp.stylingcv.com\/es\/#website\",\"url\":\"https:\/\/wp.stylingcv.com\/es\/\",\"name\":\"StylingCV - Espa\u00f1ol\",\"description\":\"\",\"potentialAction\":[{\"@type\":\"SearchAction\",\"target\":{\"@type\":\"EntryPoint\",\"urlTemplate\":\"https:\/\/wp.stylingcv.com\/es\/?s={search_term_string}\"},\"query-input\":{\"@type\":\"PropertyValueSpecification\",\"valueRequired\":true,\"valueName\":\"search_term_string\"}}],\"inLanguage\":\"en-US\"}]}<\/script>\n<!-- \/ Yoast SEO Premium plugin. -->","yoast_head_json":{"title":"Palabras clave para curr\u00edculum por sector: Gu\u00eda ATS 2026 |","description":"Encuentra las palabras clave ATS adecuadas para tu sector. Nuestra gu\u00eda cubre marketing, tecnolog\u00eda, finanzas, salud y gesti\u00f3n de proyectos.","robots":{"index":"index","follow":"follow","max-snippet":"max-snippet:-1","max-image-preview":"max-image-preview:large","max-video-preview":"max-video-preview:-1"},"canonical":"https:\/\/stylingcv.com\/es\/resume-keywords\/","og_locale":"en_US","og_type":"article","og_title":"Palabras clave para curr\u00edculum: Gu\u00eda ATS por industria (2026)","og_description":"Encuentra las palabras clave ATS adecuadas para tu sector. Nuestra gu\u00eda cubre marketing, tecnolog\u00eda, finanzas, salud y gesti\u00f3n de proyectos.","og_url":"https:\/\/stylingcv.com\/es\/resume-keywords\/","og_site_name":"StylingCV - Espa\u00f1ol","twitter_card":"summary_large_image","twitter_misc":{"Est. reading time":"10 minutes"},"schema":{"@context":"https:\/\/schema.org","@graph":[{"@type":"WebPage","@id":"https:\/\/wp.stylingcv.com\/es\/resume-keywords\/","url":"https:\/\/wp.stylingcv.com\/es\/resume-keywords\/","name":"Palabras clave para curr\u00edculum por sector: Gu\u00eda ATS 2026 |","isPartOf":{"@id":"https:\/\/wp.stylingcv.com\/es\/#website"},"datePublished":"2026-03-13T02:53:05+00:00","description":"Encuentra las palabras clave ATS adecuadas para tu sector. Nuestra gu\u00eda cubre marketing, tecnolog\u00eda, finanzas, salud y gesti\u00f3n de proyectos.","breadcrumb":{"@id":"https:\/\/wp.stylingcv.com\/es\/resume-keywords\/#breadcrumb"},"inLanguage":"en-US","potentialAction":[{"@type":"ReadAction","target":["https:\/\/wp.stylingcv.com\/es\/resume-keywords\/"]}]},{"@type":"BreadcrumbList","@id":"https:\/\/wp.stylingcv.com\/es\/resume-keywords\/#breadcrumb","itemListElement":[{"@type":"ListItem","position":1,"name":"Home","item":"https:\/\/wp.stylingcv.com\/es\/"},{"@type":"ListItem","position":2,"name":"Palabras clave para curr\u00edculum: Gu\u00eda ATS por industria (2026)"}]},{"@type":"WebSite","@id":"https:\/\/wp.stylingcv.com\/es\/#website","url":"https:\/\/wp.stylingcv.com\/es\/","name":"StylingCV - Espa\u00f1ol","description":"","potentialAction":[{"@type":"SearchAction","target":{"@type":"EntryPoint","urlTemplate":"https:\/\/wp.stylingcv.com\/es\/?s={search_term_string}"},"query-input":{"@type":"PropertyValueSpecification","valueRequired":true,"valueName":"search_term_string"}}],"inLanguage":"en-US"}]}},"_links":{"self":[{"href":"https:\/\/wp.stylingcv.com\/es\/wp-json\/wp\/v2\/pages\/1035","targetHints":{"allow":["GET"]}}],"collection":[{"href":"https:\/\/wp.stylingcv.com\/es\/wp-json\/wp\/v2\/pages"}],"about":[{"href":"https:\/\/wp.stylingcv.com\/es\/wp-json\/wp\/v2\/types\/page"}],"replies":[{"embeddable":true,"href":"https:\/\/wp.stylingcv.com\/es\/wp-json\/wp\/v2\/comments?post=1035"}],"version-history":[{"count":0,"href":"https:\/\/wp.stylingcv.com\/es\/wp-json\/wp\/v2\/pages\/1035\/revisions"}],"wp:attachment":[{"href":"https:\/\/wp.stylingcv.com\/es\/wp-json\/wp\/v2\/media?parent=1035"}],"curies":[{"name":"wp","href":"https:\/\/api.w.org\/{rel}","templated":true}]}}